{"id":713,"date":"2025-05-14T09:18:30","date_gmt":"2025-05-14T13:18:30","guid":{"rendered":"http:\/\/proreitoria.uea.edu.br\/proplan\/?page_id=713"},"modified":"2026-04-08T14:31:03","modified_gmt":"2026-04-08T18:31:03","slug":"cpi-uea-em-numeros","status":"publish","type":"page","link":"http:\/\/proreitoria.uea.edu.br\/proplan\/?page_id=713","title":{"rendered":"CPI \u2013 UEA em N\u00fameros"},"content":{"rendered":"\n<div class=\"wp-block-stackable-columns alignfull stk-block-columns stk-block stk-51b2b12 stk-block-background stk--has-background-overlay\" data-block-id=\"51b2b12\"><style>.stk-51b2b12 {background-image:url(http:\/\/proreitoria.uea.edu.br\/proplan\/wp-content\/uploads\/2025\/12\/bg_proplan_desktop1.png) !important;padding-top:300px !important;padding-bottom:200px !important;margin-bottom:0px !important;}.stk-51b2b12-column{--stk-column-gap:35px !important;}@media screen and (max-width:999px){.stk-51b2b12 {background-image:url(http:\/\/proreitoria.uea.edu.br\/proplan\/wp-content\/uploads\/2025\/12\/bg_proplan_tablet2.png) !important;}}@media screen and (max-width:689px){.stk-51b2b12 {background-image:url(http:\/\/proreitoria.uea.edu.br\/proplan\/wp-content\/uploads\/2025\/12\/bg_proplan_mobile7.png) !important;padding-top:150px !important;padding-bottom:150px !important;}}<\/style><div class=\"stk-row stk-inner-blocks stk-block-content stk-content-align stk-51b2b12-column\">\n<div class=\"wp-block-stackable-column stk-block-column stk-column stk-block stk-5a49b27\" data-v=\"4\" data-block-id=\"5a49b27\"><div class=\"stk-column-wrapper stk-block-column__content stk-container stk-5a49b27-container stk--no-background stk--no-padding\"><div class=\"stk-block-content stk-inner-blocks stk-5a49b27-inner-blocks\">\n<div class=\"wp-block-stackable-heading stk-block-heading stk-block-heading--v2 stk-block stk-de45349\" id=\"cpi-uea-em-numeros\" data-block-id=\"de45349\"><style>.stk-de45349 .stk-block-heading__text{color:#fffffe !important;}<\/style><h2 class=\"stk-block-heading__text has-text-color has-text-align-center\">CPI \u2013 UEA em N\u00fameros<\/h2><\/div>\n<\/div><\/div><\/div>\n<\/div><\/div>\n\n\n\n<div class=\"wp-block-stackable-spacer stk-block-spacer stk--no-padding stk-block stk-15cf43e\" data-block-id=\"15cf43e\"><style>.stk-15cf43e {height:140px !important;}<\/style><\/div>\n\n\n\n<div class=\"wp-block-stackable-columns stk-block-columns stk-block stk-635972e\" data-block-id=\"635972e\"><div class=\"stk-row stk-inner-blocks stk-block-content stk-content-align stk-635972e-column\">\n<div class=\"wp-block-stackable-column stk-block-column stk-column stk-block stk-166f491\" data-v=\"4\" data-block-id=\"166f491\"><div class=\"stk-column-wrapper stk-block-column__content stk-container stk-166f491-container stk--no-background stk--no-padding\"><div class=\"stk-block-content stk-inner-blocks stk-166f491-inner-blocks\">\n<div class=\"wp-block-stackable-heading stk-block-heading stk-block-heading--v2 stk-block stk-f08d912\" id=\"uea-em-numeros\" data-block-id=\"f08d912\"><h2 class=\"stk-block-heading__text\">UEA em N\u00fameros<\/h2><\/div>\n\n\n\n<div class=\"wp-block-stackable-text stk-block-text stk-block stk-1600dd3\" data-block-id=\"1600dd3\"><p class=\"stk-block-text__text\">Registra os dados estat\u00edsticos e indicadores mais relevantes da Universidade do Estado do Amazonas nas \u00e1reas de ensino, pesquisa, extens\u00e3o, assuntos comunit\u00e1rios e gest\u00e3o.<\/p><\/div>\n\n\n\n<div class=\"wp-block-stackable-text stk-block-text stk-block stk-d1f1fc3\" data-block-id=\"d1f1fc3\"><p class=\"stk-block-text__text\"><strong><a href=\"https:\/\/tinyurl.com\/UEA-em-Numeros-2011\" target=\"_blank\" rel=\"noreferrer noopener\">2011<\/a>&nbsp;&nbsp;&nbsp;&nbsp;<a href=\"https:\/\/tinyurl.com\/UEA-em-Numeros-2012\" target=\"_blank\" rel=\"noreferrer noopener\">2012<\/a>&nbsp;&nbsp;&nbsp;&nbsp;<a href=\"https:\/\/tinyurl.com\/UEA-em-Numeros-2013\" target=\"_blank\" rel=\"noreferrer noopener\">2013<\/a>&nbsp;&nbsp;&nbsp;&nbsp;<a href=\"https:\/\/tinyurl.com\/UEA-em-Numeros-2014\" target=\"_blank\" rel=\"noreferrer noopener\">2014<\/a>&nbsp;&nbsp;&nbsp;&nbsp;<a href=\"https:\/\/tinyurl.com\/UEA-em-Numeros-2015\" target=\"_blank\" rel=\"noreferrer noopener\">2015<\/a>&nbsp;&nbsp;&nbsp;&nbsp;<a href=\"https:\/\/tinyurl.com\/UEA-em-Numeros-2016\" target=\"_blank\" rel=\"noreferrer noopener\">2016<\/a>&nbsp;&nbsp;&nbsp;&nbsp;<a href=\"https:\/\/tinyurl.com\/UEA-em-Numeros-2017\" target=\"_blank\" rel=\"noreferrer noopener\">2017<\/a><\/strong><\/p><\/div>\n\n\n\n<div class=\"wp-block-stackable-text stk-block-text stk-block stk-745c659\" data-block-id=\"745c659\"><p class=\"stk-block-text__text\"><strong><a href=\"https:\/\/tinyurl.com\/fa6fpmzy\">2018<\/a>&nbsp;&nbsp;&nbsp;&nbsp;<a href=\"https:\/\/tinyurl.com\/3385hcca\" target=\"_blank\" rel=\"noreferrer noopener\">2019<\/a>&nbsp;&nbsp;&nbsp;&nbsp;<a href=\"https:\/\/tinyurl.com\/mu5379aa\" target=\"_blank\" rel=\"noreferrer noopener\">2020<\/a>&nbsp;&nbsp;&nbsp;&nbsp;<a href=\"https:\/\/drive.google.com\/file\/d\/11JVNrBMHp6MAObUgz7PvcxcbqLzwe3G_\/view?usp=drive_link\" target=\"_blank\" rel=\"noreferrer noopener\">2021<\/a>&nbsp;&nbsp;&nbsp;&nbsp;<a href=\"https:\/\/tinyurl.com\/3afmh63n\" target=\"_blank\" rel=\"noreferrer noopener\">2022<\/a>&nbsp;&nbsp;<\/strong>&nbsp;<a href=\"https:\/\/tinyurl.com\/yf6vj4m6\"><strong>2023<\/strong><\/a><\/p><\/div>\n\n\n\n<div class=\"wp-block-stackable-text stk-block-text stk-block stk-2a732d5\" data-block-id=\"2a732d5\"><p class=\"stk-block-text__text\"><strong><a href=\"https:\/\/tinyurl.com\/mr3app4z\" target=\"_blank\" rel=\"noreferrer noopener\">2001 a 2021 (Evolu\u00e7\u00e3o) \u2013 PDF<\/a><\/strong><\/p><\/div>\n\n\n\n<div class=\"wp-block-stackable-text stk-block-text stk-block stk-cf159db\" data-block-id=\"cf159db\"><p class=\"stk-block-text__text\"><strong><a href=\"https:\/\/drive.google.com\/file\/d\/1pro2pkHT2rn4e4RFuX7SEEl0mFwU3fpL\/view?usp=share_link\" target=\"_blank\" rel=\"noreferrer noopener\">2001 a 2021 (Evolu\u00e7\u00e3o) \u2013 EXCEL<\/a><\/strong><\/p><\/div>\n<\/div><\/div><\/div>\n<\/div><\/div>\n\n\n\n<div class=\"wp-block-stackable-spacer stk-block-spacer stk--no-padding stk-block stk-29e752f\" data-block-id=\"29e752f\"><style>.stk-29e752f {height:140px !important;}<\/style><\/div>\n","protected":false},"excerpt":{"rendered":"<p>CPI \u2013 UEA em N\u00fameros UEA em N\u00fameros Registra os dados estat\u00edsticos e indicadores mais relevantes da Universidade do Estado do Amazonas nas \u00e1reas de ensino, pesquisa, extens\u00e3o, assuntos comunit\u00e1rios e gest\u00e3o. 2011&nbsp;&nbsp;&nbsp;&nbsp;2012&nbsp;&nbsp;&nbsp;&nbsp;2013&nbsp;&nbsp;&nbsp;&nbsp;2014&nbsp;&nbsp;&nbsp;&nbsp;2015&nbsp;&nbsp;&nbsp;&nbsp;2016&nbsp;&nbsp;&nbsp;&nbsp;2017 2018&nbsp;&nbsp;&nbsp;&nbsp;2019&nbsp;&nbsp;&nbsp;&nbsp;2020&nbsp;&nbsp;&nbsp;&nbsp;2021&nbsp;&nbsp;&nbsp;&nbsp;2022&nbsp;&nbsp;&nbsp;2023 2001 a 2021 (Evolu\u00e7\u00e3o) \u2013 PDF 2001 a 2021 (Evolu\u00e7\u00e3o) \u2013 EXCEL<\/p>\n","protected":false},"author":1,"featured_media":0,"parent":0,"menu_order":0,"comment_status":"closed","ping_status":"closed","template":"","meta":{"footnotes":""},"class_list":["post-713","page","type-page","status-publish","hentry"],"blocksy_meta":{"page_title_panel":"","has_hero_section":"disabled","fe1c64ab89945cda534f4bb2d579ae1a":"","hero_section":"type-1","hero_elements":[{"id":"custom_title","enabled":true,"heading_tag":"h1","title":"Home"},{"id":"custom_description","enabled":true,"description_visibility":{"desktop":true,"tablet":true,"mobile":false}},{"id":"custom_meta","enabled":false,"meta_elements":[{"id":"author","enabled":true,"label":"By","has_author_avatar":"yes","avatar_size":25},{"id":"post_date","enabled":true,"label":"On","date_format_source":"default","date_format":"M j, Y"},{"id":"updated_date","enabled":false,"label":"On","date_format_source":"default","date_format":"M j, Y"},{"id":"categories","enabled":false,"label":"In","style":"simple"},{"id":"comments","enabled":true}],"page_meta_elements":{"joined":true,"articles_count":true,"comments":true}},{"id":"breadcrumbs","enabled":false}],"433b02732bec8d55ec282f00a9a700eb":"","hero_alignment1":"CT_CSS_SKIP_RULE","hero_margin":40,"hero_alignment2":"center","hero_vertical_alignment":"center","fdbb34d69d6afe2394c07d96c9ea0b60":"","hero_structure":"narrow","cb306aece5e91b9a44875e4a81075440":"","page_title_bg_type":"featured_image","custom_hero_background":{"attachment_id":null},"page_title_image_size":"full","parallax":{"desktop":false,"tablet":false,"mobile":false},"034bc954f3c533bc75ffdf62670c8395":"","hero_height":"250px","pageTitleFont":{"family":"Default","variation":"Default","size":"30px","line-height":"CT_CSS_SKIP_RULE","letter-spacing":"CT_CSS_SKIP_RULE","text-transform":"CT_CSS_SKIP_RULE","text-decoration":"CT_CSS_SKIP_RULE"},"pageTitleFontColor":{"default":{"color":"CT_CSS_SKIP_RULEDEFAULT"}},"pageMetaFont":{"family":"Default","variation":"n6","size":"12px","line-height":"1.3","letter-spacing":"CT_CSS_SKIP_RULE","text-transform":"uppercase","text-decoration":"CT_CSS_SKIP_RULE"},"pageMetaFontColor":{"default":{"color":"CT_CSS_SKIP_RULEDEFAULT"},"hover":{"color":"CT_CSS_SKIP_RULEDEFAULT"}},"page_meta_button_type_font_colors":{"default":{"color":"CT_CSS_SKIP_RULEDEFAULT"},"hover":{"color":"CT_CSS_SKIP_RULEDEFAULT"}},"page_meta_button_type_background_colors":{"default":{"color":"CT_CSS_SKIP_RULEDEFAULT"},"hover":{"color":"CT_CSS_SKIP_RULEDEFAULT"}},"pageExcerptFont":{"family":"Default","variation":"Default","size":"CT_CSS_SKIP_RULE","line-height":"CT_CSS_SKIP_RULE","letter-spacing":"CT_CSS_SKIP_RULE","text-transform":"CT_CSS_SKIP_RULE","text-decoration":"CT_CSS_SKIP_RULE"},"pageExcerptColor":{"default":{"color":"CT_CSS_SKIP_RULEDEFAULT"}},"breadcrumbsFont":{"family":"Default","variation":"Default","size":"CT_CSS_SKIP_RULE","line-height":"CT_CSS_SKIP_RULE","letter-spacing":"CT_CSS_SKIP_RULE","text-transform":"CT_CSS_SKIP_RULE","text-decoration":"CT_CSS_SKIP_RULE"},"breadcrumbsFontColor":{"default":{"color":"CT_CSS_SKIP_RULEDEFAULT"},"initial":{"color":"CT_CSS_SKIP_RULEDEFAULT"},"hover":{"color":"CT_CSS_SKIP_RULEDEFAULT"}},"pageTitleOverlay":{"background_type":"color","background_pattern":"type-1","background_image":{"attachment_id":null,"x":0,"y":0},"gradient":"linear-gradient(135deg,rgba(6,147,227,1) 0%,rgb(155,81,224) 100%)","background_repeat":"repeat","background_size":"auto","background_attachment":"scroll","patternColor":{"default":{"color":"#e5e7ea"}},"overlayColor":{"default":{"color":"CT_CSS_SKIP_RULE"}},"backgroundColor":{"default":{"color":"CT_CSS_SKIP_RULE"}}},"pageTitleBackground":{"background_type":"color","background_pattern":"type-1","background_image":{"attachment_id":null,"x":0,"y":0},"gradient":"linear-gradient(135deg,rgba(6,147,227,1) 0%,rgb(155,81,224) 100%)","background_repeat":"repeat","background_size":"auto","background_attachment":"scroll","patternColor":{"default":{"color":"#e5e7ea"}},"overlayColor":{"default":{"color":"CT_CSS_SKIP_RULE"}},"backgroundColor":{"default":{"color":"var(--theme-palette-color-6)"}}},"pageTitlePadding":{"top":"50px","bottom":"50px","left":"auto","right":"auto","linked":true},"12e455f30de1d15aed0effbbb6f951bf":"","page_structure_type":"default","f474d2f3ad69b4e64f52dac0a3aa2bb2":"","content_style_source":"inherit","content_style":"wide","vertical_spacing_source":"custom","content_area_spacing":"none","background":{"background_type":"color","background_pattern":"type-1","background_image":{"attachment_id":null,"x":0,"y":0},"gradient":"linear-gradient(135deg,rgba(6,147,227,1) 0%,rgb(155,81,224) 100%)","background_repeat":"repeat","background_size":"auto","background_attachment":"scroll","patternColor":{"default":{"color":"#e5e7ea"}},"overlayColor":{"default":{"color":"CT_CSS_SKIP_RULE"}},"backgroundColor":{"default":{"color":"CT_CSS_SKIP_RULE"}}},"content_background":{"background_type":"color","background_pattern":"type-1","background_image":{"attachment_id":null,"x":0,"y":0},"gradient":"linear-gradient(135deg,rgba(6,147,227,1) 0%,rgb(155,81,224) 100%)","background_repeat":"repeat","background_size":"auto","background_attachment":"scroll","patternColor":{"default":{"color":"#e5e7ea"}},"overlayColor":{"default":{"color":"CT_CSS_SKIP_RULE"}},"backgroundColor":{"default":{"color":"var(--theme-palette-color-8)"}}},"content_boxed_shadow":{"inherit":false,"blur":18,"spread":-6,"v_offset":12,"h_offset":0,"inset":false,"enable":true,"color":{"color":"rgba(34, 56, 101, 0.04)"}},"content_boxed_border":{"width":1,"style":"none","color":{"color":"rgba(44,62,80,0.2)"}},"content_boxed_radius":{"top":"3px","bottom":"3px","left":"3px","right":"3px","linked":true},"boxed_content_spacing":{"desktop":{"top":"40px","bottom":"40px","left":"40px","right":"40px","linked":true},"tablet":{"top":"35px","bottom":"35px","left":"35px","right":"35px","linked":true},"mobile":{"top":"20px","bottom":"20px","left":"20px","right":"20px","linked":true}},"fca9f1d1c7aa58a4b21dd78357f6373e":"","disable_featured_image":"no","disable_share_box":"no","disable_header":"no","disable_footer":"no","styles_descriptor":{"styles":{"desktop":"","tablet":"","mobile":""},"google_fonts":[],"version":6}},"_links":{"self":[{"href":"http:\/\/proreitoria.uea.edu.br\/proplan\/index.php?rest_route=\/wp\/v2\/pages\/713","targetHints":{"allow":["GET"]}}],"collection":[{"href":"http:\/\/proreitoria.uea.edu.br\/proplan\/index.php?rest_route=\/wp\/v2\/pages"}],"about":[{"href":"http:\/\/proreitoria.uea.edu.br\/proplan\/index.php?rest_route=\/wp\/v2\/types\/page"}],"author":[{"embeddable":true,"href":"http:\/\/proreitoria.uea.edu.br\/proplan\/index.php?rest_route=\/wp\/v2\/users\/1"}],"replies":[{"embeddable":true,"href":"http:\/\/proreitoria.uea.edu.br\/proplan\/index.php?rest_route=%2Fwp%2Fv2%2Fcomments&post=713"}],"version-history":[{"count":18,"href":"http:\/\/proreitoria.uea.edu.br\/proplan\/index.php?rest_route=\/wp\/v2\/pages\/713\/revisions"}],"predecessor-version":[{"id":1423,"href":"http:\/\/proreitoria.uea.edu.br\/proplan\/index.php?rest_route=\/wp\/v2\/pages\/713\/revisions\/1423"}],"wp:attachment":[{"href":"http:\/\/proreitoria.uea.edu.br\/proplan\/index.php?rest_route=%2Fwp%2Fv2%2Fmedia&parent=713"}],"curies":[{"name":"wp","href":"https:\/\/api.w.org\/{rel}","templated":true}]}}