{"id":709,"date":"2025-05-14T09:18:31","date_gmt":"2025-05-14T13:18:31","guid":{"rendered":"http:\/\/proreitoria.uea.edu.br\/proplan\/?page_id=709"},"modified":"2026-04-17T12:42:12","modified_gmt":"2026-04-17T16:42:12","slug":"cpi-relatorio-de-gestao","status":"publish","type":"page","link":"http:\/\/proreitoria.uea.edu.br\/proplan\/?page_id=709","title":{"rendered":"CPI \u2013 Relat\u00f3rio de Gest\u00e3o"},"content":{"rendered":"\n<div class=\"wp-block-stackable-columns alignfull stk-block-columns stk-block stk-51b2b12 stk-block-background stk--has-background-overlay\" data-block-id=\"51b2b12\"><style>.stk-51b2b12 {background-image:url(http:\/\/proreitoria.uea.edu.br\/proplan\/wp-content\/uploads\/2025\/12\/bg_proplan_desktop1.png) !important;padding-top:300px !important;padding-bottom:200px !important;margin-bottom:0px !important;}.stk-51b2b12-column{--stk-column-gap:35px !important;}@media screen and (max-width:999px){.stk-51b2b12 {background-image:url(http:\/\/proreitoria.uea.edu.br\/proplan\/wp-content\/uploads\/2025\/12\/bg_proplan_tablet2.png) !important;}}@media screen and (max-width:689px){.stk-51b2b12 {background-image:url(http:\/\/proreitoria.uea.edu.br\/proplan\/wp-content\/uploads\/2025\/12\/bg_proplan_mobile7.png) !important;padding-top:150px !important;padding-bottom:150px !important;}}<\/style><div class=\"stk-row stk-inner-blocks stk-block-content stk-content-align stk-51b2b12-column\">\n<div class=\"wp-block-stackable-column stk-block-column stk-column stk-block stk-5a49b27\" data-v=\"4\" data-block-id=\"5a49b27\"><div class=\"stk-column-wrapper stk-block-column__content stk-container stk-5a49b27-container stk--no-background stk--no-padding\"><div class=\"stk-block-content stk-inner-blocks stk-5a49b27-inner-blocks\">\n<div class=\"wp-block-stackable-heading stk-block-heading stk-block-heading--v2 stk-block stk-de45349\" id=\"cpi-relatorio-de-gestao\" data-block-id=\"de45349\"><style>.stk-de45349 .stk-block-heading__text{color:#fffffe !important;}<\/style><h2 class=\"stk-block-heading__text has-text-color has-text-align-center\">CPI \u2013 Relat\u00f3rio de Gest\u00e3o<\/h2><\/div>\n<\/div><\/div><\/div>\n<\/div><\/div>\n\n\n\n<div class=\"wp-block-stackable-columns aligncenter stk-block-columns stk-block stk-23aa5c0 stk-block-background alignfull\" data-block-id=\"23aa5c0\"><style>.stk-23aa5c0 {background-color:#ffffff !important;overflow:hidden !important;}.stk-23aa5c0:hover{background-color:#ffffff !important;}.stk-23aa5c0:before{background-color:#ffffff !important;}.stk-23aa5c0:hover:before{background-color:#ffffff !important;}<\/style><div class=\"stk-row stk-inner-blocks stk-block-content stk-content-align stk-23aa5c0-column\">\n<div class=\"wp-block-stackable-column stk-block-column stk-column stk-block stk-03a110b\" data-v=\"4\" data-block-id=\"03a110b\"><style>.stk-03a110b-inner-blocks{align-items:flex-start !important;}.stk-03a110b {padding-top:40px !important;}.stk-03a110b-container{overflow:hidden !important;box-shadow:none !important;max-width:60% !important;min-width:auto !important;padding-top:0px !important;padding-right:0px !important;padding-bottom:0px !important;padding-left:0px !important;margin-right:auto !important;margin-left:auto !important;}<\/style><div class=\"stk-column-wrapper stk-block-column__content stk-container stk-03a110b-container stk-hover-parent\"><div class=\"stk--column-flex stk-block-content stk-inner-blocks stk-03a110b-inner-blocks\">\n<div class=\"wp-block-stackable-spacer stk-block-spacer stk--no-padding stk-block stk-baac13f\" data-block-id=\"baac13f\"><style>.stk-baac13f {height:30px !important;}<\/style><\/div>\n\n\n\n<p>Demonstra informa\u00e7\u00f5es consolidadas relativas aos atos de gest\u00e3o praticados na Universidade do Estado do Amazonas, permitindo visualizar as a\u00e7\u00f5es implementadas.<\/p>\n\n\n\n<div class=\"wp-block-stackable-spacer stk-block-spacer stk--no-padding stk-block stk-d6c2336\" data-block-id=\"d6c2336\"><style>.stk-d6c2336 {height:20px !important;}<\/style><\/div>\n\n\n\n<figure class=\"wp-block-table\"><table class=\"has-fixed-layout\"><tbody><tr><td><strong><a rel=\"noreferrer noopener\" href=\"https:\/\/tinyurl.com\/Relatorio-de-Gestao-2001\" target=\"_blank\">2001<\/a><\/strong><\/td><td><strong><a rel=\"noreferrer noopener\" href=\"https:\/\/tinyurl.com\/Relatorio-de-Gestao-2001\" target=\"_blank\">2001<\/a><\/strong><\/td><td><strong><a rel=\"noreferrer noopener\" href=\"https:\/\/tinyurl.com\/Relatorio-de-Gestao-2003\" target=\"_blank\">2003<\/a><\/strong><\/td><td><strong><a rel=\"noreferrer noopener\" href=\"https:\/\/tinyurl.com\/Relatorio-de-Gestao-2004\" target=\"_blank\">2004<\/a><\/strong><\/td><td><strong><a rel=\"noreferrer noopener\" href=\"https:\/\/tinyurl.com\/Relatorio-de-Gestao-2005\" target=\"_blank\">2005<\/a><\/strong><\/td><td><strong><a rel=\"noreferrer noopener\" href=\"https:\/\/tinyurl.com\/Relatorio-de-Gestao-2006\" target=\"_blank\">2006<\/a><\/strong><\/td><td><strong><a rel=\"noreferrer noopener\" href=\"https:\/\/tinyurl.com\/Relatorio-de-Gestao-2007\" target=\"_blank\">2007<\/a><\/strong><\/td><td><strong><a rel=\"noreferrer noopener\" href=\"https:\/\/tinyurl.com\/Relatorio-de-Gestao-2008\" target=\"_blank\">2008<\/a><\/strong><\/td><td><strong><a rel=\"noreferrer noopener\" href=\"https:\/\/tinyurl.com\/Relatorio-de-Gestao-2009\" target=\"_blank\">2009<\/a><\/strong><\/td><td><strong><a rel=\"noreferrer noopener\" href=\"https:\/\/tinyurl.com\/Relatorio-de-Gestao-2010\" target=\"_blank\">2010<\/a><\/strong><\/td><\/tr><tr><td><strong><a rel=\"noreferrer noopener\" href=\"https:\/\/tinyurl.com\/Relatorio-de-Gestao-2011\" target=\"_blank\">2011<\/a><\/strong><\/td><td><strong><a rel=\"noreferrer noopener\" href=\"https:\/\/tinyurl.com\/Relatorio-de-Gestao-2012\" target=\"_blank\">2012<\/a><\/strong><\/td><td><strong><a rel=\"noreferrer noopener\" href=\"https:\/\/tinyurl.com\/Relatorio-de-Gestao-2013\" target=\"_blank\">2013<\/a><\/strong><\/td><td><strong><a rel=\"noreferrer noopener\" href=\"https:\/\/tinyurl.com\/Relatorio-de-Gestao-2014\" target=\"_blank\">2014<\/a><\/strong><\/td><td><strong><a rel=\"noreferrer noopener\" href=\"https:\/\/tinyurl.com\/Relatorio-de-Gestao-2015\" target=\"_blank\">2015<\/a><\/strong><\/td><td><strong><a href=\"https:\/\/tinyurl.com\/Relatorio-de-Gestao-2016\" target=\"_blank\" rel=\"noreferrer noopener\">2016<\/a><\/strong><\/td><td><strong><a rel=\"noreferrer noopener\" href=\"https:\/\/tinyurl.com\/Relatorio-de-Gestao-2017\" target=\"_blank\">2017<\/a><\/strong><\/td><td><strong><a rel=\"noreferrer noopener\" href=\"https:\/\/tinyurl.com\/Relatorio-de-Gestao-2018\" target=\"_blank\">2018<\/a><\/strong><\/td><td><strong><a href=\"https:\/\/tinyurl.com\/szolav7t\" target=\"_blank\" rel=\"noreferrer noopener\">2019<\/a><\/strong><\/td><td><strong><a rel=\"noreferrer noopener\" href=\"https:\/\/tinyurl.com\/42b4afeh\" target=\"_blank\">2020<\/a><\/strong><\/td><\/tr><tr><td><a href=\"https:\/\/tinyurl.com\/8bfe8zsp\" target=\"_blank\" rel=\"noreferrer noopener\"><strong>2021<\/strong><\/a><\/td><td><a href=\"https:\/\/drive.google.com\/file\/d\/1vDTGTd3VErIMAwcSmTXjbBhnYpfluonW\/view?usp=share_link\"><strong>2022<\/strong><\/a><\/td><td><strong><a href=\"https:\/\/drive.google.com\/file\/d\/1M8AoIGvabQbV6hAYjlNV3SPIdjVSgs-t\/view?usp=drive_link\" target=\"_blank\" rel=\"noreferrer noopener\">2023<\/a><\/strong><\/td><td><a href=\"https:\/\/tinyurl.com\/y2kyv4mb\" target=\"_blank\" rel=\"noreferrer noopener\"><strong>2024<\/strong><\/a><\/td><td><strong><a href=\"https:\/\/drive.google.com\/file\/d\/1ae_CFSyrZr7jq_4qdNTAGZiSiqwezU6-\/view?usp=sharing\">2025<\/a><\/strong><\/td><\/tr><\/tbody><\/table><\/figure>\n\n\n\n<div class=\"wp-block-stackable-spacer stk-block-spacer stk--no-padding stk-block stk-1f25ceb\" data-block-id=\"1f25ceb\"><\/div>\n\n\n\n<h5 class=\"wp-block-heading\">Indicadores Gerais de Desempenho 2025<\/h5>\n\n\n\n<figure class=\"wp-block-table\"><table class=\"has-fixed-layout\"><tbody><tr><td><strong>GRADUA\u00c7\u00c3O<\/strong><\/td><td><\/td><\/tr><tr><td>N\u00famero de Cursos Ativos\u00b9<\/td><td>64<\/td><\/tr><tr><td>N\u00famero de Vagas Ofertadas no Ano (Vestibular) &#8211; 2024\/2025<\/td><td>1.639<\/td><\/tr><tr><td>N\u00famero de Vagas Ofertadas no Ano (SIS) \u2013 3\u00aa Etapa &#8211; 2024\/2025<\/td><td>2.254<\/td><\/tr><tr><td>N\u00famero de Alunos Matriculados<\/td><td>20.330<\/td><\/tr><tr><td>N\u00famero de Alunos Diplomados<\/td><td>2.298<\/td><\/tr><tr><td><\/td><td><\/td><\/tr><tr><td><strong>P\u00d3S-GRADUA\u00c7\u00c3O \u2013 N\u00famero de Cursos Ativos (Por nomenclatura)<\/strong><\/td><td><\/td><\/tr><tr><td>Especializa\u00e7\u00e3o<\/td><td>94<\/td><\/tr><tr><td>Mestrado<\/td><td>23<\/td><\/tr><tr><td>Doutorado<\/td><td>12<\/td><\/tr><tr><td><strong>Total de Cursos<\/strong><\/td><td><strong>129<\/strong><\/td><\/tr><tr><td><\/td><td><\/td><\/tr><tr><td><strong>P\u00d3S-GRADUA\u00c7\u00c3O&nbsp;\u2013 N\u00famero de Alunos Matriculados<\/strong><\/td><td><\/td><\/tr><tr><td>Especializa\u00e7\u00e3o<\/td><td>6.160<\/td><\/tr><tr><td>Mestrado<\/td><td>1.120<\/td><\/tr><tr><td>Doutorado<\/td><td>329<\/td><\/tr><tr><td><strong>Total de Matriculados<\/strong><\/td><td><strong>7.609<\/strong><\/td><\/tr><tr><td><\/td><td><\/td><\/tr><tr><td><strong>P\u00d3S-GRADUA\u00c7\u00c3O&nbsp;\u2013 N\u00famero de Alunos Certificados\/Titulados<\/strong><\/td><td><\/td><\/tr><tr><td>Especializa\u00e7\u00e3o<\/td><td>1.305<\/td><\/tr><tr><td>Mestrado<\/td><td>236<\/td><\/tr><tr><td>Doutorado<\/td><td>29<\/td><\/tr><tr><td><strong>Total de Certificados\/Titulados<\/strong><\/td><td><strong>1.570<\/strong><\/td><\/tr><tr><td><\/td><td><\/td><\/tr><tr><td><strong>PESQUISA<\/strong><\/td><td><\/td><\/tr><tr><td>N\u00famero de Grupos de Pesquisa certificados<\/td><td>199<\/td><\/tr><tr><td>N\u00famero de Projetos de Pesquisa Individuais Vigentes<\/td><td>45<\/td><\/tr><tr><td>N\u00famero de Programas de Apoio \u00e0 Inicia\u00e7\u00e3o Cient\u00edfica e Tecnol\u00f3gica<\/td><td>5<\/td><\/tr><tr><td>N\u00famero de Bolsistas e Volunt\u00e1rios de Inicia\u00e7\u00e3o Cient\u00edfica e Tecnol\u00f3gica\u00b2<\/td><td>936<\/td><\/tr><tr><td><\/td><td><\/td><\/tr><tr><td><strong>EXTENS\u00c3O<\/strong><\/td><td><\/td><\/tr><tr><td>N\u00famero de projetos de Extens\u00e3o Universit\u00e1ria<\/td><td>187<\/td><\/tr><tr><td>N\u00famero de Bolsas da Extens\u00e3o Universit\u00e1ria<\/td><td>1.491<\/td><\/tr><tr><td>N\u00famero de Eventos Acad\u00eamicos promovidos<\/td><td>177<\/td><\/tr><tr><td><\/td><td><\/td><\/tr><tr><td><strong>ASSUNTOS COMUNIT\u00c1RIOS<\/strong><\/td><td><\/td><\/tr><tr><td>N\u00famero de Benef\u00edcios Estudantis<\/td><td>3<\/td><\/tr><tr><td>Alunos Atendidos pelo Programa de Benef\u00edcios Estudantis<\/td><td>1.441<\/td><\/tr><tr><td>N\u00famero de Restaurantes Universit\u00e1rios<\/td><td>9<\/td><\/tr><tr><td><\/td><td><\/td><\/tr><tr><td><strong>RECURSOS HUMANOS<\/strong><\/td><td><\/td><\/tr><tr><td>N\u00famero de Docentes Efetivos<\/td><td>963<\/td><\/tr><tr><td>N\u00famero de Docentes Tempor\u00e1rios<\/td><td>166<\/td><\/tr><tr><td>N\u00famero de T\u00e9cnicos Efetivos<\/td><td>277<\/td><\/tr><tr><td>N\u00famero de T\u00e9cnicos Comissionados<\/td><td>312<\/td><\/tr><\/tbody><\/table><\/figure>\n\n\n\n<div class=\"wp-block-stackable-spacer stk-block-spacer stk--no-padding stk-block stk-8157940\" data-block-id=\"8157940\"><style>.stk-8157940 {height:30px !important;}<\/style><\/div>\n\n\n\n<p><strong>Fonte<\/strong>: PROPLAN\/UEA.<br>\u00b9Os cursos de gradua\u00e7\u00e3o ofertados foram contabilizados por nomenclatura.<br>\u00b2Financiados pela FAPEAM; CNPq e UEA.<br>Obs.: Os dados do Vestibular e SIS referem-se aos editais de 2024 acesso 2025.<\/p>\n\n\n\n<div class=\"wp-block-stackable-spacer stk-block-spacer stk--no-padding stk-block stk-6a72317\" data-block-id=\"6a72317\"><style>.stk-6a72317 {height:30px !important;}<\/style><\/div>\n<\/div><\/div><\/div>\n<\/div><\/div>\n","protected":false},"excerpt":{"rendered":"<p>CPI \u2013 Relat\u00f3rio de Gest\u00e3o Demonstra informa\u00e7\u00f5es consolidadas relativas aos atos de gest\u00e3o praticados na Universidade do Estado do Amazonas, permitindo visualizar as a\u00e7\u00f5es implementadas. 2001 2001 2003 2004 2005 2006 2007 2008 2009 2010 2011 2012 2013 2014 2015 2016 2017 2018 2019 2020 2021 2022 2023 2024 2025 Indicadores Gerais de Desempenho 2025 [&hellip;]<\/p>\n","protected":false},"author":1,"featured_media":0,"parent":0,"menu_order":0,"comment_status":"closed","ping_status":"closed","template":"","meta":{"footnotes":""},"class_list":["post-709","page","type-page","status-publish","hentry"],"blocksy_meta":{"page_title_panel":"","has_hero_section":"disabled","fe1c64ab89945cda534f4bb2d579ae1a":"","hero_section":"type-1","hero_elements":[{"id":"custom_title","enabled":true,"heading_tag":"h1","title":"Home"},{"id":"custom_description","enabled":true,"description_visibility":{"desktop":true,"tablet":true,"mobile":false}},{"id":"custom_meta","enabled":false,"meta_elements":[{"id":"author","enabled":true,"label":"By","has_author_avatar":"yes","avatar_size":25},{"id":"post_date","enabled":true,"label":"On","date_format_source":"default","date_format":"M j, Y"},{"id":"updated_date","enabled":false,"label":"On","date_format_source":"default","date_format":"M j, Y"},{"id":"categories","enabled":false,"label":"In","style":"simple"},{"id":"comments","enabled":true}],"page_meta_elements":{"joined":true,"articles_count":true,"comments":true}},{"id":"breadcrumbs","enabled":false}],"433b02732bec8d55ec282f00a9a700eb":"","hero_alignment1":"CT_CSS_SKIP_RULE","hero_margin":40,"hero_alignment2":"center","hero_vertical_alignment":"center","fdbb34d69d6afe2394c07d96c9ea0b60":"","hero_structure":"narrow","cb306aece5e91b9a44875e4a81075440":"","page_title_bg_type":"featured_image","custom_hero_background":{"attachment_id":null},"page_title_image_size":"full","parallax":{"desktop":false,"tablet":false,"mobile":false},"034bc954f3c533bc75ffdf62670c8395":"","hero_height":"250px","pageTitleFont":{"family":"Default","variation":"Default","size":"30px","line-height":"CT_CSS_SKIP_RULE","letter-spacing":"CT_CSS_SKIP_RULE","text-transform":"CT_CSS_SKIP_RULE","text-decoration":"CT_CSS_SKIP_RULE"},"pageTitleFontColor":{"default":{"color":"CT_CSS_SKIP_RULEDEFAULT"}},"pageMetaFont":{"family":"Default","variation":"n6","size":"12px","line-height":"1.3","letter-spacing":"CT_CSS_SKIP_RULE","text-transform":"uppercase","text-decoration":"CT_CSS_SKIP_RULE"},"pageMetaFontColor":{"default":{"color":"CT_CSS_SKIP_RULEDEFAULT"},"hover":{"color":"CT_CSS_SKIP_RULEDEFAULT"}},"page_meta_button_type_font_colors":{"default":{"color":"CT_CSS_SKIP_RULEDEFAULT"},"hover":{"color":"CT_CSS_SKIP_RULEDEFAULT"}},"page_meta_button_type_background_colors":{"default":{"color":"CT_CSS_SKIP_RULEDEFAULT"},"hover":{"color":"CT_CSS_SKIP_RULEDEFAULT"}},"pageExcerptFont":{"family":"Default","variation":"Default","size":"CT_CSS_SKIP_RULE","line-height":"CT_CSS_SKIP_RULE","letter-spacing":"CT_CSS_SKIP_RULE","text-transform":"CT_CSS_SKIP_RULE","text-decoration":"CT_CSS_SKIP_RULE"},"pageExcerptColor":{"default":{"color":"CT_CSS_SKIP_RULEDEFAULT"}},"breadcrumbsFont":{"family":"Default","variation":"Default","size":"CT_CSS_SKIP_RULE","line-height":"CT_CSS_SKIP_RULE","letter-spacing":"CT_CSS_SKIP_RULE","text-transform":"CT_CSS_SKIP_RULE","text-decoration":"CT_CSS_SKIP_RULE"},"breadcrumbsFontColor":{"default":{"color":"CT_CSS_SKIP_RULEDEFAULT"},"initial":{"color":"CT_CSS_SKIP_RULEDEFAULT"},"hover":{"color":"CT_CSS_SKIP_RULEDEFAULT"}},"pageTitleOverlay":{"background_type":"color","background_pattern":"type-1","background_image":{"attachment_id":null,"x":0,"y":0},"gradient":"linear-gradient(135deg,rgba(6,147,227,1) 0%,rgb(155,81,224) 100%)","background_repeat":"repeat","background_size":"auto","background_attachment":"scroll","patternColor":{"default":{"color":"#e5e7ea"}},"overlayColor":{"default":{"color":"CT_CSS_SKIP_RULE"}},"backgroundColor":{"default":{"color":"CT_CSS_SKIP_RULE"}}},"pageTitleBackground":{"background_type":"color","background_pattern":"type-1","background_image":{"attachment_id":null,"x":0,"y":0},"gradient":"linear-gradient(135deg,rgba(6,147,227,1) 0%,rgb(155,81,224) 100%)","background_repeat":"repeat","background_size":"auto","background_attachment":"scroll","patternColor":{"default":{"color":"#e5e7ea"}},"overlayColor":{"default":{"color":"CT_CSS_SKIP_RULE"}},"backgroundColor":{"default":{"color":"var(--theme-palette-color-6)"}}},"pageTitlePadding":{"top":"50px","bottom":"50px","left":"auto","right":"auto","linked":true},"12e455f30de1d15aed0effbbb6f951bf":"","page_structure_type":"default","f474d2f3ad69b4e64f52dac0a3aa2bb2":"","content_style_source":"inherit","content_style":"wide","vertical_spacing_source":"custom","content_area_spacing":"none","background":{"background_type":"color","background_pattern":"type-1","background_image":{"attachment_id":null,"x":0,"y":0},"gradient":"linear-gradient(135deg,rgba(6,147,227,1) 0%,rgb(155,81,224) 100%)","background_repeat":"repeat","background_size":"auto","background_attachment":"scroll","patternColor":{"default":{"color":"#e5e7ea"}},"overlayColor":{"default":{"color":"CT_CSS_SKIP_RULE"}},"backgroundColor":{"default":{"color":"CT_CSS_SKIP_RULE"}}},"content_background":{"background_type":"color","background_pattern":"type-1","background_image":{"attachment_id":null,"x":0,"y":0},"gradient":"linear-gradient(135deg,rgba(6,147,227,1) 0%,rgb(155,81,224) 100%)","background_repeat":"repeat","background_size":"auto","background_attachment":"scroll","patternColor":{"default":{"color":"#e5e7ea"}},"overlayColor":{"default":{"color":"CT_CSS_SKIP_RULE"}},"backgroundColor":{"default":{"color":"var(--theme-palette-color-8)"}}},"content_boxed_shadow":{"inherit":false,"blur":18,"spread":-6,"v_offset":12,"h_offset":0,"inset":false,"enable":true,"color":{"color":"rgba(34, 56, 101, 0.04)"}},"content_boxed_border":{"width":1,"style":"none","color":{"color":"rgba(44,62,80,0.2)"}},"content_boxed_radius":{"top":"3px","bottom":"3px","left":"3px","right":"3px","linked":true},"boxed_content_spacing":{"desktop":{"top":"40px","bottom":"40px","left":"40px","right":"40px","linked":true},"tablet":{"top":"35px","bottom":"35px","left":"35px","right":"35px","linked":true},"mobile":{"top":"20px","bottom":"20px","left":"20px","right":"20px","linked":true}},"fca9f1d1c7aa58a4b21dd78357f6373e":"","disable_featured_image":"no","disable_share_box":"no","disable_header":"no","disable_footer":"no","styles_descriptor":{"styles":{"desktop":"","tablet":"","mobile":""},"google_fonts":[],"version":6}},"_links":{"self":[{"href":"http:\/\/proreitoria.uea.edu.br\/proplan\/index.php?rest_route=\/wp\/v2\/pages\/709","targetHints":{"allow":["GET"]}}],"collection":[{"href":"http:\/\/proreitoria.uea.edu.br\/proplan\/index.php?rest_route=\/wp\/v2\/pages"}],"about":[{"href":"http:\/\/proreitoria.uea.edu.br\/proplan\/index.php?rest_route=\/wp\/v2\/types\/page"}],"author":[{"embeddable":true,"href":"http:\/\/proreitoria.uea.edu.br\/proplan\/index.php?rest_route=\/wp\/v2\/users\/1"}],"replies":[{"embeddable":true,"href":"http:\/\/proreitoria.uea.edu.br\/proplan\/index.php?rest_route=%2Fwp%2Fv2%2Fcomments&post=709"}],"version-history":[{"count":12,"href":"http:\/\/proreitoria.uea.edu.br\/proplan\/index.php?rest_route=\/wp\/v2\/pages\/709\/revisions"}],"predecessor-version":[{"id":1470,"href":"http:\/\/proreitoria.uea.edu.br\/proplan\/index.php?rest_route=\/wp\/v2\/pages\/709\/revisions\/1470"}],"wp:attachment":[{"href":"http:\/\/proreitoria.uea.edu.br\/proplan\/index.php?rest_route=%2Fwp%2Fv2%2Fmedia&parent=709"}],"curies":[{"name":"wp","href":"https:\/\/api.w.org\/{rel}","templated":true}]}}