{"id":702,"date":"2025-05-14T09:18:32","date_gmt":"2025-05-14T13:18:32","guid":{"rendered":"http:\/\/proreitoria.uea.edu.br\/proplan\/?page_id=702"},"modified":"2025-12-04T09:50:04","modified_gmt":"2025-12-04T13:50:04","slug":"cdm-escritorio-de-processos","status":"publish","type":"page","link":"http:\/\/proreitoria.uea.edu.br\/proplan\/?page_id=702","title":{"rendered":"CDM \u2013 Escrit\u00f3rio de Processos"},"content":{"rendered":"\n<div class=\"wp-block-stackable-columns alignfull stk-block-columns stk-block stk-51b2b12 stk-block-background stk--has-background-overlay\" data-block-id=\"51b2b12\"><style>.stk-51b2b12 {background-image:url(http:\/\/proreitoria.uea.edu.br\/proplan\/wp-content\/uploads\/2025\/12\/bg_proplan_desktop1.png) !important;padding-top:300px !important;padding-bottom:200px !important;margin-bottom:0px !important;}.stk-51b2b12-column{--stk-column-gap:35px !important;}@media screen and (max-width:999px){.stk-51b2b12 {background-image:url(http:\/\/proreitoria.uea.edu.br\/proplan\/wp-content\/uploads\/2025\/12\/bg_proplan_tablet2.png) !important;}}@media screen and (max-width:689px){.stk-51b2b12 {background-image:url(http:\/\/proreitoria.uea.edu.br\/proplan\/wp-content\/uploads\/2025\/12\/bg_proplan_mobile7.png) !important;padding-top:150px !important;padding-bottom:150px !important;}}<\/style><div class=\"stk-row stk-inner-blocks stk-block-content stk-content-align stk-51b2b12-column\">\n<div class=\"wp-block-stackable-column stk-block-column stk-column stk-block stk-5a49b27\" data-v=\"4\" data-block-id=\"5a49b27\"><div class=\"stk-column-wrapper stk-block-column__content stk-container stk-5a49b27-container stk--no-background stk--no-padding\"><div class=\"stk-block-content stk-inner-blocks stk-5a49b27-inner-blocks\">\n<div class=\"wp-block-stackable-heading stk-block-heading stk-block-heading--v2 stk-block stk-de45349\" id=\"cdm-escritorio-de-processos\" data-block-id=\"de45349\"><style>.stk-de45349 .stk-block-heading__text{color:#fffffe !important;}<\/style><h2 class=\"stk-block-heading__text has-text-color has-text-align-center\">CDM \u2013 Escrit\u00f3rio de Processos<\/h2><\/div>\n<\/div><\/div><\/div>\n<\/div><\/div>\n\n\n\n<div class=\"wp-block-stackable-columns aligncenter stk-block-columns stk-block stk-23aa5c0 stk-block-background alignfull\" data-block-id=\"23aa5c0\"><style>.stk-23aa5c0 {background-color:#ffffff !important;overflow:hidden !important;}.stk-23aa5c0:hover{background-color:#ffffff !important;}.stk-23aa5c0:before{background-color:#ffffff !important;}.stk-23aa5c0:hover:before{background-color:#ffffff !important;}<\/style><div class=\"stk-row stk-inner-blocks stk-block-content stk-content-align stk-23aa5c0-column\">\n<div class=\"wp-block-stackable-column stk-block-column stk-column stk-block stk-03a110b\" data-v=\"4\" data-block-id=\"03a110b\"><style>.stk-03a110b-inner-blocks{align-items:flex-start !important;}.stk-03a110b {padding-top:40px !important;}.stk-03a110b-container{overflow:hidden !important;box-shadow:none !important;max-width:60% !important;min-width:auto !important;padding-top:0px !important;padding-right:0px !important;padding-bottom:0px !important;padding-left:0px !important;margin-right:auto !important;margin-left:auto !important;}<\/style><div class=\"stk-column-wrapper stk-block-column__content stk-container stk-03a110b-container stk-hover-parent\"><div class=\"stk--column-flex stk-block-content stk-inner-blocks stk-03a110b-inner-blocks\">\n<div class=\"wp-block-stackable-spacer stk-block-spacer stk--no-padding stk-block stk-baac13f\" data-block-id=\"baac13f\"><style>.stk-baac13f {height:30px !important;}<\/style><\/div>\n\n\n\n<h2 class=\"wp-block-heading\">Apresenta\u00e7\u00e3o:<\/h2>\n\n\n\n<h6 class=\"wp-block-heading\"><a href=\"https:\/\/proplan.uea.edu.br\/!htthacker\/proplan\/proplan.uea.edu.br\/wp-content\/uploads\/sites\/3\/2019\/03\/ep.png\" target=\"_blank\" rel=\"noreferrer noopener\"><\/a><\/h6>\n\n\n\n<p>A PROPLAN \u2013 Pr\u00f3-Reitoria de Planejamento, atrav\u00e9s da Coordena\u00e7\u00e3o de Desenvolvimento e Moderniza\u00e7\u00e3o (CDM) criou o&nbsp; Escrit\u00f3rio de Processos da UEA (<a href=\"http:\/\/proplan.uea.edu.br\/wp-content\/uploads\/sites\/7\/2019\/03\/Portaria-349.pdf\" target=\"_blank\" rel=\"noreferrer noopener\">Portaria n\u00ba. 349\/2017-GR\/UEA \u2013 de 15\/05\/2017<\/a>)&nbsp; que tem as seguintes atribui\u00e7\u00f5es:<\/p>\n\n\n\n<ul class=\"wp-block-list\">\n<li><em>A defini\u00e7\u00e3o e manuten\u00e7\u00e3o de padr\u00f5es;<\/em><\/li>\n\n\n\n<li><em>Metodologias e ferramentas para a gest\u00e3o de processos e a garantia de sua ado\u00e7\u00e3o na UEA;<\/em><\/li>\n\n\n\n<li><em>A guarda de todo o conhecimento sobre processos; e<\/em><\/li>\n\n\n\n<li><em>A dissemina\u00e7\u00e3o e capacita\u00e7\u00e3o nas melhores pr\u00e1ticas.<\/em><\/li>\n<\/ul>\n\n\n\n<h6 class=\"wp-block-heading\">Mapeamento de Processos:<\/h6>\n\n\n\n<p>\u00c9 uma ferramenta gerencial que tem como objetivo identificar as informa\u00e7\u00f5es, o fluxo, as partes envolvidas, capacidades, compet\u00eancias e recursos para atender todos os componentes necess\u00e1rios fazendo com que todas as atividades de uma Organiza\u00e7\u00e3o saiam conforme o planejado, com poucas&nbsp;altera\u00e7\u00f5es e sem problemas.<\/p>\n\n\n\n<p>O&nbsp;mapeamento \u00e9 uma forma de gest\u00e3o e organiza\u00e7\u00e3o desses processos, que s\u00e3o pontos-chave do funcionamento de uma Organiza\u00e7\u00e3o, de forma a torn\u00e1-los mais eficazes.<\/p>\n\n\n\n<h6 class=\"wp-block-heading\">Gest\u00e3o de Processos:<\/h6>\n\n\n\n<p>A Gest\u00e3o de Processos segue um ciclo de execu\u00e7\u00e3o que se inicia com a defini\u00e7\u00e3o da metodologia, o mapeamento e perpassa por quest\u00f5es como o estudo e a avalia\u00e7\u00e3o de indicadores de desempenho para que haja a implanta\u00e7\u00e3o de melhorias.<\/p>\n\n\n\n<p>Gerenciar processos para a UEA significa que os processos est\u00e3o sendo monitorados, avaliados e revisados, com foco na melhoria cont\u00ednua e no alcance dos seus objetivos. \u00c9 a pr\u00f3pria&nbsp; aplica\u00e7\u00e3o do Ciclo PDCA \u2013 Planejar, Executar, Verificar e Agir \u2013 aos processos, que leva ao aperfei\u00e7oamento e ajustamento do caminho a ser seguido. Dessa forma, os processos devem ser controlados e avaliados de forma cont\u00ednua.<\/p>\n\n\n\n<p>A gest\u00e3o de processos na UEA tem como objetivo a implementa\u00e7\u00e3o de rotinas que promovam a sistematiza\u00e7\u00e3o, monitoramento, avalia\u00e7\u00e3o e implanta\u00e7\u00e3o de melhorias nos diferentes processos de trabalho desenvolvidos pela institui\u00e7\u00e3o, no cumprimento de sua miss\u00e3o institucional.<\/p>\n\n\n\n<h6 class=\"wp-block-heading\">Processos Mapeados:<\/h6>\n\n\n\n<figure class=\"wp-block-table\"><table class=\"has-fixed-layout\"><tbody><tr><td><strong>PR\u00d3-REITORIA<\/strong><\/td><td><strong>QTDE<\/strong><\/td><td><strong>MAPEAMENTO<\/strong><\/td><td><strong>POP<\/strong><\/td><td><strong>FLUXO<\/strong><\/td><td><strong>MANUAL<\/strong><\/td><\/tr><tr><td><a href=\"http:\/\/proreitoria.uea.edu.br\/proplan\/wp-content\/uploads\/2025\/05\/Gabinete-PROPLAN.pdf\" data-type=\"link\" data-id=\"http:\/\/proreitoria.uea.edu.br\/proplan\/wp-content\/uploads\/2025\/05\/Gabinete-PROPLAN.pdf\" target=\"_blank\" rel=\"noreferrer noopener\">PROPLAN<\/a><\/td><td>90<\/td><td>90<\/td><td>90<\/td><td>09<\/td><td>09<\/td><\/tr><tr><td><a href=\"http:\/\/proreitoria.uea.edu.br\/proplan\/wp-content\/uploads\/2025\/05\/Gabinete-PROADM.pdf\" data-type=\"link\" data-id=\"http:\/\/proreitoria.uea.edu.br\/proplan\/wp-content\/uploads\/2025\/05\/Gabinete-PROADM.pdf\" target=\"_blank\" rel=\"noreferrer noopener\">PROADM<\/a><\/td><td>176<\/td><td>176<\/td><td>164<\/td><td>1<\/td><td>1<\/td><\/tr><tr><td><a href=\"http:\/\/proreitoria.uea.edu.br\/proplan\/wp-content\/uploads\/2025\/05\/Gabinete-PROPESP.pdf\" data-type=\"link\" data-id=\"http:\/\/proreitoria.uea.edu.br\/proplan\/wp-content\/uploads\/2025\/05\/Gabinete-PROPESP.pdf\" target=\"_blank\" rel=\"noreferrer noopener\">PROPESP<\/a><\/td><td>86<\/td><td>79<\/td><td>36<\/td><td>0<\/td><td>0<\/td><\/tr><tr><td><a href=\"http:\/\/proplan.uea.edu.br\/wp-content\/uploads\/sites\/7\/2019\/03\/Gabinete-PROGRAD.pdf\" target=\"_blank\" rel=\"noreferrer noopener\">PROGRAD<\/a><\/td><td>91<\/td><td>77<\/td><td>24<\/td><td>0<\/td><td>0<\/td><\/tr><tr><td><a href=\"http:\/\/proreitoria.uea.edu.br\/proplan\/wp-content\/uploads\/2025\/05\/Gabinete-PROEX.pdf\" data-type=\"link\" data-id=\"http:\/\/proreitoria.uea.edu.br\/proplan\/wp-content\/uploads\/2025\/05\/Gabinete-PROEX.pdf\" target=\"_blank\" rel=\"noreferrer noopener\">PROEX<\/a><\/td><td>35<\/td><td>35<\/td><td>35<\/td><td>0<\/td><td>0<\/td><\/tr><tr><td><a href=\"http:\/\/proreitoria.uea.edu.br\/proplan\/wp-content\/uploads\/2025\/05\/PRO-INT.pdf\" data-type=\"link\" data-id=\"http:\/\/proreitoria.uea.edu.br\/proplan\/wp-content\/uploads\/2025\/05\/PRO-INT.pdf\" target=\"_blank\" rel=\"noreferrer noopener\">PROINT<\/a><\/td><td>21<\/td><td>16<\/td><td>13<\/td><td>0<\/td><td>0<\/td><\/tr><tr><td><a href=\"http:\/\/proreitoria.uea.edu.br\/proplan\/wp-content\/uploads\/2025\/05\/Prefeitura-Universitaria.pdf\" data-type=\"link\" data-id=\"http:\/\/proreitoria.uea.edu.br\/proplan\/wp-content\/uploads\/2025\/05\/Prefeitura-Universitaria.pdf\" target=\"_blank\" rel=\"noreferrer noopener\">PREUNI<\/a><\/td><td>30<\/td><td>30<\/td><td>30<\/td><td>0<\/td><td>0<\/td><\/tr><tr><td><a href=\"http:\/\/proreitoria.uea.edu.br\/proplan\/wp-content\/uploads\/2025\/05\/SAG.pdf\" data-type=\"link\" data-id=\"http:\/\/proreitoria.uea.edu.br\/proplan\/wp-content\/uploads\/2025\/05\/SAG.pdf\" target=\"_blank\" rel=\"noreferrer noopener\">SAG<\/a><\/td><td>189<\/td><td>144<\/td><td>107<\/td><td>0<\/td><td>0<\/td><\/tr><tr><td><a href=\"http:\/\/proreitoria.uea.edu.br\/proplan\/wp-content\/uploads\/2025\/05\/Agencia-de-Inovacao.pdf\" data-type=\"link\" data-id=\"http:\/\/proreitoria.uea.edu.br\/proplan\/wp-content\/uploads\/2025\/05\/Agencia-de-Inovacao.pdf\" target=\"_blank\" rel=\"noreferrer noopener\">AGIN<\/a><\/td><td>4<\/td><td>4<\/td><td>4<\/td><td>0<\/td><td>0<\/td><\/tr><tr><td><a href=\"http:\/\/proreitoria.uea.edu.br\/proplan\/wp-content\/uploads\/2025\/05\/Assessoria-de-Rels.-Internacionais.pdf\" target=\"_blank\" rel=\"noreferrer noopener\">ARI<\/a><\/td><td>5<\/td><td>5<\/td><td>5<\/td><td>0<\/td><td>0<\/td><\/tr><tr><td><a href=\"http:\/\/proreitoria.uea.edu.br\/proplan\/wp-content\/uploads\/2025\/05\/Assessoria-de-Comunicacao.pdf\" data-type=\"link\" data-id=\"http:\/\/proreitoria.uea.edu.br\/proplan\/wp-content\/uploads\/2025\/05\/Assessoria-de-Comunicacao.pdf\" target=\"_blank\" rel=\"noreferrer noopener\">ASCOM<\/a><\/td><td>13<\/td><td>0<\/td><td>8<\/td><td>0<\/td><td>0<\/td><\/tr><tr><td><a href=\"http:\/\/proreitoria.uea.edu.br\/proplan\/wp-content\/uploads\/2025\/05\/Gabinete-Reitor.pdf\" data-type=\"link\" data-id=\"http:\/\/proreitoria.uea.edu.br\/proplan\/wp-content\/uploads\/2025\/05\/Gabinete-Reitor.pdf\" target=\"_blank\" rel=\"noreferrer noopener\">GR<\/a>&nbsp;\/&nbsp;<a href=\"http:\/\/proreitoria.uea.edu.br\/proplan\/wp-content\/uploads\/2025\/05\/Gabinete-Vice-Reitor.pdf\" data-type=\"link\" data-id=\"http:\/\/proreitoria.uea.edu.br\/proplan\/wp-content\/uploads\/2025\/05\/Gabinete-Vice-Reitor.pdf\" target=\"_blank\" rel=\"noreferrer noopener\">GVR<\/a><\/td><td>13<\/td><td>7<\/td><td>7<\/td><td>0<\/td><td>0<\/td><\/tr><tr><td><a href=\"http:\/\/proreitoria.uea.edu.br\/proplan\/wp-content\/uploads\/2025\/05\/Editora-Universitaria.pdf\" data-type=\"link\" data-id=\"http:\/\/proreitoria.uea.edu.br\/proplan\/wp-content\/uploads\/2025\/05\/Editora-Universitaria.pdf\" target=\"_blank\" rel=\"noreferrer noopener\">EDITORA<\/a><\/td><td>20<\/td><td>15<\/td><td>6<\/td><td>0<\/td><td>0<\/td><\/tr><tr><td><a href=\"http:\/\/proreitoria.uea.edu.br\/proplan\/wp-content\/uploads\/2025\/05\/Procuradoria-Juridica.pdf\" data-type=\"link\" data-id=\"http:\/\/proreitoria.uea.edu.br\/proplan\/wp-content\/uploads\/2025\/05\/Procuradoria-Juridica.pdf\" target=\"_blank\" rel=\"noreferrer noopener\">PJ<\/a><\/td><td>14<\/td><td>0<\/td><td>0<\/td><td>0<\/td><td>0<\/td><\/tr><tr><td><strong>TOTAL<\/strong><\/td><td><strong>827<\/strong><\/td><td><strong>684<\/strong><\/td><td><strong>534<\/strong><\/td><td><strong>10<\/strong><\/td><td><strong>10<\/strong><\/td><\/tr><\/tbody><\/table><\/figure>\n\n\n\n<div class=\"wp-block-stackable-spacer stk-block-spacer stk--no-padding stk-block stk-88bf462\" data-block-id=\"88bf462\"><style>.stk-88bf462 {height:20px !important;}<\/style><\/div>\n\n\n\n<h6 class=\"wp-block-heading\">Portf\u00f3lio de Processos:<\/h6>\n\n\n\n<p><strong>PROPLAN<\/strong><\/p>\n\n\n\n<p><a href=\"http:\/\/proreitoria.uea.edu.br\/proplan\/wp-content\/uploads\/2025\/05\/Afastamento-para-Qualificacao-Docente_Geral.pdf\" data-type=\"link\" data-id=\"http:\/\/proreitoria.uea.edu.br\/proplan\/wp-content\/uploads\/2025\/05\/Afastamento-para-Qualificacao-Docente_Geral.pdf\" target=\"_blank\" rel=\"noreferrer noopener\">POP \u2013 Afastamento para Qualifica\u00e7\u00e3o Docente<\/a><\/p>\n\n\n\n<p><a href=\"http:\/\/proreitoria.uea.edu.br\/proplan\/wp-content\/uploads\/2025\/05\/Folga-pela-Justica-Eleitoral.pdf\" data-type=\"link\" data-id=\"http:\/\/proreitoria.uea.edu.br\/proplan\/wp-content\/uploads\/2025\/05\/Folga-pela-Justica-Eleitoral.pdf\" target=\"_blank\" rel=\"noreferrer noopener\">POP \u2013 Folga pela Justi\u00e7a Eleitoral<\/a><\/p>\n\n\n\n<h6 class=\"wp-block-heading\">Processos Automatizados:<\/h6>\n\n\n\n<p>O Escrit\u00f3rio de Processos utiliza o software&nbsp;<a href=\"https:\/\/www.softexpert.com\/pt-br\/?gclid=EAIaIQobChMI78O86Iz64AIVUAmRCh2CUAwVEAAYASAAEgJI5_D_BwE\" target=\"_blank\" rel=\"noreferrer noopener\">SE Suite 2.0<\/a>&nbsp;para fazer a automatiza\u00e7\u00e3o dos seus processos internos, esta ferramenta ir\u00e1 permite que num futuro bem pr\u00f3ximo todos os processos gerados na UEA sejam digitalizados, n\u00e3o sendo mais necess\u00e1rio a utiliza\u00e7\u00e3o de papel, o que ir\u00e1 representar uma contribui\u00e7\u00e3o tanto na agiliza\u00e7\u00e3o desses processos, como economia para a UEA e a redu\u00e7\u00e3o do consumo de papel, que impactar\u00e1 em melhoria para o meio ambiente. Em fase de implanta\u00e7\u00e3o, foi gerado o processo de Dispensa e Designa\u00e7\u00e3o que j\u00e1 pode ser utilizado pelos interessados, os pr\u00f3ximos passos do Escrit\u00f3rio de Processo ser\u00e1 a identifica\u00e7\u00e3o dos principais processos das pr\u00f3-reitorias e sua automatiza\u00e7\u00e3o na ferramenta.<\/p>\n\n\n\n<p><a href=\"http:\/\/proreitoria.uea.edu.br\/proplan\/wp-content\/uploads\/2025\/05\/MEMORANDO-DISPENSA-E-DESIGNACAO-MEMORANDO-DE-DISPENSA-E-DESIGNACAO-FG-FUNCAO-GRATIFICADA.png\" data-type=\"link\" data-id=\"http:\/\/proreitoria.uea.edu.br\/proplan\/wp-content\/uploads\/2025\/05\/MEMORANDO-DISPENSA-E-DESIGNACAO-MEMORANDO-DE-DISPENSA-E-DESIGNACAO-FG-FUNCAO-GRATIFICADA.png\" target=\"_blank\" rel=\"noreferrer noopener\">Memorando<\/a>&nbsp; &amp;&nbsp;&nbsp;<a href=\"https:\/\/tinyurl.com\/Dispensa-Designacao\" target=\"_blank\" rel=\"noreferrer noopener\">Dispensa e Designa\u00e7\u00e3o<\/a><\/p>\n\n\n\n<div class=\"wp-block-stackable-spacer stk-block-spacer stk--no-padding stk-block stk-4ad6441\" data-block-id=\"4ad6441\"><style>.stk-4ad6441 {height:30px !important;}<\/style><\/div>\n<\/div><\/div><\/div>\n<\/div><\/div>\n","protected":false},"excerpt":{"rendered":"<p>CDM \u2013 Escrit\u00f3rio de Processos Apresenta\u00e7\u00e3o: A PROPLAN \u2013 Pr\u00f3-Reitoria de Planejamento, atrav\u00e9s da Coordena\u00e7\u00e3o de Desenvolvimento e Moderniza\u00e7\u00e3o (CDM) criou o&nbsp; Escrit\u00f3rio de Processos da UEA (Portaria n\u00ba. 349\/2017-GR\/UEA \u2013 de 15\/05\/2017)&nbsp; que tem as seguintes atribui\u00e7\u00f5es: Mapeamento de Processos: \u00c9 uma ferramenta gerencial que tem como objetivo identificar as informa\u00e7\u00f5es, o fluxo, as [&hellip;]<\/p>\n","protected":false},"author":1,"featured_media":0,"parent":0,"menu_order":0,"comment_status":"closed","ping_status":"closed","template":"","meta":{"footnotes":""},"class_list":["post-702","page","type-page","status-publish","hentry"],"blocksy_meta":{"page_title_panel":"","has_hero_section":"disabled","fe1c64ab89945cda534f4bb2d579ae1a":"","hero_section":"type-1","hero_elements":[{"id":"custom_title","enabled":true,"heading_tag":"h1","title":"Home"},{"id":"custom_description","enabled":true,"description_visibility":{"desktop":true,"tablet":true,"mobile":false}},{"id":"custom_meta","enabled":false,"meta_elements":[{"id":"author","enabled":true,"label":"By","has_author_avatar":"yes","avatar_size":25},{"id":"post_date","enabled":true,"label":"On","date_format_source":"default","date_format":"M j, Y"},{"id":"updated_date","enabled":false,"label":"On","date_format_source":"default","date_format":"M j, Y"},{"id":"categories","enabled":false,"label":"In","style":"simple"},{"id":"comments","enabled":true}],"page_meta_elements":{"joined":true,"articles_count":true,"comments":true}},{"id":"breadcrumbs","enabled":false}],"433b02732bec8d55ec282f00a9a700eb":"","hero_alignment1":"CT_CSS_SKIP_RULE","hero_margin":40,"hero_alignment2":"center","hero_vertical_alignment":"center","fdbb34d69d6afe2394c07d96c9ea0b60":"","hero_structure":"narrow","cb306aece5e91b9a44875e4a81075440":"","page_title_bg_type":"featured_image","custom_hero_background":{"attachment_id":null},"page_title_image_size":"full","parallax":{"desktop":false,"tablet":false,"mobile":false},"034bc954f3c533bc75ffdf62670c8395":"","hero_height":"250px","pageTitleFont":{"family":"Default","variation":"Default","size":"30px","line-height":"CT_CSS_SKIP_RULE","letter-spacing":"CT_CSS_SKIP_RULE","text-transform":"CT_CSS_SKIP_RULE","text-decoration":"CT_CSS_SKIP_RULE"},"pageTitleFontColor":{"default":{"color":"CT_CSS_SKIP_RULEDEFAULT"}},"pageMetaFont":{"family":"Default","variation":"n6","size":"12px","line-height":"1.3","letter-spacing":"CT_CSS_SKIP_RULE","text-transform":"uppercase","text-decoration":"CT_CSS_SKIP_RULE"},"pageMetaFontColor":{"default":{"color":"CT_CSS_SKIP_RULEDEFAULT"},"hover":{"color":"CT_CSS_SKIP_RULEDEFAULT"}},"page_meta_button_type_font_colors":{"default":{"color":"CT_CSS_SKIP_RULEDEFAULT"},"hover":{"color":"CT_CSS_SKIP_RULEDEFAULT"}},"page_meta_button_type_background_colors":{"default":{"color":"CT_CSS_SKIP_RULEDEFAULT"},"hover":{"color":"CT_CSS_SKIP_RULEDEFAULT"}},"pageExcerptFont":{"family":"Default","variation":"Default","size":"CT_CSS_SKIP_RULE","line-height":"CT_CSS_SKIP_RULE","letter-spacing":"CT_CSS_SKIP_RULE","text-transform":"CT_CSS_SKIP_RULE","text-decoration":"CT_CSS_SKIP_RULE"},"pageExcerptColor":{"default":{"color":"CT_CSS_SKIP_RULEDEFAULT"}},"breadcrumbsFont":{"family":"Default","variation":"Default","size":"CT_CSS_SKIP_RULE","line-height":"CT_CSS_SKIP_RULE","letter-spacing":"CT_CSS_SKIP_RULE","text-transform":"CT_CSS_SKIP_RULE","text-decoration":"CT_CSS_SKIP_RULE"},"breadcrumbsFontColor":{"default":{"color":"CT_CSS_SKIP_RULEDEFAULT"},"initial":{"color":"CT_CSS_SKIP_RULEDEFAULT"},"hover":{"color":"CT_CSS_SKIP_RULEDEFAULT"}},"pageTitleOverlay":{"background_type":"color","background_pattern":"type-1","background_image":{"attachment_id":null,"x":0,"y":0},"gradient":"linear-gradient(135deg,rgba(6,147,227,1) 0%,rgb(155,81,224) 100%)","background_repeat":"repeat","background_size":"auto","background_attachment":"scroll","patternColor":{"default":{"color":"#e5e7ea"}},"overlayColor":{"default":{"color":"CT_CSS_SKIP_RULE"}},"backgroundColor":{"default":{"color":"CT_CSS_SKIP_RULE"}}},"pageTitleBackground":{"background_type":"color","background_pattern":"type-1","background_image":{"attachment_id":null,"x":0,"y":0},"gradient":"linear-gradient(135deg,rgba(6,147,227,1) 0%,rgb(155,81,224) 100%)","background_repeat":"repeat","background_size":"auto","background_attachment":"scroll","patternColor":{"default":{"color":"#e5e7ea"}},"overlayColor":{"default":{"color":"CT_CSS_SKIP_RULE"}},"backgroundColor":{"default":{"color":"var(--theme-palette-color-6)"}}},"pageTitlePadding":{"top":"50px","bottom":"50px","left":"auto","right":"auto","linked":true},"12e455f30de1d15aed0effbbb6f951bf":"","page_structure_type":"default","f474d2f3ad69b4e64f52dac0a3aa2bb2":"","content_style_source":"inherit","content_style":"wide","vertical_spacing_source":"custom","content_area_spacing":"none","background":{"background_type":"color","background_pattern":"type-1","background_image":{"attachment_id":null,"x":0,"y":0},"gradient":"linear-gradient(135deg,rgba(6,147,227,1) 0%,rgb(155,81,224) 100%)","background_repeat":"repeat","background_size":"auto","background_attachment":"scroll","patternColor":{"default":{"color":"#e5e7ea"}},"overlayColor":{"default":{"color":"CT_CSS_SKIP_RULE"}},"backgroundColor":{"default":{"color":"CT_CSS_SKIP_RULE"}}},"content_background":{"background_type":"color","background_pattern":"type-1","background_image":{"attachment_id":null,"x":0,"y":0},"gradient":"linear-gradient(135deg,rgba(6,147,227,1) 0%,rgb(155,81,224) 100%)","background_repeat":"repeat","background_size":"auto","background_attachment":"scroll","patternColor":{"default":{"color":"#e5e7ea"}},"overlayColor":{"default":{"color":"CT_CSS_SKIP_RULE"}},"backgroundColor":{"default":{"color":"var(--theme-palette-color-8)"}}},"content_boxed_shadow":{"inherit":false,"blur":18,"spread":-6,"v_offset":12,"h_offset":0,"inset":false,"enable":true,"color":{"color":"rgba(34, 56, 101, 0.04)"}},"content_boxed_border":{"width":1,"style":"none","color":{"color":"rgba(44,62,80,0.2)"}},"content_boxed_radius":{"top":"3px","bottom":"3px","left":"3px","right":"3px","linked":true},"boxed_content_spacing":{"desktop":{"top":"40px","bottom":"40px","left":"40px","right":"40px","linked":true},"tablet":{"top":"35px","bottom":"35px","left":"35px","right":"35px","linked":true},"mobile":{"top":"20px","bottom":"20px","left":"20px","right":"20px","linked":true}},"fca9f1d1c7aa58a4b21dd78357f6373e":"","disable_featured_image":"no","disable_share_box":"no","disable_header":"no","disable_footer":"no","styles_descriptor":{"styles":{"desktop":"","tablet":"","mobile":""},"google_fonts":[],"version":6}},"_links":{"self":[{"href":"http:\/\/proreitoria.uea.edu.br\/proplan\/index.php?rest_route=\/wp\/v2\/pages\/702","targetHints":{"allow":["GET"]}}],"collection":[{"href":"http:\/\/proreitoria.uea.edu.br\/proplan\/index.php?rest_route=\/wp\/v2\/pages"}],"about":[{"href":"http:\/\/proreitoria.uea.edu.br\/proplan\/index.php?rest_route=\/wp\/v2\/types\/page"}],"author":[{"embeddable":true,"href":"http:\/\/proreitoria.uea.edu.br\/proplan\/index.php?rest_route=\/wp\/v2\/users\/1"}],"replies":[{"embeddable":true,"href":"http:\/\/proreitoria.uea.edu.br\/proplan\/index.php?rest_route=%2Fwp%2Fv2%2Fcomments&post=702"}],"version-history":[{"count":12,"href":"http:\/\/proreitoria.uea.edu.br\/proplan\/index.php?rest_route=\/wp\/v2\/pages\/702\/revisions"}],"predecessor-version":[{"id":1266,"href":"http:\/\/proreitoria.uea.edu.br\/proplan\/index.php?rest_route=\/wp\/v2\/pages\/702\/revisions\/1266"}],"wp:attachment":[{"href":"http:\/\/proreitoria.uea.edu.br\/proplan\/index.php?rest_route=%2Fwp%2Fv2%2Fmedia&parent=702"}],"curies":[{"name":"wp","href":"https:\/\/api.w.org\/{rel}","templated":true}]}}