{"id":1365,"date":"2026-03-18T10:46:02","date_gmt":"2026-03-18T14:46:02","guid":{"rendered":"http:\/\/proreitoria.uea.edu.br\/proplan\/?page_id=1365"},"modified":"2026-03-18T11:47:39","modified_gmt":"2026-03-18T15:47:39","slug":"cgc-apresentacao-2","status":"publish","type":"page","link":"http:\/\/proreitoria.uea.edu.br\/proplan\/?page_id=1365","title":{"rendered":"CGC &#8211; Apresenta\u00e7\u00e3o CGC"},"content":{"rendered":"\n<div class=\"wp-block-stackable-columns alignfull stk-block-columns stk-block stk-51b2b12 stk-block-background stk--has-background-overlay\" data-block-id=\"51b2b12\"><style>.stk-51b2b12 {background-image:url(http:\/\/proreitoria.uea.edu.br\/proplan\/wp-content\/uploads\/2025\/12\/bg_proplan_desktop1.png) !important;padding-top:300px !important;padding-bottom:200px !important;margin-bottom:0px !important;}.stk-51b2b12-column{--stk-column-gap:35px !important;}@media screen and (max-width:999px){.stk-51b2b12 {background-image:url(http:\/\/proreitoria.uea.edu.br\/proplan\/wp-content\/uploads\/2025\/12\/bg_proplan_tablet2.png) !important;}}@media screen and (max-width:689px){.stk-51b2b12 {background-image:url(http:\/\/proreitoria.uea.edu.br\/proplan\/wp-content\/uploads\/2025\/12\/bg_proplan_mobile7.png) !important;padding-top:150px !important;padding-bottom:150px !important;}}<\/style><div class=\"stk-row stk-inner-blocks stk-block-content stk-content-align stk-51b2b12-column\">\n<div class=\"wp-block-stackable-column stk-block-column stk-column stk-block stk-5a49b27\" data-v=\"4\" data-block-id=\"5a49b27\"><div class=\"stk-column-wrapper stk-block-column__content stk-container stk-5a49b27-container stk--no-background stk--no-padding\"><div class=\"stk-block-content stk-inner-blocks stk-5a49b27-inner-blocks\">\n<div class=\"wp-block-stackable-heading stk-block-heading stk-block-heading--v2 stk-block stk-de45349\" id=\"cgc-apresentacao-da-comissao-geral-concurso-da-universidade-do-estado-do-amazonas\" data-block-id=\"de45349\"><style>.stk-de45349 .stk-block-heading__text{color:#fffffe !important;}<\/style><h2 class=\"stk-block-heading__text has-text-color has-text-align-center\">CGC &#8211; Apresenta\u00e7\u00e3o da Comiss\u00e3o Geral Concurso da Universidade do Estado do Amazonas<\/h2><\/div>\n<\/div><\/div><\/div>\n<\/div><\/div>\n\n\n\n<div class=\"wp-block-stackable-spacer stk-block-spacer stk--no-padding stk-block stk-2b49d3b\" data-block-id=\"2b49d3b\"><style>.stk-2b49d3b {height:140px !important;}<\/style><\/div>\n\n\n\n<div class=\"wp-block-stackable-columns stk-block-columns stk-block stk-d79cfb2\" data-block-id=\"d79cfb2\"><div class=\"stk-row stk-inner-blocks stk-block-content stk-content-align stk-d79cfb2-column\">\n<div class=\"wp-block-stackable-column stk-block-column stk-column stk-block stk-6ea1085\" data-v=\"4\" data-block-id=\"6ea1085\"><div class=\"stk-column-wrapper stk-block-column__content stk-container stk-6ea1085-container stk--no-background stk--no-padding\"><div class=\"stk-block-content stk-inner-blocks stk-6ea1085-inner-blocks\">\n<div class=\"wp-block-stackable-heading stk-block-heading stk-block-heading--v2 stk-block stk-ae60a40\" id=\"apresentacao\" data-block-id=\"ae60a40\"><h2 class=\"stk-block-heading__text\">Apresenta\u00e7\u00e3o<\/h2><\/div>\n\n\n\n<div class=\"wp-block-stackable-text stk-block-text stk-block stk-2b2a323\" data-block-id=\"2b2a323\"><p class=\"stk-block-text__text\">A Comiss\u00e3o Geral de Concursos tem como objetivo principal a coordena\u00e7\u00e3o e supervis\u00e3o da realiza\u00e7\u00e3o dos processos seletivos de ingresso na UEA (Vestibular e SIS) e dos concursos p\u00fabicos de cargos t\u00e9cnicos e de carreira do magist\u00e9rio p\u00fablico superior. Na busca deste objetivo, a Comiss\u00e3o Geral de Concursos vem trabalhando visando a seguran\u00e7a e qualidade de seus processos, tendo a impessoalidade, a seguran\u00e7a das informa\u00e7\u00f5es e dos processos, o respeito ao pr\u00f3ximo, a efici\u00eancia e a efic\u00e1cia como princ\u00edpios basilares de suas atividades<br><br>A Comiss\u00e3o Geral de Concursos tem como objetivo principal a coordena\u00e7\u00e3o e supervis\u00e3o da realiza\u00e7\u00e3o dos processos seletivos de ingresso na UEA (Vestibular e SIS) e dos concursos p\u00fabicos de cargos t\u00e9cnicos e de carreira do magist\u00e9rio p\u00fablico superior. Na busca deste objetivo, a Comiss\u00e3o Geral de Concursos vem trabalhando visando a seguran\u00e7a e qualidade de seus processos, tendo a impessoalidade, a seguran\u00e7a das informa\u00e7\u00f5es e dos processos, o respeito ao pr\u00f3ximo, a efici\u00eancia e a efic\u00e1cia como princ\u00edpios basilares de suas atividades<\/p><\/div>\n\n\n\n<div class=\"wp-block-stackable-image stk-block-image stk-block stk-48b135e\" data-block-id=\"48b135e\"><style>.stk-48b135e .stk-img-wrapper{width:250px !important;height:314px !important;}<\/style><figure><span class=\"stk-img-wrapper stk-image--shape-stretch\"><img loading=\"lazy\" decoding=\"async\" class=\"stk-img wp-image-1363\" src=\"http:\/\/proreitoria.uea.edu.br\/proplan\/wp-content\/uploads\/2026\/03\/03.jpeg\" width=\"419\" height=\"535\" alt=\"Camisa de futebol do Flamengo com largas listras horizontais em vermelho e preto. Possui o escudo 'CRF' em branco com uma estrela dourada no peito esquerdo e o logotipo da Adidas em branco no peito direito.\" srcset=\"http:\/\/proreitoria.uea.edu.br\/proplan\/wp-content\/uploads\/2026\/03\/03.jpeg 419w, http:\/\/proreitoria.uea.edu.br\/proplan\/wp-content\/uploads\/2026\/03\/03-235x300.jpeg 235w\" sizes=\"auto, (max-width: 419px) 100vw, 419px\" \/><\/span><\/figure><\/div>\n\n\n\n<div class=\"wp-block-stackable-button-group stk-block-button-group stk-block stk-d1ca8b5\" data-block-id=\"d1ca8b5\"><div class=\"stk-row stk-inner-blocks has-text-align-center stk-block-content stk-button-group\">\n<div class=\"wp-block-stackable-button stk-block-button stk-block stk-e5a824c\" data-block-id=\"e5a824c\"><a class=\"stk-link stk-button stk--hover-effect-darken\" href=\"https:\/\/drive.google.com\/file\/d\/1aa_I2XTO8juNFKSusRbtBgsD19N9Ye-O\/view?usp=sharing\" target=\"_blank\" rel=\"noreferrer noopener\"><span class=\"stk-button__inner-text\">CGC &#8211; Resultado do Processo Seletivo<\/span><\/a><\/div>\n<\/div><\/div>\n\n\n\n<figure class=\"wp-block-embed is-type-video is-provider-youtube wp-block-embed-youtube wp-embed-aspect-16-9 wp-has-aspect-ratio\"><div class=\"wp-block-embed__wrapper\">\n<iframe loading=\"lazy\" title=\"V\u00eddeo institucional da UEA\" width=\"1290\" height=\"726\" src=\"https:\/\/www.youtube.com\/embed\/x80skizLzg0?feature=oembed\" frameborder=\"0\" allow=\"accelerometer; autoplay; clipboard-write; encrypted-media; gyroscope; picture-in-picture; web-share\" referrerpolicy=\"strict-origin-when-cross-origin\" allowfullscreen><\/iframe>\n<\/div><\/figure>\n\n\n\n<div class=\"wp-block-stackable-spacer stk-block-spacer stk--no-padding stk-block stk-e435feb\" data-block-id=\"e435feb\"><style>.stk-e435feb {height:80px !important;}<\/style><\/div>\n\n\n\n<figure class=\"wp-block-embed is-type-video is-provider-youtube wp-block-embed-youtube wp-embed-aspect-16-9 wp-has-aspect-ratio\"><div class=\"wp-block-embed__wrapper\">\n<iframe loading=\"lazy\" title=\"Aula Magna | Do In\u00edcio do Per\u00edodo Letivo 2025\/02 do PPGEO\" width=\"1290\" height=\"726\" src=\"https:\/\/www.youtube.com\/embed\/DIBJnMhB3oo?feature=oembed\" frameborder=\"0\" allow=\"accelerometer; autoplay; clipboard-write; encrypted-media; gyroscope; picture-in-picture; web-share\" referrerpolicy=\"strict-origin-when-cross-origin\" allowfullscreen><\/iframe>\n<\/div><\/figure>\n<\/div><\/div><\/div>\n<\/div><\/div>\n\n\n\n<div class=\"wp-block-stackable-spacer stk-block-spacer stk--no-padding stk-block stk-068794f\" data-block-id=\"068794f\"><style>.stk-068794f {height:130px !important;}<\/style><\/div>\n","protected":false},"excerpt":{"rendered":"<p>CGC &#8211; Apresenta\u00e7\u00e3o da Comiss\u00e3o Geral Concurso da Universidade do Estado do Amazonas Apresenta\u00e7\u00e3o A Comiss\u00e3o Geral de Concursos tem como objetivo principal a coordena\u00e7\u00e3o e supervis\u00e3o da realiza\u00e7\u00e3o dos processos seletivos de ingresso na UEA (Vestibular e SIS) e dos concursos p\u00fabicos de cargos t\u00e9cnicos e de carreira do magist\u00e9rio p\u00fablico superior. Na busca [&hellip;]<\/p>\n","protected":false},"author":1,"featured_media":0,"parent":0,"menu_order":0,"comment_status":"closed","ping_status":"closed","template":"","meta":{"footnotes":""},"class_list":["post-1365","page","type-page","status-publish","hentry"],"blocksy_meta":{"page_title_panel":"","has_hero_section":"disabled","fe1c64ab89945cda534f4bb2d579ae1a":"","hero_section":"type-1","hero_elements":[{"id":"custom_title","enabled":true,"heading_tag":"h1","title":"Home"},{"id":"custom_description","enabled":true,"description_visibility":{"desktop":true,"tablet":true,"mobile":false}},{"id":"custom_meta","enabled":false,"meta_elements":[{"id":"author","enabled":true,"label":"By","has_author_avatar":"yes","avatar_size":25},{"id":"post_date","enabled":true,"label":"On","date_format_source":"default","date_format":"M j, Y"},{"id":"updated_date","enabled":false,"label":"On","date_format_source":"default","date_format":"M j, Y"},{"id":"categories","enabled":false,"label":"In","style":"simple"},{"id":"comments","enabled":true}],"page_meta_elements":{"joined":true,"articles_count":true,"comments":true}},{"id":"breadcrumbs","enabled":false}],"433b02732bec8d55ec282f00a9a700eb":"","hero_alignment1":"CT_CSS_SKIP_RULE","hero_margin":40,"hero_alignment2":"center","hero_vertical_alignment":"center","fdbb34d69d6afe2394c07d96c9ea0b60":"","hero_structure":"narrow","cb306aece5e91b9a44875e4a81075440":"","page_title_bg_type":"featured_image","custom_hero_background":{"attachment_id":null},"page_title_image_size":"full","parallax":{"desktop":false,"tablet":false,"mobile":false},"034bc954f3c533bc75ffdf62670c8395":"","hero_height":"250px","pageTitleFont":{"family":"Default","variation":"Default","size":"30px","line-height":"CT_CSS_SKIP_RULE","letter-spacing":"CT_CSS_SKIP_RULE","text-transform":"CT_CSS_SKIP_RULE","text-decoration":"CT_CSS_SKIP_RULE"},"pageTitleFontColor":{"default":{"color":"CT_CSS_SKIP_RULEDEFAULT"}},"pageMetaFont":{"family":"Default","variation":"n6","size":"12px","line-height":"1.3","letter-spacing":"CT_CSS_SKIP_RULE","text-transform":"uppercase","text-decoration":"CT_CSS_SKIP_RULE"},"pageMetaFontColor":{"default":{"color":"CT_CSS_SKIP_RULEDEFAULT"},"hover":{"color":"CT_CSS_SKIP_RULEDEFAULT"}},"page_meta_button_type_font_colors":{"default":{"color":"CT_CSS_SKIP_RULEDEFAULT"},"hover":{"color":"CT_CSS_SKIP_RULEDEFAULT"}},"page_meta_button_type_background_colors":{"default":{"color":"CT_CSS_SKIP_RULEDEFAULT"},"hover":{"color":"CT_CSS_SKIP_RULEDEFAULT"}},"pageExcerptFont":{"family":"Default","variation":"Default","size":"CT_CSS_SKIP_RULE","line-height":"CT_CSS_SKIP_RULE","letter-spacing":"CT_CSS_SKIP_RULE","text-transform":"CT_CSS_SKIP_RULE","text-decoration":"CT_CSS_SKIP_RULE"},"pageExcerptColor":{"default":{"color":"CT_CSS_SKIP_RULEDEFAULT"}},"breadcrumbsFont":{"family":"Default","variation":"Default","size":"CT_CSS_SKIP_RULE","line-height":"CT_CSS_SKIP_RULE","letter-spacing":"CT_CSS_SKIP_RULE","text-transform":"CT_CSS_SKIP_RULE","text-decoration":"CT_CSS_SKIP_RULE"},"breadcrumbsFontColor":{"default":{"color":"CT_CSS_SKIP_RULEDEFAULT"},"initial":{"color":"CT_CSS_SKIP_RULEDEFAULT"},"hover":{"color":"CT_CSS_SKIP_RULEDEFAULT"}},"pageTitleOverlay":{"background_type":"color","background_pattern":"type-1","background_image":{"attachment_id":null,"x":0,"y":0},"gradient":"linear-gradient(135deg,rgba(6,147,227,1) 0%,rgb(155,81,224) 100%)","background_repeat":"repeat","background_size":"auto","background_attachment":"scroll","patternColor":{"default":{"color":"#e5e7ea"}},"overlayColor":{"default":{"color":"CT_CSS_SKIP_RULE"}},"backgroundColor":{"default":{"color":"CT_CSS_SKIP_RULE"}}},"pageTitleBackground":{"background_type":"color","background_pattern":"type-1","background_image":{"attachment_id":null,"x":0,"y":0},"gradient":"linear-gradient(135deg,rgba(6,147,227,1) 0%,rgb(155,81,224) 100%)","background_repeat":"repeat","background_size":"auto","background_attachment":"scroll","patternColor":{"default":{"color":"#e5e7ea"}},"overlayColor":{"default":{"color":"CT_CSS_SKIP_RULE"}},"backgroundColor":{"default":{"color":"var(--theme-palette-color-6)"}}},"pageTitlePadding":{"top":"50px","bottom":"50px","left":"auto","right":"auto","linked":true},"12e455f30de1d15aed0effbbb6f951bf":"","page_structure_type":"default","f474d2f3ad69b4e64f52dac0a3aa2bb2":"","content_style_source":"inherit","content_style":"wide","vertical_spacing_source":"custom","content_area_spacing":"none","background":{"background_type":"color","background_pattern":"type-1","background_image":{"attachment_id":null,"x":0,"y":0},"gradient":"linear-gradient(135deg,rgba(6,147,227,1) 0%,rgb(155,81,224) 100%)","background_repeat":"repeat","background_size":"auto","background_attachment":"scroll","patternColor":{"default":{"color":"#e5e7ea"}},"overlayColor":{"default":{"color":"CT_CSS_SKIP_RULE"}},"backgroundColor":{"default":{"color":"CT_CSS_SKIP_RULE"}}},"content_background":{"background_type":"color","background_pattern":"type-1","background_image":{"attachment_id":null,"x":0,"y":0},"gradient":"linear-gradient(135deg,rgba(6,147,227,1) 0%,rgb(155,81,224) 100%)","background_repeat":"repeat","background_size":"auto","background_attachment":"scroll","patternColor":{"default":{"color":"#e5e7ea"}},"overlayColor":{"default":{"color":"CT_CSS_SKIP_RULE"}},"backgroundColor":{"default":{"color":"var(--theme-palette-color-8)"}}},"content_boxed_shadow":{"inherit":false,"blur":18,"spread":-6,"v_offset":12,"h_offset":0,"inset":false,"enable":true,"color":{"color":"rgba(34, 56, 101, 0.04)"}},"content_boxed_border":{"width":1,"style":"none","color":{"color":"rgba(44,62,80,0.2)"}},"content_boxed_radius":{"top":"3px","bottom":"3px","left":"3px","right":"3px","linked":true},"boxed_content_spacing":{"desktop":{"top":"40px","bottom":"40px","left":"40px","right":"40px","linked":true},"tablet":{"top":"35px","bottom":"35px","left":"35px","right":"35px","linked":true},"mobile":{"top":"20px","bottom":"20px","left":"20px","right":"20px","linked":true}},"fca9f1d1c7aa58a4b21dd78357f6373e":"","disable_featured_image":"no","disable_share_box":"no","disable_header":"no","disable_footer":"no","styles_descriptor":{"styles":{"desktop":"","tablet":"","mobile":""},"google_fonts":[],"version":6}},"_links":{"self":[{"href":"http:\/\/proreitoria.uea.edu.br\/proplan\/index.php?rest_route=\/wp\/v2\/pages\/1365","targetHints":{"allow":["GET"]}}],"collection":[{"href":"http:\/\/proreitoria.uea.edu.br\/proplan\/index.php?rest_route=\/wp\/v2\/pages"}],"about":[{"href":"http:\/\/proreitoria.uea.edu.br\/proplan\/index.php?rest_route=\/wp\/v2\/types\/page"}],"author":[{"embeddable":true,"href":"http:\/\/proreitoria.uea.edu.br\/proplan\/index.php?rest_route=\/wp\/v2\/users\/1"}],"replies":[{"embeddable":true,"href":"http:\/\/proreitoria.uea.edu.br\/proplan\/index.php?rest_route=%2Fwp%2Fv2%2Fcomments&post=1365"}],"version-history":[{"count":17,"href":"http:\/\/proreitoria.uea.edu.br\/proplan\/index.php?rest_route=\/wp\/v2\/pages\/1365\/revisions"}],"predecessor-version":[{"id":1388,"href":"http:\/\/proreitoria.uea.edu.br\/proplan\/index.php?rest_route=\/wp\/v2\/pages\/1365\/revisions\/1388"}],"wp:attachment":[{"href":"http:\/\/proreitoria.uea.edu.br\/proplan\/index.php?rest_route=%2Fwp%2Fv2%2Fmedia&parent=1365"}],"curies":[{"name":"wp","href":"https:\/\/api.w.org\/{rel}","templated":true}]}}