{"id":991,"date":"2025-06-30T09:07:44","date_gmt":"2025-06-30T13:07:44","guid":{"rendered":"https:\/\/proreitoria.uea.edu.br\/propesp\/?page_id=991"},"modified":"2026-04-30T14:14:49","modified_gmt":"2026-04-30T18:14:49","slug":"patrimonio-genetico","status":"publish","type":"page","link":"http:\/\/proreitoria.uea.edu.br\/propesp\/index.php\/patrimonio-genetico\/","title":{"rendered":"Patrim\u00f4nio Gen\u00e9tico"},"content":{"rendered":"\n<div class=\"wp-block-stackable-columns alignfull stk-block-columns stk-block stk-51b2b12 stk-block-background stk--has-background-overlay\" data-block-id=\"51b2b12\"><style>.stk-51b2b12 .stk--block-align-51b2b12{align-items:center !important;}.stk-51b2b12 {background-image:url(http:\/\/proreitoria.uea.edu.br\/propesp\/wp-content\/uploads\/2025\/11\/bg_propesp2.png) !important;background-position:bottom center !important;background-repeat:no-repeat !important;background-size:cover !important;padding-top:300px !important;padding-bottom:200px !important;margin-bottom:0px !important;}.stk-51b2b12-column{--stk-column-gap:35px !important;row-gap:35px !important;}@media screen and (max-width:999px){.stk-51b2b12 {background-image:url(http:\/\/proreitoria.uea.edu.br\/propesp\/wp-content\/uploads\/2025\/11\/bg_propesp_tablet.png) !important;padding-top:250px !important;padding-bottom:150px !important;}}@media screen and (max-width:689px){.stk-51b2b12 {background-image:url(http:\/\/proreitoria.uea.edu.br\/propesp\/wp-content\/uploads\/2025\/11\/propesp_mobile_BG.png) !important;padding-top:150px !important;padding-bottom:100px !important;}}<\/style><div class=\"stk-row stk-inner-blocks stk--block-align-51b2b12 stk-block-content stk-content-align stk-51b2b12-column\">\n<div class=\"wp-block-stackable-column stk-block-column stk-column stk-block stk-5a49b27\" data-v=\"4\" data-block-id=\"5a49b27\"><div class=\"stk-column-wrapper stk-block-column__content stk-container stk-5a49b27-container stk--no-background stk--no-padding\"><div class=\"stk-block-content stk-inner-blocks stk-5a49b27-inner-blocks\">\n<div class=\"wp-block-stackable-heading stk-block-heading stk-block-heading--v2 stk-block stk-de45349\" id=\"clone\" data-block-id=\"de45349\"><style>.stk-de45349 .stk-block-heading__text{font-size:42px !important;color:var(--theme-palette-color-7, #FBFBFC) !important;line-height:58px !important;font-weight:700 !important;font-family:\"Roboto\", Sans-serif !important;}@media screen and (max-width:999px){.stk-de45349 .stk-block-heading__text{font-size:42px !important;}}<\/style><h2 class=\"stk-block-heading__text has-text-color has-text-align-center\">Patrim\u00f4nio Gen\u00e9tico<\/h2><\/div>\n<\/div><\/div><\/div>\n<\/div><\/div>\n\n\n\n<div class=\"wp-block-stackable-spacer stk-block-spacer stk--no-padding stk-block stk-4042b2d\" data-block-id=\"4042b2d\"><style>.stk-4042b2d {height:130px !important;}<\/style><\/div>\n\n\n\n<div class=\"wp-block-stackable-heading stk-block-heading stk-block-heading--v2 stk-block stk-f4061bb\" id=\"patrimonio-genetico\" data-block-id=\"f4061bb\"><h2 class=\"stk-block-heading__text\">Patrim\u00f4nio Gen\u00e9tico<\/h2><\/div>\n\n\n\n<div class=\"wp-block-stackable-text stk-block-text stk-block stk-2621382\" data-block-id=\"2621382\"><style>.stk-2621382 {margin-bottom:31px !important;}<\/style><p class=\"stk-block-text__text\">O patrim\u00f4nio gen\u00e9tico brasileiro abrange as informa\u00e7\u00f5es gen\u00e9ticas de plantas, animais e microrganismos, sendo essencial para a pesquisa cient\u00edfica e o desenvolvimento tecnol\u00f3gico. Seu acesso \u00e9 regulamentado pela Lei n\u00ba 13.123\/2015 (Lei da Biodiversidade), que estabelece normas para o uso sustent\u00e1vel desses recursos e a reparti\u00e7\u00e3o justa de benef\u00edcios.<\/p><\/div>\n\n\n\n<p>O Sistema Nacional de Gest\u00e3o do Patrim\u00f4nio Gen\u00e9tico e do Conhecimento Tradicional Associado (SisGen) \u00e9 a plataforma oficial para cadastro e regulariza\u00e7\u00e3o das atividades relacionadas ao tema. Esta se\u00e7\u00e3o tem como objetivo orientar a comunidade acad\u00eamica sobre os procedimentos e exig\u00eancias legais, promovendo o desenvolvimento da pesquisa em conformidade com a legisla\u00e7\u00e3o vigente.<\/p>\n\n\n\n<p><strong>Materiais:<\/strong><\/p>\n\n\n\n<p><a href=\"https:\/\/drive.google.com\/file\/d\/1fKQl86P0c9yyHJmIdYT3a3KJZ3-UdRVx\/view?usp=drive_link\" data-type=\"link\" data-id=\"https:\/\/drive.google.com\/file\/d\/1fKQl86P0c9yyHJmIdYT3a3KJZ3-UdRVx\/view?usp=drive_link\" target=\"_blank\" rel=\"noreferrer noopener\">Aula 1 &#8211; Introdu\u00e7\u00e3o: Conven\u00e7\u00e3o de Biodiversidade, Protocolo de Nagoia, a Lei de Biodiversidade e seu decreto: Acesso ao Patrim\u00f4nio Gen\u00e9tico.<\/a><\/p>\n\n\n\n<p><a href=\"https:\/\/drive.google.com\/file\/d\/1MwYGj3VmscD63yFJhli10iRda-36UzN_\/view?usp=drive_link\" data-type=\"link\" data-id=\"https:\/\/drive.google.com\/file\/d\/1MwYGj3VmscD63yFJhli10iRda-36UzN_\/view?usp=drive_link\" target=\"_blank\" rel=\"noreferrer noopener\">Aula 2 &#8211; Acesso ao Conhecimento Tradicional Associado ao Patrim\u00f4nio Gen\u00e9tico.<\/a><\/p>\n\n\n\n<p><a href=\"https:\/\/drive.google.com\/file\/d\/19miMdbMPlIzDEob9keP_SRfF8INHKZEb\/view?usp=drive_link\" data-type=\"link\" data-id=\"https:\/\/drive.google.com\/file\/d\/19miMdbMPlIzDEob9keP_SRfF8INHKZEb\/view?usp=drive_link\" target=\"_blank\" rel=\"noreferrer noopener\">Aula 3 &#8211; Envio, Remessa e Devolu\u00e7\u00e3o de Patrim\u00f4nio Gen\u00e9tico Brasileiro e Ex\u00f3tico.<\/a><\/p>\n\n\n\n<p><a href=\"https:\/\/drive.google.com\/file\/d\/1f33OgQH-_XC4rZ-pRVCrPlss4OkBzwER\/view?usp=drive_link\" data-type=\"link\" data-id=\"https:\/\/drive.google.com\/file\/d\/1f33OgQH-_XC4rZ-pRVCrPlss4OkBzwER\/view?usp=drive_link\" target=\"_blank\" rel=\"noreferrer noopener\">Aula 4- Exig\u00eancia de anu\u00eancia pr\u00e9via do Conselho de Defesa Nacional (CDN) e\/ou Comando da Marinha IBAMA e ICMBio: Esp\u00e9cies CITES, autoriza\u00e7\u00e3o de coleta e Cadastro T\u00e9cnico Federal \u2013 exig\u00eancias legais.<\/a><\/p>\n\n\n\n<p><a href=\"https:\/\/drive.google.com\/file\/d\/1AMKNcmtCjhmgI-v0GnyEoK7Bw0bt9OUB\/view?usp=drive_link\" data-type=\"link\" data-id=\"https:\/\/drive.google.com\/file\/d\/1AMKNcmtCjhmgI-v0GnyEoK7Bw0bt9OUB\/view?usp=drive_link\" target=\"_blank\" rel=\"noreferrer noopener\">Aula 5 &#8211; DSI (Digital Sequences Information) &#8211; Sequ\u00eancias gen\u00e9ticas: contexto internacional e nacional.<\/a><\/p>\n\n\n\n<p><a href=\"https:\/\/docs.google.com\/document\/d\/1h7agWG9sHkPBe_ny6SE9SnK7WJmyjS2O\/edit?usp=drive_link&amp;ouid=106299319823898420329&amp;rtpof=true&amp;sd=true\" data-type=\"link\" data-id=\"https:\/\/docs.google.com\/document\/d\/1h7agWG9sHkPBe_ny6SE9SnK7WJmyjS2O\/edit?usp=drive_link&amp;ouid=106299319823898420329&amp;rtpof=true&amp;sd=true\" target=\"_blank\" rel=\"noreferrer noopener\">Termo de Consentimento Pr\u00e9vio Informado<\/a><\/p>\n\n\n\n<p><a href=\"https:\/\/docs.google.com\/document\/d\/1BFpFvHkuVcSxTIs5szZnq9s0txWVn4Wd\/edit?usp=drive_link&amp;ouid=106299319823898420329&amp;rtpof=true&amp;sd=true\" data-type=\"link\" data-id=\"https:\/\/docs.google.com\/document\/d\/1BFpFvHkuVcSxTIs5szZnq9s0txWVn4Wd\/edit?usp=drive_link&amp;ouid=106299319823898420329&amp;rtpof=true&amp;sd=true\">Instrumento de Envio &#8211; Amostras<\/a><\/p>\n\n\n\n<p><a href=\"https:\/\/docs.google.com\/forms\/d\/e\/1FAIpQLSckinzfKW05YcqPFmFOgPHon4vjgCrlxY-82VfDqINf4iFdSw\/viewform?usp=sharing&amp;ouid=114318249397808143545\">Formul\u00e1rio SisGen Avalia\u00e7\u00e3o Te\u00f3rica<\/a><\/p>\n\n\n\n<p><strong>Para mais informa\u00e7\u00f5es:<\/strong> pospesquisa@uea.edu.br<\/p>\n\n\n\n<div class=\"wp-block-stackable-spacer stk-block-spacer stk--no-padding stk-block stk-eb49577\" data-block-id=\"eb49577\"><style>.stk-eb49577 {height:130px !important;}<\/style><\/div>\n","protected":false},"excerpt":{"rendered":"<p>Patrim\u00f4nio Gen\u00e9tico Patrim\u00f4nio Gen\u00e9tico O patrim\u00f4nio gen\u00e9tico brasileiro abrange as informa\u00e7\u00f5es gen\u00e9ticas de plantas, animais e microrganismos, sendo essencial para a pesquisa cient\u00edfica e o desenvolvimento tecnol\u00f3gico. Seu acesso \u00e9 regulamentado pela Lei n\u00ba 13.123\/2015 (Lei da Biodiversidade), que estabelece normas para o uso sustent\u00e1vel desses recursos e a reparti\u00e7\u00e3o justa de benef\u00edcios. O Sistema [&hellip;]<\/p>\n","protected":false},"author":1,"featured_media":0,"parent":0,"menu_order":0,"comment_status":"closed","ping_status":"closed","template":"","meta":{"footnotes":""},"class_list":["post-991","page","type-page","status-publish","hentry"],"blocksy_meta":{"page_title_panel":"","has_hero_section":"disabled","fe1c64ab89945cda534f4bb2d579ae1a":"","hero_section":"type-1","hero_elements":[{"id":"custom_title","enabled":true,"heading_tag":"h1","title":"Home"},{"id":"custom_description","enabled":true,"description_visibility":{"desktop":true,"tablet":true,"mobile":false}},{"id":"custom_meta","enabled":false,"meta_elements":[{"id":"author","enabled":true,"label":"By","has_author_avatar":"yes","avatar_size":25},{"id":"post_date","enabled":true,"label":"On","date_format_source":"default","date_format":"M j, Y"},{"id":"updated_date","enabled":false,"label":"On","date_format_source":"default","date_format":"M j, Y"},{"id":"categories","enabled":false,"label":"In","style":"simple"},{"id":"comments","enabled":true}],"page_meta_elements":{"joined":true,"articles_count":true,"comments":true}},{"id":"breadcrumbs","enabled":false}],"433b02732bec8d55ec282f00a9a700eb":"","hero_alignment1":"CT_CSS_SKIP_RULE","hero_margin":40,"hero_alignment2":"center","hero_vertical_alignment":"center","fdbb34d69d6afe2394c07d96c9ea0b60":"","hero_structure":"narrow","cb306aece5e91b9a44875e4a81075440":"","page_title_bg_type":"featured_image","custom_hero_background":{"attachment_id":null},"page_title_image_size":"full","parallax":{"desktop":false,"tablet":false,"mobile":false},"034bc954f3c533bc75ffdf62670c8395":"","hero_height":"250px","pageTitleFont":{"family":"Default","variation":"Default","size":"30px","line-height":"CT_CSS_SKIP_RULE","letter-spacing":"CT_CSS_SKIP_RULE","text-transform":"CT_CSS_SKIP_RULE","text-decoration":"CT_CSS_SKIP_RULE"},"pageTitleFontColor":{"default":{"color":"CT_CSS_SKIP_RULEDEFAULT"}},"pageMetaFont":{"family":"Default","variation":"n6","size":"12px","line-height":"1.3","letter-spacing":"CT_CSS_SKIP_RULE","text-transform":"uppercase","text-decoration":"CT_CSS_SKIP_RULE"},"pageMetaFontColor":{"default":{"color":"CT_CSS_SKIP_RULEDEFAULT"},"hover":{"color":"CT_CSS_SKIP_RULEDEFAULT"}},"page_meta_button_type_font_colors":{"default":{"color":"CT_CSS_SKIP_RULEDEFAULT"},"hover":{"color":"CT_CSS_SKIP_RULEDEFAULT"}},"page_meta_button_type_background_colors":{"default":{"color":"CT_CSS_SKIP_RULEDEFAULT"},"hover":{"color":"CT_CSS_SKIP_RULEDEFAULT"}},"pageExcerptFont":{"family":"Default","variation":"Default","size":"CT_CSS_SKIP_RULE","line-height":"CT_CSS_SKIP_RULE","letter-spacing":"CT_CSS_SKIP_RULE","text-transform":"CT_CSS_SKIP_RULE","text-decoration":"CT_CSS_SKIP_RULE"},"pageExcerptColor":{"default":{"color":"CT_CSS_SKIP_RULEDEFAULT"}},"breadcrumbsFont":{"family":"Default","variation":"Default","size":"CT_CSS_SKIP_RULE","line-height":"CT_CSS_SKIP_RULE","letter-spacing":"CT_CSS_SKIP_RULE","text-transform":"CT_CSS_SKIP_RULE","text-decoration":"CT_CSS_SKIP_RULE"},"breadcrumbsFontColor":{"default":{"color":"CT_CSS_SKIP_RULEDEFAULT"},"initial":{"color":"CT_CSS_SKIP_RULEDEFAULT"},"hover":{"color":"CT_CSS_SKIP_RULEDEFAULT"}},"pageTitleOverlay":{"background_type":"color","background_pattern":"type-1","background_image":{"attachment_id":null,"x":0,"y":0},"gradient":"linear-gradient(135deg,rgba(6,147,227,1) 0%,rgb(155,81,224) 100%)","background_repeat":"repeat","background_size":"auto","background_attachment":"scroll","patternColor":{"default":{"color":"#e5e7ea"}},"overlayColor":{"default":{"color":"CT_CSS_SKIP_RULE"}},"backgroundColor":{"default":{"color":"CT_CSS_SKIP_RULE"}}},"pageTitleBackground":{"background_type":"color","background_pattern":"type-1","background_image":{"attachment_id":null,"x":0,"y":0},"gradient":"linear-gradient(135deg,rgba(6,147,227,1) 0%,rgb(155,81,224) 100%)","background_repeat":"repeat","background_size":"auto","background_attachment":"scroll","patternColor":{"default":{"color":"#e5e7ea"}},"overlayColor":{"default":{"color":"CT_CSS_SKIP_RULE"}},"backgroundColor":{"default":{"color":"var(--theme-palette-color-6)"}}},"pageTitlePadding":{"top":"50px","bottom":"50px","left":"auto","right":"auto","linked":true},"12e455f30de1d15aed0effbbb6f951bf":"","page_structure_type":"default","f474d2f3ad69b4e64f52dac0a3aa2bb2":"","content_style_source":"inherit","content_style":"wide","vertical_spacing_source":"custom","content_area_spacing":"none","background":{"background_type":"color","background_pattern":"type-1","background_image":{"attachment_id":null,"x":0,"y":0},"gradient":"linear-gradient(135deg,rgba(6,147,227,1) 0%,rgb(155,81,224) 100%)","background_repeat":"repeat","background_size":"auto","background_attachment":"scroll","patternColor":{"default":{"color":"#e5e7ea"}},"overlayColor":{"default":{"color":"CT_CSS_SKIP_RULE"}},"backgroundColor":{"default":{"color":"CT_CSS_SKIP_RULE"}}},"content_background":{"background_type":"color","background_pattern":"type-1","background_image":{"attachment_id":null,"x":0,"y":0},"gradient":"linear-gradient(135deg,rgba(6,147,227,1) 0%,rgb(155,81,224) 100%)","background_repeat":"repeat","background_size":"auto","background_attachment":"scroll","patternColor":{"default":{"color":"#e5e7ea"}},"overlayColor":{"default":{"color":"CT_CSS_SKIP_RULE"}},"backgroundColor":{"default":{"color":"var(--theme-palette-color-8)"}}},"content_boxed_shadow":{"inherit":false,"blur":18,"spread":-6,"v_offset":12,"h_offset":0,"inset":false,"enable":true,"color":{"color":"rgba(34, 56, 101, 0.04)"}},"content_boxed_border":{"width":1,"style":"none","color":{"color":"rgba(44,62,80,0.2)"}},"content_boxed_radius":{"top":"3px","bottom":"3px","left":"3px","right":"3px","linked":true},"boxed_content_spacing":{"desktop":{"top":"40px","bottom":"40px","left":"40px","right":"40px","linked":true},"tablet":{"top":"35px","bottom":"35px","left":"35px","right":"35px","linked":true},"mobile":{"top":"20px","bottom":"20px","left":"20px","right":"20px","linked":true}},"fca9f1d1c7aa58a4b21dd78357f6373e":"","disable_featured_image":"no","disable_share_box":"no","disable_header":"no","disable_footer":"no","styles_descriptor":{"styles":{"desktop":"","tablet":"","mobile":""},"google_fonts":[],"version":6}},"_links":{"self":[{"href":"http:\/\/proreitoria.uea.edu.br\/propesp\/index.php\/wp-json\/wp\/v2\/pages\/991","targetHints":{"allow":["GET"]}}],"collection":[{"href":"http:\/\/proreitoria.uea.edu.br\/propesp\/index.php\/wp-json\/wp\/v2\/pages"}],"about":[{"href":"http:\/\/proreitoria.uea.edu.br\/propesp\/index.php\/wp-json\/wp\/v2\/types\/page"}],"author":[{"embeddable":true,"href":"http:\/\/proreitoria.uea.edu.br\/propesp\/index.php\/wp-json\/wp\/v2\/users\/1"}],"replies":[{"embeddable":true,"href":"http:\/\/proreitoria.uea.edu.br\/propesp\/index.php\/wp-json\/wp\/v2\/comments?post=991"}],"version-history":[{"count":12,"href":"http:\/\/proreitoria.uea.edu.br\/propesp\/index.php\/wp-json\/wp\/v2\/pages\/991\/revisions"}],"predecessor-version":[{"id":2787,"href":"http:\/\/proreitoria.uea.edu.br\/propesp\/index.php\/wp-json\/wp\/v2\/pages\/991\/revisions\/2787"}],"wp:attachment":[{"href":"http:\/\/proreitoria.uea.edu.br\/propesp\/index.php\/wp-json\/wp\/v2\/media?parent=991"}],"curies":[{"name":"wp","href":"https:\/\/api.w.org\/{rel}","templated":true}]}}