{"id":786,"date":"2025-05-21T14:06:42","date_gmt":"2025-05-21T18:06:42","guid":{"rendered":"https:\/\/proreitoria.uea.edu.br\/propesp\/?page_id=786"},"modified":"2026-03-26T19:50:44","modified_gmt":"2026-03-26T23:50:44","slug":"coordenacao-de-pesquisa-e-projetos-institucionais","status":"publish","type":"page","link":"http:\/\/proreitoria.uea.edu.br\/propesp\/index.php\/coordenacao-de-pesquisa-e-projetos-institucionais\/","title":{"rendered":"Apresenta\u00e7\u00e3o da Pesquisa e Projetos Institucionais"},"content":{"rendered":"\n<div class=\"wp-block-stackable-columns alignfull stk-block-columns stk-block stk-51b2b12 stk-block-background stk--has-background-overlay\" data-block-id=\"51b2b12\"><style>.stk-51b2b12 .stk--block-align-51b2b12{align-items:center !important;}.stk-51b2b12 {background-image:url(http:\/\/proreitoria.uea.edu.br\/propesp\/wp-content\/uploads\/2025\/11\/bg_propesp2.png) !important;background-position:bottom center !important;background-repeat:no-repeat !important;background-size:cover !important;padding-top:300px !important;padding-bottom:200px !important;margin-bottom:0px !important;}.stk-51b2b12-column{--stk-column-gap:35px !important;row-gap:35px !important;}@media screen and (max-width:999px){.stk-51b2b12 {background-image:url(http:\/\/proreitoria.uea.edu.br\/propesp\/wp-content\/uploads\/2025\/11\/bg_propesp_tablet.png) !important;padding-top:250px !important;padding-bottom:150px !important;}}@media screen and (max-width:689px){.stk-51b2b12 {background-image:url(http:\/\/proreitoria.uea.edu.br\/propesp\/wp-content\/uploads\/2025\/11\/propesp_mobile_BG.png) !important;padding-top:150px !important;padding-bottom:100px !important;}}<\/style><div class=\"stk-row stk-inner-blocks stk--block-align-51b2b12 stk-block-content stk-content-align stk-51b2b12-column\">\n<div class=\"wp-block-stackable-column stk-block-column stk-column stk-block stk-5a49b27\" data-v=\"4\" data-block-id=\"5a49b27\"><div class=\"stk-column-wrapper stk-block-column__content stk-container stk-5a49b27-container stk--no-background stk--no-padding\"><div class=\"stk-block-content stk-inner-blocks stk-5a49b27-inner-blocks\">\n<div class=\"wp-block-stackable-heading stk-block-heading stk-block-heading--v2 stk-block stk-de45349\" id=\"apresentacao-da-pesquisa-e-projetos-institucionais\" data-block-id=\"de45349\"><style>.stk-de45349 .stk-block-heading__text{font-size:42px !important;color:var(--theme-palette-color-7, #FBFBFC) !important;line-height:58px !important;font-weight:800 !important;font-family:\"Roboto\", Sans-serif !important;}@media screen and (max-width:999px){.stk-de45349 .stk-block-heading__text{font-size:42px !important;}}@media screen and (max-width:689px){.stk-de45349 .stk-block-heading__text{font-size:30px !important;}}<\/style><h2 class=\"stk-block-heading__text has-text-color has-text-align-center\">Apresenta\u00e7\u00e3o da Pesquisa e Projetos Institucionais<\/h2><\/div>\n<\/div><\/div><\/div>\n<\/div><\/div>\n\n\n\n<div class=\"wp-block-stackable-spacer stk-block-spacer stk--no-padding stk-block stk-42866e4\" data-block-id=\"42866e4\"><style>.stk-42866e4 {height:130px !important;}<\/style><\/div>\n\n\n\n<div class=\"wp-block-stackable-columns stk-block-columns stk-block stk-194a38f\" data-block-id=\"194a38f\"><div class=\"stk-row stk-inner-blocks stk-block-content stk-content-align stk-194a38f-column\">\n<div class=\"wp-block-stackable-column stk-block-column stk-column stk-block stk-9737b8c\" data-v=\"4\" data-block-id=\"9737b8c\"><div class=\"stk-column-wrapper stk-block-column__content stk-container stk-9737b8c-container stk--no-background stk--no-padding\"><div class=\"stk-block-content stk-inner-blocks stk-9737b8c-inner-blocks\">\n<div class=\"wp-block-stackable-text stk-block-text stk-block stk-abb771c\" data-block-id=\"abb771c\"><p class=\"stk-block-text__text\"><span style=\"color: var(--theme-palette-color-3, #4d5d6d);\" class=\"stk-highlight\">A Coordena\u00e7\u00e3o de Pesquisa e Projetos Institucionais (CPPI) re\u00fane duas ger\u00eancias: a Ger\u00eancia de Inicia\u00e7\u00e3o Cient\u00edfica e Tecnol\u00f3gica e a Ger\u00eancia de Pesquisa e Projetos Institucionais.<\/span><br><br><span style=\"color: var(--theme-palette-color-3, #4d5d6d);\" class=\"stk-highlight\">A Ger\u00eancia de Inicia\u00e7\u00e3o Cient\u00edfica e Tecnol\u00f3gica coordena o Programa de Inicia\u00e7\u00e3o Cient\u00edfica e Tecnol\u00f3gica da UEA (PICT\/UEA), cuidando da elabora\u00e7\u00e3o dos editais, da sele\u00e7\u00e3o dos projetos, da implementa\u00e7\u00e3o e do acompanhamento das atividades desenvolvidas.<\/span><br><br><span style=\"color: var(--theme-palette-color-3, #4d5d6d);\" class=\"stk-highlight\">A Ger\u00eancia de Pesquisa e Projetos Institucionais acompanha as pesquisas realizadas pelos docentes, monitora editais e chamadas p\u00fablicas de fomento, apoia grupos de pesquisa e fortalece a infraestrutura de pesquisa. Esse trabalho inclui a gest\u00e3o do Diret\u00f3rio de Laborat\u00f3rios de Pesquisa e Ensino e do Programa de Tutoria em Laborat\u00f3rio de Pesquisa e Ensino (PROTLAB\/UEA).<\/span><\/p><\/div>\n\n\n\n<div class=\"wp-block-stackable-subtitle stk-block-subtitle stk-block stk-2ce8450\" data-block-id=\"2ce8450\"><p class=\"stk-block-subtitle__text stk-subtitle\"><span style=\"color: var(--theme-palette-color-3, #4d5d6d);\" class=\"stk-highlight\"><strong>Coordenadora de Pesquisa e Projetos Institucionais<\/strong><\/span><\/p><\/div>\n\n\n\n<div class=\"wp-block-stackable-text stk-block-text stk-block stk-e1ce110\" data-block-id=\"e1ce110\"><p class=\"stk-block-text__text\"><span style=\"color: var(--theme-palette-color-3, #4d5d6d);\" class=\"stk-highlight\">Profa. Dra. Jessica Mie Ferreira\u00a0Koyama Takahashi<\/span><br><span style=\"color: var(--theme-palette-color-3, #4d5d6d);\" class=\"stk-highlight\">Ger\u00eancia de Pesquisa e Projetos Institucionais<\/span><br><br><span style=\"color: var(--theme-palette-color-3, #4d5d6d);\" class=\"stk-highlight\"><strong>Equipe<\/strong>: Elen Caroline, Priscila Brito, Rayane Gabriely, <span style=\"color: var(--theme-palette-color-3, #4d5d6d);\" class=\"stk-highlight\">Nath\u00e1lia Barbosa<\/span> e Leonardo Fernandes<\/span><br><br><span style=\"color: var(--theme-palette-color-3, #4d5d6d);\" class=\"stk-highlight\"><strong>Email:<\/strong>\u00a0<a href=\"mailto:pospesquisa@uea.edu.br\" target=\"_blank\" rel=\"noreferrer noopener\">pospesquisa@uea.edu.br<\/a><\/span><\/p><\/div>\n\n\n\n<div class=\"wp-block-stackable-subtitle stk-block-subtitle stk-block stk-9b58d37\" data-block-id=\"9b58d37\"><p class=\"stk-block-subtitle__text stk-subtitle\"><span style=\"color: var(--theme-palette-color-3, #4d5d6d);\" class=\"stk-highlight\"><strong>Ger\u00eancia de Inicia\u00e7\u00e3o Cient\u00edfica e Tecnol\u00f3gica<\/strong><\/span><\/p><\/div>\n\n\n\n<div class=\"wp-block-stackable-text stk-block-text stk-block stk-727f7a6\" data-block-id=\"727f7a6\"><p class=\"stk-block-text__text\"><span style=\"color: var(--theme-palette-color-3, #4d5d6d);\" class=\"stk-highlight\"><strong>Equipe:<\/strong>\u00a0L\u00edgia Trindade, Kamilla Fabris e Vin\u00edcius Souza<\/span><br><br><span style=\"color: var(--theme-palette-color-3, #4d5d6d);\" class=\"stk-highlight\"><strong>Email:<\/strong>\u00a0<\/span><a href=\"mailto:gerencia_ic@uea.edu.br\">gerencia_ic@uea.edu.br<\/a><\/p><\/div>\n\n\n\n<div class=\"wp-block-stackable-subtitle stk-block-subtitle stk-block stk-509580a\" data-block-id=\"509580a\"><p class=\"stk-block-subtitle__text stk-subtitle\"><span style=\"color: var(--theme-palette-color-3, #4d5d6d);\" class=\"stk-highlight\"><strong>Contato Institucional<\/strong>\u00a0<\/span><\/p><\/div>\n\n\n\n<div class=\"wp-block-stackable-button-group stk-block-button-group stk-block stk-f08bfef\" data-block-id=\"f08bfef\"><div class=\"stk-row stk-inner-blocks stk-block-content stk-button-group\">\n<div class=\"wp-block-stackable-button stk-block-button stk-block stk-57aefd8\" data-block-id=\"57aefd8\"><style>.stk-57aefd8 .stk-button .stk--inner-svg svg:last-child{height:28px !important;width:28px !important;margin-inline-end:0px !important;}<\/style><a class=\"stk-link stk-button stk--hover-effect-darken\" href=\"https:\/\/wa.me\/5592991914953\" target=\"_blank\" rel=\"noreferrer noopener\"><span class=\"stk--svg-wrapper\"><div class=\"stk--inner-svg\"><svg xmlns=\"http:\/\/www.w3.org\/2000\/svg\" viewBox=\"0 0 448 512\" aria-hidden=\"true\" width=\"32\" height=\"32\"><path d=\"M380.9 97.1C339 55.1 283.2 32 223.9 32c-122.4 0-222 99.6-222 222 0 39.1 10.2 77.3 29.6 111L0 480l117.7-30.9c32.4 17.7 68.9 27 106.1 27h.1c122.3 0 224.1-99.6 224.1-222 0-59.3-25.2-115-67.1-157zm-157 341.6c-33.2 0-65.7-8.9-94-25.7l-6.7-4-69.8 18.3L72 359.2l-4.4-7c-18.5-29.4-28.2-63.3-28.2-98.2 0-101.7 82.8-184.5 184.6-184.5 49.3 0 95.6 19.2 130.4 54.1 34.8 34.9 56.2 81.2 56.1 130.5 0 101.8-84.9 184.6-186.6 184.6zm101.2-138.2c-5.5-2.8-32.8-16.2-37.9-18-5.1-1.9-8.8-2.8-12.5 2.8-3.7 5.6-14.3 18-17.6 21.8-3.2 3.7-6.5 4.2-12 1.4-32.6-16.3-54-29.1-75.5-66-5.7-9.8 5.7-9.1 16.3-30.3 1.8-3.7.9-6.9-.5-9.7-1.4-2.8-12.5-30.1-17.1-41.2-4.5-10.8-9.1-9.3-12.5-9.5-3.2-.2-6.9-.2-10.6-.2-3.7 0-9.7 1.4-14.8 6.9-5.1 5.6-19.4 19-19.4 46.3 0 27.3 19.9 53.7 22.6 57.4 2.8 3.7 39.1 59.7 94.8 83.8 35.2 15.2 49 16.5 66.6 13.9 10.7-1.6 32.8-13.4 37.4-26.4 4.6-13 4.6-24.1 3.2-26.4-1.3-2.5-5-3.9-10.5-6.6z\"\/><\/svg><\/div><\/span><span class=\"stk-button__inner-text\"> (92) 99191-4953<\/span><\/a><\/div>\n<\/div><\/div>\n<\/div><\/div><\/div>\n<\/div><\/div>\n\n\n\n<div class=\"wp-block-stackable-spacer stk-block-spacer stk--no-padding stk-block stk-621cc13\" data-block-id=\"621cc13\"><style>.stk-621cc13 {height:130px !important;}<\/style><\/div>\n","protected":false},"excerpt":{"rendered":"<p>Apresenta\u00e7\u00e3o da Pesquisa e Projetos Institucionais A Coordena\u00e7\u00e3o de Pesquisa e Projetos Institucionais (CPPI) re\u00fane duas ger\u00eancias: a Ger\u00eancia de Inicia\u00e7\u00e3o Cient\u00edfica e Tecnol\u00f3gica e a Ger\u00eancia de Pesquisa e Projetos Institucionais. A Ger\u00eancia de Inicia\u00e7\u00e3o Cient\u00edfica e Tecnol\u00f3gica coordena o Programa de Inicia\u00e7\u00e3o Cient\u00edfica e Tecnol\u00f3gica da UEA (PICT\/UEA), cuidando da elabora\u00e7\u00e3o dos editais, [&hellip;]<\/p>\n","protected":false},"author":1,"featured_media":0,"parent":0,"menu_order":0,"comment_status":"closed","ping_status":"closed","template":"","meta":{"footnotes":""},"class_list":["post-786","page","type-page","status-publish","hentry"],"blocksy_meta":{"page_title_panel":"","has_hero_section":"disabled","fe1c64ab89945cda534f4bb2d579ae1a":"","hero_section":"type-1","hero_elements":[{"id":"custom_title","enabled":true,"heading_tag":"h1","title":"Home"},{"id":"custom_description","enabled":true,"description_visibility":{"desktop":true,"tablet":true,"mobile":false}},{"id":"custom_meta","enabled":false,"meta_elements":[{"id":"author","enabled":true,"label":"By","has_author_avatar":"yes","avatar_size":25},{"id":"post_date","enabled":true,"label":"On","date_format_source":"default","date_format":"M j, Y"},{"id":"updated_date","enabled":false,"label":"On","date_format_source":"default","date_format":"M j, Y"},{"id":"categories","enabled":false,"label":"In","style":"simple"},{"id":"comments","enabled":true}],"page_meta_elements":{"joined":true,"articles_count":true,"comments":true}},{"id":"breadcrumbs","enabled":false}],"433b02732bec8d55ec282f00a9a700eb":"","hero_alignment1":"CT_CSS_SKIP_RULE","hero_margin":40,"hero_alignment2":"center","hero_vertical_alignment":"center","fdbb34d69d6afe2394c07d96c9ea0b60":"","hero_structure":"narrow","cb306aece5e91b9a44875e4a81075440":"","page_title_bg_type":"featured_image","custom_hero_background":{"attachment_id":null},"page_title_image_size":"full","parallax":{"desktop":false,"tablet":false,"mobile":false},"034bc954f3c533bc75ffdf62670c8395":"","hero_height":"250px","pageTitleFont":{"family":"Default","variation":"Default","size":"30px","line-height":"CT_CSS_SKIP_RULE","letter-spacing":"CT_CSS_SKIP_RULE","text-transform":"CT_CSS_SKIP_RULE","text-decoration":"CT_CSS_SKIP_RULE"},"pageTitleFontColor":{"default":{"color":"CT_CSS_SKIP_RULEDEFAULT"}},"pageMetaFont":{"family":"Default","variation":"n6","size":"12px","line-height":"1.3","letter-spacing":"CT_CSS_SKIP_RULE","text-transform":"uppercase","text-decoration":"CT_CSS_SKIP_RULE"},"pageMetaFontColor":{"default":{"color":"CT_CSS_SKIP_RULEDEFAULT"},"hover":{"color":"CT_CSS_SKIP_RULEDEFAULT"}},"page_meta_button_type_font_colors":{"default":{"color":"CT_CSS_SKIP_RULEDEFAULT"},"hover":{"color":"CT_CSS_SKIP_RULEDEFAULT"}},"page_meta_button_type_background_colors":{"default":{"color":"CT_CSS_SKIP_RULEDEFAULT"},"hover":{"color":"CT_CSS_SKIP_RULEDEFAULT"}},"pageExcerptFont":{"family":"Default","variation":"Default","size":"CT_CSS_SKIP_RULE","line-height":"CT_CSS_SKIP_RULE","letter-spacing":"CT_CSS_SKIP_RULE","text-transform":"CT_CSS_SKIP_RULE","text-decoration":"CT_CSS_SKIP_RULE"},"pageExcerptColor":{"default":{"color":"CT_CSS_SKIP_RULEDEFAULT"}},"breadcrumbsFont":{"family":"Default","variation":"Default","size":"CT_CSS_SKIP_RULE","line-height":"CT_CSS_SKIP_RULE","letter-spacing":"CT_CSS_SKIP_RULE","text-transform":"CT_CSS_SKIP_RULE","text-decoration":"CT_CSS_SKIP_RULE"},"breadcrumbsFontColor":{"default":{"color":"CT_CSS_SKIP_RULEDEFAULT"},"initial":{"color":"CT_CSS_SKIP_RULEDEFAULT"},"hover":{"color":"CT_CSS_SKIP_RULEDEFAULT"}},"pageTitleOverlay":{"background_type":"color","background_pattern":"type-1","background_image":{"attachment_id":null,"x":0,"y":0},"gradient":"linear-gradient(135deg,rgba(6,147,227,1) 0%,rgb(155,81,224) 100%)","background_repeat":"repeat","background_size":"auto","background_attachment":"scroll","patternColor":{"default":{"color":"#e5e7ea"}},"overlayColor":{"default":{"color":"CT_CSS_SKIP_RULE"}},"backgroundColor":{"default":{"color":"CT_CSS_SKIP_RULE"}}},"pageTitleBackground":{"background_type":"color","background_pattern":"type-1","background_image":{"attachment_id":null,"x":0,"y":0},"gradient":"linear-gradient(135deg,rgba(6,147,227,1) 0%,rgb(155,81,224) 100%)","background_repeat":"repeat","background_size":"auto","background_attachment":"scroll","patternColor":{"default":{"color":"#e5e7ea"}},"overlayColor":{"default":{"color":"CT_CSS_SKIP_RULE"}},"backgroundColor":{"default":{"color":"var(--theme-palette-color-6)"}}},"pageTitlePadding":{"top":"50px","bottom":"50px","left":"auto","right":"auto","linked":true},"12e455f30de1d15aed0effbbb6f951bf":"","page_structure_type":"default","f474d2f3ad69b4e64f52dac0a3aa2bb2":"","content_style_source":"inherit","content_style":"wide","vertical_spacing_source":"custom","content_area_spacing":"none","background":{"background_type":"color","background_pattern":"type-1","background_image":{"attachment_id":null,"x":0,"y":0},"gradient":"linear-gradient(135deg,rgba(6,147,227,1) 0%,rgb(155,81,224) 100%)","background_repeat":"repeat","background_size":"auto","background_attachment":"scroll","patternColor":{"default":{"color":"#e5e7ea"}},"overlayColor":{"default":{"color":"CT_CSS_SKIP_RULE"}},"backgroundColor":{"default":{"color":"CT_CSS_SKIP_RULE"}}},"content_background":{"background_type":"color","background_pattern":"type-1","background_image":{"attachment_id":null,"x":0,"y":0},"gradient":"linear-gradient(135deg,rgba(6,147,227,1) 0%,rgb(155,81,224) 100%)","background_repeat":"repeat","background_size":"auto","background_attachment":"scroll","patternColor":{"default":{"color":"#e5e7ea"}},"overlayColor":{"default":{"color":"CT_CSS_SKIP_RULE"}},"backgroundColor":{"default":{"color":"var(--theme-palette-color-8)"}}},"content_boxed_shadow":{"inherit":false,"blur":18,"spread":-6,"v_offset":12,"h_offset":0,"inset":false,"enable":true,"color":{"color":"rgba(34, 56, 101, 0.04)"}},"content_boxed_border":{"width":1,"style":"none","color":{"color":"rgba(44,62,80,0.2)"}},"content_boxed_radius":{"top":"3px","bottom":"3px","left":"3px","right":"3px","linked":true},"boxed_content_spacing":{"desktop":{"top":"40px","bottom":"40px","left":"40px","right":"40px","linked":true},"tablet":{"top":"35px","bottom":"35px","left":"35px","right":"35px","linked":true},"mobile":{"top":"20px","bottom":"20px","left":"20px","right":"20px","linked":true}},"fca9f1d1c7aa58a4b21dd78357f6373e":"","disable_featured_image":"no","disable_share_box":"no","disable_header":"no","disable_footer":"no","styles_descriptor":{"styles":{"desktop":"","tablet":"","mobile":""},"google_fonts":[],"version":6}},"_links":{"self":[{"href":"http:\/\/proreitoria.uea.edu.br\/propesp\/index.php\/wp-json\/wp\/v2\/pages\/786","targetHints":{"allow":["GET"]}}],"collection":[{"href":"http:\/\/proreitoria.uea.edu.br\/propesp\/index.php\/wp-json\/wp\/v2\/pages"}],"about":[{"href":"http:\/\/proreitoria.uea.edu.br\/propesp\/index.php\/wp-json\/wp\/v2\/types\/page"}],"author":[{"embeddable":true,"href":"http:\/\/proreitoria.uea.edu.br\/propesp\/index.php\/wp-json\/wp\/v2\/users\/1"}],"replies":[{"embeddable":true,"href":"http:\/\/proreitoria.uea.edu.br\/propesp\/index.php\/wp-json\/wp\/v2\/comments?post=786"}],"version-history":[{"count":31,"href":"http:\/\/proreitoria.uea.edu.br\/propesp\/index.php\/wp-json\/wp\/v2\/pages\/786\/revisions"}],"predecessor-version":[{"id":2596,"href":"http:\/\/proreitoria.uea.edu.br\/propesp\/index.php\/wp-json\/wp\/v2\/pages\/786\/revisions\/2596"}],"wp:attachment":[{"href":"http:\/\/proreitoria.uea.edu.br\/propesp\/index.php\/wp-json\/wp\/v2\/media?parent=786"}],"curies":[{"name":"wp","href":"https:\/\/api.w.org\/{rel}","templated":true}]}}