{"id":780,"date":"2025-05-21T14:06:42","date_gmt":"2025-05-21T18:06:42","guid":{"rendered":"https:\/\/proreitoria.uea.edu.br\/propesp\/?page_id=780"},"modified":"2026-03-16T08:49:35","modified_gmt":"2026-03-16T12:49:35","slug":"documentos-ict","status":"publish","type":"page","link":"http:\/\/proreitoria.uea.edu.br\/propesp\/index.php\/documentos-ict\/","title":{"rendered":"Documentos ICT"},"content":{"rendered":"\n<div class=\"wp-block-stackable-columns alignfull stk-block-columns stk-block stk-51b2b12 stk-block-background stk--has-background-overlay\" data-block-id=\"51b2b12\"><style>.stk-51b2b12 .stk--block-align-51b2b12{align-items:center !important;}.stk-51b2b12 {background-color:transparent !important;background-image:url(http:\/\/proreitoria.uea.edu.br\/propesp\/wp-content\/uploads\/2025\/11\/bg_propesp2.png) !important;background-position:bottom center !important;background-repeat:no-repeat !important;background-size:cover !important;padding-top:300px !important;padding-bottom:200px !important;margin-bottom:0px !important;}.stk-51b2b12:before{opacity:0.5 !important;mix-blend-mode:darken !important;background-image:linear-gradient(90deg,  0%, rgba(0,0,0,0) 100%) !important;}@media screen and (max-width:999px){.stk-51b2b12 {background-image:url(http:\/\/proreitoria.uea.edu.br\/propesp\/wp-content\/uploads\/2025\/11\/bg_propesp_tablet.png) !important;padding-top:250px !important;padding-bottom:150px !important;}}@media screen and (max-width:689px){.stk-51b2b12 {background-image:url(http:\/\/proreitoria.uea.edu.br\/propesp\/wp-content\/uploads\/2025\/11\/propesp_mobile_BG.png) !important;padding-top:150px !important;padding-bottom:100px !important;}}<\/style><div class=\"stk-row stk-inner-blocks stk--block-align-51b2b12 stk-block-content stk-content-align stk-51b2b12-column\">\n<div class=\"wp-block-stackable-column stk-block-column stk-column stk-block stk-5a49b27\" data-v=\"4\" data-block-id=\"5a49b27\"><div class=\"stk-column-wrapper stk-block-column__content stk-container stk-5a49b27-container stk--no-background stk--no-padding\"><div class=\"stk-block-content stk-inner-blocks stk-5a49b27-inner-blocks\">\n<div class=\"wp-block-stackable-heading stk-block-heading stk-block-heading--v2 stk-block stk-de45349\" id=\"documentos-ict\" data-block-id=\"de45349\"><style>.stk-de45349 .stk-block-heading__text{font-size:42px !important;color:var(--theme-palette-color-7, #FBFBFC) !important;line-height:58px !important;font-weight:700 !important;font-family:\"Roboto\", Sans-serif !important;}@media screen and (max-width:999px){.stk-de45349 .stk-block-heading__text{font-size:42px !important;}}<\/style><h2 class=\"stk-block-heading__text has-text-color has-text-align-center\">Documentos ICT<\/h2><\/div>\n<\/div><\/div><\/div>\n<\/div><\/div>\n\n\n\n<div class=\"wp-block-stackable-spacer stk-block-spacer stk--no-padding stk-block stk-eee861c\" data-block-id=\"eee861c\"><style>.stk-eee861c {height:130px !important;}<\/style><\/div>\n\n\n\n<div class=\"wp-block-stackable-columns alignfull stk-block-columns stk-block stk-23aa5c0 stk-block-background\" data-block-id=\"23aa5c0\"><style>.stk-23aa5c0 {background-color:#ffffff !important;overflow:hidden !important;}.stk-23aa5c0:hover{background-color:#ffffff !important;}.stk-23aa5c0:before{background-color:#ffffff !important;}.stk-23aa5c0:hover:before{background-color:#ffffff !important;}<\/style><div class=\"stk-row stk-inner-blocks stk-block-content stk-content-align stk-23aa5c0-column alignfull\">\n<div class=\"wp-block-stackable-column stk-block-column stk-column stk-block stk-03a110b\" data-v=\"4\" data-block-id=\"03a110b\"><style>.stk-03a110b-inner-blocks{align-items:flex-start !important;}.stk-03a110b-container{overflow:hidden !important;box-shadow:none !important;max-width:70% !important;min-width:auto !important;padding-top:0px !important;padding-right:0px !important;padding-bottom:0px !important;padding-left:0px !important;margin-right:auto !important;margin-left:auto !important;}@media screen and (max-width:999px){.stk-03a110b-container{max-width:100% !important;min-width:auto !important;}}@media screen and (max-width:689px){.stk-03a110b-container{max-width:100% !important;min-width:auto !important;}}<\/style><div class=\"stk-column-wrapper stk-block-column__content stk-container stk-03a110b-container stk-hover-parent\"><div class=\"stk--column-flex stk-block-content stk-inner-blocks stk-03a110b-inner-blocks\">\n<div class=\"wp-block-stackable-spacer stk-block-spacer stk--no-padding stk-block stk-c4cd72a\" data-block-id=\"c4cd72a\"><style>.stk-c4cd72a {height:30px !important;}<\/style><\/div>\n\n\n\n<p class=\"has-palette-color-3-color has-text-color has-link-color wp-elements-e9d9e774f91f55c849f51ecaa9333a4e\"><strong>DOCUMENTOS PARA IMPLEMENTA\u00c7\u00c3O 2026-2027<\/strong> (atualiza\u00e7\u00e3o ap\u00f3s o lan\u00e7amento do edital)<\/p>\n\n\n\n<p class=\"has-palette-color-3-color has-text-color has-link-color wp-elements-1b6a3cc51b0b0f4b9fe5847796a8e34b\"><strong>FAPEAM<\/strong>&nbsp;\u2013 Checklist e Orienta\u00e7\u00f5es<\/p>\n\n\n\n<p class=\"has-palette-color-3-color has-text-color has-link-color wp-elements-c3af7b055a862a60a43f5a6f01736461\"><strong>FAPEAM<\/strong>&nbsp;\u2013 Termo de compromisso do Bolsista PAIC<\/p>\n\n\n\n<p class=\"has-palette-color-3-color has-text-color has-link-color wp-elements-f8a24e7495bc14076b8e64416315e3eb\"><strong>FAPEAM&nbsp;<\/strong>\u2013 Carta de abertura de conta no Banco Bradesco<\/p>\n\n\n\n<p class=\"has-palette-color-3-color has-text-color has-link-color wp-elements-70b71b82e1c359526f2ab6f6abb4aa55\"><strong>FAPEAM<\/strong>&nbsp;\u2013 Declara\u00e7\u00e3o de ci\u00eancia das exig\u00eancias do PAIC<\/p>\n\n\n\n<p class=\"has-palette-color-3-color has-text-color has-link-color wp-elements-613a1d4e718526c07d830611e10d25c9\"><strong>FAPEAM<\/strong>&nbsp;\u2013 Declara\u00e7\u00e3o de matr\u00edcula (bolsistas PAIC)<\/p>\n\n\n\n<p class=\"has-palette-color-3-color has-text-color has-link-color wp-elements-c4a88a4d87b831d945cf3e27854c22db\"><strong>Volunt\u00e1rio<\/strong>&nbsp;\u2013 Termo de compromisso do volunt\u00e1rio<\/p>\n\n\n\n<p class=\"has-palette-color-3-color has-text-color has-link-color wp-elements-5c709297c626dfca247dba40271930c2\"><strong>Volunt\u00e1rio&nbsp;<\/strong>\u2013 Formul\u00e1rio de participa\u00e7\u00e3o volunt\u00e1ria<\/p>\n\n\n\n<p class=\"has-palette-color-3-color has-text-color has-link-color wp-elements-597207a1010cdca7b527431329b1a543\"><strong>Orientador\/Coorientador<\/strong>&nbsp;\u2013 Termo de compromisso do Orientador\/Coorientador<\/p>\n\n\n\n<p class=\"has-palette-color-3-color has-text-color has-link-color wp-elements-a477ad6081b3b5f49ce76c69492ba410\"><strong>FAPEAM \u2013 Manual de documentos para implementa\u00e7\u00e3o<\/strong>&nbsp;de projetos de Inicia\u00e7\u00e3o Cient\u00edfica e Tecnol\u00f3gica da UEA<\/p>\n\n\n\n<p class=\"has-palette-color-3-color has-text-color has-link-color wp-elements-2b89f626668eb281d4d72eac7d0df332\"><strong>Formul\u00e1rio Online&nbsp;<\/strong>(dever\u00e1 ser preenchido por todos os alunos participantes)<\/p>\n\n\n\n<p class=\"has-palette-color-3-color has-text-color has-link-color wp-elements-80604526dd5c4a96bc783b5063e70c54\"><strong>Obs.:&nbsp;<\/strong>A documenta\u00e7\u00e3o de bolsas remanescentes (<strong>bolsa UEA e bolsa CNPq<\/strong>) ser\u00e3o divulgadas posteriormente com o manual de documentos para implementa\u00e7\u00e3o das referidas modalidades. Neste primeiro momento, os discentes que foram contemplados devem iniciar como volunt\u00e1rios e, caso n\u00e3o tenham interesse na bolsa que lhes foi atribu\u00edda, informar \u00e0 esta ger\u00eancia pelo e-mail: gerencia_ic@uea.edu.br<\/p>\n\n\n\n<p class=\"has-palette-color-3-color has-text-color has-link-color wp-elements-a557059ba4e28d5c4c6fd1c7f07f9b5c\"><strong>DOCUMENTOS PARA PRESTA\u00c7\u00c3O DE CONTAS<\/strong><\/p>\n\n\n\n<ul class=\"wp-block-list\">\n<li class=\"has-black-color has-text-color has-link-color wp-elements-ba1dea960b7c7188644c138a5b890bab\"><strong>Ficha de Avalia\u00e7\u00e3o<\/strong><\/li>\n<\/ul>\n\n\n\n<p class=\"has-palette-color-3-color has-text-color has-link-color wp-elements-3f02ef88a8657dc270e9f81b8380bb4f\">Este formul\u00e1rio dever\u00e1 ser utilizado pelos membros do comit\u00ea, durante as avalia\u00e7\u00f5es parciais e finais.<\/p>\n\n\n\n<ul class=\"wp-block-list\">\n<li><strong>Formul\u00e1rio de Cancelamento<\/strong><\/li>\n<\/ul>\n\n\n\n<p class=\"has-palette-color-3-color has-text-color has-link-color wp-elements-c0f605b7af4327ddd9d045fd7404e1c2\">O referido Formul\u00e1rio dever\u00e1 ser devidamente preenchido, assinado e entregue junto com o relat\u00f3rio final para nossa Coordena\u00e7\u00e3o de Pesquisa e Projetos Institucionais\/ PROPESP, na Reitoria da UEA, atrav\u00e9s do e-mail gerencia_ic@uea.edu.br para que o pedido de cancelamento seja oficializado.<\/p>\n\n\n\n<p class=\"has-palette-color-3-color has-text-color has-link-color wp-elements-c1aeef435f11c4f07477048976533908\">Os documentos citados acima, dever\u00e3o ter uma c\u00f3pia anexada no SISPROJ.<\/p>\n\n\n\n<p class=\"has-palette-color-3-color has-text-color has-link-color wp-elements-195adc8536f96404628f0b8fb28d77a5\">Data Limite: O pedido de cancelamento pode ser solicitado a qualquer momento, desde que o procedimento padr\u00e3o mencionado acima seja realizado.<\/p>\n\n\n\n<ul class=\"wp-block-list\">\n<li><strong>Formul\u00e1rio de Substitui\u00e7\u00e3o<\/strong><\/li>\n<\/ul>\n\n\n\n<p class=\"has-palette-color-3-color has-text-color has-link-color wp-elements-4b4e090551cf273a0fa57972f69950bb\">O Formul\u00e1rio de substitui\u00e7\u00e3o dever\u00e1 ser devidamente preenchido e enviado para nossa Coordena\u00e7\u00e3o de Pesquisa e Projetos Institucionais, juntamente com o relat\u00f3rio final e a documenta\u00e7\u00e3o do novo aluno.<\/p>\n\n\n\n<p class=\"has-palette-color-3-color has-text-color has-link-color wp-elements-009f704f2266fb877cfcfaba57fdefab\">obs.: a substitui\u00e7\u00e3o dever\u00e1 ser realizada at\u00e9 o dia 30\/11.<\/p>\n\n\n\n<ul class=\"wp-block-list\">\n<li><strong>Relat\u00f3rio Mensal<\/strong><\/li>\n<\/ul>\n\n\n\n<p class=\"has-palette-color-3-color has-text-color has-link-color wp-elements-1e13c014b90ff36fe836e88671d3a2e3\">O relat\u00f3rio mensal dever\u00e1 ser devidamente preenchido e anexado no SISPROJ, at\u00e9 o 25\u00ba dia do m\u00eas vigente.<\/p>\n\n\n\n<p class=\"has-palette-color-3-color has-text-color has-link-color wp-elements-5c7b3f5278eac3f0da1d76934c204f7a\">Obs.: este Relat\u00f3rio dever\u00e1 ser&nbsp; feito por todos os alunos participantes.<\/p>\n\n\n\n<ul class=\"wp-block-list\">\n<li><strong>Relat\u00f3rio Parcial\/Final&nbsp; MODALIDADE: UEA (PBICT-Af), CNPq (PIBIC, PIBIC-Af E PIBITI) E VOLUNT\u00c1RIOS<\/strong><\/li>\n<\/ul>\n\n\n\n<p class=\"has-palette-color-3-color has-text-color has-link-color wp-elements-6305c1f5c25e14702abddd58be4c0600\">Este relat\u00f3rio dever\u00e1 ser devidamente preenchido, assinado e anexado no SISPROJ.<br>Per\u00edodo dos Relat\u00f3rios:<br>\u2013 Parcial: 01\/08 \u00e0 31\/01 (data de entrega: 31\/01)<br>\u2013 Final: 01\/08 \u00e0 31\/07 (data de entrega: 31\/07)<\/p>\n\n\n\n<h6 class=\"wp-block-heading\">Obs.: Bolsistas PAIC\/FAPEAM dever\u00e3o preencher o relat\u00f3rio t\u00e9cnico dispon\u00edvel via SIGFAPEAM e anexar uma c\u00f3pia no SISPROJ.<\/h6>\n\n\n\n<ul class=\"wp-block-list\">\n<li><strong>Resumo Simples<\/strong><\/li>\n<\/ul>\n\n\n\n<p class=\"has-palette-color-3-color has-text-color has-link-color wp-elements-ac3502fc3fd8cf6d3946a9746a7e23ae\">O Resumo simples dever\u00e1 ser devidamente preenchido e anexado no SISPROJ, em formato Word e sem ultrapassar uma p\u00e1gina, conforme orienta\u00e7\u00f5es descritas no arquivo.<br>Data prevista para anexar no SISPROJ: 31\/07<\/p>\n\n\n\n<div class=\"wp-block-stackable-spacer stk-block-spacer stk--no-padding stk-block stk-508ca3a\" data-block-id=\"508ca3a\"><style>.stk-508ca3a {height:30px !important;}<\/style><\/div>\n<\/div><\/div><\/div>\n<\/div><\/div>\n","protected":false},"excerpt":{"rendered":"<p>Documentos ICT DOCUMENTOS PARA IMPLEMENTA\u00c7\u00c3O 2026-2027 (atualiza\u00e7\u00e3o ap\u00f3s o lan\u00e7amento do edital) FAPEAM&nbsp;\u2013 Checklist e Orienta\u00e7\u00f5es FAPEAM&nbsp;\u2013 Termo de compromisso do Bolsista PAIC FAPEAM&nbsp;\u2013 Carta de abertura de conta no Banco Bradesco FAPEAM&nbsp;\u2013 Declara\u00e7\u00e3o de ci\u00eancia das exig\u00eancias do PAIC FAPEAM&nbsp;\u2013 Declara\u00e7\u00e3o de matr\u00edcula (bolsistas PAIC) Volunt\u00e1rio&nbsp;\u2013 Termo de compromisso do volunt\u00e1rio Volunt\u00e1rio&nbsp;\u2013 Formul\u00e1rio de [&hellip;]<\/p>\n","protected":false},"author":1,"featured_media":0,"parent":0,"menu_order":0,"comment_status":"closed","ping_status":"closed","template":"","meta":{"footnotes":""},"class_list":["post-780","page","type-page","status-publish","hentry"],"blocksy_meta":{"page_title_panel":"","has_hero_section":"disabled","fe1c64ab89945cda534f4bb2d579ae1a":"","hero_section":"type-1","hero_elements":[{"id":"custom_title","enabled":true,"heading_tag":"h1","title":"Home"},{"id":"custom_description","enabled":true,"description_visibility":{"desktop":true,"tablet":true,"mobile":false}},{"id":"custom_meta","enabled":false,"meta_elements":[{"id":"author","enabled":true,"label":"By","has_author_avatar":"yes","avatar_size":25},{"id":"post_date","enabled":true,"label":"On","date_format_source":"default","date_format":"M j, Y"},{"id":"updated_date","enabled":false,"label":"On","date_format_source":"default","date_format":"M j, Y"},{"id":"categories","enabled":false,"label":"In","style":"simple"},{"id":"comments","enabled":true}],"page_meta_elements":{"joined":true,"articles_count":true,"comments":true}},{"id":"breadcrumbs","enabled":false}],"433b02732bec8d55ec282f00a9a700eb":"","hero_alignment1":"CT_CSS_SKIP_RULE","hero_margin":40,"hero_alignment2":"center","hero_vertical_alignment":"center","fdbb34d69d6afe2394c07d96c9ea0b60":"","hero_structure":"narrow","cb306aece5e91b9a44875e4a81075440":"","page_title_bg_type":"featured_image","custom_hero_background":{"attachment_id":null},"page_title_image_size":"full","parallax":{"desktop":false,"tablet":false,"mobile":false},"034bc954f3c533bc75ffdf62670c8395":"","hero_height":"250px","pageTitleFont":{"family":"Default","variation":"Default","size":"30px","line-height":"CT_CSS_SKIP_RULE","letter-spacing":"CT_CSS_SKIP_RULE","text-transform":"CT_CSS_SKIP_RULE","text-decoration":"CT_CSS_SKIP_RULE"},"pageTitleFontColor":{"default":{"color":"CT_CSS_SKIP_RULEDEFAULT"}},"pageMetaFont":{"family":"Default","variation":"n6","size":"12px","line-height":"1.3","letter-spacing":"CT_CSS_SKIP_RULE","text-transform":"uppercase","text-decoration":"CT_CSS_SKIP_RULE"},"pageMetaFontColor":{"default":{"color":"CT_CSS_SKIP_RULEDEFAULT"},"hover":{"color":"CT_CSS_SKIP_RULEDEFAULT"}},"page_meta_button_type_font_colors":{"default":{"color":"CT_CSS_SKIP_RULEDEFAULT"},"hover":{"color":"CT_CSS_SKIP_RULEDEFAULT"}},"page_meta_button_type_background_colors":{"default":{"color":"CT_CSS_SKIP_RULEDEFAULT"},"hover":{"color":"CT_CSS_SKIP_RULEDEFAULT"}},"pageExcerptFont":{"family":"Default","variation":"Default","size":"CT_CSS_SKIP_RULE","line-height":"CT_CSS_SKIP_RULE","letter-spacing":"CT_CSS_SKIP_RULE","text-transform":"CT_CSS_SKIP_RULE","text-decoration":"CT_CSS_SKIP_RULE"},"pageExcerptColor":{"default":{"color":"CT_CSS_SKIP_RULEDEFAULT"}},"breadcrumbsFont":{"family":"Default","variation":"Default","size":"CT_CSS_SKIP_RULE","line-height":"CT_CSS_SKIP_RULE","letter-spacing":"CT_CSS_SKIP_RULE","text-transform":"CT_CSS_SKIP_RULE","text-decoration":"CT_CSS_SKIP_RULE"},"breadcrumbsFontColor":{"default":{"color":"CT_CSS_SKIP_RULEDEFAULT"},"initial":{"color":"CT_CSS_SKIP_RULEDEFAULT"},"hover":{"color":"CT_CSS_SKIP_RULEDEFAULT"}},"pageTitleOverlay":{"background_type":"color","background_pattern":"type-1","background_image":{"attachment_id":null,"x":0,"y":0},"gradient":"linear-gradient(135deg,rgba(6,147,227,1) 0%,rgb(155,81,224) 100%)","background_repeat":"repeat","background_size":"auto","background_attachment":"scroll","patternColor":{"default":{"color":"#e5e7ea"}},"overlayColor":{"default":{"color":"CT_CSS_SKIP_RULE"}},"backgroundColor":{"default":{"color":"CT_CSS_SKIP_RULE"}}},"pageTitleBackground":{"background_type":"color","background_pattern":"type-1","background_image":{"attachment_id":null,"x":0,"y":0},"gradient":"linear-gradient(135deg,rgba(6,147,227,1) 0%,rgb(155,81,224) 100%)","background_repeat":"repeat","background_size":"auto","background_attachment":"scroll","patternColor":{"default":{"color":"#e5e7ea"}},"overlayColor":{"default":{"color":"CT_CSS_SKIP_RULE"}},"backgroundColor":{"default":{"color":"var(--theme-palette-color-6)"}}},"pageTitlePadding":{"top":"50px","bottom":"50px","left":"auto","right":"auto","linked":true},"12e455f30de1d15aed0effbbb6f951bf":"","page_structure_type":"default","f474d2f3ad69b4e64f52dac0a3aa2bb2":"","content_style_source":"inherit","content_style":"wide","vertical_spacing_source":"custom","content_area_spacing":"none","background":{"background_type":"color","background_pattern":"type-1","background_image":{"attachment_id":null,"x":0,"y":0},"gradient":"linear-gradient(135deg,rgba(6,147,227,1) 0%,rgb(155,81,224) 100%)","background_repeat":"repeat","background_size":"auto","background_attachment":"scroll","patternColor":{"default":{"color":"#e5e7ea"}},"overlayColor":{"default":{"color":"CT_CSS_SKIP_RULE"}},"backgroundColor":{"default":{"color":"CT_CSS_SKIP_RULE"}}},"content_background":{"background_type":"color","background_pattern":"type-1","background_image":{"attachment_id":null,"x":0,"y":0},"gradient":"linear-gradient(135deg,rgba(6,147,227,1) 0%,rgb(155,81,224) 100%)","background_repeat":"repeat","background_size":"auto","background_attachment":"scroll","patternColor":{"default":{"color":"#e5e7ea"}},"overlayColor":{"default":{"color":"CT_CSS_SKIP_RULE"}},"backgroundColor":{"default":{"color":"var(--theme-palette-color-8)"}}},"content_boxed_shadow":{"inherit":false,"blur":18,"spread":-6,"v_offset":12,"h_offset":0,"inset":false,"enable":true,"color":{"color":"rgba(34, 56, 101, 0.04)"}},"content_boxed_border":{"width":1,"style":"none","color":{"color":"rgba(44,62,80,0.2)"}},"content_boxed_radius":{"top":"3px","bottom":"3px","left":"3px","right":"3px","linked":true},"boxed_content_spacing":{"desktop":{"top":"40px","bottom":"40px","left":"40px","right":"40px","linked":true},"tablet":{"top":"35px","bottom":"35px","left":"35px","right":"35px","linked":true},"mobile":{"top":"20px","bottom":"20px","left":"20px","right":"20px","linked":true}},"fca9f1d1c7aa58a4b21dd78357f6373e":"","disable_featured_image":"no","disable_share_box":"no","disable_header":"no","disable_footer":"no","styles_descriptor":{"styles":{"desktop":"","tablet":"","mobile":""},"google_fonts":[],"version":6}},"_links":{"self":[{"href":"http:\/\/proreitoria.uea.edu.br\/propesp\/index.php\/wp-json\/wp\/v2\/pages\/780","targetHints":{"allow":["GET"]}}],"collection":[{"href":"http:\/\/proreitoria.uea.edu.br\/propesp\/index.php\/wp-json\/wp\/v2\/pages"}],"about":[{"href":"http:\/\/proreitoria.uea.edu.br\/propesp\/index.php\/wp-json\/wp\/v2\/types\/page"}],"author":[{"embeddable":true,"href":"http:\/\/proreitoria.uea.edu.br\/propesp\/index.php\/wp-json\/wp\/v2\/users\/1"}],"replies":[{"embeddable":true,"href":"http:\/\/proreitoria.uea.edu.br\/propesp\/index.php\/wp-json\/wp\/v2\/comments?post=780"}],"version-history":[{"count":9,"href":"http:\/\/proreitoria.uea.edu.br\/propesp\/index.php\/wp-json\/wp\/v2\/pages\/780\/revisions"}],"predecessor-version":[{"id":2469,"href":"http:\/\/proreitoria.uea.edu.br\/propesp\/index.php\/wp-json\/wp\/v2\/pages\/780\/revisions\/2469"}],"wp:attachment":[{"href":"http:\/\/proreitoria.uea.edu.br\/propesp\/index.php\/wp-json\/wp\/v2\/media?parent=780"}],"curies":[{"name":"wp","href":"https:\/\/api.w.org\/{rel}","templated":true}]}}