{"id":765,"date":"2025-05-21T14:06:41","date_gmt":"2025-05-21T18:06:41","guid":{"rendered":"https:\/\/proreitoria.uea.edu.br\/propesp\/?page_id=765"},"modified":"2026-03-13T10:24:55","modified_gmt":"2026-03-13T14:24:55","slug":"editais-residencia","status":"publish","type":"page","link":"http:\/\/proreitoria.uea.edu.br\/propesp\/index.php\/editais-residencia\/","title":{"rendered":"Editais Resid\u00eancia"},"content":{"rendered":"\n<div class=\"wp-block-stackable-columns alignfull stk-block-columns stk-block stk-51b2b12 stk-block-background stk--has-background-overlay\" data-block-id=\"51b2b12\"><style>.stk-51b2b12 .stk--block-align-51b2b12{align-items:center !important;}.stk-51b2b12 {background-color:transparent !important;background-image:url(http:\/\/proreitoria.uea.edu.br\/propesp\/wp-content\/uploads\/2025\/11\/bg_propesp2.png) !important;background-position:bottom center !important;background-repeat:no-repeat !important;background-size:cover !important;padding-top:300px !important;padding-bottom:200px !important;margin-bottom:0px !important;}.stk-51b2b12:before{opacity:0.5 !important;mix-blend-mode:darken !important;background-image:linear-gradient(90deg,  0%, rgba(0,0,0,0) 100%) !important;}@media screen and (max-width:999px){.stk-51b2b12 {background-image:url(http:\/\/proreitoria.uea.edu.br\/propesp\/wp-content\/uploads\/2025\/11\/bg_propesp_tablet.png) !important;padding-top:250px !important;padding-bottom:150px !important;}}@media screen and (max-width:689px){.stk-51b2b12 {background-image:url(http:\/\/proreitoria.uea.edu.br\/propesp\/wp-content\/uploads\/2025\/11\/propesp_mobile_BG.png) !important;padding-top:150px !important;padding-bottom:100px !important;}}<\/style><div class=\"stk-row stk-inner-blocks stk--block-align-51b2b12 stk-block-content stk-content-align stk-51b2b12-column\">\n<div class=\"wp-block-stackable-column stk-block-column stk-column stk-block stk-5a49b27\" data-v=\"4\" data-block-id=\"5a49b27\"><div class=\"stk-column-wrapper stk-block-column__content stk-container stk-5a49b27-container stk--no-background stk--no-padding\"><div class=\"stk-block-content stk-inner-blocks stk-5a49b27-inner-blocks\">\n<div class=\"wp-block-stackable-heading stk-block-heading stk-block-heading--v2 stk-block stk-de45349\" id=\"editais-residencia\" data-block-id=\"de45349\"><style>.stk-de45349 .stk-block-heading__text{font-size:42px !important;color:var(--theme-palette-color-7, #FBFBFC) !important;line-height:58px !important;font-weight:700 !important;font-family:\"Roboto\", Sans-serif !important;}@media screen and (max-width:999px){.stk-de45349 .stk-block-heading__text{font-size:42px !important;}}<\/style><h2 class=\"stk-block-heading__text has-text-color has-text-align-center\">Editais Resid\u00eancia<\/h2><\/div>\n<\/div><\/div><\/div>\n<\/div><\/div>\n\n\n\n<div class=\"wp-block-stackable-spacer stk-block-spacer stk--no-padding stk-block stk-d35971c\" data-block-id=\"d35971c\"><style>.stk-d35971c {height:130px !important;}<\/style><\/div>\n\n\n\n<div class=\"wp-block-stackable-columns alignfull stk-block-columns stk-block stk-23aa5c0 stk-block-background\" data-block-id=\"23aa5c0\"><style>.stk-23aa5c0 {background-color:#ffffff !important;overflow:hidden !important;margin-bottom:0px !important;}.stk-23aa5c0:hover{background-color:#ffffff !important;}.stk-23aa5c0:before{background-color:#ffffff !important;}.stk-23aa5c0:hover:before{background-color:#ffffff !important;}<\/style><div class=\"stk-row stk-inner-blocks stk-block-content stk-content-align stk-23aa5c0-column alignfull\">\n<div class=\"wp-block-stackable-column stk-block-column stk-column stk-block stk-03a110b\" data-v=\"4\" data-block-id=\"03a110b\"><style>.stk-03a110b-inner-blocks{align-items:flex-start !important;}.stk-03a110b-container{overflow:hidden !important;box-shadow:none !important;max-width:70% !important;min-width:auto !important;padding-top:0px !important;padding-right:0px !important;padding-bottom:0px !important;padding-left:0px !important;margin-right:auto !important;margin-left:auto !important;}@media screen and (max-width:999px){.stk-03a110b-container{max-width:100% !important;min-width:auto !important;}}@media screen and (max-width:689px){.stk-03a110b-container{max-width:100% !important;min-width:auto !important;}}<\/style><div class=\"stk-column-wrapper stk-block-column__content stk-container stk-03a110b-container stk-hover-parent\"><div class=\"stk--column-flex stk-block-content stk-inner-blocks stk-03a110b-inner-blocks\">\n<div class=\"wp-block-stackable-spacer stk-block-spacer stk--no-padding stk-block stk-c4cd72a\" data-block-id=\"c4cd72a\"><style>.stk-c4cd72a {height:30px !important;}<\/style><\/div>\n\n\n\n<p><strong>NOVOS<\/strong><br>N\u00e3o h\u00e1 editais novos no momento!<\/p>\n\n\n\n<p><strong>INSCRI\u00c7\u00d5ES ABERTAS<\/strong><br>N\u00e3o h\u00e1 editais novos no momento!<\/p>\n\n\n\n<p><strong>EM ANDAMENTO<\/strong><br><a href=\"http:\/\/www2.uea.edu.br\/ingresso.php?dest=posInfo&amp;titulacao=RS&amp;selecao=5382\" rel=\"noreferrer noopener\" target=\"_blank\">PROGRAMA DE RESID\u00caNCIA EM CIRURGIA E TRAUMATOLOGIA BUCOMAXILOFACIAL \u2013 INGRESSO: 2019 \u2013 N\u00ba de VAGAS: 1<\/a><br><a href=\"http:\/\/www2.uea.edu.br\/ingresso.php?dest=posInfo&amp;titulacao=RS&amp;selecao=5342\" rel=\"noreferrer noopener\" target=\"_blank\">PROGRAMA DE RESID\u00caNCIA EM ENFERMAGEM \u2013 INGRESSO: 2019 \u2013 N\u00ba de VAGAS: 14<\/a><\/p>\n\n\n\n<p><strong>ENCERRADOS<\/strong><br><a href=\"http:\/\/www2.uea.edu.br\/ingresso.php?dest=posInfo&amp;titulacao=RS&amp;selecao=4563\" rel=\"noreferrer noopener\" target=\"_blank\">PROGRAMA DE RESID\u00caNCIA EM CIRURGIA E TRAUMATOLOGIA BUCOMAXILOFACIAL \u2013 INGRESSO: 2018 \u2013 N\u00ba DE VAGAS: 3<\/a><br><a href=\"http:\/\/www2.uea.edu.br\/ingresso.php?dest=posInfo&amp;titulacao=RS&amp;selecao=4522\" rel=\"noreferrer noopener\" target=\"_blank\">PROGRAMA DE RESID\u00caNCIA EM ENFERMAGEM \u2013 INGRESSO: 2018 \u2013 N\u00ba DE VAGAS: 10<\/a><br><a href=\"http:\/\/www2.uea.edu.br\/ingresso.php?dest=posInfo&amp;titulacao=RS&amp;selecao=3582\" rel=\"noreferrer noopener\" target=\"_blank\">PROGRAMA DE RESID\u00caNCIA EM ENFERMAGEM \u2013 INGRESSO: 2017 \u2013 N\u00ba DE VAGAS: 7<\/a><br><a href=\"http:\/\/www2.uea.edu.br\/ingresso.php?dest=posInfo&amp;titulacao=RS&amp;selecao=3543\" rel=\"noreferrer noopener\" target=\"_blank\">PROGRAMA DE RESID\u00caNCIA EM CIRURGIA E TRAUMATOLOGIA BUCOMAXILOFACIAL \u2013 INGRESSO: 2017 \u2013 N\u00ba DE VAGAS: 3<\/a><br><a href=\"http:\/\/www2.uea.edu.br\/ingresso.php?dest=posInfo&amp;titulacao=RS&amp;selecao=2882\" rel=\"noreferrer noopener\" target=\"_blank\">PROGRAMA DE RESID\u00caNCIA EM ENFERMAGEM \u2013 INGRESSO: 2016 \u2013 N\u00ba DE VAGAS: 14<\/a><br><a href=\"http:\/\/www2.uea.edu.br\/ingresso.php?dest=posInfo&amp;titulacao=RS&amp;selecao=2842\" rel=\"noreferrer noopener\" target=\"_blank\">PROGRAMA DE RESID\u00caNCIA EM CIRURGIA E TRAUMATOLOGIA BUCOMAXILOFACIAL \u2013 INGRESSO: 2016 \u2013 N\u00ba DE VAGAS: 3<\/a><br><a href=\"http:\/\/www2.uea.edu.br\/ingresso.php?dest=posInfo&amp;titulacao=RS&amp;selecao=2482\" rel=\"noreferrer noopener\" target=\"_blank\">PROGRAMA DE RESID\u00caNCIA EM CIRURGIA E TRAUMATOLOGIA BUCOMAXILOFACIAL \u2013 INGRESSO: 2015 \u2013 N\u00ba DE VAGAS: 3<\/a><br><a href=\"http:\/\/www2.uea.edu.br\/ingresso.php?dest=posInfo&amp;titulacao=RS&amp;selecao=2342\" rel=\"noreferrer noopener\" target=\"_blank\">PROGRAMA DE RESID\u00caNCIA EM CIRURGIA E TRAUMATOLOGIA BUCOMAXILOFACIAL \u2013 INGRESSO: 2015 \u2013 N\u00ba DE VAGAS: 3<\/a><a href=\"http:\/\/www2.uea.edu.br\/ingresso.php?dest=posInfo&amp;titulacao=RS&amp;selecao=1185\" rel=\"noreferrer noopener\" target=\"_blank\">PROGRAMA DE RESID\u00caNCIA EM ENFERMAGEM \u2013 INGRESSO: 2014 \u2013 N\u00ba DE VAGAS: 12<\/a><br><a href=\"http:\/\/www2.uea.edu.br\/ingresso.php?dest=posInfo&amp;titulacao=RS&amp;selecao=1186\" rel=\"noreferrer noopener\" target=\"_blank\">PROGRAMA DE RESID\u00caNCIA EM CIRURGIA E TRAUMATOLOGIA BUCOMAXILOFACIAL \u2013 INGRESSO: 2014 \u2013 N\u00ba DE VAGAS: 3<\/a><br><a href=\"http:\/\/www2.uea.edu.br\/ingresso.php?dest=posInfo&amp;titulacao=RS&amp;selecao=404\" rel=\"noreferrer noopener\" target=\"_blank\">PROGRAMA DE RESID\u00caNCIA EM CIRURGIA E TRAUMATOLOGIA BUCOMAXILOFACIAL \u2013 INGRESSO: 2013 \u2013 N\u00ba DE VAGAS: 3<\/a><br><a href=\"http:\/\/www2.uea.edu.br\/ingresso.php?dest=posInfo&amp;titulacao=RS&amp;selecao=403\" rel=\"noreferrer noopener\" target=\"_blank\">PROGRAMA DE RESID\u00caNCIA EM ENFERMAGEM \u2013 INGRESSO: 2013 \u2013 N\u00ba DE VAGAS: 16<\/a><\/p>\n\n\n\n<div class=\"wp-block-stackable-spacer stk-block-spacer stk--no-padding stk-block stk-508ca3a\" data-block-id=\"508ca3a\"><style>.stk-508ca3a {height:30px !important;}<\/style><\/div>\n<\/div><\/div><\/div>\n<\/div><\/div>\n\n\n\n<div class=\"wp-block-stackable-spacer stk-block-spacer stk--no-padding stk-block stk-cb97634\" data-block-id=\"cb97634\"><style>.stk-cb97634 {height:130px !important;}<\/style><\/div>\n","protected":false},"excerpt":{"rendered":"<p>Editais Resid\u00eancia NOVOSN\u00e3o h\u00e1 editais novos no momento! INSCRI\u00c7\u00d5ES ABERTASN\u00e3o h\u00e1 editais novos no momento! EM ANDAMENTOPROGRAMA DE RESID\u00caNCIA EM CIRURGIA E TRAUMATOLOGIA BUCOMAXILOFACIAL \u2013 INGRESSO: 2019 \u2013 N\u00ba de VAGAS: 1PROGRAMA DE RESID\u00caNCIA EM ENFERMAGEM \u2013 INGRESSO: 2019 \u2013 N\u00ba de VAGAS: 14 ENCERRADOSPROGRAMA DE RESID\u00caNCIA EM CIRURGIA E TRAUMATOLOGIA BUCOMAXILOFACIAL \u2013 INGRESSO: 2018 [&hellip;]<\/p>\n","protected":false},"author":1,"featured_media":0,"parent":0,"menu_order":0,"comment_status":"closed","ping_status":"closed","template":"","meta":{"footnotes":""},"class_list":["post-765","page","type-page","status-publish","hentry"],"blocksy_meta":{"page_title_panel":"","has_hero_section":"disabled","fe1c64ab89945cda534f4bb2d579ae1a":"","hero_section":"type-1","hero_elements":[{"id":"custom_title","enabled":true,"heading_tag":"h1","title":"Home"},{"id":"custom_description","enabled":true,"description_visibility":{"desktop":true,"tablet":true,"mobile":false}},{"id":"custom_meta","enabled":false,"meta_elements":[{"id":"author","enabled":true,"label":"By","has_author_avatar":"yes","avatar_size":25},{"id":"post_date","enabled":true,"label":"On","date_format_source":"default","date_format":"M j, Y"},{"id":"updated_date","enabled":false,"label":"On","date_format_source":"default","date_format":"M j, Y"},{"id":"categories","enabled":false,"label":"In","style":"simple"},{"id":"comments","enabled":true}],"page_meta_elements":{"joined":true,"articles_count":true,"comments":true}},{"id":"breadcrumbs","enabled":false}],"433b02732bec8d55ec282f00a9a700eb":"","hero_alignment1":"CT_CSS_SKIP_RULE","hero_margin":40,"hero_alignment2":"center","hero_vertical_alignment":"center","fdbb34d69d6afe2394c07d96c9ea0b60":"","hero_structure":"narrow","cb306aece5e91b9a44875e4a81075440":"","page_title_bg_type":"featured_image","custom_hero_background":{"attachment_id":null},"page_title_image_size":"full","parallax":{"desktop":false,"tablet":false,"mobile":false},"034bc954f3c533bc75ffdf62670c8395":"","hero_height":"250px","pageTitleFont":{"family":"Default","variation":"Default","size":"30px","line-height":"CT_CSS_SKIP_RULE","letter-spacing":"CT_CSS_SKIP_RULE","text-transform":"CT_CSS_SKIP_RULE","text-decoration":"CT_CSS_SKIP_RULE"},"pageTitleFontColor":{"default":{"color":"CT_CSS_SKIP_RULEDEFAULT"}},"pageMetaFont":{"family":"Default","variation":"n6","size":"12px","line-height":"1.3","letter-spacing":"CT_CSS_SKIP_RULE","text-transform":"uppercase","text-decoration":"CT_CSS_SKIP_RULE"},"pageMetaFontColor":{"default":{"color":"CT_CSS_SKIP_RULEDEFAULT"},"hover":{"color":"CT_CSS_SKIP_RULEDEFAULT"}},"page_meta_button_type_font_colors":{"default":{"color":"CT_CSS_SKIP_RULEDEFAULT"},"hover":{"color":"CT_CSS_SKIP_RULEDEFAULT"}},"page_meta_button_type_background_colors":{"default":{"color":"CT_CSS_SKIP_RULEDEFAULT"},"hover":{"color":"CT_CSS_SKIP_RULEDEFAULT"}},"pageExcerptFont":{"family":"Default","variation":"Default","size":"CT_CSS_SKIP_RULE","line-height":"CT_CSS_SKIP_RULE","letter-spacing":"CT_CSS_SKIP_RULE","text-transform":"CT_CSS_SKIP_RULE","text-decoration":"CT_CSS_SKIP_RULE"},"pageExcerptColor":{"default":{"color":"CT_CSS_SKIP_RULEDEFAULT"}},"breadcrumbsFont":{"family":"Default","variation":"Default","size":"CT_CSS_SKIP_RULE","line-height":"CT_CSS_SKIP_RULE","letter-spacing":"CT_CSS_SKIP_RULE","text-transform":"CT_CSS_SKIP_RULE","text-decoration":"CT_CSS_SKIP_RULE"},"breadcrumbsFontColor":{"default":{"color":"CT_CSS_SKIP_RULEDEFAULT"},"initial":{"color":"CT_CSS_SKIP_RULEDEFAULT"},"hover":{"color":"CT_CSS_SKIP_RULEDEFAULT"}},"pageTitleOverlay":{"background_type":"color","background_pattern":"type-1","background_image":{"attachment_id":null,"x":0,"y":0},"gradient":"linear-gradient(135deg,rgba(6,147,227,1) 0%,rgb(155,81,224) 100%)","background_repeat":"repeat","background_size":"auto","background_attachment":"scroll","patternColor":{"default":{"color":"#e5e7ea"}},"overlayColor":{"default":{"color":"CT_CSS_SKIP_RULE"}},"backgroundColor":{"default":{"color":"CT_CSS_SKIP_RULE"}}},"pageTitleBackground":{"background_type":"color","background_pattern":"type-1","background_image":{"attachment_id":null,"x":0,"y":0},"gradient":"linear-gradient(135deg,rgba(6,147,227,1) 0%,rgb(155,81,224) 100%)","background_repeat":"repeat","background_size":"auto","background_attachment":"scroll","patternColor":{"default":{"color":"#e5e7ea"}},"overlayColor":{"default":{"color":"CT_CSS_SKIP_RULE"}},"backgroundColor":{"default":{"color":"var(--theme-palette-color-6)"}}},"pageTitlePadding":{"top":"50px","bottom":"50px","left":"auto","right":"auto","linked":true},"12e455f30de1d15aed0effbbb6f951bf":"","page_structure_type":"default","f474d2f3ad69b4e64f52dac0a3aa2bb2":"","content_style_source":"inherit","content_style":"wide","vertical_spacing_source":"custom","content_area_spacing":"none","background":{"background_type":"color","background_pattern":"type-1","background_image":{"attachment_id":null,"x":0,"y":0},"gradient":"linear-gradient(135deg,rgba(6,147,227,1) 0%,rgb(155,81,224) 100%)","background_repeat":"repeat","background_size":"auto","background_attachment":"scroll","patternColor":{"default":{"color":"#e5e7ea"}},"overlayColor":{"default":{"color":"CT_CSS_SKIP_RULE"}},"backgroundColor":{"default":{"color":"CT_CSS_SKIP_RULE"}}},"content_background":{"background_type":"color","background_pattern":"type-1","background_image":{"attachment_id":null,"x":0,"y":0},"gradient":"linear-gradient(135deg,rgba(6,147,227,1) 0%,rgb(155,81,224) 100%)","background_repeat":"repeat","background_size":"auto","background_attachment":"scroll","patternColor":{"default":{"color":"#e5e7ea"}},"overlayColor":{"default":{"color":"CT_CSS_SKIP_RULE"}},"backgroundColor":{"default":{"color":"var(--theme-palette-color-8)"}}},"content_boxed_shadow":{"inherit":false,"blur":18,"spread":-6,"v_offset":12,"h_offset":0,"inset":false,"enable":true,"color":{"color":"rgba(34, 56, 101, 0.04)"}},"content_boxed_border":{"width":1,"style":"none","color":{"color":"rgba(44,62,80,0.2)"}},"content_boxed_radius":{"top":"3px","bottom":"3px","left":"3px","right":"3px","linked":true},"boxed_content_spacing":{"desktop":{"top":"40px","bottom":"40px","left":"40px","right":"40px","linked":true},"tablet":{"top":"35px","bottom":"35px","left":"35px","right":"35px","linked":true},"mobile":{"top":"20px","bottom":"20px","left":"20px","right":"20px","linked":true}},"fca9f1d1c7aa58a4b21dd78357f6373e":"","disable_featured_image":"no","disable_share_box":"no","disable_header":"no","disable_footer":"no","styles_descriptor":{"styles":{"desktop":"","tablet":"","mobile":""},"google_fonts":[],"version":6}},"_links":{"self":[{"href":"http:\/\/proreitoria.uea.edu.br\/propesp\/index.php\/wp-json\/wp\/v2\/pages\/765","targetHints":{"allow":["GET"]}}],"collection":[{"href":"http:\/\/proreitoria.uea.edu.br\/propesp\/index.php\/wp-json\/wp\/v2\/pages"}],"about":[{"href":"http:\/\/proreitoria.uea.edu.br\/propesp\/index.php\/wp-json\/wp\/v2\/types\/page"}],"author":[{"embeddable":true,"href":"http:\/\/proreitoria.uea.edu.br\/propesp\/index.php\/wp-json\/wp\/v2\/users\/1"}],"replies":[{"embeddable":true,"href":"http:\/\/proreitoria.uea.edu.br\/propesp\/index.php\/wp-json\/wp\/v2\/comments?post=765"}],"version-history":[{"count":6,"href":"http:\/\/proreitoria.uea.edu.br\/propesp\/index.php\/wp-json\/wp\/v2\/pages\/765\/revisions"}],"predecessor-version":[{"id":2425,"href":"http:\/\/proreitoria.uea.edu.br\/propesp\/index.php\/wp-json\/wp\/v2\/pages\/765\/revisions\/2425"}],"wp:attachment":[{"href":"http:\/\/proreitoria.uea.edu.br\/propesp\/index.php\/wp-json\/wp\/v2\/media?parent=765"}],"curies":[{"name":"wp","href":"https:\/\/api.w.org\/{rel}","templated":true}]}}