{"id":752,"date":"2025-05-21T14:06:41","date_gmt":"2025-05-21T18:06:41","guid":{"rendered":"https:\/\/proreitoria.uea.edu.br\/propesp\/?page_id=752"},"modified":"2026-04-08T08:19:58","modified_gmt":"2026-04-08T12:19:58","slug":"programa-de-assessoria-tecnica-a-pos-graduacao-e-a-pesquisa-proatec","status":"publish","type":"page","link":"http:\/\/proreitoria.uea.edu.br\/propesp\/index.php\/programa-de-assessoria-tecnica-a-pos-graduacao-e-a-pesquisa-proatec\/","title":{"rendered":"Programa de Assessoria T\u00e9cnica \u00e0 P\u00f3s-Gradua\u00e7\u00e3o e \u00e0 Pesquisa (PROATEC)"},"content":{"rendered":"\n<div class=\"wp-block-stackable-columns alignfull stk-block-columns stk-block stk-51b2b12 stk-block-background stk--has-background-overlay\" data-block-id=\"51b2b12\"><style>.stk-51b2b12 .stk--block-align-51b2b12{align-items:center !important;}.stk-51b2b12 {background-image:url(http:\/\/proreitoria.uea.edu.br\/propesp\/wp-content\/uploads\/2025\/11\/bg_propesp2.png) !important;background-position:bottom center !important;background-repeat:no-repeat !important;background-size:cover !important;padding-top:300px !important;padding-bottom:200px !important;margin-bottom:0px !important;}.stk-51b2b12-column{--stk-column-gap:35px !important;row-gap:35px !important;}@media screen and (max-width:999px){.stk-51b2b12 {background-image:url(http:\/\/proreitoria.uea.edu.br\/propesp\/wp-content\/uploads\/2025\/11\/bg_propesp_tablet.png) !important;padding-top:250px !important;padding-bottom:150px !important;}}@media screen and (max-width:689px){.stk-51b2b12 {background-image:url(http:\/\/proreitoria.uea.edu.br\/propesp\/wp-content\/uploads\/2025\/11\/propesp_mobile_BG.png) !important;padding-top:150px !important;padding-bottom:100px !important;}}<\/style><div class=\"stk-row stk-inner-blocks stk--block-align-51b2b12 stk-block-content stk-content-align stk-51b2b12-column\">\n<div class=\"wp-block-stackable-column stk-block-column stk-column stk-block stk-5a49b27\" data-v=\"4\" data-block-id=\"5a49b27\"><div class=\"stk-column-wrapper stk-block-column__content stk-container stk-5a49b27-container stk--no-background stk--no-padding\"><div class=\"stk-block-content stk-inner-blocks stk-5a49b27-inner-blocks\">\n<div class=\"wp-block-stackable-heading stk-block-heading stk-block-heading--v2 stk-block stk-de45349\" id=\"programa-de-assessoria-tecnica-br-a-pos-graduacao-proatec\" data-block-id=\"de45349\"><style>.stk-de45349 .stk-block-heading__text{font-size:42px !important;color:var(--theme-palette-color-7, #FBFBFC) !important;line-height:58px !important;font-weight:700 !important;font-family:\"Roboto\", Sans-serif !important;}@media screen and (max-width:999px){.stk-de45349 .stk-block-heading__text{font-size:42px !important;}}<\/style><h2 class=\"stk-block-heading__text has-text-color has-text-align-center\">Programa de Assessoria T\u00e9cnica <br>\u00e0 P\u00f3s-Gradua\u00e7\u00e3o  (PROATEC)<\/h2><\/div>\n<\/div><\/div><\/div>\n<\/div><\/div>\n\n\n\n<div class=\"wp-block-stackable-spacer stk-block-spacer stk--no-padding stk-block stk-e8f7906\" data-block-id=\"e8f7906\"><style>.stk-e8f7906 {height:130px !important;}<\/style><\/div>\n\n\n\n<div class=\"wp-block-stackable-columns alignfull stk-block-columns stk-block stk-23aa5c0 stk-block-background\" data-block-id=\"23aa5c0\"><style>.stk-23aa5c0 {background-color:#ffffff !important;overflow:hidden !important;margin-bottom:0px !important;}.stk-23aa5c0:hover{background-color:#ffffff !important;}.stk-23aa5c0:before{background-color:#ffffff !important;}.stk-23aa5c0:hover:before{background-color:#ffffff !important;}<\/style><div class=\"stk-row stk-inner-blocks stk-block-content stk-content-align stk-23aa5c0-column alignfull\">\n<div class=\"wp-block-stackable-column stk-block-column stk-column stk-block stk-03a110b\" data-v=\"4\" data-block-id=\"03a110b\"><style>.stk-03a110b-inner-blocks{align-items:flex-start !important;}.stk-03a110b-container{overflow:hidden !important;box-shadow:none !important;max-width:70% !important;min-width:auto !important;padding-top:0px !important;padding-right:0px !important;padding-bottom:0px !important;padding-left:0px !important;margin-right:auto !important;margin-left:auto !important;}@media screen and (max-width:999px){.stk-03a110b-container{max-width:100% !important;min-width:auto !important;}}@media screen and (max-width:689px){.stk-03a110b-container{max-width:100% !important;min-width:auto !important;}}<\/style><div class=\"stk-column-wrapper stk-block-column__content stk-container stk-03a110b-container stk-hover-parent\"><div class=\"stk--column-flex stk-block-content stk-inner-blocks stk-03a110b-inner-blocks\">\n<div class=\"wp-block-stackable-spacer stk-block-spacer stk--no-padding stk-block stk-c4cd72a\" data-block-id=\"c4cd72a\"><style>.stk-c4cd72a {height:30px !important;}<\/style><\/div>\n\n\n\n<div class=\"wp-block-stackable-text stk-block-text stk-block stk-410be67\" data-block-id=\"410be67\"><style>.stk-410be67 .stk-block-text__text{font-size:30px !important;font-weight:800 !important;font-family:system-ui, sans-serif !important;}@media screen and (max-width:999px){.stk-410be67 .stk-block-text__text{font-size:30px !important;}}@media screen and (max-width:689px){.stk-410be67 .stk-block-text__text{font-size:25px !important;}}<\/style><p class=\"stk-block-text__text\">CHAMADA 2023 &#8211; (Encerrado)<\/p><\/div>\n\n\n\n<p><a href=\"https:\/\/propesp.uea.edu.br\/wp-content\/uploads\/sites\/6\/2023\/09\/CHAMADA-INTERNA-PROATEC.pdf\">CHAMADA INTERNA N\u00b0 004\/2023-PROPESP\/UEA<\/a><\/p>\n\n\n\n<p><a href=\"https:\/\/propesp.uea.edu.br\/wp-content\/uploads\/sites\/6\/2023\/09\/ANEXO-I-FORMULA%CC%81RIO-PROATEC-1.docx\">ANEXO I \u2013 FORMUL\u00c1RIO PARA APRESENTA\u00c7\u00c3O DE PROPOSTA<\/a><\/p>\n\n\n\n<div class=\"wp-block-stackable-text stk-block-text stk-block stk-d5546dd\" data-block-id=\"d5546dd\"><style>.stk-d5546dd .stk-block-text__text{font-size:30px !important;font-weight:800 !important;font-family:system-ui, sans-serif !important;}@media screen and (max-width:999px){.stk-d5546dd .stk-block-text__text{font-size:30px !important;}}@media screen and (max-width:689px){.stk-d5546dd .stk-block-text__text{font-size:25px !important;}}<\/style><p class=\"stk-block-text__text\">CHAMADA 2024\/01 &#8211; (Encerrado)<\/p><\/div>\n\n\n\n<p><a href=\"https:\/\/propesp.uea.edu.br\/wp-content\/uploads\/sites\/6\/2024\/02\/MEMO_N_030_2024_CPG_SS_UEA_EDITAL_DE_CHAMAMENTO_PUBLICO.pdf\" target=\"_blank\" rel=\"noreferrer noopener\">CHAMADA INTERNA N\u00b0 01\/2024 \u2013 GR\/UEA<\/a><\/p>\n\n\n\n<p><a rel=\"noreferrer noopener\" href=\"https:\/\/propesp.uea.edu.br\/wp-content\/uploads\/sites\/6\/2024\/02\/2.-ANEXO-I-FORMULA%CC%81RIO-PROATEC-2024.docx\" target=\"_blank\">ANEXO-I-FORMUL\u00c1RIO-PROATEC-2024<\/a><\/p>\n\n\n\n<p><a href=\"http:\/\/propesp.uea.edu.br\/wp-content\/uploads\/sites\/6\/2024\/10\/CHAMADA-PUBLICA-No-072024-1.pdf\" target=\"_blank\" rel=\"noreferrer noopener\">CHAMADA P\u00daBLICA N\u00ba 07\/2024 \u2013 GR\/UEA<\/a><\/p>\n\n\n\n<p><a rel=\"noreferrer noopener\" href=\"https:\/\/propesp.uea.edu.br\/wp-content\/uploads\/sites\/6\/2024\/02\/2.-ANEXO-I-FORMUL%C3%81RIO-PROATEC-2024.docx\" target=\"_blank\">AN<\/a><a rel=\"noreferrer noopener\" href=\"http:\/\/propesp.uea.edu.br\/wp-content\/uploads\/sites\/6\/2024\/10\/2.-ANEXO-I-FORMULA%CC%81RIO-PROATEC-2024.docx\" target=\"_blank\">EXO-I-FORMUL\u00c1RIO-PROATEC-2024<\/a><\/p>\n\n\n\n<div class=\"wp-block-stackable-text stk-block-text stk-block stk-98946fb\" data-block-id=\"98946fb\"><style>.stk-98946fb .stk-block-text__text{font-size:30px !important;font-weight:800 !important;font-family:system-ui, sans-serif !important;}@media screen and (max-width:999px){.stk-98946fb .stk-block-text__text{font-size:30px !important;}}@media screen and (max-width:689px){.stk-98946fb .stk-block-text__text{font-size:25px !important;}}<\/style><p class=\"stk-block-text__text\">CHAMADA 2025\/01 &#8211; (Encerrado)<\/p><\/div>\n\n\n\n<p><a rel=\"noreferrer noopener\" href=\"http:\/\/propesp.uea.edu.br\/wp-content\/uploads\/sites\/6\/2025\/02\/CHAMADA-INTERNA-N%C2%B0-012025-GRUEA-1-1.pdf\" target=\"_blank\">CHAMADA P\u00daBLICA N\u00ba 01\/2025 \u2013 GR\/UEA<\/a><\/p>\n\n\n\n<p><a href=\"http:\/\/propesp.uea.edu.br\/wp-content\/uploads\/sites\/6\/2025\/02\/2.-ANEXO-I-FORMULA%CC%81RIO-PROATEC-2025.docx\">ANEXO-I-FORMUL\u00c1RIO-PROATEC-2025<\/a><\/p>\n\n\n\n<p><a rel=\"noreferrer noopener\" href=\"https:\/\/propesp.uea.edu.br\/wp-content\/uploads\/sites\/6\/2024\/02\/2.-ANEXO-I-FORMUL%C3%81RIO-PROATEC-2024.docx\" target=\"_blank\">AN<\/a><a href=\"http:\/\/propesp.uea.edu.br\/wp-content\/uploads\/sites\/6\/2025\/02\/3.-ANEXO-II-PLANILHA-DE-MIGRACAO_MODELO.xlsx\" target=\"_blank\" rel=\"noreferrer noopener\">EXO-II- PLANILHA DE MIGRA\u00c7\u00c3O-PROATEC-202<\/a><a href=\"http:\/\/propesp.uea.edu.br\/wp-content\/uploads\/sites\/6\/2025\/02\/3.-ANEXO-II-PLANILHA-DE-MIGRACAO_MODELO.xlsx\">5<\/a><\/p>\n\n\n\n<p><a href=\"http:\/\/propesp.uea.edu.br\/wp-content\/uploads\/sites\/6\/2025\/02\/RESULTADO-FINAL-PROATEC.pdf\" target=\"_blank\" rel=\"noreferrer noopener\">RESULTADO FINAL<\/a><\/p>\n\n\n\n<div class=\"wp-block-stackable-text stk-block-text stk-block stk-4759800\" data-block-id=\"4759800\"><style>.stk-4759800 .stk-block-text__text{font-size:30px !important;font-weight:800 !important;font-family:system-ui, sans-serif !important;}@media screen and (max-width:999px){.stk-4759800 .stk-block-text__text{font-size:30px !important;}}@media screen and (max-width:689px){.stk-4759800 .stk-block-text__text{font-size:25px !important;}}<\/style><p class=\"stk-block-text__text\">CHAMADA 2025\/02 &#8211; (Encerrado)<\/p><\/div>\n\n\n\n<p style=\"font-size:clamp(14px, 0.875rem + ((1vw - 3.2px) * 0.234), 17px);\"><a href=\"https:\/\/selecao1.uea.edu.br\/xfiles\/data\/xselecao\/32071.pdf\" target=\"_blank\" rel=\"noreferrer noopener\">CHAMADA P\u00daBLICA N\u00ba 04\/2025 &#8211; GR\/UEA<\/a><br><br><a href=\"https:\/\/selecao1.uea.edu.br\/xfiles\/data\/xselecao\/32072.docx\">FORMUL\u00c1RIO PARA APRESENTA\u00c7\u00c3O DE PROPOSTA<\/a><br><br><a href=\"https:\/\/selecao1.uea.edu.br\/?dest=info&amp;selecao=13404#:~:text=ANEXO%20II%2D%20PLANILHA%20DE%20MIGRA%C3%87%C3%83O_MODELO\" target=\"_blank\" rel=\"noreferrer noopener\"> ANEXO II- PLANILHA DE MIGRA\u00c7\u00c3O_MODELO<\/a><br><br><a href=\"https:\/\/drive.google.com\/file\/d\/14pkwuEZz76D0hqKgI8DuHomzWDXgqLoO\/view?usp=sharing\" data-type=\"link\" data-id=\"https:\/\/drive.google.com\/file\/d\/14pkwuEZz76D0hqKgI8DuHomzWDXgqLoO\/view?usp=sharing\" target=\"_blank\" rel=\"noreferrer noopener\">ERRATA \u2013 CHAMADA P\u00daBLICA N\u00ba 04\/2025 \u2013 GR\/UEA<\/a><br><br><a href=\"https:\/\/drive.google.com\/file\/d\/1QLmi71IX3ZuMgOyrAyUgWLiKTAitISNu\/view?usp=sharing\" data-type=\"link\" data-id=\"https:\/\/drive.google.com\/file\/d\/1QLmi71IX3ZuMgOyrAyUgWLiKTAitISNu\/view?usp=sharing\" target=\"_blank\" rel=\"noreferrer noopener\">RESULTADO FINAL<\/a><\/p>\n\n\n\n<div class=\"wp-block-stackable-text stk-block-text stk-block stk-cc895be\" data-block-id=\"cc895be\"><style>.stk-cc895be .stk-block-text__text{font-size:30px !important;font-weight:800 !important;font-family:system-ui, sans-serif !important;}@media screen and (max-width:999px){.stk-cc895be .stk-block-text__text{font-size:30px !important;}}@media screen and (max-width:689px){.stk-cc895be .stk-block-text__text{font-size:25px !important;}}<\/style><p class=\"stk-block-text__text\">CHAMADA 2026\/01 &#8211; (Encerrado)<\/p><\/div>\n\n\n\n<p><a href=\"https:\/\/drive.google.com\/file\/d\/1z76Djvo_KwImn3OlayOy0nNrBOFWuXLv\/view?usp=sharing\">CHAMADA INTERNA N\u00b0 001\/2026 &#8211; GR\/UEA<\/a><\/p>\n\n\n\n<p><a href=\"https:\/\/docs.google.com\/document\/d\/1BUv2m5RLq8BWq9IJNK4Ga8Y0bNui_dHB\/edit?usp=sharing&amp;ouid=115938521928210683412&amp;rtpof=true&amp;sd=true\">ANEXO-I-FORMULA\u0301RIO PROATEC &#8211; 2026<\/a><\/p>\n\n\n\n<p><a href=\"https:\/\/docs.google.com\/spreadsheets\/d\/1-yeiKIFRbeNTDstvCX7n28Dh9S-JfgHp\/edit?usp=sharing&amp;ouid=115938521928210683412&amp;rtpof=true&amp;sd=true\">ANEXO II- PLANILHA DE MIGRA\u00c7\u00c3O<\/a><\/p>\n\n\n\n<p><a href=\"https:\/\/drive.google.com\/file\/d\/18I_JkYw8WQDH3hvpoX5Og_1jM_lExMVu\/view?usp=sharing\" data-type=\"link\" data-id=\"https:\/\/drive.google.com\/file\/d\/18I_JkYw8WQDH3hvpoX5Og_1jM_lExMVu\/view?usp=sharing\">ERRATA &#8211; CHAMADA INTERNA N\u00b0 001\/2026 \u2013 GR\/UEA <\/a><\/p>\n\n\n\n<p><a href=\"https:\/\/drive.google.com\/file\/d\/1sI3ijO53CJi2brv2B4xH3xOpHPCrZ6OA\/view?usp=drive_link\" data-type=\"link\" data-id=\"https:\/\/drive.google.com\/file\/d\/1sI3ijO53CJi2brv2B4xH3xOpHPCrZ6OA\/view?usp=drive_link\">RESULTADO FINAL<\/a><\/p>\n<\/div><\/div><\/div>\n<\/div><\/div>\n\n\n\n<div class=\"wp-block-stackable-spacer stk-block-spacer stk--no-padding stk-block stk-68e4103\" data-block-id=\"68e4103\"><style>.stk-68e4103 {height:130px !important;}<\/style><\/div>\n","protected":false},"excerpt":{"rendered":"<p>Programa de Assessoria T\u00e9cnica \u00e0 P\u00f3s-Gradua\u00e7\u00e3o (PROATEC) CHAMADA 2023 &#8211; (Encerrado) CHAMADA INTERNA N\u00b0 004\/2023-PROPESP\/UEA ANEXO I \u2013 FORMUL\u00c1RIO PARA APRESENTA\u00c7\u00c3O DE PROPOSTA CHAMADA 2024\/01 &#8211; (Encerrado) CHAMADA INTERNA N\u00b0 01\/2024 \u2013 GR\/UEA ANEXO-I-FORMUL\u00c1RIO-PROATEC-2024 CHAMADA P\u00daBLICA N\u00ba 07\/2024 \u2013 GR\/UEA ANEXO-I-FORMUL\u00c1RIO-PROATEC-2024 CHAMADA 2025\/01 &#8211; (Encerrado) CHAMADA P\u00daBLICA N\u00ba 01\/2025 \u2013 GR\/UEA ANEXO-I-FORMUL\u00c1RIO-PROATEC-2025 ANEXO-II- PLANILHA DE [&hellip;]<\/p>\n","protected":false},"author":1,"featured_media":0,"parent":0,"menu_order":0,"comment_status":"closed","ping_status":"closed","template":"","meta":{"footnotes":""},"class_list":["post-752","page","type-page","status-publish","hentry"],"blocksy_meta":{"page_title_panel":"","has_hero_section":"disabled","fe1c64ab89945cda534f4bb2d579ae1a":"","hero_section":"type-1","hero_elements":[{"id":"custom_title","enabled":true,"heading_tag":"h1","title":"Home"},{"id":"custom_description","enabled":true,"description_visibility":{"desktop":true,"tablet":true,"mobile":false}},{"id":"custom_meta","enabled":false,"meta_elements":[{"id":"author","enabled":true,"label":"By","has_author_avatar":"yes","avatar_size":25},{"id":"post_date","enabled":true,"label":"On","date_format_source":"default","date_format":"M j, Y"},{"id":"updated_date","enabled":false,"label":"On","date_format_source":"default","date_format":"M j, Y"},{"id":"categories","enabled":false,"label":"In","style":"simple"},{"id":"comments","enabled":true}],"page_meta_elements":{"joined":true,"articles_count":true,"comments":true}},{"id":"breadcrumbs","enabled":false}],"433b02732bec8d55ec282f00a9a700eb":"","hero_alignment1":"CT_CSS_SKIP_RULE","hero_margin":40,"hero_alignment2":"center","hero_vertical_alignment":"center","fdbb34d69d6afe2394c07d96c9ea0b60":"","hero_structure":"narrow","cb306aece5e91b9a44875e4a81075440":"","page_title_bg_type":"featured_image","custom_hero_background":{"attachment_id":null},"page_title_image_size":"full","parallax":{"desktop":false,"tablet":false,"mobile":false},"034bc954f3c533bc75ffdf62670c8395":"","hero_height":"250px","pageTitleFont":{"family":"Default","variation":"Default","size":"30px","line-height":"CT_CSS_SKIP_RULE","letter-spacing":"CT_CSS_SKIP_RULE","text-transform":"CT_CSS_SKIP_RULE","text-decoration":"CT_CSS_SKIP_RULE"},"pageTitleFontColor":{"default":{"color":"CT_CSS_SKIP_RULEDEFAULT"}},"pageMetaFont":{"family":"Default","variation":"n6","size":"12px","line-height":"1.3","letter-spacing":"CT_CSS_SKIP_RULE","text-transform":"uppercase","text-decoration":"CT_CSS_SKIP_RULE"},"pageMetaFontColor":{"default":{"color":"CT_CSS_SKIP_RULEDEFAULT"},"hover":{"color":"CT_CSS_SKIP_RULEDEFAULT"}},"page_meta_button_type_font_colors":{"default":{"color":"CT_CSS_SKIP_RULEDEFAULT"},"hover":{"color":"CT_CSS_SKIP_RULEDEFAULT"}},"page_meta_button_type_background_colors":{"default":{"color":"CT_CSS_SKIP_RULEDEFAULT"},"hover":{"color":"CT_CSS_SKIP_RULEDEFAULT"}},"pageExcerptFont":{"family":"Default","variation":"Default","size":"CT_CSS_SKIP_RULE","line-height":"CT_CSS_SKIP_RULE","letter-spacing":"CT_CSS_SKIP_RULE","text-transform":"CT_CSS_SKIP_RULE","text-decoration":"CT_CSS_SKIP_RULE"},"pageExcerptColor":{"default":{"color":"CT_CSS_SKIP_RULEDEFAULT"}},"breadcrumbsFont":{"family":"Default","variation":"Default","size":"CT_CSS_SKIP_RULE","line-height":"CT_CSS_SKIP_RULE","letter-spacing":"CT_CSS_SKIP_RULE","text-transform":"CT_CSS_SKIP_RULE","text-decoration":"CT_CSS_SKIP_RULE"},"breadcrumbsFontColor":{"default":{"color":"CT_CSS_SKIP_RULEDEFAULT"},"initial":{"color":"CT_CSS_SKIP_RULEDEFAULT"},"hover":{"color":"CT_CSS_SKIP_RULEDEFAULT"}},"pageTitleOverlay":{"background_type":"color","background_pattern":"type-1","background_image":{"attachment_id":null,"x":0,"y":0},"gradient":"linear-gradient(135deg,rgba(6,147,227,1) 0%,rgb(155,81,224) 100%)","background_repeat":"repeat","background_size":"auto","background_attachment":"scroll","patternColor":{"default":{"color":"#e5e7ea"}},"overlayColor":{"default":{"color":"CT_CSS_SKIP_RULE"}},"backgroundColor":{"default":{"color":"CT_CSS_SKIP_RULE"}}},"pageTitleBackground":{"background_type":"color","background_pattern":"type-1","background_image":{"attachment_id":null,"x":0,"y":0},"gradient":"linear-gradient(135deg,rgba(6,147,227,1) 0%,rgb(155,81,224) 100%)","background_repeat":"repeat","background_size":"auto","background_attachment":"scroll","patternColor":{"default":{"color":"#e5e7ea"}},"overlayColor":{"default":{"color":"CT_CSS_SKIP_RULE"}},"backgroundColor":{"default":{"color":"var(--theme-palette-color-6)"}}},"pageTitlePadding":{"top":"50px","bottom":"50px","left":"auto","right":"auto","linked":true},"12e455f30de1d15aed0effbbb6f951bf":"","page_structure_type":"default","f474d2f3ad69b4e64f52dac0a3aa2bb2":"","content_style_source":"inherit","content_style":"wide","vertical_spacing_source":"custom","content_area_spacing":"none","background":{"background_type":"color","background_pattern":"type-1","background_image":{"attachment_id":null,"x":0,"y":0},"gradient":"linear-gradient(135deg,rgba(6,147,227,1) 0%,rgb(155,81,224) 100%)","background_repeat":"repeat","background_size":"auto","background_attachment":"scroll","patternColor":{"default":{"color":"#e5e7ea"}},"overlayColor":{"default":{"color":"CT_CSS_SKIP_RULE"}},"backgroundColor":{"default":{"color":"CT_CSS_SKIP_RULE"}}},"content_background":{"background_type":"color","background_pattern":"type-1","background_image":{"attachment_id":null,"x":0,"y":0},"gradient":"linear-gradient(135deg,rgba(6,147,227,1) 0%,rgb(155,81,224) 100%)","background_repeat":"repeat","background_size":"auto","background_attachment":"scroll","patternColor":{"default":{"color":"#e5e7ea"}},"overlayColor":{"default":{"color":"CT_CSS_SKIP_RULE"}},"backgroundColor":{"default":{"color":"var(--theme-palette-color-8)"}}},"content_boxed_shadow":{"inherit":false,"blur":18,"spread":-6,"v_offset":12,"h_offset":0,"inset":false,"enable":true,"color":{"color":"rgba(34, 56, 101, 0.04)"}},"content_boxed_border":{"width":1,"style":"none","color":{"color":"rgba(44,62,80,0.2)"}},"content_boxed_radius":{"top":"3px","bottom":"3px","left":"3px","right":"3px","linked":true},"boxed_content_spacing":{"desktop":{"top":"40px","bottom":"40px","left":"40px","right":"40px","linked":true},"tablet":{"top":"35px","bottom":"35px","left":"35px","right":"35px","linked":true},"mobile":{"top":"20px","bottom":"20px","left":"20px","right":"20px","linked":true}},"fca9f1d1c7aa58a4b21dd78357f6373e":"","disable_featured_image":"no","disable_share_box":"no","disable_header":"no","disable_footer":"no","styles_descriptor":{"styles":{"desktop":"","tablet":"","mobile":""},"google_fonts":[],"version":6}},"_links":{"self":[{"href":"http:\/\/proreitoria.uea.edu.br\/propesp\/index.php\/wp-json\/wp\/v2\/pages\/752","targetHints":{"allow":["GET"]}}],"collection":[{"href":"http:\/\/proreitoria.uea.edu.br\/propesp\/index.php\/wp-json\/wp\/v2\/pages"}],"about":[{"href":"http:\/\/proreitoria.uea.edu.br\/propesp\/index.php\/wp-json\/wp\/v2\/types\/page"}],"author":[{"embeddable":true,"href":"http:\/\/proreitoria.uea.edu.br\/propesp\/index.php\/wp-json\/wp\/v2\/users\/1"}],"replies":[{"embeddable":true,"href":"http:\/\/proreitoria.uea.edu.br\/propesp\/index.php\/wp-json\/wp\/v2\/comments?post=752"}],"version-history":[{"count":31,"href":"http:\/\/proreitoria.uea.edu.br\/propesp\/index.php\/wp-json\/wp\/v2\/pages\/752\/revisions"}],"predecessor-version":[{"id":2696,"href":"http:\/\/proreitoria.uea.edu.br\/propesp\/index.php\/wp-json\/wp\/v2\/pages\/752\/revisions\/2696"}],"wp:attachment":[{"href":"http:\/\/proreitoria.uea.edu.br\/propesp\/index.php\/wp-json\/wp\/v2\/media?parent=752"}],"curies":[{"name":"wp","href":"https:\/\/api.w.org\/{rel}","templated":true}]}}