{"id":751,"date":"2025-05-21T14:06:41","date_gmt":"2025-05-21T18:06:41","guid":{"rendered":"https:\/\/proreitoria.uea.edu.br\/propesp\/?page_id=751"},"modified":"2026-02-04T15:17:32","modified_gmt":"2026-02-04T19:17:32","slug":"cppg","status":"publish","type":"page","link":"http:\/\/proreitoria.uea.edu.br\/propesp\/index.php\/cppg\/","title":{"rendered":"CPPG"},"content":{"rendered":"\n<div class=\"wp-block-stackable-columns alignfull stk-block-columns stk-block stk-51b2b12 stk-block-background stk--has-background-overlay\" data-block-id=\"51b2b12\"><style>.stk-51b2b12 .stk--block-align-51b2b12{align-items:center !important;}.stk-51b2b12 {background-color:transparent !important;background-image:url(http:\/\/proreitoria.uea.edu.br\/propesp\/wp-content\/uploads\/2025\/11\/bg_propesp2.png) !important;background-position:bottom center !important;background-repeat:no-repeat !important;background-size:cover !important;padding-top:300px !important;padding-bottom:200px !important;margin-bottom:0px !important;}.stk-51b2b12:before{opacity:0.5 !important;mix-blend-mode:darken !important;background-image:linear-gradient(90deg,  0%, rgba(0,0,0,0) 100%) !important;}@media screen and (max-width:999px){.stk-51b2b12 {background-image:url(http:\/\/proreitoria.uea.edu.br\/propesp\/wp-content\/uploads\/2025\/11\/bg_propesp_tablet.png) !important;padding-top:250px !important;padding-bottom:150px !important;}}@media screen and (max-width:689px){.stk-51b2b12 {background-image:url(http:\/\/proreitoria.uea.edu.br\/propesp\/wp-content\/uploads\/2025\/11\/propesp_mobile_BG.png) !important;padding-top:150px !important;padding-bottom:100px !important;}}<\/style><div class=\"stk-row stk-inner-blocks stk--block-align-51b2b12 stk-block-content stk-content-align stk-51b2b12-column\">\n<div class=\"wp-block-stackable-column stk-block-column stk-column stk-block stk-5a49b27\" data-v=\"4\" data-block-id=\"5a49b27\"><div class=\"stk-column-wrapper stk-block-column__content stk-container stk-5a49b27-container stk--no-background stk--no-padding\"><div class=\"stk-block-content stk-inner-blocks stk-5a49b27-inner-blocks\">\n<div class=\"wp-block-stackable-heading stk-block-heading stk-block-heading--v2 stk-block stk-de45349\" id=\"camara-de-pesquisa-e-pos-graduacao-cppg\" data-block-id=\"de45349\"><style>.stk-de45349 .stk-block-heading__text{font-size:42px !important;color:var(--theme-palette-color-7, #FBFBFC) !important;line-height:58px !important;font-weight:700 !important;font-family:\"Roboto\", Sans-serif !important;}@media screen and (max-width:999px){.stk-de45349 .stk-block-heading__text{font-size:42px !important;}}<\/style><h2 class=\"stk-block-heading__text has-text-color has-text-align-center\">C\u00e2mara de Pesquisa e P\u00f3s-Gradua\u00e7\u00e3o &#8211; CPPG<\/h2><\/div>\n<\/div><\/div><\/div>\n<\/div><\/div>\n\n\n\n<div class=\"wp-block-stackable-columns alignfull stk-block-columns stk-block stk-23aa5c0 stk-block-background\" data-block-id=\"23aa5c0\"><style>.stk-23aa5c0 {background-color:#ffffff !important;overflow:hidden !important;}.stk-23aa5c0:hover{background-color:#ffffff !important;}.stk-23aa5c0:before{background-color:#ffffff !important;}.stk-23aa5c0:hover:before{background-color:#ffffff !important;}<\/style><div class=\"stk-row stk-inner-blocks stk-block-content stk-content-align stk-23aa5c0-column alignfull\">\n<div class=\"wp-block-stackable-column stk-block-column stk-column stk-block stk-03a110b\" data-v=\"4\" data-block-id=\"03a110b\"><style>.stk-03a110b-inner-blocks{align-items:flex-start !important;}.stk-03a110b {padding-top:40px !important;}.stk-03a110b-container{overflow:hidden !important;box-shadow:none !important;max-width:60% !important;min-width:auto !important;padding-top:0px !important;padding-right:0px !important;padding-bottom:0px !important;padding-left:0px !important;margin-right:auto !important;margin-left:auto !important;}<\/style><div class=\"stk-column-wrapper stk-block-column__content stk-container stk-03a110b-container stk-hover-parent\"><div class=\"stk--column-flex stk-block-content stk-inner-blocks stk-03a110b-inner-blocks\">\n<div class=\"wp-block-stackable-spacer stk-block-spacer stk--no-padding stk-block stk-c4cd72a\" data-block-id=\"c4cd72a\"><style>.stk-c4cd72a {height:30px !important;}<\/style><\/div>\n\n\n\n<p><strong>Art. 7\u00ba<\/strong>&nbsp;\u2013 A C\u00e2mara de Pesquisa e P\u00f3s-Gradua\u00e7\u00e3o \u2013 CPPG possui fun\u00e7\u00e3o normativa e consultiva, na formula\u00e7\u00e3o e aperfei\u00e7oamento das Pol\u00edticas de Pesquisa e P\u00f3s-Gradua\u00e7\u00e3o e deliberativa, na operacionaliza\u00e7\u00e3o das atividades no \u00e2mbito da Pesquisa e do ensino de P\u00f3s-Gradua\u00e7\u00e3o, tendo a seguinte composi\u00e7\u00e3o:<\/p>\n\n\n\n<ul class=\"wp-block-list\">\n<li>O Pr\u00f3-Reitor de Pesquisa e P\u00f3s-Gradua\u00e7\u00e3o, como seu Presidente, com voto comum e de qualidade;<\/li>\n\n\n\n<li>O Coordenador de P\u00f3s-Gradua\u00e7\u00e3o da Pr\u00f3-Reitoria de Pesquisa e P\u00f3s-Gradua\u00e7\u00e3o, como seu Vice-Presidente;<\/li>\n\n\n\n<li>O Coordenador de Pesquisa da Pr\u00f3-Reitoria de Pesquisa e P\u00f3s-Gradua\u00e7\u00e3o;<\/li>\n\n\n\n<li>O Coordenador de Projetos Institucionais da Pr\u00f3-Reitoria de Pesquisa e P\u00f3s-gradua\u00e7\u00e3o;<\/li>\n\n\n\n<li>Todos os Coordenadores de Programas de P\u00f3s-Gradua\u00e7\u00e3o Stricto sensu;<\/li>\n\n\n\n<li>1 (um) representante l\u00edder de grupo de pesquisa de cada uma das grandes \u00e1reas de conhecimento do CNPQ, eleito por seus pares;<\/li>\n\n\n\n<li>1 (um) representante do corpo discente da p\u00f3s-gradua\u00e7\u00e3o, eleito por seus pares.<\/li>\n<\/ul>\n\n\n\n<p><strong>\u00a7 1\u00ba<\/strong>. A dura\u00e7\u00e3o do mandato do Presidente, do Vice-Presidente, do Coordenador de Pesquisa, Coordenador de Projetos Institucionais e dos Coordenadores de Programas de P\u00f3s-gradua\u00e7\u00e3o ser\u00e1 a de sua perman\u00eancia no respectivo cargo.<\/p>\n\n\n\n<p><strong>\u00a7 2\u00ba<\/strong>. A dura\u00e7\u00e3o do mandato dos demais membros ser\u00e1 de 1 (um) ano, permitida uma recondu\u00e7\u00e3o.<\/p>\n\n\n\n<p><strong>Art. 8\u00ba<\/strong>&nbsp;\u2013 Compete \u00e0 C\u00e2mara de Pesquisa e P\u00f3s-Gradua\u00e7\u00e3o<\/p>\n\n\n\n<ul class=\"wp-block-list\">\n<li>Elaborar, aprovar e alterar o seu pr\u00f3prio Regimento;<\/li>\n\n\n\n<li>Aprovar:\n<ul class=\"wp-block-list\">\n<li>As Diretrizes e Pol\u00edticas da Pesquisa e do Ensino de P\u00f3s-Gradua\u00e7\u00e3o;<\/li>\n\n\n\n<li>As normas complementares em mat\u00e9ria de Pesquisa e Ensino de P\u00f3s-Gradua\u00e7\u00e3o;<\/li>\n\n\n\n<li>As normas espec\u00edficas para concess\u00e3o de bolsas de Programas de Pesquisa e de Inicia\u00e7\u00e3o Cient\u00edfica e tecnol\u00f3gica observando os crit\u00e9rios das ag\u00eancias de fomento e em conformidade com a legisla\u00e7\u00e3o pertinente e com as diretrizes e pol\u00edticas superiores;<\/li>\n\n\n\n<li>Regulamento dos Programas de P\u00f3s-Gradua\u00e7\u00e3o Stricto sensu;<\/li>\n\n\n\n<li>O relat\u00f3rio anual da Pr\u00f3-Reitoria de Pesquisa e P\u00f3s-Gradua\u00e7\u00e3o.<\/li>\n<\/ul>\n<\/li>\n\n\n\n<li>Deliberar sobre:\n<ul class=\"wp-block-list\">\n<li>Propostas de cria\u00e7\u00e3o, agrega\u00e7\u00e3o, desmembramento, incorpora\u00e7\u00e3o ou fus\u00e3o e extin\u00e7\u00e3o de cursos e programas de P\u00f3s-Gradua\u00e7\u00e3o Lato sensu e Stricto sensu;<\/li>\n\n\n\n<li>Pedido de credenciamento e recredenciamento de docentes orientadores sem v\u00ednculo com a UEA;<\/li>\n\n\n\n<li>Relat\u00f3rios anuais dos cursos de p\u00f3s-gradua\u00e7\u00e3o desenvolvidos na Institui\u00e7\u00e3o.<\/li>\n<\/ul>\n<\/li>\n\n\n\n<li>Emitir parecer sobre:\n<ul class=\"wp-block-list\">\n<li>A pertin\u00eancia de conv\u00eanios, contratos, parcerias ou qualquer outro instrumento que venha a ser firmado com a UEA, referente \u00e0s a\u00e7\u00f5es de Pesquisa e ao Ensino de P\u00f3s-gradua\u00e7\u00e3o;<\/li>\n<\/ul>\n<\/li>\n\n\n\n<li>Deliberar sobre as Avalia\u00e7\u00f5es Institucionais e de Cursos da Universidade, propondo a\u00e7\u00f5es que no sentido de solucionar e\/ou minimizar os pontos fracos e de refor\u00e7ar os pontos fortes, em sua \u00e1rea de atua\u00e7\u00e3o;<\/li>\n\n\n\n<li>Deliberar ou emitir parecer sobre os processos que lhe forem distribu\u00eddos pelo Presidente do Conselho Universit\u00e1rio;<\/li>\n\n\n\n<li>Deliberar em grau de recurso em mat\u00e9rias de natureza acad\u00eamica e disciplinar, relacionadas \u00e0 Pesquisa e aos cursos de P\u00f3s-Gradua\u00e7\u00e3o;<\/li>\n<\/ul>\n\n\n\n<div class=\"wp-block-stackable-spacer stk-block-spacer stk--no-padding stk-block stk-508ca3a\" data-block-id=\"508ca3a\"><style>.stk-508ca3a {height:30px !important;}<\/style><\/div>\n<\/div><\/div><\/div>\n<\/div><\/div>\n\n\n\n<p><\/p>\n","protected":false},"excerpt":{"rendered":"<p>C\u00e2mara de Pesquisa e P\u00f3s-Gradua\u00e7\u00e3o &#8211; CPPG Art. 7\u00ba&nbsp;\u2013 A C\u00e2mara de Pesquisa e P\u00f3s-Gradua\u00e7\u00e3o \u2013 CPPG possui fun\u00e7\u00e3o normativa e consultiva, na formula\u00e7\u00e3o e aperfei\u00e7oamento das Pol\u00edticas de Pesquisa e P\u00f3s-Gradua\u00e7\u00e3o e deliberativa, na operacionaliza\u00e7\u00e3o das atividades no \u00e2mbito da Pesquisa e do ensino de P\u00f3s-Gradua\u00e7\u00e3o, tendo a seguinte composi\u00e7\u00e3o: \u00a7 1\u00ba. A dura\u00e7\u00e3o [&hellip;]<\/p>\n","protected":false},"author":1,"featured_media":0,"parent":0,"menu_order":0,"comment_status":"closed","ping_status":"closed","template":"","meta":{"footnotes":""},"class_list":["post-751","page","type-page","status-publish","hentry"],"blocksy_meta":{"page_title_panel":"","has_hero_section":"disabled","fe1c64ab89945cda534f4bb2d579ae1a":"","hero_section":"type-1","hero_elements":[{"id":"custom_title","enabled":true,"heading_tag":"h1","title":"Home"},{"id":"custom_description","enabled":true,"description_visibility":{"desktop":true,"tablet":true,"mobile":false}},{"id":"custom_meta","enabled":false,"meta_elements":[{"id":"author","enabled":true,"label":"By","has_author_avatar":"yes","avatar_size":25},{"id":"post_date","enabled":true,"label":"On","date_format_source":"default","date_format":"M j, Y"},{"id":"updated_date","enabled":false,"label":"On","date_format_source":"default","date_format":"M j, Y"},{"id":"categories","enabled":false,"label":"In","style":"simple"},{"id":"comments","enabled":true}],"page_meta_elements":{"joined":true,"articles_count":true,"comments":true}},{"id":"breadcrumbs","enabled":false}],"433b02732bec8d55ec282f00a9a700eb":"","hero_alignment1":"CT_CSS_SKIP_RULE","hero_margin":40,"hero_alignment2":"center","hero_vertical_alignment":"center","fdbb34d69d6afe2394c07d96c9ea0b60":"","hero_structure":"narrow","cb306aece5e91b9a44875e4a81075440":"","page_title_bg_type":"featured_image","custom_hero_background":{"attachment_id":null},"page_title_image_size":"full","parallax":{"desktop":false,"tablet":false,"mobile":false},"034bc954f3c533bc75ffdf62670c8395":"","hero_height":"250px","pageTitleFont":{"family":"Default","variation":"Default","size":"30px","line-height":"CT_CSS_SKIP_RULE","letter-spacing":"CT_CSS_SKIP_RULE","text-transform":"CT_CSS_SKIP_RULE","text-decoration":"CT_CSS_SKIP_RULE"},"pageTitleFontColor":{"default":{"color":"CT_CSS_SKIP_RULEDEFAULT"}},"pageMetaFont":{"family":"Default","variation":"n6","size":"12px","line-height":"1.3","letter-spacing":"CT_CSS_SKIP_RULE","text-transform":"uppercase","text-decoration":"CT_CSS_SKIP_RULE"},"pageMetaFontColor":{"default":{"color":"CT_CSS_SKIP_RULEDEFAULT"},"hover":{"color":"CT_CSS_SKIP_RULEDEFAULT"}},"page_meta_button_type_font_colors":{"default":{"color":"CT_CSS_SKIP_RULEDEFAULT"},"hover":{"color":"CT_CSS_SKIP_RULEDEFAULT"}},"page_meta_button_type_background_colors":{"default":{"color":"CT_CSS_SKIP_RULEDEFAULT"},"hover":{"color":"CT_CSS_SKIP_RULEDEFAULT"}},"pageExcerptFont":{"family":"Default","variation":"Default","size":"CT_CSS_SKIP_RULE","line-height":"CT_CSS_SKIP_RULE","letter-spacing":"CT_CSS_SKIP_RULE","text-transform":"CT_CSS_SKIP_RULE","text-decoration":"CT_CSS_SKIP_RULE"},"pageExcerptColor":{"default":{"color":"CT_CSS_SKIP_RULEDEFAULT"}},"breadcrumbsFont":{"family":"Default","variation":"Default","size":"CT_CSS_SKIP_RULE","line-height":"CT_CSS_SKIP_RULE","letter-spacing":"CT_CSS_SKIP_RULE","text-transform":"CT_CSS_SKIP_RULE","text-decoration":"CT_CSS_SKIP_RULE"},"breadcrumbsFontColor":{"default":{"color":"CT_CSS_SKIP_RULEDEFAULT"},"initial":{"color":"CT_CSS_SKIP_RULEDEFAULT"},"hover":{"color":"CT_CSS_SKIP_RULEDEFAULT"}},"pageTitleOverlay":{"background_type":"color","background_pattern":"type-1","background_image":{"attachment_id":null,"x":0,"y":0},"gradient":"linear-gradient(135deg,rgba(6,147,227,1) 0%,rgb(155,81,224) 100%)","background_repeat":"repeat","background_size":"auto","background_attachment":"scroll","patternColor":{"default":{"color":"#e5e7ea"}},"overlayColor":{"default":{"color":"CT_CSS_SKIP_RULE"}},"backgroundColor":{"default":{"color":"CT_CSS_SKIP_RULE"}}},"pageTitleBackground":{"background_type":"color","background_pattern":"type-1","background_image":{"attachment_id":null,"x":0,"y":0},"gradient":"linear-gradient(135deg,rgba(6,147,227,1) 0%,rgb(155,81,224) 100%)","background_repeat":"repeat","background_size":"auto","background_attachment":"scroll","patternColor":{"default":{"color":"#e5e7ea"}},"overlayColor":{"default":{"color":"CT_CSS_SKIP_RULE"}},"backgroundColor":{"default":{"color":"var(--theme-palette-color-6)"}}},"pageTitlePadding":{"top":"50px","bottom":"50px","left":"auto","right":"auto","linked":true},"12e455f30de1d15aed0effbbb6f951bf":"","page_structure_type":"default","f474d2f3ad69b4e64f52dac0a3aa2bb2":"","content_style_source":"inherit","content_style":"wide","vertical_spacing_source":"custom","content_area_spacing":"none","background":{"background_type":"color","background_pattern":"type-1","background_image":{"attachment_id":null,"x":0,"y":0},"gradient":"linear-gradient(135deg,rgba(6,147,227,1) 0%,rgb(155,81,224) 100%)","background_repeat":"repeat","background_size":"auto","background_attachment":"scroll","patternColor":{"default":{"color":"#e5e7ea"}},"overlayColor":{"default":{"color":"CT_CSS_SKIP_RULE"}},"backgroundColor":{"default":{"color":"CT_CSS_SKIP_RULE"}}},"content_background":{"background_type":"color","background_pattern":"type-1","background_image":{"attachment_id":null,"x":0,"y":0},"gradient":"linear-gradient(135deg,rgba(6,147,227,1) 0%,rgb(155,81,224) 100%)","background_repeat":"repeat","background_size":"auto","background_attachment":"scroll","patternColor":{"default":{"color":"#e5e7ea"}},"overlayColor":{"default":{"color":"CT_CSS_SKIP_RULE"}},"backgroundColor":{"default":{"color":"var(--theme-palette-color-8)"}}},"content_boxed_shadow":{"inherit":false,"blur":18,"spread":-6,"v_offset":12,"h_offset":0,"inset":false,"enable":true,"color":{"color":"rgba(34, 56, 101, 0.04)"}},"content_boxed_border":{"width":1,"style":"none","color":{"color":"rgba(44,62,80,0.2)"}},"content_boxed_radius":{"top":"3px","bottom":"3px","left":"3px","right":"3px","linked":true},"boxed_content_spacing":{"desktop":{"top":"40px","bottom":"40px","left":"40px","right":"40px","linked":true},"tablet":{"top":"35px","bottom":"35px","left":"35px","right":"35px","linked":true},"mobile":{"top":"20px","bottom":"20px","left":"20px","right":"20px","linked":true}},"fca9f1d1c7aa58a4b21dd78357f6373e":"","disable_featured_image":"no","disable_share_box":"no","disable_header":"no","disable_footer":"no","styles_descriptor":{"styles":{"desktop":"","tablet":"","mobile":""},"google_fonts":[],"version":6}},"_links":{"self":[{"href":"http:\/\/proreitoria.uea.edu.br\/propesp\/index.php\/wp-json\/wp\/v2\/pages\/751","targetHints":{"allow":["GET"]}}],"collection":[{"href":"http:\/\/proreitoria.uea.edu.br\/propesp\/index.php\/wp-json\/wp\/v2\/pages"}],"about":[{"href":"http:\/\/proreitoria.uea.edu.br\/propesp\/index.php\/wp-json\/wp\/v2\/types\/page"}],"author":[{"embeddable":true,"href":"http:\/\/proreitoria.uea.edu.br\/propesp\/index.php\/wp-json\/wp\/v2\/users\/1"}],"replies":[{"embeddable":true,"href":"http:\/\/proreitoria.uea.edu.br\/propesp\/index.php\/wp-json\/wp\/v2\/comments?post=751"}],"version-history":[{"count":6,"href":"http:\/\/proreitoria.uea.edu.br\/propesp\/index.php\/wp-json\/wp\/v2\/pages\/751\/revisions"}],"predecessor-version":[{"id":1920,"href":"http:\/\/proreitoria.uea.edu.br\/propesp\/index.php\/wp-json\/wp\/v2\/pages\/751\/revisions\/1920"}],"wp:attachment":[{"href":"http:\/\/proreitoria.uea.edu.br\/propesp\/index.php\/wp-json\/wp\/v2\/media?parent=751"}],"curies":[{"name":"wp","href":"https:\/\/api.w.org\/{rel}","templated":true}]}}