{"id":817,"date":"2025-07-22T09:05:17","date_gmt":"2025-07-22T13:05:17","guid":{"rendered":"https:\/\/proreitoria.uea.edu.br\/prograd\/?page_id=817"},"modified":"2026-03-11T09:56:50","modified_gmt":"2026-03-11T13:56:50","slug":"apresentacao-parfor","status":"publish","type":"page","link":"http:\/\/proreitoria.uea.edu.br\/prograd\/?page_id=817","title":{"rendered":"Apresenta\u00e7\u00e3o PARFOR"},"content":{"rendered":"\n<div class=\"wp-block-stackable-columns alignfull stk-block-columns stk-block stk-d5c3bca stk-block-background stk--has-background-overlay\" data-block-id=\"d5c3bca\"><style>.stk-d5c3bca .stk--block-align-d5c3bca{align-items:center !important;}.stk-d5c3bca {background-image:url(http:\/\/proreitoria.uea.edu.br\/prograd\/wp-content\/uploads\/2025\/12\/bg_prograd_desktop3.png) !important;padding-top:300px !important;padding-bottom:300px !important;margin-bottom:0px !important;}@media screen and (max-width:999px){.stk-d5c3bca {background-image:url(http:\/\/proreitoria.uea.edu.br\/prograd\/wp-content\/uploads\/2025\/12\/bg_prograd_tablet2.png) !important;}}@media screen and (max-width:689px){.stk-d5c3bca {background-image:url(http:\/\/proreitoria.uea.edu.br\/prograd\/wp-content\/uploads\/2025\/12\/bg_prograd_mobile.png) !important;}}<\/style><div class=\"stk-row stk-inner-blocks stk--block-align-d5c3bca stk-block-content stk-content-align stk-d5c3bca-column\">\n<div class=\"wp-block-stackable-column stk-block-column stk-column stk-block stk-3bd6c0e\" data-v=\"4\" data-block-id=\"3bd6c0e\"><div class=\"stk-column-wrapper stk-block-column__content stk-container stk-3bd6c0e-container stk--no-background stk--no-padding\"><div class=\"stk-block-content stk-inner-blocks stk-3bd6c0e-inner-blocks\">\n<div class=\"wp-block-stackable-heading stk-block-heading stk-block-heading--v2 stk-block stk-9812c3a\" id=\"apresentacao-parfor\" data-block-id=\"9812c3a\"><h2 class=\"stk-block-heading__text has-text-align-center\">Apresenta\u00e7\u00e3o PARFOR<\/h2><\/div>\n<\/div><\/div><\/div>\n<\/div><\/div>\n\n\n\n<div class=\"wp-block-stackable-spacer stk-block-spacer stk--no-padding stk-block stk-b26d358\" data-block-id=\"b26d358\"><style>.stk-b26d358 {height:140px !important;}<\/style><\/div>\n\n\n\n<div class=\"wp-block-stackable-image stk-block-image stk-block stk-ad15eea\" data-block-id=\"ad15eea\"><style>.stk-ad15eea {margin-bottom:56px !important;}.stk-ad15eea .stk-img-wrapper{width:616px !important;height:150px !important;}@media screen and (max-width:689px){.stk-ad15eea .stk-img-wrapper{width:100% !important;height:116px !important;}}<\/style><figure><span class=\"stk-img-wrapper stk-image--shape-stretch\"><img loading=\"lazy\" decoding=\"async\" class=\"stk-img wp-image-1249\" src=\"http:\/\/proreitoria.uea.edu.br\/prograd\/wp-content\/uploads\/2026\/02\/526045d8-6cb0-40b6-96ff-6e8083d02b6e.png\" width=\"706\" height=\"216\" srcset=\"http:\/\/proreitoria.uea.edu.br\/prograd\/wp-content\/uploads\/2026\/02\/526045d8-6cb0-40b6-96ff-6e8083d02b6e.png 706w, http:\/\/proreitoria.uea.edu.br\/prograd\/wp-content\/uploads\/2026\/02\/526045d8-6cb0-40b6-96ff-6e8083d02b6e-300x92.png 300w\" sizes=\"auto, (max-width: 706px) 100vw, 706px\" \/><\/span><\/figure><\/div>\n\n\n\n<p>O Plano Nacional de Forma\u00e7\u00e3o de Professores da Educa\u00e7\u00e3o B\u00e1sica \u00e9 um programa do Minist\u00e9rio da Educa\u00e7\u00e3o, implementado pela CAPES, que oferece cursos gratuitos de licenciatura, segunda licenciatura e forma\u00e7\u00e3o pedag\u00f3gica para professores em exerc\u00edcio nas redes p\u00fablicas de ensino.<\/p>\n\n\n\n<div class=\"wp-block-columns is-layout-flex wp-container-core-columns-is-layout-28f84493 wp-block-columns-is-layout-flex\">\n<div class=\"wp-block-column is-layout-flow wp-block-column-is-layout-flow\">\n<figure class=\"wp-block-image is-resized\"><img loading=\"lazy\" decoding=\"async\" width=\"273\" height=\"271\" src=\"http:\/\/proreitoria.uea.edu.br\/prograd\/wp-content\/uploads\/2025\/11\/MISSAO-PARFOR.png\" alt=\"\" class=\"wp-image-1082\" style=\"width:130px\" srcset=\"http:\/\/proreitoria.uea.edu.br\/prograd\/wp-content\/uploads\/2025\/11\/MISSAO-PARFOR.png 273w, http:\/\/proreitoria.uea.edu.br\/prograd\/wp-content\/uploads\/2025\/11\/MISSAO-PARFOR-150x150.png 150w\" sizes=\"auto, (max-width: 273px) 100vw, 273px\" \/><\/figure>\n\n\n\n<h2 class=\"wp-block-heading\"><strong>Miss\u00e3o<\/strong><\/h2>\n\n\n\n<p>Atrav\u00e9s do Plano Nacional de Forma\u00e7\u00e3o de Professores da Educa\u00e7\u00e3o B\u00e1sica (PARFOR) abrem-se oportunidades de forma\u00e7\u00e3o em cursos de licenciatura e em programas de segunda licenciatura, na modalidade presencial, exclusivas para educadores das redes p\u00fablicas que n\u00e3o possuem forma\u00e7\u00e3o superior na \u00e1rea em que atuam, conforme exig\u00eancia da Lei de Diretrizes e Bases da Educa\u00e7\u00e3o (LDB)<\/p>\n<\/div>\n\n\n\n<div class=\"wp-block-column is-layout-flow wp-block-column-is-layout-flow\">\n<figure class=\"wp-block-image is-resized\"><img loading=\"lazy\" decoding=\"async\" width=\"231\" height=\"256\" src=\"http:\/\/proreitoria.uea.edu.br\/prograd\/wp-content\/uploads\/2025\/11\/VALORES-PARFOR.png\" alt=\"\" class=\"wp-image-1084\" style=\"width:130px\"\/><\/figure>\n\n\n\n<h2 class=\"wp-block-heading\"><strong>Valores<\/strong><\/h2>\n\n\n\n<p>O Plano Nacional de Forma\u00e7\u00e3o de Professores da Educa\u00e7\u00e3o B\u00e1sica integra um conjunto de pol\u00edticas p\u00fablicas do governo federal em parceria com estados, munic\u00edpios e institui\u00e7\u00f5es de ensino superior para transformar o magist\u00e9rio, atrav\u00e9s da forma\u00e7\u00e3o profissional com qualidade e de forma gratuita.<\/p>\n<\/div>\n<\/div>\n\n\n\n<div class=\"wp-block-stackable-heading stk-block-heading stk-block-heading--v2 stk-block stk-9e81cc1\" id=\"strong-estrutura-strong\" data-block-id=\"9e81cc1\"><h2 class=\"stk-block-heading__text\"><strong>Estrutura<\/strong><\/h2><\/div>\n\n\n\n<p>Acesse<\/p>\n\n\n\n<figure class=\"wp-block-image size-full is-resized\"><img loading=\"lazy\" decoding=\"async\" width=\"367\" height=\"108\" src=\"http:\/\/proreitoria.uea.edu.br\/prograd\/wp-content\/uploads\/2026\/02\/image.png\" alt=\"\" class=\"wp-image-1261\" style=\"width:173px;height:auto\" srcset=\"http:\/\/proreitoria.uea.edu.br\/prograd\/wp-content\/uploads\/2026\/02\/image.png 367w, http:\/\/proreitoria.uea.edu.br\/prograd\/wp-content\/uploads\/2026\/02\/image-300x88.png 300w\" sizes=\"auto, (max-width: 367px) 100vw, 367px\" \/><\/figure>\n\n\n\n<figure class=\"wp-block-image size-full is-resized\"><img loading=\"lazy\" decoding=\"async\" width=\"369\" height=\"89\" src=\"http:\/\/proreitoria.uea.edu.br\/prograd\/wp-content\/uploads\/2026\/02\/image-1.png\" alt=\"\" class=\"wp-image-1262\" style=\"aspect-ratio:4.147486033519553;width:182px;height:auto\" srcset=\"http:\/\/proreitoria.uea.edu.br\/prograd\/wp-content\/uploads\/2026\/02\/image-1.png 369w, http:\/\/proreitoria.uea.edu.br\/prograd\/wp-content\/uploads\/2026\/02\/image-1-300x72.png 300w\" sizes=\"auto, (max-width: 369px) 100vw, 369px\" \/><\/figure>\n\n\n\n<figure class=\"wp-block-image size-full is-resized\"><img loading=\"lazy\" decoding=\"async\" width=\"369\" height=\"110\" src=\"http:\/\/proreitoria.uea.edu.br\/prograd\/wp-content\/uploads\/2026\/02\/image-2.png\" alt=\"\" class=\"wp-image-1263\" style=\"aspect-ratio:3.355151515151515;width:181px;height:auto\" srcset=\"http:\/\/proreitoria.uea.edu.br\/prograd\/wp-content\/uploads\/2026\/02\/image-2.png 369w, http:\/\/proreitoria.uea.edu.br\/prograd\/wp-content\/uploads\/2026\/02\/image-2-300x89.png 300w\" sizes=\"auto, (max-width: 369px) 100vw, 369px\" \/><\/figure>\n\n\n\n<figure class=\"wp-block-image size-full is-resized\"><img loading=\"lazy\" decoding=\"async\" width=\"374\" height=\"89\" src=\"http:\/\/proreitoria.uea.edu.br\/prograd\/wp-content\/uploads\/2026\/02\/image-3.png\" alt=\"\" class=\"wp-image-1264\" style=\"aspect-ratio:4.2034927866362946;width:185px;height:auto\" srcset=\"http:\/\/proreitoria.uea.edu.br\/prograd\/wp-content\/uploads\/2026\/02\/image-3.png 374w, http:\/\/proreitoria.uea.edu.br\/prograd\/wp-content\/uploads\/2026\/02\/image-3-300x71.png 300w\" sizes=\"auto, (max-width: 374px) 100vw, 374px\" \/><\/figure>\n\n\n\n<figure class=\"wp-block-image is-resized\"><a href=\"https:\/\/prograd.uea.edu.br\/publicacoes-parfor\/\"><img decoding=\"async\" src=\"https:\/\/prograd.uea.edu.br\/wp-content\/uploads\/sites\/4\/2023\/03\/publicacoes.png\" alt=\"publicacoes-parfor\" class=\"wp-image-767\" style=\"aspect-ratio:4.194756554307116;width:189px;height:auto\"\/><\/a><\/figure>\n\n\n\n<p><strong>Contato<\/strong><\/p>\n\n\n\n<figure class=\"wp-block-image is-resized\"><a href=\"https:\/\/wa.me\/5592984760563?text=Ol%C3%A1+PARFOR%2FUEA%2C+gostaria+de+...\"><img decoding=\"async\" src=\"https:\/\/prograd.uea.edu.br\/wp-content\/uploads\/sites\/4\/2023\/03\/WPP-2.png\" alt=\"link-wpp\" class=\"wp-image-778\" style=\"aspect-ratio:3.3244817144188215;width:226px;height:auto\"\/><\/a><\/figure>\n\n\n\n<figure class=\"wp-block-image size-full is-resized\"><img loading=\"lazy\" decoding=\"async\" width=\"462\" height=\"139\" src=\"http:\/\/proreitoria.uea.edu.br\/prograd\/wp-content\/uploads\/2026\/02\/image-4.png\" alt=\"\" class=\"wp-image-1265\" style=\"width:227px;height:auto\" srcset=\"http:\/\/proreitoria.uea.edu.br\/prograd\/wp-content\/uploads\/2026\/02\/image-4.png 462w, http:\/\/proreitoria.uea.edu.br\/prograd\/wp-content\/uploads\/2026\/02\/image-4-300x90.png 300w\" sizes=\"auto, (max-width: 462px) 100vw, 462px\" \/><\/figure>\n\n\n\n<div class=\"wp-block-stackable-spacer stk-block-spacer stk--no-padding stk-block stk-631aa21\" data-block-id=\"631aa21\"><style>.stk-631aa21 {height:140px !important;}<\/style><\/div>\n","protected":false},"excerpt":{"rendered":"<p>Apresenta\u00e7\u00e3o PARFOR O Plano Nacional de Forma\u00e7\u00e3o de Professores da Educa\u00e7\u00e3o B\u00e1sica \u00e9 um programa do Minist\u00e9rio da Educa\u00e7\u00e3o, implementado pela CAPES, que oferece cursos gratuitos de licenciatura, segunda licenciatura e forma\u00e7\u00e3o pedag\u00f3gica para professores em exerc\u00edcio nas redes p\u00fablicas de ensino. Miss\u00e3o Atrav\u00e9s do Plano Nacional de Forma\u00e7\u00e3o de Professores da Educa\u00e7\u00e3o B\u00e1sica (PARFOR) [&hellip;]<\/p>\n","protected":false},"author":1,"featured_media":0,"parent":0,"menu_order":0,"comment_status":"closed","ping_status":"closed","template":"","meta":{"footnotes":""},"class_list":["post-817","page","type-page","status-publish","hentry"],"blocksy_meta":{"page_title_panel":"","has_hero_section":"disabled","fe1c64ab89945cda534f4bb2d579ae1a":"","hero_section":"type-1","hero_elements":[{"id":"custom_title","enabled":true,"heading_tag":"h1","title":"Home"},{"id":"custom_description","enabled":true,"description_visibility":{"desktop":true,"tablet":true,"mobile":false}},{"id":"custom_meta","enabled":false,"meta_elements":[{"id":"author","enabled":true,"label":"By","has_author_avatar":"yes","avatar_size":25},{"id":"post_date","enabled":true,"label":"On","date_format_source":"default","date_format":"M j, Y"},{"id":"updated_date","enabled":false,"label":"On","date_format_source":"default","date_format":"M j, Y"},{"id":"categories","enabled":false,"label":"In","style":"simple"},{"id":"comments","enabled":true}],"page_meta_elements":{"joined":true,"articles_count":true,"comments":true}},{"id":"breadcrumbs","enabled":false}],"433b02732bec8d55ec282f00a9a700eb":"","hero_alignment1":"CT_CSS_SKIP_RULE","hero_margin":40,"hero_alignment2":"center","hero_vertical_alignment":"center","fdbb34d69d6afe2394c07d96c9ea0b60":"","hero_structure":"narrow","cb306aece5e91b9a44875e4a81075440":"","page_title_bg_type":"featured_image","custom_hero_background":{"attachment_id":null},"page_title_image_size":"full","parallax":{"desktop":false,"tablet":false,"mobile":false},"034bc954f3c533bc75ffdf62670c8395":"","hero_height":"250px","pageTitleFont":{"family":"Default","variation":"Default","size":"30px","line-height":"CT_CSS_SKIP_RULE","letter-spacing":"CT_CSS_SKIP_RULE","text-transform":"CT_CSS_SKIP_RULE","text-decoration":"CT_CSS_SKIP_RULE"},"pageTitleFontColor":{"default":{"color":"CT_CSS_SKIP_RULEDEFAULT"}},"pageMetaFont":{"family":"Default","variation":"n6","size":"12px","line-height":"1.3","letter-spacing":"CT_CSS_SKIP_RULE","text-transform":"uppercase","text-decoration":"CT_CSS_SKIP_RULE"},"pageMetaFontColor":{"default":{"color":"CT_CSS_SKIP_RULEDEFAULT"},"hover":{"color":"CT_CSS_SKIP_RULEDEFAULT"}},"page_meta_button_type_font_colors":{"default":{"color":"CT_CSS_SKIP_RULEDEFAULT"},"hover":{"color":"CT_CSS_SKIP_RULEDEFAULT"}},"page_meta_button_type_background_colors":{"default":{"color":"CT_CSS_SKIP_RULEDEFAULT"},"hover":{"color":"CT_CSS_SKIP_RULEDEFAULT"}},"pageExcerptFont":{"family":"Default","variation":"Default","size":"CT_CSS_SKIP_RULE","line-height":"CT_CSS_SKIP_RULE","letter-spacing":"CT_CSS_SKIP_RULE","text-transform":"CT_CSS_SKIP_RULE","text-decoration":"CT_CSS_SKIP_RULE"},"pageExcerptColor":{"default":{"color":"CT_CSS_SKIP_RULEDEFAULT"}},"breadcrumbsFont":{"family":"Default","variation":"Default","size":"CT_CSS_SKIP_RULE","line-height":"CT_CSS_SKIP_RULE","letter-spacing":"CT_CSS_SKIP_RULE","text-transform":"CT_CSS_SKIP_RULE","text-decoration":"CT_CSS_SKIP_RULE"},"breadcrumbsFontColor":{"default":{"color":"CT_CSS_SKIP_RULEDEFAULT"},"initial":{"color":"CT_CSS_SKIP_RULEDEFAULT"},"hover":{"color":"CT_CSS_SKIP_RULEDEFAULT"}},"pageTitleOverlay":{"background_type":"color","background_pattern":"type-1","background_image":{"attachment_id":null,"x":0,"y":0},"gradient":"linear-gradient(135deg,rgba(6,147,227,1) 0%,rgb(155,81,224) 100%)","background_repeat":"repeat","background_size":"auto","background_attachment":"scroll","patternColor":{"default":{"color":"#e5e7ea"}},"overlayColor":{"default":{"color":"CT_CSS_SKIP_RULE"}},"backgroundColor":{"default":{"color":"CT_CSS_SKIP_RULE"}}},"pageTitleBackground":{"background_type":"color","background_pattern":"type-1","background_image":{"attachment_id":null,"x":0,"y":0},"gradient":"linear-gradient(135deg,rgba(6,147,227,1) 0%,rgb(155,81,224) 100%)","background_repeat":"repeat","background_size":"auto","background_attachment":"scroll","patternColor":{"default":{"color":"#e5e7ea"}},"overlayColor":{"default":{"color":"CT_CSS_SKIP_RULE"}},"backgroundColor":{"default":{"color":"var(--theme-palette-color-6)"}}},"pageTitlePadding":{"top":"50px","bottom":"50px","left":"auto","right":"auto","linked":true},"12e455f30de1d15aed0effbbb6f951bf":"","page_structure_type":"default","f474d2f3ad69b4e64f52dac0a3aa2bb2":"","content_style_source":"inherit","content_style":"wide","vertical_spacing_source":"custom","content_area_spacing":"none","background":{"background_type":"color","background_pattern":"type-1","background_image":{"attachment_id":null,"x":0,"y":0},"gradient":"linear-gradient(135deg,rgba(6,147,227,1) 0%,rgb(155,81,224) 100%)","background_repeat":"repeat","background_size":"auto","background_attachment":"scroll","patternColor":{"default":{"color":"#e5e7ea"}},"overlayColor":{"default":{"color":"CT_CSS_SKIP_RULE"}},"backgroundColor":{"default":{"color":"CT_CSS_SKIP_RULE"}}},"content_background":{"background_type":"color","background_pattern":"type-1","background_image":{"attachment_id":null,"x":0,"y":0},"gradient":"linear-gradient(135deg,rgba(6,147,227,1) 0%,rgb(155,81,224) 100%)","background_repeat":"repeat","background_size":"auto","background_attachment":"scroll","patternColor":{"default":{"color":"#e5e7ea"}},"overlayColor":{"default":{"color":"CT_CSS_SKIP_RULE"}},"backgroundColor":{"default":{"color":"var(--theme-palette-color-8)"}}},"content_boxed_shadow":{"inherit":false,"blur":18,"spread":-6,"v_offset":12,"h_offset":0,"inset":false,"enable":true,"color":{"color":"rgba(34, 56, 101, 0.04)"}},"content_boxed_border":{"width":1,"style":"none","color":{"color":"rgba(44,62,80,0.2)"}},"content_boxed_radius":{"top":"3px","bottom":"3px","left":"3px","right":"3px","linked":true},"boxed_content_spacing":{"desktop":{"top":"40px","bottom":"40px","left":"40px","right":"40px","linked":true},"tablet":{"top":"35px","bottom":"35px","left":"35px","right":"35px","linked":true},"mobile":{"top":"20px","bottom":"20px","left":"20px","right":"20px","linked":true}},"fca9f1d1c7aa58a4b21dd78357f6373e":"","disable_featured_image":"no","disable_share_box":"no","disable_header":"no","disable_footer":"no","styles_descriptor":{"styles":{"desktop":"","tablet":"","mobile":""},"google_fonts":[],"version":6}},"_links":{"self":[{"href":"http:\/\/proreitoria.uea.edu.br\/prograd\/index.php?rest_route=\/wp\/v2\/pages\/817","targetHints":{"allow":["GET"]}}],"collection":[{"href":"http:\/\/proreitoria.uea.edu.br\/prograd\/index.php?rest_route=\/wp\/v2\/pages"}],"about":[{"href":"http:\/\/proreitoria.uea.edu.br\/prograd\/index.php?rest_route=\/wp\/v2\/types\/page"}],"author":[{"embeddable":true,"href":"http:\/\/proreitoria.uea.edu.br\/prograd\/index.php?rest_route=\/wp\/v2\/users\/1"}],"replies":[{"embeddable":true,"href":"http:\/\/proreitoria.uea.edu.br\/prograd\/index.php?rest_route=%2Fwp%2Fv2%2Fcomments&post=817"}],"version-history":[{"count":27,"href":"http:\/\/proreitoria.uea.edu.br\/prograd\/index.php?rest_route=\/wp\/v2\/pages\/817\/revisions"}],"predecessor-version":[{"id":1347,"href":"http:\/\/proreitoria.uea.edu.br\/prograd\/index.php?rest_route=\/wp\/v2\/pages\/817\/revisions\/1347"}],"wp:attachment":[{"href":"http:\/\/proreitoria.uea.edu.br\/prograd\/index.php?rest_route=%2Fwp%2Fv2%2Fmedia&parent=817"}],"curies":[{"name":"wp","href":"https:\/\/api.w.org\/{rel}","templated":true}]}}