{"id":787,"date":"2025-07-22T08:22:06","date_gmt":"2025-07-22T12:22:06","guid":{"rendered":"https:\/\/proreitoria.uea.edu.br\/prograd\/?page_id=787"},"modified":"2026-02-25T10:55:34","modified_gmt":"2026-02-25T14:55:34","slug":"estrutura","status":"publish","type":"page","link":"http:\/\/proreitoria.uea.edu.br\/prograd\/?page_id=787","title":{"rendered":"Estrutura"},"content":{"rendered":"\n<div class=\"wp-block-stackable-columns alignfull stk-block-columns stk-block stk-d5c3bca stk-block-background stk--has-background-overlay\" data-block-id=\"d5c3bca\"><style>.stk-d5c3bca {background-image:url(http:\/\/proreitoria.uea.edu.br\/prograd\/wp-content\/uploads\/2025\/12\/bg_prograd_desktop3.png) !important;padding-top:300px !important;padding-bottom:300px !important;margin-bottom:0px !important;}.stk-d5c3bca-column{--stk-column-gap:35px !important;}@media screen and (max-width:999px){.stk-d5c3bca {background-image:url(http:\/\/proreitoria.uea.edu.br\/prograd\/wp-content\/uploads\/2025\/12\/bg_prograd_tablet2.png) !important;}}@media screen and (max-width:689px){.stk-d5c3bca {background-image:url(http:\/\/proreitoria.uea.edu.br\/prograd\/wp-content\/uploads\/2025\/12\/bg_prograd_mobile.png) !important;padding-top:150px !important;padding-bottom:150px !important;}}<\/style><div class=\"stk-row stk-inner-blocks stk-block-content stk-content-align stk-d5c3bca-column\">\n<div class=\"wp-block-stackable-column stk-block-column stk-column stk-block stk-3bd6c0e\" data-v=\"4\" data-block-id=\"3bd6c0e\"><div class=\"stk-column-wrapper stk-block-column__content stk-container stk-3bd6c0e-container stk--no-background stk--no-padding\"><div class=\"stk-block-content stk-inner-blocks stk-3bd6c0e-inner-blocks\">\n<div class=\"wp-block-stackable-heading stk-block-heading stk-block-heading--v2 stk-block stk-9812c3a\" id=\"span-style-color-ffffff-class-stk-highlight-estrutura-span\" data-block-id=\"9812c3a\"><h2 class=\"stk-block-heading__text has-text-align-center\"><span style=\"color: #ffffff;\" class=\"stk-highlight\">Estrutura<\/span><\/h2><\/div>\n<\/div><\/div><\/div>\n<\/div><\/div>\n\n\n\n<div class=\"wp-block-stackable-spacer stk-block-spacer stk--no-padding stk-block stk-8691166\" data-block-id=\"8691166\"><style>.stk-8691166 {height:50px !important;}<\/style><\/div>\n\n\n\n<div class=\"wp-block-stackable-heading stk-block-heading stk-block-heading--v2 stk-block stk-5504046\" id=\"span-style-color-022140-class-stk-highlight-estrutura-institucional-span\" data-block-id=\"5504046\"><style>.stk-5504046 {margin-bottom:26px !important;}<\/style><h2 class=\"stk-block-heading__text\"><span style=\"color: #022140;\" class=\"stk-highlight\">Estrutura Institucional<\/span><\/h2><\/div>\n\n\n\n<p><strong>C\u00e2mara de Ensino de Gradua\u00e7\u00e3o (CAEG)\u2013<\/strong>\u00a0 Inst\u00e2ncia colegiada respons\u00e1vel pela an\u00e1lise, delibera\u00e7\u00e3o e acompanhamento das mat\u00e9rias acad\u00eamicas relacionadas \u00e0 gradua\u00e7\u00e3o.<\/p>\n\n\n\n<p><strong>Coordena\u00e7\u00e3o de Pol\u00edticas para a Pessoa Surda (COPPS) \u2013&nbsp;<\/strong>A Coordena\u00e7\u00e3o de Pol\u00edticas para a Pessoa Surda (COPPS) \u00e9 parte integrante da Pr\u00f3-Reitoria de Ensino de Gradua\u00e7\u00e3o (PROGRAD) e tem como finalidade implementar pol\u00edticas lingu\u00edsticas que visam assegurar o acesso e perman\u00eancia de pessoas surdas na Universidade do Estado do Amazonas. A COPPS \u00e9 constitu\u00edda por um coordenador, secret\u00e1rio, tradutor\/int\u00e9rprete de Libras e um aluno bolsista.<\/p>\n\n\n\n<p><strong>Coordenadoria Geral de Qualidade de Ensino<\/strong> (<strong>CGQE)<\/strong>\u00a0\u2013 Atua no acompanhamento, na avalia\u00e7\u00e3o e no fortalecimento da qualidade dos cursos de gradua\u00e7\u00e3o.<\/p>\n\n\n\n<p><strong>Coordena\u00e7\u00e3o de Gest\u00e3o e Desenvolvimento do Ensino de Gradua\u00e7\u00e3o (CGDEG)<\/strong> \u2013Respons\u00e1vel pela gest\u00e3o acad\u00eamica dos cursos e pelo apoio ao desenvolvimento pedag\u00f3gico institucional.<\/p>\n\n\n\n<p><strong>Coordenadoria de Legisla\u00e7\u00e3o e Normas<\/strong>\u00a0\u2013 Assessora a Pr\u00f3-Reitoria de Ensino de Gradua\u00e7\u00e3o, por meio de an\u00e1lise de aspectos legais e de orienta\u00e7\u00e3o jur\u00eddica, as normas internas do ensino e as demandas referentes \u00e0 execu\u00e7\u00e3o das respectivas atividades.<\/p>\n\n\n\n<p><strong>Coordenadoria de Programas Acad\u00eamicos(CPAC)<\/strong> \u2013 Coordena e acompanha programas acad\u00eamicos e iniciativas institucionais voltadas ao fortalecimento da gradua\u00e7\u00e3o.<\/p>\n\n\n\n<p><strong>N\u00facleo de Educa\u00e7\u00e3o a Dist\u00e2ncia (NEAD)<\/strong>: Respons\u00e1vel pela articula\u00e7\u00e3o, gest\u00e3o e acompanhamento das a\u00e7\u00f5es de educa\u00e7\u00e3o a dist\u00e2ncia no \u00e2mbito institucional da UEA.<\/p>\n\n\n\n<p><strong>Secretaria Acad\u00eamica Geral(SAG)<\/strong> &#8211; realiza o registro e o controle acad\u00eamico por meio da matr\u00edcula institucional e curricular, do aproveitamento e do trancamento de disciplina, do rendimento escolar, das transfer\u00eancias, de desligamentos, de desist\u00eancias, da Cola\u00e7\u00e3o de Grau e da expedi\u00e7\u00e3o de revalida\u00e7\u00e3o de diploma.<\/p>\n\n\n\n<p><strong>Biblioteca Central:\u00a0<\/strong>Organiza, preserva e dissemina a informa\u00e7\u00e3o para a produ\u00e7\u00e3o do conhecimento, oferecendo suporte \u00e0s atividades educacionais, cient\u00edficas, tecnol\u00f3gicas e culturais, possibilitando o crescimento e o desenvolvimento da Institui\u00e7\u00e3o e da sociedade.<\/p>\n\n\n\n<p><strong>Policl\u00ednica Odontol\u00f3gica da UEA<\/strong>: oferece campo para a realiza\u00e7\u00e3o do ensino, da pesquisa, da extens\u00e3o e da pr\u00e1tica de est\u00e1gio vinculada \u00e0s atividades essenciais \u00e0 forma\u00e7\u00e3o dos discentes do curso de Odontologia da UEA.<\/p>\n\n\n\n<h2 class=\"wp-block-heading\">Pol\u00edticas que orientam o ensino de gradua\u00e7\u00e3o<\/h2>\n\n\n\n<p>A PROGRAD atua como inst\u00e2ncia estrat\u00e9gica de formula\u00e7\u00e3o, articula\u00e7\u00e3o e acompanhamento das pol\u00edticas institucionais do ensino de gradua\u00e7\u00e3o da UEA, assegurando coer\u00eancia, qualidade e sentido \u00e0s a\u00e7\u00f5es acad\u00eamicas.<\/p>\n\n\n\n<ul class=\"wp-block-list\">\n<li><strong>Ensino de Gradua\u00e7\u00e3o<\/strong> &#8211; Define princ\u00edpios, diretrizes e concep\u00e7\u00f5es que fundamentam a forma\u00e7\u00e3o universit\u00e1ria.<\/li>\n\n\n\n<li><strong>Acesso \u00e0 Gradua\u00e7\u00e3o<\/strong> &#8211; Assegura condi\u00e7\u00f5es democr\u00e1ticas de ingresso, com aten\u00e7\u00e3o \u00e0 equidade e \u00e0 diversidade.<\/li>\n\n\n\n<li><strong>Perman\u00eancia Acad\u00eamica<\/strong> &#8211; Orienta a\u00e7\u00f5es de acompanhamento, acolhimento e fortalecimento da trajet\u00f3ria estudantil.<\/li>\n\n\n\n<li><strong>Inclus\u00e3o e Acessibilidade<\/strong> &#8211; Garante condi\u00e7\u00f5es de participa\u00e7\u00e3o plena e atendimento educacional inclusivo.<\/li>\n\n\n\n<li><strong>Responsabilidade Social e Educa\u00e7\u00e3o Inclusiva<\/strong> &#8211; Articula o ensino ao compromisso social e \u00e0 valoriza\u00e7\u00e3o da diversidade sociocultural.<\/li>\n\n\n\n<li><strong>Avalia\u00e7\u00e3o e Qualidade do Ensino<\/strong> &#8211; Sustenta processos cont\u00ednuos de acompanhamento, reflex\u00e3o e aprimoramento dos cursos.<\/li>\n\n\n\n<li><strong>Forma\u00e7\u00e3o Docente<\/strong> &#8211; Valoriza o desenvolvimento pedag\u00f3gico e a inova\u00e7\u00e3o nas pr\u00e1ticas docentes.<\/li>\n\n\n\n<li><strong>Educa\u00e7\u00e3o a Dist\u00e2ncia<\/strong> &#8211; Orienta a oferta e o acompanhamento acad\u00eamico da modalidade a dist\u00e2ncia no \u00e2mbito institucional.<\/li>\n<\/ul>\n\n\n\n<p><\/p>\n","protected":false},"excerpt":{"rendered":"<p>Estrutura Estrutura Institucional C\u00e2mara de Ensino de Gradua\u00e7\u00e3o (CAEG)\u2013\u00a0 Inst\u00e2ncia colegiada respons\u00e1vel pela an\u00e1lise, delibera\u00e7\u00e3o e acompanhamento das mat\u00e9rias acad\u00eamicas relacionadas \u00e0 gradua\u00e7\u00e3o. Coordena\u00e7\u00e3o de Pol\u00edticas para a Pessoa Surda (COPPS) \u2013&nbsp;A Coordena\u00e7\u00e3o de Pol\u00edticas para a Pessoa Surda (COPPS) \u00e9 parte integrante da Pr\u00f3-Reitoria de Ensino de Gradua\u00e7\u00e3o (PROGRAD) e tem como finalidade implementar [&hellip;]<\/p>\n","protected":false},"author":1,"featured_media":0,"parent":0,"menu_order":0,"comment_status":"closed","ping_status":"closed","template":"","meta":{"footnotes":""},"class_list":["post-787","page","type-page","status-publish","hentry"],"blocksy_meta":{"page_title_panel":"","has_hero_section":"disabled","fe1c64ab89945cda534f4bb2d579ae1a":"","hero_section":"type-1","hero_elements":[{"id":"custom_title","enabled":true,"heading_tag":"h1","title":"Home"},{"id":"custom_description","enabled":true,"description_visibility":{"desktop":true,"tablet":true,"mobile":false}},{"id":"custom_meta","enabled":false,"meta_elements":[{"id":"author","enabled":true,"label":"By","has_author_avatar":"yes","avatar_size":25},{"id":"post_date","enabled":true,"label":"On","date_format_source":"default","date_format":"M j, Y"},{"id":"updated_date","enabled":false,"label":"On","date_format_source":"default","date_format":"M j, Y"},{"id":"categories","enabled":false,"label":"In","style":"simple"},{"id":"comments","enabled":true}],"page_meta_elements":{"joined":true,"articles_count":true,"comments":true}},{"id":"breadcrumbs","enabled":false}],"433b02732bec8d55ec282f00a9a700eb":"","hero_alignment1":"CT_CSS_SKIP_RULE","hero_margin":40,"hero_alignment2":"center","hero_vertical_alignment":"center","fdbb34d69d6afe2394c07d96c9ea0b60":"","hero_structure":"narrow","cb306aece5e91b9a44875e4a81075440":"","page_title_bg_type":"featured_image","custom_hero_background":{"attachment_id":null},"page_title_image_size":"full","parallax":{"desktop":false,"tablet":false,"mobile":false},"034bc954f3c533bc75ffdf62670c8395":"","hero_height":"250px","pageTitleFont":{"family":"Default","variation":"Default","size":"30px","line-height":"CT_CSS_SKIP_RULE","letter-spacing":"CT_CSS_SKIP_RULE","text-transform":"CT_CSS_SKIP_RULE","text-decoration":"CT_CSS_SKIP_RULE"},"pageTitleFontColor":{"default":{"color":"CT_CSS_SKIP_RULEDEFAULT"}},"pageMetaFont":{"family":"Default","variation":"n6","size":"12px","line-height":"1.3","letter-spacing":"CT_CSS_SKIP_RULE","text-transform":"uppercase","text-decoration":"CT_CSS_SKIP_RULE"},"pageMetaFontColor":{"default":{"color":"CT_CSS_SKIP_RULEDEFAULT"},"hover":{"color":"CT_CSS_SKIP_RULEDEFAULT"}},"page_meta_button_type_font_colors":{"default":{"color":"CT_CSS_SKIP_RULEDEFAULT"},"hover":{"color":"CT_CSS_SKIP_RULEDEFAULT"}},"page_meta_button_type_background_colors":{"default":{"color":"CT_CSS_SKIP_RULEDEFAULT"},"hover":{"color":"CT_CSS_SKIP_RULEDEFAULT"}},"pageExcerptFont":{"family":"Default","variation":"Default","size":"CT_CSS_SKIP_RULE","line-height":"CT_CSS_SKIP_RULE","letter-spacing":"CT_CSS_SKIP_RULE","text-transform":"CT_CSS_SKIP_RULE","text-decoration":"CT_CSS_SKIP_RULE"},"pageExcerptColor":{"default":{"color":"CT_CSS_SKIP_RULEDEFAULT"}},"breadcrumbsFont":{"family":"Default","variation":"Default","size":"CT_CSS_SKIP_RULE","line-height":"CT_CSS_SKIP_RULE","letter-spacing":"CT_CSS_SKIP_RULE","text-transform":"CT_CSS_SKIP_RULE","text-decoration":"CT_CSS_SKIP_RULE"},"breadcrumbsFontColor":{"default":{"color":"CT_CSS_SKIP_RULEDEFAULT"},"initial":{"color":"CT_CSS_SKIP_RULEDEFAULT"},"hover":{"color":"CT_CSS_SKIP_RULEDEFAULT"}},"pageTitleOverlay":{"background_type":"color","background_pattern":"type-1","background_image":{"attachment_id":null,"x":0,"y":0},"gradient":"linear-gradient(135deg,rgba(6,147,227,1) 0%,rgb(155,81,224) 100%)","background_repeat":"repeat","background_size":"auto","background_attachment":"scroll","patternColor":{"default":{"color":"#e5e7ea"}},"overlayColor":{"default":{"color":"CT_CSS_SKIP_RULE"}},"backgroundColor":{"default":{"color":"CT_CSS_SKIP_RULE"}}},"pageTitleBackground":{"background_type":"color","background_pattern":"type-1","background_image":{"attachment_id":null,"x":0,"y":0},"gradient":"linear-gradient(135deg,rgba(6,147,227,1) 0%,rgb(155,81,224) 100%)","background_repeat":"repeat","background_size":"auto","background_attachment":"scroll","patternColor":{"default":{"color":"#e5e7ea"}},"overlayColor":{"default":{"color":"CT_CSS_SKIP_RULE"}},"backgroundColor":{"default":{"color":"var(--theme-palette-color-6)"}}},"pageTitlePadding":{"top":"50px","bottom":"50px","left":"auto","right":"auto","linked":true},"12e455f30de1d15aed0effbbb6f951bf":"","page_structure_type":"default","f474d2f3ad69b4e64f52dac0a3aa2bb2":"","content_style_source":"inherit","content_style":"wide","vertical_spacing_source":"custom","content_area_spacing":"none","background":{"background_type":"color","background_pattern":"type-1","background_image":{"attachment_id":null,"x":0,"y":0},"gradient":"linear-gradient(135deg,rgba(6,147,227,1) 0%,rgb(155,81,224) 100%)","background_repeat":"repeat","background_size":"auto","background_attachment":"scroll","patternColor":{"default":{"color":"#e5e7ea"}},"overlayColor":{"default":{"color":"CT_CSS_SKIP_RULE"}},"backgroundColor":{"default":{"color":"CT_CSS_SKIP_RULE"}}},"content_background":{"background_type":"color","background_pattern":"type-1","background_image":{"attachment_id":null,"x":0,"y":0},"gradient":"linear-gradient(135deg,rgba(6,147,227,1) 0%,rgb(155,81,224) 100%)","background_repeat":"repeat","background_size":"auto","background_attachment":"scroll","patternColor":{"default":{"color":"#e5e7ea"}},"overlayColor":{"default":{"color":"CT_CSS_SKIP_RULE"}},"backgroundColor":{"default":{"color":"var(--theme-palette-color-8)"}}},"content_boxed_shadow":{"inherit":false,"blur":18,"spread":-6,"v_offset":12,"h_offset":0,"inset":false,"enable":true,"color":{"color":"rgba(34, 56, 101, 0.04)"}},"content_boxed_border":{"width":1,"style":"none","color":{"color":"rgba(44,62,80,0.2)"}},"content_boxed_radius":{"top":"3px","bottom":"3px","left":"3px","right":"3px","linked":true},"boxed_content_spacing":{"desktop":{"top":"40px","bottom":"40px","left":"40px","right":"40px","linked":true},"tablet":{"top":"35px","bottom":"35px","left":"35px","right":"35px","linked":true},"mobile":{"top":"20px","bottom":"20px","left":"20px","right":"20px","linked":true}},"fca9f1d1c7aa58a4b21dd78357f6373e":"","disable_featured_image":"no","disable_share_box":"no","disable_header":"no","disable_footer":"no","styles_descriptor":{"styles":{"desktop":"","tablet":"","mobile":""},"google_fonts":[],"version":6}},"_links":{"self":[{"href":"http:\/\/proreitoria.uea.edu.br\/prograd\/index.php?rest_route=\/wp\/v2\/pages\/787","targetHints":{"allow":["GET"]}}],"collection":[{"href":"http:\/\/proreitoria.uea.edu.br\/prograd\/index.php?rest_route=\/wp\/v2\/pages"}],"about":[{"href":"http:\/\/proreitoria.uea.edu.br\/prograd\/index.php?rest_route=\/wp\/v2\/types\/page"}],"author":[{"embeddable":true,"href":"http:\/\/proreitoria.uea.edu.br\/prograd\/index.php?rest_route=\/wp\/v2\/users\/1"}],"replies":[{"embeddable":true,"href":"http:\/\/proreitoria.uea.edu.br\/prograd\/index.php?rest_route=%2Fwp%2Fv2%2Fcomments&post=787"}],"version-history":[{"count":10,"href":"http:\/\/proreitoria.uea.edu.br\/prograd\/index.php?rest_route=\/wp\/v2\/pages\/787\/revisions"}],"predecessor-version":[{"id":1289,"href":"http:\/\/proreitoria.uea.edu.br\/prograd\/index.php?rest_route=\/wp\/v2\/pages\/787\/revisions\/1289"}],"wp:attachment":[{"href":"http:\/\/proreitoria.uea.edu.br\/prograd\/index.php?rest_route=%2Fwp%2Fv2%2Fmedia&parent=787"}],"curies":[{"name":"wp","href":"https:\/\/api.w.org\/{rel}","templated":true}]}}