{"id":804,"date":"2025-05-26T11:18:48","date_gmt":"2025-05-26T14:18:48","guid":{"rendered":"https:\/\/proreitoria.uea.edu.br\/proex\/?page_id=804"},"modified":"2025-11-19T15:09:20","modified_gmt":"2025-11-19T18:09:20","slug":"cursos-de-extensao","status":"publish","type":"page","link":"http:\/\/proreitoria.uea.edu.br\/proex\/index.php\/cursos-de-extensao\/","title":{"rendered":"Cursos de Extens\u00e3o"},"content":{"rendered":"\n<div class=\"wp-block-stackable-columns alignfull stk-block-columns stk-block stk-2c3101e stk-block-background stk--has-background-overlay\" data-block-id=\"2c3101e\"><style>.stk-2c3101e .stk--block-align-2c3101e{align-items:center !important;}.stk-2c3101e {background-color:transparent !important;background-image:url(http:\/\/proreitoria.uea.edu.br\/proex\/wp-content\/uploads\/2025\/11\/bg_pro_ex.png) !important;padding-top:300px !important;padding-bottom:200px !important;margin-bottom:0px !important;}.stk-2c3101e:before{opacity:0.5 !important;background-image:linear-gradient(90deg,  0%, rgba(0,0,0,0) 100%) !important;}@media screen and (max-width:999px){.stk-2c3101e {background-image:url(http:\/\/proreitoria.uea.edu.br\/proex\/wp-content\/uploads\/2025\/11\/bg_tablet2.png) !important;}}@media screen and (max-width:689px){.stk-2c3101e {background-image:url(http:\/\/proreitoria.uea.edu.br\/proex\/wp-content\/uploads\/2025\/11\/bg_celular2.png) !important;}}<\/style><div class=\"stk-row stk-inner-blocks stk--block-align-2c3101e stk-block-content stk-content-align stk-2c3101e-column\">\n<div class=\"wp-block-stackable-column stk-block-column stk-column stk-block stk-fd58bf5\" data-v=\"4\" data-block-id=\"fd58bf5\"><div class=\"stk-column-wrapper stk-block-column__content stk-container stk-fd58bf5-container stk--no-background stk--no-padding\"><div class=\"stk-block-content stk-inner-blocks stk-fd58bf5-inner-blocks\">\n<div class=\"wp-block-stackable-heading stk-block-heading stk-block-heading--v2 stk-block stk-32b9f5c\" id=\"cursos-de-extensao\" data-block-id=\"32b9f5c\"><style>.stk-32b9f5c .stk-block-heading__text{color:var(--theme-palette-color-8, #ffffff) !important;}<\/style><h2 class=\"stk-block-heading__text has-text-color has-text-align-center\">Cursos de Extens\u00e3o<\/h2><\/div>\n<\/div><\/div><\/div>\n<\/div><\/div>\n\n\n\n<div class=\"wp-block-stackable-spacer stk-block-spacer stk--no-padding stk-block stk-a05f227\" data-block-id=\"a05f227\"><style>.stk-a05f227 {height:140px !important;}<\/style><\/div>\n\n\n\n<div class=\"wp-block-stackable-text stk-block-text stk-block stk-d7983e0\" data-block-id=\"d7983e0\"><p class=\"stk-block-text__text\">Os cursos de extens\u00e3o constituem a\u00e7\u00f5es pedag\u00f3gicas de natureza te\u00f3rica e\/ou pr\u00e1tica, podendo ser realizados presencialmente ou por meio de tecnologias. Essas atividades s\u00e3o cuidadosamente planejadas e organizadas de maneira sistem\u00e1tica, podendo ocorrer em fluxo cont\u00ednuo (sem cobran\u00e7a de taxas) ou na forma autofinanci\u00e1vel (com a aplica\u00e7\u00e3o de taxas). As modalidades incluem:<\/p><\/div>\n\n\n\n<div class=\"wp-block-stackable-columns stk-block-columns stk-block stk-6bcb2fe\" data-block-id=\"6bcb2fe\"><style>.stk-6bcb2fe {margin-bottom:26px !important;}<\/style><div class=\"stk-row stk-inner-blocks stk-block-content stk-content-align stk-6bcb2fe-column\">\n<div class=\"wp-block-stackable-column stk-block-column stk-column stk-block stk-4bc6eb3\" data-v=\"4\" data-block-id=\"4bc6eb3\"><div class=\"stk-column-wrapper stk-block-column__content stk-container stk-4bc6eb3-container stk--no-background stk--no-padding\"><div class=\"stk-block-content stk-inner-blocks stk-4bc6eb3-inner-blocks\">\n<ul class=\"wp-block-list\">\n<li><strong>Aperfei\u00e7oamento:<\/strong> com carga hor\u00e1ria m\u00ednima de 180 horas;<\/li>\n\n\n\n<li><strong>Atualiza\u00e7\u00e3o:<\/strong> com carga hor\u00e1ria m\u00ednima de 20 horas;<\/li>\n\n\n\n<li><strong>Capacita\u00e7\u00e3o:<\/strong> com carga hor\u00e1ria m\u00ednima de 40 horas;<\/li>\n\n\n\n<li><strong>Livres:<\/strong> sem carga hor\u00e1ria m\u00ednima definida;<\/li>\n<\/ul>\n<\/div><\/div><\/div>\n<\/div><\/div>\n\n\n\n<div class=\"wp-block-stackable-text stk-block-text stk-block stk-57bd2e8\" data-block-id=\"57bd2e8\"><p class=\"stk-block-text__text has-text-align-justify\">Na modalidade autofinanci\u00e1vel, os cursos poder\u00e3o ser oferecidos mediante a cobran\u00e7a de taxas de inscri\u00e7\u00e3o ou matr\u00edcula, com o intuito de cobrir os custos operacionais, incluindo material did\u00e1tico, infraestrutura e remunera\u00e7\u00e3o do pessoal, em conformidade com as normativas vigentes da Universidade do Estado do Amazonas (UEA) e a legisla\u00e7\u00e3o aplic\u00e1vel.<\/p><\/div>\n\n\n\n<div class=\"wp-block-stackable-text stk-block-text stk-block stk-697ef02\" data-block-id=\"697ef02\"><p class=\"stk-block-text__text has-text-align-justify\">A proposta de cursos autofinanci\u00e1veis deve observar os mesmos procedimentos de aprova\u00e7\u00e3o estabelecidos na Resolu\u00e7\u00e3o n\u00ba 029\/2020-CONSUNIV. Al\u00e9m disso, \u00e9 necess\u00e1rio apresentar um projeto b\u00e1sico, uma justificativa detalhada da viabilidade financeira e uma planilha financeira que contemple os custos e as receitas.<\/p><\/div>\n\n\n\n<div class=\"wp-block-stackable-text stk-block-text stk-block stk-c1f59be\" data-block-id=\"c1f59be\"><p class=\"stk-block-text__text has-text-align-justify\">A gest\u00e3o financeira desses cursos ficar\u00e1 sob a responsabilidade da Coordenadoria de Extens\u00e3o, que acompanhar\u00e1 a execu\u00e7\u00e3o or\u00e7ament\u00e1ria, assegurando a transpar\u00eancia e o cumprimento das normas institucionais.<\/p><\/div>\n\n\n\n<div class=\"wp-block-stackable-spacer stk-block-spacer stk--no-padding stk-block stk-2885dd2\" data-block-id=\"2885dd2\"><style>.stk-2885dd2 {height:50px !important;}<\/style><\/div>\n\n\n\n<div class=\"wp-block-stackable-heading stk-block-heading stk-block-heading--v2 stk-block stk-b13b87d\" id=\"principais-duvidas\" data-block-id=\"b13b87d\"><style>.stk-b13b87d .stk-block-heading__text{font-size:30px !important;color:var(--theme-palette-color-3, #4d5d6d) !important;font-weight:800 !important;font-family:system-ui, sans-serif !important;}@media screen and (max-width:999px){.stk-b13b87d .stk-block-heading__text{font-size:30px !important;}}<\/style><h2 class=\"stk-block-heading__text has-text-color\">Principais D\u00favidas<\/h2><\/div>\n\n\n\n<details class=\"wp-block-stackable-accordion stk-block-accordion stk-inner-blocks stk-block-content stk-block stk-c83e5db stk-block-background is-style-plus\" data-block-id=\"c83e5db\"><style>.stk-c83e5db {background-color:#FFFFFF !important;box-shadow:0 5px 30px -10px #123f524d !important;padding-top:0px !important;padding-right:0px !important;padding-bottom:0px !important;padding-left:0px !important;}.stk-c83e5db:before{background-color:#FFFFFF !important;}<\/style>\n<summary class=\"wp-block-stackable-column stk-block-column stk-column stk-block stk-2a50954 stk--container-small stk-block-accordion__heading\" data-v=\"4\" data-block-id=\"2a50954\"><style>.stk-2a50954 {padding-top:8px !important;padding-right:32px !important;padding-bottom:8px !important;padding-left:32px !important;}<\/style><div class=\"stk-column-wrapper stk-block-column__content stk-container stk-2a50954-container stk--no-background stk--no-padding\"><div class=\"stk-block-content stk-inner-blocks stk-2a50954-inner-blocks\">\n<div class=\"wp-block-stackable-icon-label stk-block-icon-label stk-block stk-4a3c36f\" data-block-id=\"4a3c36f\"><div class=\"stk-row stk-inner-blocks stk-block-content\">\n<div class=\"wp-block-stackable-icon stk-block-icon stk-block stk-d9a86ec\" data-block-id=\"d9a86ec\"><span class=\"stk--svg-wrapper stk--has-icon2\"><div class=\"stk--inner-svg\"><svg style=\"height:0;width:0\"><defs><linearGradient id=\"linear-gradient-d9a86ec\" x1=\"0\" x2=\"100%\" y1=\"0\" y2=\"0\"><stop offset=\"0%\" style=\"stop-opacity:1;stop-color:var(--linear-gradient-d-9-a-86-ec-color-1)\"><\/stop><stop offset=\"100%\" style=\"stop-opacity:1;stop-color:var(--linear-gradient-d-9-a-86-ec-color-2)\"><\/stop><\/linearGradient><\/defs><\/svg><svg data-prefix=\"fas\" data-icon=\"plus\" class=\"svg-inline--fa fa-plus fa-w-14\" xmlns=\"http:\/\/www.w3.org\/2000\/svg\" viewBox=\"0 0 448 512\" aria-hidden=\"true\" width=\"32\" height=\"32\"><path fill=\"currentColor\" d=\"M416 208H272V64c0-17.67-14.33-32-32-32h-32c-17.67 0-32 14.33-32 32v144H32c-17.67 0-32 14.33-32 32v32c0 17.67 14.33 32 32 32h144v144c0 17.67 14.33 32 32 32h32c17.67 0 32-14.33 32-32V304h144c17.67 0 32-14.33 32-32v-32c0-17.67-14.33-32-32-32z\"><\/path><\/svg><\/div><div class=\"stk--inner-svg stk--icon-2\" style=\"display:none\"><svg style=\"height:0;width:0\"><defs><linearGradient id=\"linear-gradient-d9a86ec\" x1=\"0\" x2=\"100%\" y1=\"0\" y2=\"0\"><stop offset=\"0%\" style=\"stop-opacity:1;stop-color:var(--linear-gradient-d-9-a-86-ec-color-1)\"><\/stop><stop offset=\"100%\" style=\"stop-opacity:1;stop-color:var(--linear-gradient-d-9-a-86-ec-color-2)\"><\/stop><\/linearGradient><\/defs><\/svg><svg data-prefix=\"fas\" data-icon=\"minus\" class=\"svg-inline--fa fa-minus fa-w-14\" xmlns=\"http:\/\/www.w3.org\/2000\/svg\" viewBox=\"0 0 448 512\" aria-hidden=\"true\" width=\"32\" height=\"32\"><path fill=\"currentColor\" d=\"M416 208H32c-17.67 0-32 14.33-32 32v32c0 17.67 14.33 32 32 32h384c17.67 0 32-14.33 32-32v-32c0-17.67-14.33-32-32-32z\"><\/path><\/svg><\/div><\/span><\/div>\n\n\n\n<div class=\"wp-block-stackable-heading stk-block-heading stk-block-heading--v2 stk-block stk-921d12a\" id=\"quem-pode-submeter-uma-proposta-de-curso\" data-block-id=\"921d12a\"><h5 class=\"stk-block-heading__text\">Quem pode submeter uma proposta de curso?<\/h5><\/div>\n<\/div><\/div>\n<\/div><\/div><\/summary>\n\n\n\n<div class=\"wp-block-stackable-column stk-block-column stk-column stk-block stk-d5d299b stk-block-accordion__content\" data-v=\"4\" data-block-id=\"d5d299b\"><style>.stk-d5d299b-container{padding-top:0px !important;padding-bottom:8px !important;}<\/style><div class=\"stk-column-wrapper stk-block-column__content stk-container stk-d5d299b-container stk--no-background stk--no-padding\"><div class=\"stk-block-content stk-inner-blocks stk-d5d299b-inner-blocks\">\n<div class=\"wp-block-stackable-text stk-block-text stk-block stk-881cc79\" data-block-id=\"881cc79\"><p class=\"stk-block-text__text\">Description for this block. Use this space for describing your block. Any text will do. Description for this block. You can use this space for describing your block.<\/p><\/div>\n<\/div><\/div><\/div>\n<\/details>\n\n\n\n<details class=\"wp-block-stackable-accordion stk-block-accordion stk-inner-blocks stk-block-content stk-block stk-e927259 stk-block-background is-style-plus\" data-block-id=\"e927259\"><style>.stk-e927259 {background-color:#FFFFFF !important;box-shadow:0 5px 30px -10px #123f524d !important;padding-top:0px !important;padding-right:0px !important;padding-bottom:0px !important;padding-left:0px !important;}.stk-e927259:before{background-color:#FFFFFF !important;}<\/style>\n<summary class=\"wp-block-stackable-column stk-block-column stk-column stk-block stk-12f894b stk--container-small stk-block-accordion__heading\" data-v=\"4\" data-block-id=\"12f894b\"><style>.stk-12f894b {padding-top:8px !important;padding-right:32px !important;padding-bottom:8px !important;padding-left:32px !important;}<\/style><div class=\"stk-column-wrapper stk-block-column__content stk-container stk-12f894b-container stk--no-background stk--no-padding\"><div class=\"stk-block-content stk-inner-blocks stk-12f894b-inner-blocks\">\n<div class=\"wp-block-stackable-icon-label stk-block-icon-label stk-block stk-a01688a\" data-block-id=\"a01688a\"><div class=\"stk-row stk-inner-blocks stk-block-content\">\n<div class=\"wp-block-stackable-icon stk-block-icon stk-block stk-2692c65\" data-block-id=\"2692c65\"><span class=\"stk--svg-wrapper stk--has-icon2\"><div class=\"stk--inner-svg\"><svg style=\"height:0;width:0\"><defs><linearGradient id=\"linear-gradient-2692c65\" x1=\"0\" x2=\"100%\" y1=\"0\" y2=\"0\"><stop offset=\"0%\" style=\"stop-opacity:1;stop-color:var(--linear-gradient-2692-c-65-color-1)\"><\/stop><stop offset=\"100%\" style=\"stop-opacity:1;stop-color:var(--linear-gradient-2692-c-65-color-2)\"><\/stop><\/linearGradient><\/defs><\/svg><svg data-prefix=\"fas\" data-icon=\"plus\" class=\"svg-inline--fa fa-plus fa-w-14\" xmlns=\"http:\/\/www.w3.org\/2000\/svg\" viewBox=\"0 0 448 512\" aria-hidden=\"true\" width=\"32\" height=\"32\"><path fill=\"currentColor\" d=\"M416 208H272V64c0-17.67-14.33-32-32-32h-32c-17.67 0-32 14.33-32 32v144H32c-17.67 0-32 14.33-32 32v32c0 17.67 14.33 32 32 32h144v144c0 17.67 14.33 32 32 32h32c17.67 0 32-14.33 32-32V304h144c17.67 0 32-14.33 32-32v-32c0-17.67-14.33-32-32-32z\"><\/path><\/svg><\/div><div class=\"stk--inner-svg stk--icon-2\" style=\"display:none\"><svg style=\"height:0;width:0\"><defs><linearGradient id=\"linear-gradient-2692c65\" x1=\"0\" x2=\"100%\" y1=\"0\" y2=\"0\"><stop offset=\"0%\" style=\"stop-opacity:1;stop-color:var(--linear-gradient-2692-c-65-color-1)\"><\/stop><stop offset=\"100%\" style=\"stop-opacity:1;stop-color:var(--linear-gradient-2692-c-65-color-2)\"><\/stop><\/linearGradient><\/defs><\/svg><svg data-prefix=\"fas\" data-icon=\"minus\" class=\"svg-inline--fa fa-minus fa-w-14\" xmlns=\"http:\/\/www.w3.org\/2000\/svg\" viewBox=\"0 0 448 512\" aria-hidden=\"true\" width=\"32\" height=\"32\"><path fill=\"currentColor\" d=\"M416 208H32c-17.67 0-32 14.33-32 32v32c0 17.67 14.33 32 32 32h384c17.67 0 32-14.33 32-32v-32c0-17.67-14.33-32-32-32z\"><\/path><\/svg><\/div><\/span><\/div>\n\n\n\n<div class=\"wp-block-stackable-heading stk-block-heading stk-block-heading--v2 stk-block stk-fd4a8b1\" id=\"onde-e-realizada-a-submissao-dessas-acoes\" data-block-id=\"fd4a8b1\"><h5 class=\"stk-block-heading__text\">Onde \u00e9 realizada a submiss\u00e3o dessas a\u00e7\u00f5es?<\/h5><\/div>\n<\/div><\/div>\n<\/div><\/div><\/summary>\n\n\n\n<div class=\"wp-block-stackable-column stk-block-column stk-column stk-block stk-8b730e3 stk-block-accordion__content\" data-v=\"4\" data-block-id=\"8b730e3\"><style>.stk-8b730e3-container{padding-top:0px !important;padding-bottom:8px !important;}<\/style><div class=\"stk-column-wrapper stk-block-column__content stk-container stk-8b730e3-container stk--no-background stk--no-padding\"><div class=\"stk-block-content stk-inner-blocks stk-8b730e3-inner-blocks\">\n<div class=\"wp-block-stackable-text stk-block-text stk-block stk-86de8e3\" data-block-id=\"86de8e3\"><p class=\"stk-block-text__text\">Description for this block. Use this space for describing your block. Any text will do. Description for this block. You can use this space for describing your block.<\/p><\/div>\n<\/div><\/div><\/div>\n<\/details>\n\n\n\n<details class=\"wp-block-stackable-accordion stk-block-accordion stk-inner-blocks stk-block-content stk-block stk-4ead851 stk-block-background is-style-plus\" data-block-id=\"4ead851\"><style>.stk-4ead851 {background-color:#FFFFFF !important;box-shadow:0 5px 30px -10px #123f524d !important;padding-top:0px !important;padding-right:0px !important;padding-bottom:0px !important;padding-left:0px !important;margin-bottom:23px !important;}.stk-4ead851:before{background-color:#FFFFFF !important;}<\/style>\n<summary class=\"wp-block-stackable-column stk-block-column stk-column stk-block stk-e4af3bd stk--container-small stk-block-accordion__heading\" data-v=\"4\" data-block-id=\"e4af3bd\"><style>.stk-e4af3bd {padding-top:8px !important;padding-right:32px !important;padding-bottom:8px !important;padding-left:32px !important;}<\/style><div class=\"stk-column-wrapper stk-block-column__content stk-container stk-e4af3bd-container stk--no-background stk--no-padding\"><div class=\"stk-block-content stk-inner-blocks stk-e4af3bd-inner-blocks\">\n<div class=\"wp-block-stackable-icon-label stk-block-icon-label stk-block stk-7f05395\" data-block-id=\"7f05395\"><div class=\"stk-row stk-inner-blocks stk-block-content\">\n<div class=\"wp-block-stackable-icon stk-block-icon stk-block stk-6a83209\" data-block-id=\"6a83209\"><span class=\"stk--svg-wrapper stk--has-icon2\"><div class=\"stk--inner-svg\"><svg style=\"height:0;width:0\"><defs><linearGradient id=\"linear-gradient-6a83209\" x1=\"0\" x2=\"100%\" y1=\"0\" y2=\"0\"><stop offset=\"0%\" style=\"stop-opacity:1;stop-color:var(--linear-gradient-6-a-83209-color-1)\"><\/stop><stop offset=\"100%\" style=\"stop-opacity:1;stop-color:var(--linear-gradient-6-a-83209-color-2)\"><\/stop><\/linearGradient><\/defs><\/svg><svg data-prefix=\"fas\" data-icon=\"plus\" class=\"svg-inline--fa fa-plus fa-w-14\" xmlns=\"http:\/\/www.w3.org\/2000\/svg\" viewBox=\"0 0 448 512\" aria-hidden=\"true\" width=\"32\" height=\"32\"><path fill=\"currentColor\" d=\"M416 208H272V64c0-17.67-14.33-32-32-32h-32c-17.67 0-32 14.33-32 32v144H32c-17.67 0-32 14.33-32 32v32c0 17.67 14.33 32 32 32h144v144c0 17.67 14.33 32 32 32h32c17.67 0 32-14.33 32-32V304h144c17.67 0 32-14.33 32-32v-32c0-17.67-14.33-32-32-32z\"><\/path><\/svg><\/div><div class=\"stk--inner-svg stk--icon-2\" style=\"display:none\"><svg style=\"height:0;width:0\"><defs><linearGradient id=\"linear-gradient-6a83209\" x1=\"0\" x2=\"100%\" y1=\"0\" y2=\"0\"><stop offset=\"0%\" style=\"stop-opacity:1;stop-color:var(--linear-gradient-6-a-83209-color-1)\"><\/stop><stop offset=\"100%\" style=\"stop-opacity:1;stop-color:var(--linear-gradient-6-a-83209-color-2)\"><\/stop><\/linearGradient><\/defs><\/svg><svg data-prefix=\"fas\" data-icon=\"minus\" class=\"svg-inline--fa fa-minus fa-w-14\" xmlns=\"http:\/\/www.w3.org\/2000\/svg\" viewBox=\"0 0 448 512\" aria-hidden=\"true\" width=\"32\" height=\"32\"><path fill=\"currentColor\" d=\"M416 208H32c-17.67 0-32 14.33-32 32v32c0 17.67 14.33 32 32 32h384c17.67 0 32-14.33 32-32v-32c0-17.67-14.33-32-32-32z\"><\/path><\/svg><\/div><\/span><\/div>\n\n\n\n<div class=\"wp-block-stackable-heading stk-block-heading stk-block-heading--v2 stk-block stk-60b4fee\" id=\"quando-posso-solicitar-a-certificacao\" data-block-id=\"60b4fee\"><h5 class=\"stk-block-heading__text\">Quando posso solicitar a certifica\u00e7\u00e3o?<\/h5><\/div>\n<\/div><\/div>\n<\/div><\/div><\/summary>\n\n\n\n<div class=\"wp-block-stackable-column stk-block-column stk-column stk-block stk-7f994f1 stk-block-accordion__content\" data-v=\"4\" data-block-id=\"7f994f1\"><style>.stk-7f994f1-container{padding-top:0px !important;padding-bottom:8px !important;}<\/style><div class=\"stk-column-wrapper stk-block-column__content stk-container stk-7f994f1-container stk--no-background stk--no-padding\"><div class=\"stk-block-content stk-inner-blocks stk-7f994f1-inner-blocks\">\n<div class=\"wp-block-stackable-text stk-block-text stk-block stk-e2c5bf5\" data-block-id=\"e2c5bf5\"><p class=\"stk-block-text__text\">Description for this block. Use this space for describing your block. Any text will do. Description for this block. You can use this space for describing your block.<\/p><\/div>\n<\/div><\/div><\/div>\n<\/details>\n\n\n\n<div class=\"wp-block-stackable-spacer stk-block-spacer stk--no-padding stk-block stk-0da1b2f\" data-block-id=\"0da1b2f\"><\/div>\n\n\n\n<div class=\"wp-block-stackable-heading stk-block-heading stk-block-heading--v2 stk-block stk-eb35b6b\" id=\"documentos-complementares\" data-block-id=\"eb35b6b\"><style>.stk-eb35b6b .stk-block-heading__text{font-size:30px !important;color:var(--theme-palette-color-3, #4d5d6d) !important;font-weight:800 !important;font-family:system-ui, sans-serif !important;}@media screen and (max-width:999px){.stk-eb35b6b .stk-block-heading__text{font-size:30px !important;}}<\/style><h2 class=\"stk-block-heading__text has-text-color\">Documentos Complementares<\/h2><\/div>\n\n\n\n<div class=\"wp-block-stackable-spacer stk-block-spacer stk--no-padding stk-block stk-7ee2032\" data-block-id=\"7ee2032\"><style>.stk-7ee2032 {height:30px !important;}<\/style><\/div>\n\n\n\n<div class=\"wp-block-stackable-text stk-block-text stk-block stk-c6d3267\" data-block-id=\"c6d3267\"><style>.stk-c6d3267 {margin-bottom:34px !important;}<\/style><p class=\"stk-block-text__text\">Carta de Anu\u00eancia &#8211; A\u00e7\u00e3o de Fluxo Cont\u00ednuo<\/p><\/div>\n\n\n\n<div class=\"wp-block-stackable-heading stk-block-heading stk-block-heading--v2 stk-block stk-3e0e2fb\" id=\"strong-se-voce-tiver-alguma-duvida-especifica-entre-em-contato-com-nossa-equipe-pelos-canais-listados-abaixo-strong\" data-block-id=\"3e0e2fb\"><style>.stk-3e0e2fb .stk-block-heading__text{color:var(--theme-palette-color-3, #4d5d6d) !important;}@media screen and (max-width:689px){.stk-3e0e2fb {margin-bottom:44px !important;}}<\/style><h5 class=\"stk-block-heading__text has-text-color has-text-align-center\"><strong>Se voc\u00ea tiver alguma d\u00favida espec\u00edfica, entre em contato com nossa equipe pelos canais listados abaixo.<\/strong><\/h5><\/div>\n\n\n\n<div class=\"wp-block-stackable-button-group stk-block-button-group stk-block stk-a23004e\" data-block-id=\"a23004e\"><style>.stk-a23004e {margin-bottom:0px !important;}<\/style><div class=\"stk-row stk-inner-blocks has-text-align-center stk-block-content stk-button-group\">\n<div class=\"wp-block-stackable-icon-button stk-block-icon-button stk-block stk-e097bb9\" data-block-id=\"e097bb9\"><style>.stk-e097bb9 .stk-button{background:var(--theme-palette-color-2, #3D7070) !important;}.stk-e097bb9 .stk-button .stk--inner-svg svg:last-child, .stk-e097bb9 .stk-button .stk--inner-svg svg:last-child :is(g, path, rect, polygon, ellipse){fill:var(--theme-palette-color-8, #ffffff) !important;}<\/style><a class=\"stk-link stk-button stk--hover-effect-darken\" href=\"https:\/\/wa.me\/559238784492\"><span class=\"stk--svg-wrapper\"><div class=\"stk--inner-svg\"><svg xmlns=\"http:\/\/www.w3.org\/2000\/svg\" viewBox=\"0 0 448 512\" aria-hidden=\"true\" width=\"32\" height=\"32\"><path d=\"M380.9 97.1C339 55.1 283.2 32 223.9 32c-122.4 0-222 99.6-222 222 0 39.1 10.2 77.3 29.6 111L0 480l117.7-30.9c32.4 17.7 68.9 27 106.1 27h.1c122.3 0 224.1-99.6 224.1-222 0-59.3-25.2-115-67.1-157zm-157 341.6c-33.2 0-65.7-8.9-94-25.7l-6.7-4-69.8 18.3L72 359.2l-4.4-7c-18.5-29.4-28.2-63.3-28.2-98.2 0-101.7 82.8-184.5 184.6-184.5 49.3 0 95.6 19.2 130.4 54.1 34.8 34.9 56.2 81.2 56.1 130.5 0 101.8-84.9 184.6-186.6 184.6zm101.2-138.2c-5.5-2.8-32.8-16.2-37.9-18-5.1-1.9-8.8-2.8-12.5 2.8-3.7 5.6-14.3 18-17.6 21.8-3.2 3.7-6.5 4.2-12 1.4-32.6-16.3-54-29.1-75.5-66-5.7-9.8 5.7-9.1 16.3-30.3 1.8-3.7.9-6.9-.5-9.7-1.4-2.8-12.5-30.1-17.1-41.2-4.5-10.8-9.1-9.3-12.5-9.5-3.2-.2-6.9-.2-10.6-.2-3.7 0-9.7 1.4-14.8 6.9-5.1 5.6-19.4 19-19.4 46.3 0 27.3 19.9 53.7 22.6 57.4 2.8 3.7 39.1 59.7 94.8 83.8 35.2 15.2 49 16.5 66.6 13.9 10.7-1.6 32.8-13.4 37.4-26.4 4.6-13 4.6-24.1 3.2-26.4-1.3-2.5-5-3.9-10.5-6.6z\"><\/path><\/svg><\/div><\/span><\/a><\/div>\n\n\n\n<div class=\"wp-block-stackable-button stk-block-button is-style-ghost stk-block stk-4102316\" data-block-id=\"4102316\"><style>.stk-4102316 .stk-button{background:transparent !important;}.stk-4102316 .stk-button:hover:after{background:transparent !important;opacity:1 !important;}:where(.stk-hover-parent:hover,  .stk-hover-parent.stk--is-hovered) .stk-4102316 .stk-button:after{background:transparent !important;opacity:1 !important;}.stk-4102316 .stk-button:before{border-style:solid !important;}<\/style><a class=\"stk-link stk-button stk--hover-effect-darken\" href=\"https:\/\/wa.me\/559238784492\"><span class=\"stk-button__inner-text\">(92)  3878-4492<\/span><\/a><\/div>\n\n\n\n<div class=\"wp-block-stackable-icon-button stk-block-icon-button stk-block stk-a1d76bf\" data-block-id=\"a1d76bf\"><style>.stk-a1d76bf .stk-button{background:var(--theme-palette-color-1, #3D7070) !important;}<\/style><a class=\"stk-link stk-button stk--hover-effect-darken\" href=\"mailto:extensao@uea.edu.br\"><span class=\"stk--svg-wrapper\"><div class=\"stk--inner-svg\"><svg xmlns=\"http:\/\/www.w3.org\/2000\/svg\" viewBox=\"0 0 512 512\" aria-hidden=\"true\" width=\"32\" height=\"32\"><path d=\"M215.4 96H144 107.8 96v8.8V144v40.4 89L.2 202.5c1.6-18.1 10.9-34.9 25.7-45.8L48 140.3V96c0-26.5 21.5-48 48-48h76.6l49.9-36.9C232.2 3.9 243.9 0 256 0s23.8 3.9 33.5 11L339.4 48H416c26.5 0 48 21.5 48 48v44.3l22.1 16.4c14.8 10.9 24.1 27.7 25.7 45.8L416 273.4v-89V144 104.8 96H404.2 368 296.6 215.4zM0 448V242.1L217.6 403.3c11.1 8.2 24.6 12.7 38.4 12.7s27.3-4.4 38.4-12.7L512 242.1V448v0c0 35.3-28.7 64-64 64H64c-35.3 0-64-28.7-64-64v0zM176 160H336c8.8 0 16 7.2 16 16s-7.2 16-16 16H176c-8.8 0-16-7.2-16-16s7.2-16 16-16zm0 64H336c8.8 0 16 7.2 16 16s-7.2 16-16 16H176c-8.8 0-16-7.2-16-16s7.2-16 16-16z\"><\/path><\/svg><\/div><\/span><\/a><\/div>\n\n\n\n<div class=\"wp-block-stackable-button stk-block-button is-style-ghost stk-block stk-15a9bdf\" data-block-id=\"15a9bdf\"><style>.stk-15a9bdf .stk-button{background:transparent !important;}.stk-15a9bdf .stk-button:hover:after{background:transparent !important;opacity:1 !important;}:where(.stk-hover-parent:hover,  .stk-hover-parent.stk--is-hovered) .stk-15a9bdf .stk-button:after{background:transparent !important;opacity:1 !important;}.stk-15a9bdf .stk-button:before{border-style:solid !important;}<\/style><a class=\"stk-link stk-button stk--hover-effect-darken\" href=\"mailto:extensao@uea.edu.br\"><span class=\"stk-button__inner-text\">extensao@uea.edu.br<\/span><\/a><\/div>\n<\/div><\/div>\n\n\n\n<div class=\"wp-block-stackable-spacer stk-block-spacer stk--no-padding stk-block stk-e281796\" data-block-id=\"e281796\"><style>.stk-e281796 {height:140px !important;}<\/style><\/div>\n\n\n\n<p><\/p>\n","protected":false},"excerpt":{"rendered":"<p>Cursos de Extens\u00e3o Os cursos de extens\u00e3o constituem a\u00e7\u00f5es pedag\u00f3gicas de natureza te\u00f3rica e\/ou pr\u00e1tica, podendo ser realizados presencialmente ou por meio de tecnologias. Essas atividades s\u00e3o cuidadosamente planejadas e organizadas de maneira sistem\u00e1tica, podendo ocorrer em fluxo cont\u00ednuo (sem cobran\u00e7a de taxas) ou na forma autofinanci\u00e1vel (com a aplica\u00e7\u00e3o de taxas). As modalidades incluem: [&hellip;]<\/p>\n","protected":false},"author":1,"featured_media":0,"parent":0,"menu_order":0,"comment_status":"closed","ping_status":"closed","template":"","meta":{"footnotes":""},"class_list":["post-804","page","type-page","status-publish","hentry"],"blocksy_meta":[],"_links":{"self":[{"href":"http:\/\/proreitoria.uea.edu.br\/proex\/index.php\/wp-json\/wp\/v2\/pages\/804","targetHints":{"allow":["GET"]}}],"collection":[{"href":"http:\/\/proreitoria.uea.edu.br\/proex\/index.php\/wp-json\/wp\/v2\/pages"}],"about":[{"href":"http:\/\/proreitoria.uea.edu.br\/proex\/index.php\/wp-json\/wp\/v2\/types\/page"}],"author":[{"embeddable":true,"href":"http:\/\/proreitoria.uea.edu.br\/proex\/index.php\/wp-json\/wp\/v2\/users\/1"}],"replies":[{"embeddable":true,"href":"http:\/\/proreitoria.uea.edu.br\/proex\/index.php\/wp-json\/wp\/v2\/comments?post=804"}],"version-history":[{"count":23,"href":"http:\/\/proreitoria.uea.edu.br\/proex\/index.php\/wp-json\/wp\/v2\/pages\/804\/revisions"}],"predecessor-version":[{"id":2103,"href":"http:\/\/proreitoria.uea.edu.br\/proex\/index.php\/wp-json\/wp\/v2\/pages\/804\/revisions\/2103"}],"wp:attachment":[{"href":"http:\/\/proreitoria.uea.edu.br\/proex\/index.php\/wp-json\/wp\/v2\/media?parent=804"}],"curies":[{"name":"wp","href":"https:\/\/api.w.org\/{rel}","templated":true}]}}