{"id":751,"date":"2025-05-26T11:02:22","date_gmt":"2025-05-26T14:02:22","guid":{"rendered":"https:\/\/proreitoria.uea.edu.br\/proex\/?page_id=751"},"modified":"2025-12-12T12:21:15","modified_gmt":"2025-12-12T15:21:15","slug":"casa-dos-estudante","status":"publish","type":"page","link":"http:\/\/proreitoria.uea.edu.br\/proex\/index.php\/casa-dos-estudante\/","title":{"rendered":"Casa do Estudante"},"content":{"rendered":"\n<div class=\"wp-block-stackable-columns alignfull stk-block-columns stk-block stk-e74267b stk-block-background stk--has-background-overlay\" data-block-id=\"e74267b\"><style>.stk-e74267b .stk--block-align-e74267b{align-items:center !important;}.stk-e74267b {background-color:transparent !important;background-image:url(http:\/\/proreitoria.uea.edu.br\/proex\/wp-content\/uploads\/2025\/11\/bg_pro_ex.png) !important;padding-top:300px !important;padding-bottom:200px !important;margin-bottom:0px !important;}.stk-e74267b:before{opacity:0.5 !important;background-image:linear-gradient(90deg,  0%, rgba(0,0,0,0) 100%) !important;}@media screen and (max-width:999px){.stk-e74267b {background-image:url(http:\/\/proreitoria.uea.edu.br\/proex\/wp-content\/uploads\/2025\/11\/bg_tablet2.png) !important;}}@media screen and (max-width:689px){.stk-e74267b {background-image:url(http:\/\/proreitoria.uea.edu.br\/proex\/wp-content\/uploads\/2025\/11\/bg_celular2.png) !important;}}<\/style><div class=\"stk-row stk-inner-blocks stk--block-align-e74267b stk-block-content stk-content-align stk-e74267b-column\">\n<div class=\"wp-block-stackable-column stk-block-column stk-column stk-block stk-e0cd989\" data-v=\"4\" data-block-id=\"e0cd989\"><div class=\"stk-column-wrapper stk-block-column__content stk-container stk-e0cd989-container stk--no-background stk--no-padding\"><div class=\"stk-block-content stk-inner-blocks stk-e0cd989-inner-blocks\">\n<div class=\"wp-block-stackable-heading stk-block-heading stk-block-heading--v2 stk-block stk-17c23af\" id=\"casa-do-estudante\" data-block-id=\"17c23af\"><style>.stk-17c23af .stk-block-heading__text{color:var(--theme-palette-color-8, #ffffff) !important;}<\/style><h2 class=\"stk-block-heading__text has-text-color has-text-align-center\">Casa do Estudante<\/h2><\/div>\n<\/div><\/div><\/div>\n<\/div><\/div>\n\n\n\n<div style=\"height:100px\" aria-hidden=\"true\" class=\"wp-block-spacer\"><\/div>\n\n\n\n<div class=\"wp-block-stackable-text stk-block-text stk-block stk-96ead96\" data-block-id=\"96ead96\"><p class=\"stk-block-text__text\">A Pol\u00edtica de Apoio e Assist\u00eancia Estudantil da UEA \u2013 Resolu\u00e7\u00e3o n\u00ba 037\/2024-CONSUNIV \u2013 \u00e9 voltada para democratizar a perman\u00eancia dos estudantes dos cursos de gradua\u00e7\u00e3o e p\u00f3s-gradua\u00e7\u00e3o <em>stricto sensu<\/em>, promovendo a equidade de oportunidades para contribuir no percurso formativo, direcionada ao estudante regularmente matriculado nos cursos de gradua\u00e7\u00e3o, oriundos dos Concursos Vestibulares e do Sistema de Ingresso Seriado (SIS), nos termos da Lei Estadual n\u00b0 2.894\/2004, Lei Estadual n\u00b0 3.972\/2013, Lei Estadual n\u00b0 4.399\/2016 e da Resolu\u00e7\u00e3o n\u00b0 038\/2019, e dos processos seletivos de p\u00f3s-gradua\u00e7\u00e3o <em>stricto sensu<\/em>.<\/p><\/div>\n\n\n\n<div class=\"wp-block-stackable-text stk-block-text stk-block stk-2454bba\" data-block-id=\"2454bba\"><p class=\"stk-block-text__text\">A Casa do Estudante \u00e9 destinada, exclusivamente, aos estudantes que venham cursar a gradua\u00e7\u00e3o ou p\u00f3s-gradua\u00e7\u00e3o&nbsp;<em>stricto sensu<\/em>&nbsp;em munic\u00edpio do Estado do Amazonas diverso do seu de origem. Visa contribuir para a perman\u00eancia dos estudantes em situa\u00e7\u00e3o de vulnerabilidade socioecon\u00f4mica, de forma a mitigar os \u00edndices de reten\u00e7\u00e3o e evas\u00e3o, motivados por fatores financeiros.<\/p><\/div>\n\n\n\n<div class=\"wp-block-stackable-text stk-block-text stk-block stk-9aa1e83\" data-block-id=\"9aa1e83\"><p class=\"stk-block-text__text\">Para concess\u00e3o do aux\u00edlio, o estudante dever\u00e1 estar matriculado e frequentando os cursos de gradua\u00e7\u00e3o e p\u00f3s-gradua\u00e7\u00e3o&nbsp;<em>stricto sensu<\/em>&nbsp;oferecidos pela UEA, estar cadastrado no CaduUEA (Cadastro \u00danico da UEA), bem como atender aos requisitos definidos na Resolu\u00e7\u00e3o e nos editais espec\u00edficos.<\/p><\/div>\n\n\n\n<div class=\"wp-block-stackable-text stk-block-text stk-block stk-392b2c0\" data-block-id=\"392b2c0\"><p class=\"stk-block-text__text\">As Casas do Estudante est\u00e3o regulamentadas pela Resolu\u00e7\u00e3o n\u00ba 035\/2025-CONSUNIV. Possuem a natureza de moradia estudantil compartilhada, em im\u00f3veis pr\u00f3prios ou locados pela UEA, mediante contrato espec\u00edfico para essa finalidade.<\/p><\/div>\n\n\n\n<div class=\"wp-block-stackable-text stk-block-text stk-block stk-9e132b8\" data-block-id=\"9e132b8\"><style>.stk-9e132b8 .stk-block-text__text{font-size:20px !important;font-weight:800 !important;font-family:system-ui, sans-serif !important;}@media screen and (max-width:999px){.stk-9e132b8 .stk-block-text__text{font-size:20px !important;}}<\/style><p class=\"stk-block-text__text\">Localiza\u00e7\u00e3o das Casas do Estudante<\/p><\/div>\n\n\n\n<ul class=\"wp-block-list\">\n<li><strong>Manaus<\/strong>&nbsp;\u2013 Rua Quintino Bocaiuva, n\u00ba 791,- Centro.<br>Telefone: (92) 3071-6657<br>N\u00famero de vagas: 100<\/li>\n\n\n\n<li><strong>Tabatinga<\/strong>&nbsp;\u2013 Rua da P\u00e1tria, n\u00ba 70 &#8211; Centro.<br>Telefone: (92) 3521-2977<br>N\u00famero de vagas:&nbsp;60<\/li>\n\n\n\n<li><strong>Itacoatiara<\/strong>&nbsp;\u2013 Av. Parque, n\u00ba 1123 \u2013 Bairro Pedreiras<br>Telefone: (92) 3521-2977<br>N\u00famero de vagas:&nbsp;60<\/li>\n\n\n\n<li><strong>Parintins<\/strong>&nbsp;\u2013 Av. Na\u00e7\u00f5es Unidas 1755 \u2013 Centro<br>Telefone:&nbsp; 3584-2464<br>N\u00famero de vagas:&nbsp;80<\/li>\n\n\n\n<li><strong>Tef\u00e9<\/strong>&nbsp;\u2013 Rua Tamuarana, n\u00ba 1750 \u2013 Bairro Mutir\u00e3o<br>Telefone: 3232-7487<br>N\u00famero de vagas:&nbsp;60<\/li>\n<\/ul>\n\n\n\n<div class=\"wp-block-stackable-text stk-block-text stk-block stk-6cf260c\" data-block-id=\"6cf260c\"><style>.stk-6cf260c .stk-block-text__text{font-size:20px !important;font-weight:800 !important;font-family:system-ui, sans-serif !important;}@media screen and (max-width:999px){.stk-6cf260c .stk-block-text__text{font-size:20px !important;}}<\/style><p class=\"stk-block-text__text\">Gest\u00e3o e Organiza\u00e7\u00e3o<\/p><\/div>\n\n\n\n<p>As Casas do Estudante est\u00e3o vinculadas \u00e0 <strong>Pr\u00f3-Reitoria de Extens\u00e3o e Assuntos Comunit\u00e1rios (PROEX)<\/strong>, respons\u00e1vel pelas a\u00e7\u00f5es de car\u00e1ter pedag\u00f3gico e psicossocial no \u00e2mbito da Pol\u00edtica de Apoio e Assist\u00eancia Estudantil, por meio da <strong>Coordenadoria de Assuntos Comunit\u00e1rios (CAC)<\/strong>.<\/p>\n\n\n\n<div class=\"wp-block-stackable-text stk-block-text stk-block stk-9573778\" data-block-id=\"9573778\"><p class=\"stk-block-text__text\">A gest\u00e3o conta com o apoio:<\/p><\/div>\n\n\n\n<ul class=\"wp-block-list\">\n<li>do <strong>fiscal do contrato<\/strong> (designado pela UEA);<\/li>\n\n\n\n<li>do <strong>locador<\/strong>, no caso de im\u00f3veis alugados;<\/li>\n\n\n\n<li>dos <strong>representantes discentes moradores<\/strong> de cada Casa.<\/li>\n<\/ul>\n\n\n\n<div class=\"wp-block-stackable-text stk-block-text stk-block stk-9c13f43\" data-block-id=\"9c13f43\"><p class=\"stk-block-text__text\">Nas unidades do interior, tamb\u00e9m \u00e9 institu\u00edda a Comiss\u00e3o Local de Assuntos Comunit\u00e1rios, regulamentada pela Resolu\u00e7\u00e3o n\u00ba 02\/2018-CEAC, composta por membros designados por portaria, que atuam no acompanhamento e implementa\u00e7\u00e3o das a\u00e7\u00f5es.<\/p><\/div>\n\n\n\n<div class=\"wp-block-stackable-text stk-block-text stk-block stk-823b41d\" data-block-id=\"823b41d\"><style>.stk-823b41d .stk-block-text__text{font-size:20px !important;font-weight:800 !important;font-family:system-ui, sans-serif !important;}@media screen and (max-width:999px){.stk-823b41d .stk-block-text__text{font-size:20px !important;}}<\/style><p class=\"stk-block-text__text\">Representa\u00e7\u00e3o Discente<\/p><\/div>\n\n\n\n<div class=\"wp-block-stackable-text stk-block-text stk-block stk-e6f9ce6\" data-block-id=\"e6f9ce6\"><p class=\"stk-block-text__text\">A Universidade do Estado do Amazonas (UEA) estabeleceu a <strong>Representa\u00e7\u00e3o Discente das Casas do Estudante <\/strong>por voto direto dos moradores, devido a necessidade de representa\u00e7\u00e3o discente para acompanhamento, propostas e a\u00e7\u00f5es permanentes das Casas do Estudante, junto a Coordenadoria de Assuntos Comunit\u00e1rios. As diretorias eleitas ter\u00e3o o mandato de 24 (vinte e quatro) meses, podendo a mesma chapa concorrer \u00e0 reelei\u00e7\u00e3o somente uma vez.<\/p><\/div>\n\n\n\n<p>Atualmente a Diretoria das Casas do Estudante \u00e9 composta por: Representante Discente, Vice-Representante Discente e Secret\u00e1rio.<\/p>\n\n\n\n<div class=\"wp-block-stackable-spacer stk-block-spacer stk--no-padding stk-block stk-f7c9edd\" data-block-id=\"f7c9edd\"><style>.stk-f7c9edd {height:140px !important;}<\/style><\/div>\n","protected":false},"excerpt":{"rendered":"<p>Casa do Estudante A Pol\u00edtica de Apoio e Assist\u00eancia Estudantil da UEA \u2013 Resolu\u00e7\u00e3o n\u00ba 037\/2024-CONSUNIV \u2013 \u00e9 voltada para democratizar a perman\u00eancia dos estudantes dos cursos de gradua\u00e7\u00e3o e p\u00f3s-gradua\u00e7\u00e3o stricto sensu, promovendo a equidade de oportunidades para contribuir no percurso formativo, direcionada ao estudante regularmente matriculado nos cursos de gradua\u00e7\u00e3o, oriundos dos Concursos [&hellip;]<\/p>\n","protected":false},"author":1,"featured_media":0,"parent":0,"menu_order":0,"comment_status":"closed","ping_status":"closed","template":"","meta":{"footnotes":""},"class_list":["post-751","page","type-page","status-publish","hentry"],"blocksy_meta":[],"_links":{"self":[{"href":"http:\/\/proreitoria.uea.edu.br\/proex\/index.php\/wp-json\/wp\/v2\/pages\/751","targetHints":{"allow":["GET"]}}],"collection":[{"href":"http:\/\/proreitoria.uea.edu.br\/proex\/index.php\/wp-json\/wp\/v2\/pages"}],"about":[{"href":"http:\/\/proreitoria.uea.edu.br\/proex\/index.php\/wp-json\/wp\/v2\/types\/page"}],"author":[{"embeddable":true,"href":"http:\/\/proreitoria.uea.edu.br\/proex\/index.php\/wp-json\/wp\/v2\/users\/1"}],"replies":[{"embeddable":true,"href":"http:\/\/proreitoria.uea.edu.br\/proex\/index.php\/wp-json\/wp\/v2\/comments?post=751"}],"version-history":[{"count":19,"href":"http:\/\/proreitoria.uea.edu.br\/proex\/index.php\/wp-json\/wp\/v2\/pages\/751\/revisions"}],"predecessor-version":[{"id":2178,"href":"http:\/\/proreitoria.uea.edu.br\/proex\/index.php\/wp-json\/wp\/v2\/pages\/751\/revisions\/2178"}],"wp:attachment":[{"href":"http:\/\/proreitoria.uea.edu.br\/proex\/index.php\/wp-json\/wp\/v2\/media?parent=751"}],"curies":[{"name":"wp","href":"https:\/\/api.w.org\/{rel}","templated":true}]}}