{"id":747,"date":"2025-05-26T11:01:48","date_gmt":"2025-05-26T14:01:48","guid":{"rendered":"https:\/\/proreitoria.uea.edu.br\/proex\/?page_id=747"},"modified":"2025-11-19T12:21:29","modified_gmt":"2025-11-19T15:21:29","slug":"auxilio-permanencia","status":"publish","type":"page","link":"http:\/\/proreitoria.uea.edu.br\/proex\/index.php\/auxilio-permanencia\/","title":{"rendered":"Aux\u00edlio Perman\u00eancia"},"content":{"rendered":"\n<div class=\"wp-block-stackable-columns alignfull stk-block-columns stk-block stk-2185da7 stk-block-background stk--has-background-overlay\" data-block-id=\"2185da7\"><style>.stk-2185da7 .stk--block-align-2185da7{align-items:center !important;}.stk-2185da7 {background-image:url(http:\/\/proreitoria.uea.edu.br\/proex\/wp-content\/uploads\/2025\/11\/bg_pro_ex.png) !important;padding-top:300px !important;padding-bottom:200px !important;margin-bottom:0px !important;}.stk-2185da7-column{--stk-column-gap:35px !important;row-gap:35px !important;}@media screen and (max-width:999px){.stk-2185da7 {background-image:url(http:\/\/proreitoria.uea.edu.br\/proex\/wp-content\/uploads\/2025\/11\/bg_tablet2.png) !important;}}@media screen and (max-width:689px){.stk-2185da7 {background-image:url(http:\/\/proreitoria.uea.edu.br\/proex\/wp-content\/uploads\/2025\/11\/bg_celular2.png) !important;}}<\/style><div class=\"stk-row stk-inner-blocks stk--block-align-2185da7 stk-block-content stk-content-align stk-2185da7-column\">\n<div class=\"wp-block-stackable-column stk-block-column stk-column stk-block stk-592813c\" data-v=\"4\" data-block-id=\"592813c\"><div class=\"stk-column-wrapper stk-block-column__content stk-container stk-592813c-container stk--no-background stk--no-padding\"><div class=\"stk-block-content stk-inner-blocks stk-592813c-inner-blocks\">\n<div class=\"wp-block-stackable-heading stk-block-heading stk-block-heading--v2 stk-block stk-233ba71\" id=\"auxilio-permanencia\" data-block-id=\"233ba71\"><style>.stk-233ba71 .stk-block-heading__text{color:var(--theme-palette-color-8, #ffffff) !important;}<\/style><h2 class=\"stk-block-heading__text has-text-color has-text-align-center\">Aux\u00edlio Perman\u00eancia<\/h2><\/div>\n<\/div><\/div><\/div>\n<\/div><\/div>\n\n\n\n<div class=\"wp-block-stackable-spacer stk-block-spacer stk--no-padding stk-block stk-5b6c924\" data-block-id=\"5b6c924\"><style>.stk-5b6c924 {height:140px !important;}<\/style><\/div>\n\n\n\n<div class=\"wp-block-stackable-text stk-block-text stk-block stk-d20290b\" data-block-id=\"d20290b\"><p class=\"stk-block-text__text\">A Pol\u00edtica de Apoio e Assist\u00eancia Estudantil da UEA &#8211; Resolu\u00e7\u00e3o n\u00ba 037\/2024-CONSUNIV &#8211; \u00e9 voltada para democratizar a perman\u00eancia dos estudantes dos cursos de gradua\u00e7\u00e3o e p\u00f3s-gradua\u00e7\u00e3o stricto sensu, promovendo a equidade de oportunidades para contribuir no percurso formativo, direcionada ao estudante regularmente matriculado nos cursos de gradua\u00e7\u00e3o, oriundos dos Concursos Vestibulares e do Sistema de Ingresso Seriado (SIS), nos termos da Lei Estadual n\u00b0 2.894\/2004, Lei Estadual n\u00b0 3.972\/2013, Lei Estadual n\u00b0 4.399\/2016 e da Resolu\u00e7\u00e3o n\u00b0 038\/2019, e dos processos seletivos de p\u00f3s-gradua\u00e7\u00e3o stricto sensu.<\/p><\/div>\n\n\n\n<p>O Aux\u00edlio Perman\u00eancia  tem como finalidade mitigar desigualdades sociais e assegurar a conclus\u00e3o dos cursos de gradua\u00e7\u00e3o e p\u00f3s-gradua\u00e7\u00e3o stricto sensu, compreende 05 (cinco) n\u00edveis de apoio financeiro, estabelecidos para atender diferentes graus de vulnerabilidade socioecon\u00f4mica. As condi\u00e7\u00f5es para sua concess\u00e3o est\u00e3o previstas no Anexo I da Resolu\u00e7\u00e3o. O benef\u00edcio ser\u00e1 concedido pelo per\u00edodo de 12 (doze) meses, sem possibilidade de renova\u00e7\u00e3o. O valor do aux\u00edlio corresponder\u00e1 a um percentual do sal\u00e1rio m\u00ednimo vigente, calculado conforme o n\u00edvel de vulnerabilidade do estudante.<\/p>\n\n\n\n<p>Para concess\u00e3o do aux\u00edlio, o estudante dever\u00e1 estar matriculado e frequentando os cursos de gradua\u00e7\u00e3o e p\u00f3s-gradua\u00e7\u00e3o&nbsp;<em>stricto sensu<\/em>&nbsp;oferecidos pela UEA, estar cadastrado no CaduUEA (Cadastro \u00danico da UEA), bem como atender aos requisitos definidos na Resolu\u00e7\u00e3o e nos editais espec\u00edficos.<\/p>\n\n\n\n<div class=\"wp-block-stackable-spacer stk-block-spacer stk--no-padding stk-block stk-951eaf1\" data-block-id=\"951eaf1\"><style>.stk-951eaf1 {height:140px !important;}<\/style><\/div>\n","protected":false},"excerpt":{"rendered":"<p>Aux\u00edlio Perman\u00eancia A Pol\u00edtica de Apoio e Assist\u00eancia Estudantil da UEA &#8211; Resolu\u00e7\u00e3o n\u00ba 037\/2024-CONSUNIV &#8211; \u00e9 voltada para democratizar a perman\u00eancia dos estudantes dos cursos de gradua\u00e7\u00e3o e p\u00f3s-gradua\u00e7\u00e3o stricto sensu, promovendo a equidade de oportunidades para contribuir no percurso formativo, direcionada ao estudante regularmente matriculado nos cursos de gradua\u00e7\u00e3o, oriundos dos Concursos Vestibulares [&hellip;]<\/p>\n","protected":false},"author":1,"featured_media":0,"parent":0,"menu_order":0,"comment_status":"closed","ping_status":"closed","template":"","meta":{"footnotes":""},"class_list":["post-747","page","type-page","status-publish","hentry"],"blocksy_meta":[],"_links":{"self":[{"href":"http:\/\/proreitoria.uea.edu.br\/proex\/index.php\/wp-json\/wp\/v2\/pages\/747","targetHints":{"allow":["GET"]}}],"collection":[{"href":"http:\/\/proreitoria.uea.edu.br\/proex\/index.php\/wp-json\/wp\/v2\/pages"}],"about":[{"href":"http:\/\/proreitoria.uea.edu.br\/proex\/index.php\/wp-json\/wp\/v2\/types\/page"}],"author":[{"embeddable":true,"href":"http:\/\/proreitoria.uea.edu.br\/proex\/index.php\/wp-json\/wp\/v2\/users\/1"}],"replies":[{"embeddable":true,"href":"http:\/\/proreitoria.uea.edu.br\/proex\/index.php\/wp-json\/wp\/v2\/comments?post=747"}],"version-history":[{"count":12,"href":"http:\/\/proreitoria.uea.edu.br\/proex\/index.php\/wp-json\/wp\/v2\/pages\/747\/revisions"}],"predecessor-version":[{"id":2059,"href":"http:\/\/proreitoria.uea.edu.br\/proex\/index.php\/wp-json\/wp\/v2\/pages\/747\/revisions\/2059"}],"wp:attachment":[{"href":"http:\/\/proreitoria.uea.edu.br\/proex\/index.php\/wp-json\/wp\/v2\/media?parent=747"}],"curies":[{"name":"wp","href":"https:\/\/api.w.org\/{rel}","templated":true}]}}