{"id":743,"date":"2025-05-26T10:57:59","date_gmt":"2025-05-26T13:57:59","guid":{"rendered":"https:\/\/proreitoria.uea.edu.br\/proex\/?page_id=743"},"modified":"2025-11-19T11:32:10","modified_gmt":"2025-11-19T14:32:10","slug":"extensao-em-revista","status":"publish","type":"page","link":"http:\/\/proreitoria.uea.edu.br\/proex\/index.php\/extensao-em-revista\/","title":{"rendered":"Extens\u00e3o em Revista"},"content":{"rendered":"\n<div class=\"wp-block-stackable-columns alignfull stk-block-columns stk-block stk-3abc19f stk-block-background stk--has-background-overlay\" data-block-id=\"3abc19f\"><style>.stk-3abc19f .stk--block-align-3abc19f{align-items:center !important;}.stk-3abc19f {background-image:url(http:\/\/proreitoria.uea.edu.br\/proex\/wp-content\/uploads\/2025\/11\/bg_pro_ex.png) !important;padding-top:300px !important;padding-bottom:200px !important;margin-bottom:0px !important;}.stk-3abc19f-column{--stk-column-gap:35px !important;row-gap:35px !important;}@media screen and (max-width:999px){.stk-3abc19f {background-image:url(http:\/\/proreitoria.uea.edu.br\/proex\/wp-content\/uploads\/2025\/11\/bg_tablet2.png) !important;}}@media screen and (max-width:689px){.stk-3abc19f {background-image:url(http:\/\/proreitoria.uea.edu.br\/proex\/wp-content\/uploads\/2025\/11\/bg_celular2.png) !important;}}<\/style><div class=\"stk-row stk-inner-blocks stk--block-align-3abc19f stk-block-content stk-content-align stk-3abc19f-column\">\n<div class=\"wp-block-stackable-column stk-block-column stk-column stk-block stk-ba99017\" data-v=\"4\" data-block-id=\"ba99017\"><div class=\"stk-column-wrapper stk-block-column__content stk-container stk-ba99017-container stk--no-background stk--no-padding\"><div class=\"stk-block-content stk-inner-blocks stk-ba99017-inner-blocks\">\n<div class=\"wp-block-stackable-heading stk-block-heading stk-block-heading--v2 stk-block stk-ea54e1a\" id=\"extensao-em-revista\" data-block-id=\"ea54e1a\"><style>.stk-ea54e1a .stk-block-heading__text{color:var(--theme-palette-color-8, #ffffff) !important;}<\/style><h2 class=\"stk-block-heading__text has-text-color has-text-align-center\">Extens\u00e3o em Revista<\/h2><\/div>\n<\/div><\/div><\/div>\n<\/div><\/div>\n\n\n\n<div class=\"wp-block-stackable-spacer stk-block-spacer stk--no-padding stk-block stk-460e9b8\" data-block-id=\"460e9b8\"><style>.stk-460e9b8 {height:140px !important;}<\/style><\/div>\n\n\n\n<div class=\"wp-block-stackable-text stk-block-text stk-block stk-59d0fb0\" data-block-id=\"59d0fb0\"><style>.stk-59d0fb0 .stk-block-text__text{font-size:18px !important;}@media screen and (max-width:999px){.stk-59d0fb0 .stk-block-text__text{font-size:18px !important;}}<\/style><p class=\"stk-block-text__text has-text-align-justify\">A\u00a0<strong>Extens\u00e3o em Revista\u00a0<\/strong>divulga trabalhos que abordam tem\u00e1ticas relativas aos avan\u00e7os, limita\u00e7\u00f5es e desafios na pr\u00e1tica dos trabalhos de extens\u00e3o, ao desenvolvimento de produtos tecnol\u00f3gicos e extens\u00e3o inovadora, com destaque para os produtos derivados dos processos de forma\u00e7\u00e3o stricto sensu que articulam extens\u00e3o e produ\u00e7\u00e3o cientifica. A revista \u00e9 multidisciplinar e abrange os seguintes eixos tem\u00e1ticos: comunica\u00e7\u00e3o, cultura, direitos humanos, justi\u00e7a, educa\u00e7\u00e3o, meio ambiente, sa\u00fade, tecnologia e trabalho.<\/p><\/div>\n\n\n\n<div class=\"wp-block-stackable-text stk-block-text stk-block stk-c692afd\" data-block-id=\"c692afd\"><style>.stk-c692afd {margin-bottom:80px !important;}.stk-c692afd .stk-block-text__text{font-size:18px !important;}@media screen and (max-width:999px){.stk-c692afd .stk-block-text__text{font-size:18px !important;}}<\/style><p class=\"stk-block-text__text has-text-align-justify\">Desde 2024, a publica\u00e7\u00e3o est\u00e1 dispon\u00edvel em dois idiomas, sendo um deles obrigatoriamente o ingl\u00eas, e segue um fluxo cont\u00ednuo de publica\u00e7\u00e3o. Ser\u00e3o aceitos artigos originais, revis\u00f5es de literatura, reflex\u00f5es e ensaios, relatos de experi\u00eancia, resenhas de livros, entrevistas e cartas ao editor. Manuscritos podem ser submetidos em portugu\u00eas, ingl\u00eas e espanhol.<\/p><\/div>\n\n\n\n<div class=\"wp-block-stackable-image stk-block-image stk-block stk-fc4c77e\" data-block-id=\"fc4c77e\"><style>.stk-fc4c77e {margin-bottom:80px !important;}.stk-fc4c77e .stk-img-wrapper{width:543px !important;height:200px !important;}<\/style><figure><span class=\"stk-img-wrapper stk-image--shape-stretch\"><img loading=\"lazy\" decoding=\"async\" class=\"stk-img wp-image-1371\" src=\"http:\/\/proreitoria.uea.edu.br\/proex\/wp-content\/uploads\/2025\/10\/revista.png\" width=\"1281\" height=\"472\" srcset=\"http:\/\/proreitoria.uea.edu.br\/proex\/wp-content\/uploads\/2025\/10\/revista.png 1281w, http:\/\/proreitoria.uea.edu.br\/proex\/wp-content\/uploads\/2025\/10\/revista-300x111.png 300w, http:\/\/proreitoria.uea.edu.br\/proex\/wp-content\/uploads\/2025\/10\/revista-1024x377.png 1024w, http:\/\/proreitoria.uea.edu.br\/proex\/wp-content\/uploads\/2025\/10\/revista-768x283.png 768w\" sizes=\"auto, (max-width: 1281px) 100vw, 1281px\" \/><\/span><\/figure><\/div>\n\n\n\n<div class=\"wp-block-stackable-button-group stk-block-button-group stk-block stk-a9f7047\" data-block-id=\"a9f7047\"><style>.stk-a9f7047 {margin-bottom:80px !important;}<\/style><div class=\"stk-row stk-inner-blocks has-text-align-center stk-block-content stk-button-group\">\n<div class=\"wp-block-stackable-button stk-block-button is-style-ghost stk-block stk-01ee61e\" data-block-id=\"01ee61e\"><style>.stk-01ee61e .stk-button{background:transparent !important;}.stk-01ee61e .stk-button:hover:after{background:transparent !important;opacity:1 !important;}:where(.stk-hover-parent:hover,  .stk-hover-parent.stk--is-hovered) .stk-01ee61e .stk-button:after{background:transparent !important;opacity:1 !important;}.stk-01ee61e .stk-button:before{border-style:solid !important;}<\/style><a class=\"stk-link stk-button stk--hover-effect-darken\" href=\"https:\/\/periodicos.uea.edu.br\/index.php\/extensaoemrevista\" target=\"_blank\" rel=\"noreferrer noopener\"><span class=\"stk-button__inner-text\">Visite o portal de Peri\u00f3dicos da UEA<\/span><\/a><\/div>\n<\/div><\/div>\n\n\n\n<div class=\"wp-block-stackable-heading stk-block-heading stk-block-heading--v2 stk-block stk-af4353c\" id=\"strong-se-voce-tiver-alguma-duvida-especifica-entre-em-contato-com-nossa-equipe-pelos-canais-listados-abaixo-strong\" data-block-id=\"af4353c\"><style>.stk-af4353c {margin-bottom:27px !important;}.stk-af4353c .stk-block-heading__text{color:var(--theme-palette-color-3, #4d5d6d) !important;}<\/style><h5 class=\"stk-block-heading__text has-text-color has-text-align-center\"><strong>Se voc\u00ea tiver alguma d\u00favida espec\u00edfica, entre em contato com nossa equipe pelos canais listados abaixo.<\/strong><\/h5><\/div>\n\n\n\n<div class=\"wp-block-stackable-button-group stk-block-button-group stk-block stk-a23004e\" data-block-id=\"a23004e\"><style>.stk-a23004e {margin-bottom:0px !important;}<\/style><div class=\"stk-row stk-inner-blocks has-text-align-center stk-block-content stk-button-group\">\n<div class=\"wp-block-stackable-icon-button stk-block-icon-button stk-block stk-e097bb9\" data-block-id=\"e097bb9\"><style>.stk-e097bb9 .stk-button{background:var(--theme-palette-color-2, #3D7070) !important;}.stk-e097bb9 .stk-button .stk--inner-svg svg:last-child, .stk-e097bb9 .stk-button .stk--inner-svg svg:last-child :is(g, path, rect, polygon, ellipse){fill:var(--theme-palette-color-8, #ffffff) !important;}<\/style><a class=\"stk-link stk-button stk--hover-effect-darken\" href=\"https:\/\/wa.me\/559238784492\"><span class=\"stk--svg-wrapper\"><div class=\"stk--inner-svg\"><svg xmlns=\"http:\/\/www.w3.org\/2000\/svg\" viewBox=\"0 0 448 512\" aria-hidden=\"true\" width=\"32\" height=\"32\"><path d=\"M380.9 97.1C339 55.1 283.2 32 223.9 32c-122.4 0-222 99.6-222 222 0 39.1 10.2 77.3 29.6 111L0 480l117.7-30.9c32.4 17.7 68.9 27 106.1 27h.1c122.3 0 224.1-99.6 224.1-222 0-59.3-25.2-115-67.1-157zm-157 341.6c-33.2 0-65.7-8.9-94-25.7l-6.7-4-69.8 18.3L72 359.2l-4.4-7c-18.5-29.4-28.2-63.3-28.2-98.2 0-101.7 82.8-184.5 184.6-184.5 49.3 0 95.6 19.2 130.4 54.1 34.8 34.9 56.2 81.2 56.1 130.5 0 101.8-84.9 184.6-186.6 184.6zm101.2-138.2c-5.5-2.8-32.8-16.2-37.9-18-5.1-1.9-8.8-2.8-12.5 2.8-3.7 5.6-14.3 18-17.6 21.8-3.2 3.7-6.5 4.2-12 1.4-32.6-16.3-54-29.1-75.5-66-5.7-9.8 5.7-9.1 16.3-30.3 1.8-3.7.9-6.9-.5-9.7-1.4-2.8-12.5-30.1-17.1-41.2-4.5-10.8-9.1-9.3-12.5-9.5-3.2-.2-6.9-.2-10.6-.2-3.7 0-9.7 1.4-14.8 6.9-5.1 5.6-19.4 19-19.4 46.3 0 27.3 19.9 53.7 22.6 57.4 2.8 3.7 39.1 59.7 94.8 83.8 35.2 15.2 49 16.5 66.6 13.9 10.7-1.6 32.8-13.4 37.4-26.4 4.6-13 4.6-24.1 3.2-26.4-1.3-2.5-5-3.9-10.5-6.6z\"><\/path><\/svg><\/div><\/span><\/a><\/div>\n\n\n\n<div class=\"wp-block-stackable-button stk-block-button is-style-ghost stk-block stk-4102316\" data-block-id=\"4102316\"><style>.stk-4102316 .stk-button{background:transparent !important;}.stk-4102316 .stk-button:hover:after{background:transparent !important;opacity:1 !important;}:where(.stk-hover-parent:hover,  .stk-hover-parent.stk--is-hovered) .stk-4102316 .stk-button:after{background:transparent !important;opacity:1 !important;}.stk-4102316 .stk-button:before{border-style:solid !important;}<\/style><a class=\"stk-link stk-button stk--hover-effect-darken\" href=\"https:\/\/wa.me\/559238784492\"><span class=\"stk-button__inner-text\">(92)  3878-4492<\/span><\/a><\/div>\n\n\n\n<div class=\"wp-block-stackable-icon-button stk-block-icon-button stk-block stk-9d9e5cf\" data-block-id=\"9d9e5cf\"><style>.stk-9d9e5cf .stk-button{background:var(--theme-palette-color-2, #3D7070) !important;}<\/style><a class=\"stk-link stk-button stk--hover-effect-darken\" href=\"mailto:extensaoemrevista@uea.edu.br\" target=\"_blank\" rel=\"noreferrer noopener\"><span class=\"stk--svg-wrapper\"><div class=\"stk--inner-svg\"><svg xmlns=\"http:\/\/www.w3.org\/2000\/svg\" viewBox=\"0 0 512 512\" aria-hidden=\"true\" width=\"32\" height=\"32\"><path d=\"M215.4 96H144 107.8 96v8.8V144v40.4 89L.2 202.5c1.6-18.1 10.9-34.9 25.7-45.8L48 140.3V96c0-26.5 21.5-48 48-48h76.6l49.9-36.9C232.2 3.9 243.9 0 256 0s23.8 3.9 33.5 11L339.4 48H416c26.5 0 48 21.5 48 48v44.3l22.1 16.4c14.8 10.9 24.1 27.7 25.7 45.8L416 273.4v-89V144 104.8 96H404.2 368 296.6 215.4zM0 448V242.1L217.6 403.3c11.1 8.2 24.6 12.7 38.4 12.7s27.3-4.4 38.4-12.7L512 242.1V448v0c0 35.3-28.7 64-64 64H64c-35.3 0-64-28.7-64-64v0zM176 160H336c8.8 0 16 7.2 16 16s-7.2 16-16 16H176c-8.8 0-16-7.2-16-16s7.2-16 16-16zm0 64H336c8.8 0 16 7.2 16 16s-7.2 16-16 16H176c-8.8 0-16-7.2-16-16s7.2-16 16-16z\"><\/path><\/svg><\/div><\/span><\/a><\/div>\n\n\n\n<div class=\"wp-block-stackable-button stk-block-button is-style-ghost stk-block stk-162f3eb\" data-block-id=\"162f3eb\"><style>.stk-162f3eb .stk-button{background:transparent !important;}.stk-162f3eb .stk-button:hover:after{background:transparent !important;opacity:1 !important;}:where(.stk-hover-parent:hover,  .stk-hover-parent.stk--is-hovered) .stk-162f3eb .stk-button:after{background:transparent !important;opacity:1 !important;}.stk-162f3eb .stk-button:before{border-style:solid !important;}<\/style><a class=\"stk-link stk-button stk--hover-effect-darken\" href=\"mailto:extensaoemrevista@uea.edu.br\" target=\"_blank\" rel=\"noreferrer noopener\"><span class=\"stk-button__inner-text\">extensaoemrevista@uea.edu.br<\/span><\/a><\/div>\n<\/div><\/div>\n\n\n\n<div class=\"wp-block-stackable-spacer stk-block-spacer stk--no-padding stk-block stk-ca71683\" data-block-id=\"ca71683\"><style>.stk-ca71683 {height:140px !important;}<\/style><\/div>\n","protected":false},"excerpt":{"rendered":"<p>Extens\u00e3o em Revista A\u00a0Extens\u00e3o em Revista\u00a0divulga trabalhos que abordam tem\u00e1ticas relativas aos avan\u00e7os, limita\u00e7\u00f5es e desafios na pr\u00e1tica dos trabalhos de extens\u00e3o, ao desenvolvimento de produtos tecnol\u00f3gicos e extens\u00e3o inovadora, com destaque para os produtos derivados dos processos de forma\u00e7\u00e3o stricto sensu que articulam extens\u00e3o e produ\u00e7\u00e3o cientifica. A revista \u00e9 multidisciplinar e abrange os [&hellip;]<\/p>\n","protected":false},"author":1,"featured_media":0,"parent":0,"menu_order":0,"comment_status":"closed","ping_status":"closed","template":"","meta":{"footnotes":""},"class_list":["post-743","page","type-page","status-publish","hentry"],"blocksy_meta":[],"_links":{"self":[{"href":"http:\/\/proreitoria.uea.edu.br\/proex\/index.php\/wp-json\/wp\/v2\/pages\/743","targetHints":{"allow":["GET"]}}],"collection":[{"href":"http:\/\/proreitoria.uea.edu.br\/proex\/index.php\/wp-json\/wp\/v2\/pages"}],"about":[{"href":"http:\/\/proreitoria.uea.edu.br\/proex\/index.php\/wp-json\/wp\/v2\/types\/page"}],"author":[{"embeddable":true,"href":"http:\/\/proreitoria.uea.edu.br\/proex\/index.php\/wp-json\/wp\/v2\/users\/1"}],"replies":[{"embeddable":true,"href":"http:\/\/proreitoria.uea.edu.br\/proex\/index.php\/wp-json\/wp\/v2\/comments?post=743"}],"version-history":[{"count":9,"href":"http:\/\/proreitoria.uea.edu.br\/proex\/index.php\/wp-json\/wp\/v2\/pages\/743\/revisions"}],"predecessor-version":[{"id":2037,"href":"http:\/\/proreitoria.uea.edu.br\/proex\/index.php\/wp-json\/wp\/v2\/pages\/743\/revisions\/2037"}],"wp:attachment":[{"href":"http:\/\/proreitoria.uea.edu.br\/proex\/index.php\/wp-json\/wp\/v2\/media?parent=743"}],"curies":[{"name":"wp","href":"https:\/\/api.w.org\/{rel}","templated":true}]}}