{"id":736,"date":"2025-05-26T10:52:57","date_gmt":"2025-05-26T13:52:57","guid":{"rendered":"https:\/\/proreitoria.uea.edu.br\/proex\/?page_id=736"},"modified":"2025-11-19T11:18:57","modified_gmt":"2025-11-19T14:18:57","slug":"ligas-academicas","status":"publish","type":"page","link":"http:\/\/proreitoria.uea.edu.br\/proex\/index.php\/ligas-academicas\/","title":{"rendered":"Ligas Acad\u00eamicas"},"content":{"rendered":"\n<div class=\"wp-block-stackable-columns alignfull stk-block-columns stk-block stk-43764bb stk-block-background stk--has-background-overlay\" data-block-id=\"43764bb\"><style>.stk-43764bb .stk--block-align-43764bb{align-items:center !important;}.stk-43764bb {background-image:url(http:\/\/proreitoria.uea.edu.br\/proex\/wp-content\/uploads\/2025\/11\/bg_pro_ex.png) !important;padding-top:300px !important;padding-bottom:200px !important;margin-bottom:0px !important;}.stk-43764bb-column{--stk-column-gap:35px !important;row-gap:35px !important;}@media screen and (max-width:999px){.stk-43764bb {background-image:url(http:\/\/proreitoria.uea.edu.br\/proex\/wp-content\/uploads\/2025\/11\/bg_tablet2.png) !important;}}@media screen and (max-width:689px){.stk-43764bb {background-image:url(http:\/\/proreitoria.uea.edu.br\/proex\/wp-content\/uploads\/2025\/11\/bg_celular2.png) !important;}}<\/style><div class=\"stk-row stk-inner-blocks stk--block-align-43764bb stk-block-content stk-content-align stk-43764bb-column\">\n<div class=\"wp-block-stackable-column stk-block-column stk-column stk-block stk-0c2bc30\" data-v=\"4\" data-block-id=\"0c2bc30\"><div class=\"stk-column-wrapper stk-block-column__content stk-container stk-0c2bc30-container stk--no-background stk--no-padding\"><div class=\"stk-block-content stk-inner-blocks stk-0c2bc30-inner-blocks\">\n<div class=\"wp-block-stackable-heading stk-block-heading stk-block-heading--v2 stk-block stk-d6654f9\" id=\"ligas-academicas\" data-block-id=\"d6654f9\"><style>.stk-d6654f9 .stk-block-heading__text{color:var(--theme-palette-color-8, #ffffff) !important;}<\/style><h2 class=\"stk-block-heading__text has-text-color has-text-align-center\">Ligas Acad\u00eamicas<\/h2><\/div>\n<\/div><\/div><\/div>\n<\/div><\/div>\n\n\n\n<div class=\"wp-block-stackable-spacer stk-block-spacer stk--no-padding stk-block stk-8ee233e\" data-block-id=\"8ee233e\"><style>.stk-8ee233e {height:140px !important;}<\/style><\/div>\n\n\n\n<div class=\"wp-block-stackable-text stk-block-text stk-block stk-87a2439\" data-block-id=\"87a2439\"><style>.stk-87a2439 .stk-block-text__text{font-size:18px !important;}@media screen and (max-width:999px){.stk-87a2439 .stk-block-text__text{font-size:18px !important;}}<\/style><p class=\"stk-block-text__text has-text-align-justify\">As Ligas Acad\u00eamicas s\u00e3o organiza\u00e7\u00f5es sem fins lucrativos formadas por um grupo de estudantes, sob a supervis\u00e3o de um docente efetivo da Universidade do Estado do Amazonas (UEA). Seu principal objetivo \u00e9 complementar a forma\u00e7\u00e3o acad\u00eamica dos alunos por meio de atividades que se baseiam no trip\u00e9 universit\u00e1rio: Ensino, Pesquisa e Extens\u00e3o. Cada liga deve abranger, no m\u00ednimo, uma \u00e1rea tem\u00e1tica relacionada \u00e0 extens\u00e3o universit\u00e1ria, que pode incluir: <strong>Educa\u00e7\u00e3o, Sa\u00fade, Tecnologia, Direitos Humanos, Meio Ambiente, Cultura, Comunica\u00e7\u00e3o e Trabalho<\/strong>.<\/p><\/div>\n\n\n\n<div class=\"wp-block-stackable-text stk-block-text stk-block stk-7a8bd00\" data-block-id=\"7a8bd00\"><style>.stk-7a8bd00 {margin-bottom:50px !important;}.stk-7a8bd00 .stk-block-text__text{font-size:18px !important;}@media screen and (max-width:999px){.stk-7a8bd00 .stk-block-text__text{font-size:18px !important;}}<\/style><p class=\"stk-block-text__text has-text-align-justify\">As Ligas Acad\u00eamicas visam promover um aprofundamento did\u00e1tico em temas acad\u00eamicos espec\u00edficos, enriquecendo o processo pedag\u00f3gico de ensino e aprendizagem. Essa atua\u00e7\u00e3o se d\u00e1 em uma perspectiva interdisciplinar e interprofissional, possibilitando a troca de conhecimentos com a comunidade e implementando a\u00e7\u00f5es direcionadas, prioritariamente, a \u00e1reas de grande relev\u00e2ncia social.<\/p><\/div>\n\n\n\n<div class=\"wp-block-stackable-button-group stk-block-button-group stk-block stk-9bd76ff\" data-block-id=\"9bd76ff\"><style>.stk-9bd76ff {margin-bottom:80px !important;}<\/style><div class=\"stk-row stk-inner-blocks has-text-align-left stk-block-content stk-button-group\">\n<div class=\"wp-block-stackable-button stk-block-button is-style-ghost stk-block stk-45fc072\" data-block-id=\"45fc072\"><style>.stk-45fc072 .stk-button{background:transparent !important;}.stk-45fc072 .stk-button:hover:after{background:transparent !important;opacity:1 !important;}:where(.stk-hover-parent:hover,  .stk-hover-parent.stk--is-hovered) .stk-45fc072 .stk-button:after{background:transparent !important;opacity:1 !important;}.stk-45fc072 .stk-button:before{border-style:solid !important;}<\/style><a class=\"stk-link stk-button stk--hover-effect-darken\" href=\"https:\/\/xproj1.uea.edu.br\/\"><span class=\"stk-button__inner-text\">Acesso ao Sisproj Novo<\/span><\/a><\/div>\n<\/div><\/div>\n\n\n\n<div class=\"wp-block-stackable-heading stk-block-heading stk-block-heading--v2 stk-block stk-dbf0c5d\" id=\"principais-duvidas\" data-block-id=\"dbf0c5d\"><style>.stk-dbf0c5d .stk-block-heading__text{font-size:30px !important;color:var(--theme-palette-color-3, #4d5d6d) !important;font-weight:800 !important;font-family:system-ui, sans-serif !important;}@media screen and (max-width:999px){.stk-dbf0c5d .stk-block-heading__text{font-size:30px !important;}}<\/style><h2 class=\"stk-block-heading__text has-text-color\">Principais D\u00favidas<\/h2><\/div>\n\n\n\n<details class=\"wp-block-stackable-accordion stk-block-accordion stk-inner-blocks stk-block-content stk-block stk-0c75c9d stk-block-background is-style-plus\" data-block-id=\"0c75c9d\"><style>.stk-0c75c9d {background-color:#FFFFFF !important;box-shadow:0 5px 30px -10px #123f524d !important;padding-top:0px !important;padding-right:0px !important;padding-bottom:0px !important;padding-left:0px !important;}.stk-0c75c9d:before{background-color:#FFFFFF !important;}<\/style>\n<summary class=\"wp-block-stackable-column stk-block-column stk-column stk-block stk-2a25ec9 stk--container-small stk-block-accordion__heading\" data-v=\"4\" data-block-id=\"2a25ec9\"><style>.stk-2a25ec9 {padding-top:8px !important;padding-right:32px !important;padding-bottom:8px !important;padding-left:32px !important;}<\/style><div class=\"stk-column-wrapper stk-block-column__content stk-container stk-2a25ec9-container stk--no-background stk--no-padding\"><div class=\"stk-block-content stk-inner-blocks stk-2a25ec9-inner-blocks\">\n<div class=\"wp-block-stackable-icon-label stk-block-icon-label stk-block stk-ac2c113\" data-block-id=\"ac2c113\"><div class=\"stk-row stk-inner-blocks stk-block-content\">\n<div class=\"wp-block-stackable-icon stk-block-icon stk-block stk-35593cf\" data-block-id=\"35593cf\"><span class=\"stk--svg-wrapper stk--has-icon2\"><div class=\"stk--inner-svg\"><svg style=\"height:0;width:0\"><defs><linearGradient id=\"linear-gradient-35593cf\" x1=\"0\" x2=\"100%\" y1=\"0\" y2=\"0\"><stop offset=\"0%\" style=\"stop-opacity:1;stop-color:var(--linear-gradient-35593-cf-color-1)\"><\/stop><stop offset=\"100%\" style=\"stop-opacity:1;stop-color:var(--linear-gradient-35593-cf-color-2)\"><\/stop><\/linearGradient><\/defs><\/svg><svg data-prefix=\"fas\" data-icon=\"plus\" class=\"svg-inline--fa fa-plus fa-w-14\" xmlns=\"http:\/\/www.w3.org\/2000\/svg\" viewBox=\"0 0 448 512\" aria-hidden=\"true\" width=\"32\" height=\"32\"><path fill=\"currentColor\" d=\"M416 208H272V64c0-17.67-14.33-32-32-32h-32c-17.67 0-32 14.33-32 32v144H32c-17.67 0-32 14.33-32 32v32c0 17.67 14.33 32 32 32h144v144c0 17.67 14.33 32 32 32h32c17.67 0 32-14.33 32-32V304h144c17.67 0 32-14.33 32-32v-32c0-17.67-14.33-32-32-32z\"><\/path><\/svg><\/div><div class=\"stk--inner-svg stk--icon-2\" style=\"display:none\"><svg style=\"height:0;width:0\"><defs><linearGradient id=\"linear-gradient-35593cf\" x1=\"0\" x2=\"100%\" y1=\"0\" y2=\"0\"><stop offset=\"0%\" style=\"stop-opacity:1;stop-color:var(--linear-gradient-35593-cf-color-1)\"><\/stop><stop offset=\"100%\" style=\"stop-opacity:1;stop-color:var(--linear-gradient-35593-cf-color-2)\"><\/stop><\/linearGradient><\/defs><\/svg><svg data-prefix=\"fas\" data-icon=\"minus\" class=\"svg-inline--fa fa-minus fa-w-14\" xmlns=\"http:\/\/www.w3.org\/2000\/svg\" viewBox=\"0 0 448 512\" aria-hidden=\"true\" width=\"32\" height=\"32\"><path fill=\"currentColor\" d=\"M416 208H32c-17.67 0-32 14.33-32 32v32c0 17.67 14.33 32 32 32h384c17.67 0 32-14.33 32-32v-32c0-17.67-14.33-32-32-32z\"><\/path><\/svg><\/div><\/span><\/div>\n\n\n\n<div class=\"wp-block-stackable-heading stk-block-heading stk-block-heading--v2 stk-block stk-23249ef\" id=\"quem-pode-submeter-uma-liga-academica\" data-block-id=\"23249ef\"><h5 class=\"stk-block-heading__text\">Quem pode submeter uma Liga Acad\u00eamica?<\/h5><\/div>\n<\/div><\/div>\n<\/div><\/div><\/summary>\n\n\n\n<div class=\"wp-block-stackable-column stk-block-column stk-column stk-block stk-d0c99e5 stk-block-accordion__content\" data-v=\"4\" data-block-id=\"d0c99e5\"><style>.stk-d0c99e5-container{padding-top:0px !important;padding-bottom:8px !important;}<\/style><div class=\"stk-column-wrapper stk-block-column__content stk-container stk-d0c99e5-container stk--no-background stk--no-padding\"><div class=\"stk-block-content stk-inner-blocks stk-d0c99e5-inner-blocks\">\n<div class=\"wp-block-stackable-text stk-block-text stk-block stk-f40b5b7\" data-block-id=\"f40b5b7\"><p class=\"stk-block-text__text\">As propostas dever\u00e3o ser submetidas somente pelo(a) coordenador(a) docente vinculado(a) ao quadro efetivo da UEA<\/p><\/div>\n<\/div><\/div><\/div>\n<\/details>\n\n\n\n<details class=\"wp-block-stackable-accordion stk-block-accordion stk-inner-blocks stk-block-content stk-block stk-3cbd960 stk-block-background is-style-plus\" data-block-id=\"3cbd960\"><style>.stk-3cbd960 {background-color:#FFFFFF !important;box-shadow:0 5px 30px -10px #123f524d !important;padding-top:0px !important;padding-right:0px !important;padding-bottom:0px !important;padding-left:0px !important;}.stk-3cbd960:before{background-color:#FFFFFF !important;}<\/style>\n<summary class=\"wp-block-stackable-column stk-block-column stk-column stk-block stk-b44911e stk--container-small stk-block-accordion__heading\" data-v=\"4\" data-block-id=\"b44911e\"><style>.stk-b44911e {padding-top:8px !important;padding-right:32px !important;padding-bottom:8px !important;padding-left:32px !important;}<\/style><div class=\"stk-column-wrapper stk-block-column__content stk-container stk-b44911e-container stk--no-background stk--no-padding\"><div class=\"stk-block-content stk-inner-blocks stk-b44911e-inner-blocks\">\n<div class=\"wp-block-stackable-icon-label stk-block-icon-label stk-block stk-c272d50\" data-block-id=\"c272d50\"><div class=\"stk-row stk-inner-blocks stk-block-content\">\n<div class=\"wp-block-stackable-icon stk-block-icon stk-block stk-672a92f\" data-block-id=\"672a92f\"><span class=\"stk--svg-wrapper stk--has-icon2\"><div class=\"stk--inner-svg\"><svg style=\"height:0;width:0\"><defs><linearGradient id=\"linear-gradient-672a92f\" x1=\"0\" x2=\"100%\" y1=\"0\" y2=\"0\"><stop offset=\"0%\" style=\"stop-opacity:1;stop-color:var(--linear-gradient-672-a-92-f-color-1)\"><\/stop><stop offset=\"100%\" style=\"stop-opacity:1;stop-color:var(--linear-gradient-672-a-92-f-color-2)\"><\/stop><\/linearGradient><\/defs><\/svg><svg data-prefix=\"fas\" data-icon=\"plus\" class=\"svg-inline--fa fa-plus fa-w-14\" xmlns=\"http:\/\/www.w3.org\/2000\/svg\" viewBox=\"0 0 448 512\" aria-hidden=\"true\" width=\"32\" height=\"32\"><path fill=\"currentColor\" d=\"M416 208H272V64c0-17.67-14.33-32-32-32h-32c-17.67 0-32 14.33-32 32v144H32c-17.67 0-32 14.33-32 32v32c0 17.67 14.33 32 32 32h144v144c0 17.67 14.33 32 32 32h32c17.67 0 32-14.33 32-32V304h144c17.67 0 32-14.33 32-32v-32c0-17.67-14.33-32-32-32z\"><\/path><\/svg><\/div><div class=\"stk--inner-svg stk--icon-2\" style=\"display:none\"><svg style=\"height:0;width:0\"><defs><linearGradient id=\"linear-gradient-672a92f\" x1=\"0\" x2=\"100%\" y1=\"0\" y2=\"0\"><stop offset=\"0%\" style=\"stop-opacity:1;stop-color:var(--linear-gradient-672-a-92-f-color-1)\"><\/stop><stop offset=\"100%\" style=\"stop-opacity:1;stop-color:var(--linear-gradient-672-a-92-f-color-2)\"><\/stop><\/linearGradient><\/defs><\/svg><svg data-prefix=\"fas\" data-icon=\"minus\" class=\"svg-inline--fa fa-minus fa-w-14\" xmlns=\"http:\/\/www.w3.org\/2000\/svg\" viewBox=\"0 0 448 512\" aria-hidden=\"true\" width=\"32\" height=\"32\"><path fill=\"currentColor\" d=\"M416 208H32c-17.67 0-32 14.33-32 32v32c0 17.67 14.33 32 32 32h384c17.67 0 32-14.33 32-32v-32c0-17.67-14.33-32-32-32z\"><\/path><\/svg><\/div><\/span><\/div>\n\n\n\n<div class=\"wp-block-stackable-heading stk-block-heading stk-block-heading--v2 stk-block stk-41f0664\" id=\"onde-e-realizada-a-submissao\" data-block-id=\"41f0664\"><h5 class=\"stk-block-heading__text\">Onde \u00e9 realizada a submiss\u00e3o?<\/h5><\/div>\n<\/div><\/div>\n<\/div><\/div><\/summary>\n\n\n\n<div class=\"wp-block-stackable-column stk-block-column stk-column stk-block stk-a512eb2 stk-block-accordion__content\" data-v=\"4\" data-block-id=\"a512eb2\"><style>.stk-a512eb2-container{padding-top:0px !important;padding-bottom:8px !important;}<\/style><div class=\"stk-column-wrapper stk-block-column__content stk-container stk-a512eb2-container stk--no-background stk--no-padding\"><div class=\"stk-block-content stk-inner-blocks stk-a512eb2-inner-blocks\">\n<div class=\"wp-block-stackable-text stk-block-text stk-block stk-be64171\" data-block-id=\"be64171\"><p class=\"stk-block-text__text\">As propostas devem ser enviadas exclusivamente atrav\u00e9s do Sistema de Gerenciamento de Projetos Acad\u00eamicos (SISPROJ Novo), na se\u00e7\u00e3o intitulada &#8220;Liga Acad\u00eamica &#8211; Fluxo Cont\u00ednuo&#8221;.<\/p><\/div>\n<\/div><\/div><\/div>\n<\/details>\n\n\n\n<details class=\"wp-block-stackable-accordion stk-block-accordion stk-inner-blocks stk-block-content stk-block stk-bd43808 stk-block-background is-style-plus\" data-block-id=\"bd43808\"><style>.stk-bd43808 {background-color:#FFFFFF !important;box-shadow:0 5px 30px -10px #123f524d !important;padding-top:0px !important;padding-right:0px !important;padding-bottom:0px !important;padding-left:0px !important;margin-bottom:100px !important;}.stk-bd43808:before{background-color:#FFFFFF !important;}<\/style>\n<summary class=\"wp-block-stackable-column stk-block-column stk-column stk-block stk-950ce64 stk--container-small stk-block-accordion__heading\" data-v=\"4\" data-block-id=\"950ce64\"><style>.stk-950ce64 {padding-top:8px !important;padding-right:32px !important;padding-bottom:8px !important;padding-left:32px !important;}<\/style><div class=\"stk-column-wrapper stk-block-column__content stk-container stk-950ce64-container stk--no-background stk--no-padding\"><div class=\"stk-block-content stk-inner-blocks stk-950ce64-inner-blocks\">\n<div class=\"wp-block-stackable-icon-label stk-block-icon-label stk-block stk-92a5474\" data-block-id=\"92a5474\"><div class=\"stk-row stk-inner-blocks stk-block-content\">\n<div class=\"wp-block-stackable-icon stk-block-icon stk-block stk-66c4be3\" data-block-id=\"66c4be3\"><span class=\"stk--svg-wrapper stk--has-icon2\"><div class=\"stk--inner-svg\"><svg style=\"height:0;width:0\"><defs><linearGradient id=\"linear-gradient-66c4be3\" x1=\"0\" x2=\"100%\" y1=\"0\" y2=\"0\"><stop offset=\"0%\" style=\"stop-opacity:1;stop-color:var(--linear-gradient-66-c-4-be-3-color-1)\"><\/stop><stop offset=\"100%\" style=\"stop-opacity:1;stop-color:var(--linear-gradient-66-c-4-be-3-color-2)\"><\/stop><\/linearGradient><\/defs><\/svg><svg data-prefix=\"fas\" data-icon=\"plus\" class=\"svg-inline--fa fa-plus fa-w-14\" xmlns=\"http:\/\/www.w3.org\/2000\/svg\" viewBox=\"0 0 448 512\" aria-hidden=\"true\" width=\"32\" height=\"32\"><path fill=\"currentColor\" d=\"M416 208H272V64c0-17.67-14.33-32-32-32h-32c-17.67 0-32 14.33-32 32v144H32c-17.67 0-32 14.33-32 32v32c0 17.67 14.33 32 32 32h144v144c0 17.67 14.33 32 32 32h32c17.67 0 32-14.33 32-32V304h144c17.67 0 32-14.33 32-32v-32c0-17.67-14.33-32-32-32z\"><\/path><\/svg><\/div><div class=\"stk--inner-svg stk--icon-2\" style=\"display:none\"><svg style=\"height:0;width:0\"><defs><linearGradient id=\"linear-gradient-66c4be3\" x1=\"0\" x2=\"100%\" y1=\"0\" y2=\"0\"><stop offset=\"0%\" style=\"stop-opacity:1;stop-color:var(--linear-gradient-66-c-4-be-3-color-1)\"><\/stop><stop offset=\"100%\" style=\"stop-opacity:1;stop-color:var(--linear-gradient-66-c-4-be-3-color-2)\"><\/stop><\/linearGradient><\/defs><\/svg><svg data-prefix=\"fas\" data-icon=\"minus\" class=\"svg-inline--fa fa-minus fa-w-14\" xmlns=\"http:\/\/www.w3.org\/2000\/svg\" viewBox=\"0 0 448 512\" aria-hidden=\"true\" width=\"32\" height=\"32\"><path fill=\"currentColor\" d=\"M416 208H32c-17.67 0-32 14.33-32 32v32c0 17.67 14.33 32 32 32h384c17.67 0 32-14.33 32-32v-32c0-17.67-14.33-32-32-32z\"><\/path><\/svg><\/div><\/span><\/div>\n\n\n\n<div class=\"wp-block-stackable-heading stk-block-heading stk-block-heading--v2 stk-block stk-7077b8d\" id=\"quando-posso-solicitar-a-certificacao\" data-block-id=\"7077b8d\"><h5 class=\"stk-block-heading__text\">Quando posso solicitar a certifica\u00e7\u00e3o?<\/h5><\/div>\n<\/div><\/div>\n<\/div><\/div><\/summary>\n\n\n\n<div class=\"wp-block-stackable-column stk-block-column stk-column stk-block stk-e1a0bf2 stk-block-accordion__content\" data-v=\"4\" data-block-id=\"e1a0bf2\"><style>.stk-e1a0bf2-container{padding-top:0px !important;padding-bottom:8px !important;}<\/style><div class=\"stk-column-wrapper stk-block-column__content stk-container stk-e1a0bf2-container stk--no-background stk--no-padding\"><div class=\"stk-block-content stk-inner-blocks stk-e1a0bf2-inner-blocks\">\n<div class=\"wp-block-stackable-text stk-block-text stk-block stk-f6730d9\" data-block-id=\"f6730d9\"><p class=\"stk-block-text__text\">A certifica\u00e7\u00e3o deve ser solicitada pelo coordenador da a\u00e7\u00e3o, mediante a apresenta\u00e7\u00e3o do relat\u00f3rio final da a\u00e7\u00e3o, devidamente anexado ao Sisproj Novo. O coordenador deve preencher a planilha de certifica\u00e7\u00e3o dos participantes e encaminh\u00e1-la via e-mail (extensao@uea.edu.br) para a Coordenadoria de Extens\u00e3o. Para saber mais sobre o processo de certifica\u00e7\u00e3o,&nbsp;<strong><a href=\"http:\/\/proreitoria.uea.edu.br\/proex\/index.php\/emissao-de-certificados\/\" data-type=\"page\" data-id=\"739\">clique aqui<\/a>.<\/strong><\/p><\/div>\n<\/div><\/div><\/div>\n<\/details>\n\n\n\n<div class=\"wp-block-stackable-heading stk-block-heading stk-block-heading--v2 stk-block stk-6b41778\" id=\"documentos-complementares\" data-block-id=\"6b41778\"><style>.stk-6b41778 .stk-block-heading__text{font-size:30px !important;color:var(--theme-palette-color-3, #4d5d6d) !important;font-weight:800 !important;font-family:system-ui, sans-serif !important;}@media screen and (max-width:999px){.stk-6b41778 .stk-block-heading__text{font-size:30px !important;}}<\/style><h2 class=\"stk-block-heading__text has-text-color\">Documentos Complementares<\/h2><\/div>\n\n\n\n<div class=\"wp-block-stackable-columns stk-block-columns stk-block stk-1790ce5\" data-block-id=\"1790ce5\"><style>.stk-1790ce5 {margin-bottom:80px !important;}<\/style><div class=\"stk-row stk-inner-blocks stk-block-content stk-content-align stk-1790ce5-column\">\n<div class=\"wp-block-stackable-column stk-block-column stk-column stk-block stk-51b61e5\" data-v=\"4\" data-block-id=\"51b61e5\"><div class=\"stk-column-wrapper stk-block-column__content stk-container stk-51b61e5-container stk--no-background stk--no-padding\"><div class=\"stk-block-content stk-inner-blocks stk-51b61e5-inner-blocks\">\n<ul class=\"wp-block-list\">\n<li>Edital de Ligas Acad\u00eamicas<\/li>\n\n\n\n<li>Carta de Anu\u00eancia da Unidade Acad\u00eamica e Coordena\u00e7\u00e3o do Curso<\/li>\n\n\n\n<li>Carta de Anu\u00eancia da Institui\u00e7\u00e3o Parceira<\/li>\n\n\n\n<li>Regulamentos das Ligas Acad\u00eamicas<\/li>\n\n\n\n<li>Ata de Funda\u00e7\u00e3o (Modelo)<\/li>\n<\/ul>\n<\/div><\/div><\/div>\n<\/div><\/div>\n\n\n\n<div class=\"wp-block-stackable-heading stk-block-heading stk-block-heading--v2 stk-block stk-217c649\" id=\"strong-se-voce-tiver-alguma-duvida-especifica-entre-em-contato-com-nossa-equipe-pelos-canais-listados-abaixo-strong\" data-block-id=\"217c649\"><style>.stk-217c649 {margin-bottom:50px !important;}.stk-217c649 .stk-block-heading__text{color:var(--theme-palette-color-3, #4d5d6d) !important;}<\/style><h5 class=\"stk-block-heading__text has-text-color has-text-align-center\"><strong>Se voc\u00ea tiver alguma d\u00favida espec\u00edfica, entre em contato com nossa equipe pelos canais listados abaixo.<\/strong><\/h5><\/div>\n\n\n\n<div class=\"wp-block-stackable-button-group stk-block-button-group stk-block stk-a23004e\" data-block-id=\"a23004e\"><style>.stk-a23004e {margin-bottom:150px !important;}<\/style><div class=\"stk-row stk-inner-blocks has-text-align-center stk-block-content stk-button-group\">\n<div class=\"wp-block-stackable-icon-button stk-block-icon-button stk-block stk-e097bb9\" data-block-id=\"e097bb9\"><style>.stk-e097bb9 .stk-button{background:var(--theme-palette-color-2, #3D7070) !important;}.stk-e097bb9 .stk-button .stk--inner-svg svg:last-child, .stk-e097bb9 .stk-button .stk--inner-svg svg:last-child :is(g, path, rect, polygon, ellipse){fill:var(--theme-palette-color-8, #ffffff) !important;}<\/style><a class=\"stk-link stk-button stk--hover-effect-darken\" href=\"https:\/\/wa.me\/559238784492\"><span class=\"stk--svg-wrapper\"><div class=\"stk--inner-svg\"><svg xmlns=\"http:\/\/www.w3.org\/2000\/svg\" viewBox=\"0 0 448 512\" aria-hidden=\"true\" width=\"32\" height=\"32\"><path d=\"M380.9 97.1C339 55.1 283.2 32 223.9 32c-122.4 0-222 99.6-222 222 0 39.1 10.2 77.3 29.6 111L0 480l117.7-30.9c32.4 17.7 68.9 27 106.1 27h.1c122.3 0 224.1-99.6 224.1-222 0-59.3-25.2-115-67.1-157zm-157 341.6c-33.2 0-65.7-8.9-94-25.7l-6.7-4-69.8 18.3L72 359.2l-4.4-7c-18.5-29.4-28.2-63.3-28.2-98.2 0-101.7 82.8-184.5 184.6-184.5 49.3 0 95.6 19.2 130.4 54.1 34.8 34.9 56.2 81.2 56.1 130.5 0 101.8-84.9 184.6-186.6 184.6zm101.2-138.2c-5.5-2.8-32.8-16.2-37.9-18-5.1-1.9-8.8-2.8-12.5 2.8-3.7 5.6-14.3 18-17.6 21.8-3.2 3.7-6.5 4.2-12 1.4-32.6-16.3-54-29.1-75.5-66-5.7-9.8 5.7-9.1 16.3-30.3 1.8-3.7.9-6.9-.5-9.7-1.4-2.8-12.5-30.1-17.1-41.2-4.5-10.8-9.1-9.3-12.5-9.5-3.2-.2-6.9-.2-10.6-.2-3.7 0-9.7 1.4-14.8 6.9-5.1 5.6-19.4 19-19.4 46.3 0 27.3 19.9 53.7 22.6 57.4 2.8 3.7 39.1 59.7 94.8 83.8 35.2 15.2 49 16.5 66.6 13.9 10.7-1.6 32.8-13.4 37.4-26.4 4.6-13 4.6-24.1 3.2-26.4-1.3-2.5-5-3.9-10.5-6.6z\"><\/path><\/svg><\/div><\/span><\/a><\/div>\n\n\n\n<div class=\"wp-block-stackable-button stk-block-button is-style-ghost stk-block stk-4102316\" data-block-id=\"4102316\"><style>.stk-4102316 .stk-button{background:transparent !important;}.stk-4102316 .stk-button:hover:after{background:transparent !important;opacity:1 !important;}:where(.stk-hover-parent:hover,  .stk-hover-parent.stk--is-hovered) .stk-4102316 .stk-button:after{background:transparent !important;opacity:1 !important;}.stk-4102316 .stk-button:before{border-style:solid !important;}<\/style><a class=\"stk-link stk-button stk--hover-effect-darken\" href=\"https:\/\/wa.me\/559238784492\"><span class=\"stk-button__inner-text\">(92)  3878-4492<\/span><\/a><\/div>\n\n\n\n<div class=\"wp-block-stackable-icon-button stk-block-icon-button stk-block stk-a1d76bf\" data-block-id=\"a1d76bf\"><style>.stk-a1d76bf .stk-button{background:var(--theme-palette-color-1, #3D7070) !important;}<\/style><a class=\"stk-link stk-button stk--hover-effect-darken\" href=\"mailto:extensao@uea.edu.br\"><span class=\"stk--svg-wrapper\"><div class=\"stk--inner-svg\"><svg xmlns=\"http:\/\/www.w3.org\/2000\/svg\" viewBox=\"0 0 512 512\" aria-hidden=\"true\" width=\"32\" height=\"32\"><path d=\"M215.4 96H144 107.8 96v8.8V144v40.4 89L.2 202.5c1.6-18.1 10.9-34.9 25.7-45.8L48 140.3V96c0-26.5 21.5-48 48-48h76.6l49.9-36.9C232.2 3.9 243.9 0 256 0s23.8 3.9 33.5 11L339.4 48H416c26.5 0 48 21.5 48 48v44.3l22.1 16.4c14.8 10.9 24.1 27.7 25.7 45.8L416 273.4v-89V144 104.8 96H404.2 368 296.6 215.4zM0 448V242.1L217.6 403.3c11.1 8.2 24.6 12.7 38.4 12.7s27.3-4.4 38.4-12.7L512 242.1V448v0c0 35.3-28.7 64-64 64H64c-35.3 0-64-28.7-64-64v0zM176 160H336c8.8 0 16 7.2 16 16s-7.2 16-16 16H176c-8.8 0-16-7.2-16-16s7.2-16 16-16zm0 64H336c8.8 0 16 7.2 16 16s-7.2 16-16 16H176c-8.8 0-16-7.2-16-16s7.2-16 16-16z\"><\/path><\/svg><\/div><\/span><\/a><\/div>\n\n\n\n<div class=\"wp-block-stackable-button stk-block-button is-style-ghost stk-block stk-15a9bdf\" data-block-id=\"15a9bdf\"><style>.stk-15a9bdf .stk-button{background:transparent !important;}.stk-15a9bdf .stk-button:hover:after{background:transparent !important;opacity:1 !important;}:where(.stk-hover-parent:hover,  .stk-hover-parent.stk--is-hovered) .stk-15a9bdf .stk-button:after{background:transparent !important;opacity:1 !important;}.stk-15a9bdf .stk-button:before{border-style:solid !important;}<\/style><a class=\"stk-link stk-button stk--hover-effect-darken\" href=\"mailto:extensao@uea.edu.br\"><span class=\"stk-button__inner-text\">extensao@uea.edu.br<\/span><\/a><\/div>\n<\/div><\/div>\n\n\n\n<p><\/p>\n","protected":false},"excerpt":{"rendered":"<p>Ligas Acad\u00eamicas As Ligas Acad\u00eamicas s\u00e3o organiza\u00e7\u00f5es sem fins lucrativos formadas por um grupo de estudantes, sob a supervis\u00e3o de um docente efetivo da Universidade do Estado do Amazonas (UEA). Seu principal objetivo \u00e9 complementar a forma\u00e7\u00e3o acad\u00eamica dos alunos por meio de atividades que se baseiam no trip\u00e9 universit\u00e1rio: Ensino, Pesquisa e Extens\u00e3o. Cada [&hellip;]<\/p>\n","protected":false},"author":1,"featured_media":0,"parent":0,"menu_order":0,"comment_status":"closed","ping_status":"closed","template":"","meta":{"footnotes":""},"class_list":["post-736","page","type-page","status-publish","hentry"],"blocksy_meta":[],"_links":{"self":[{"href":"http:\/\/proreitoria.uea.edu.br\/proex\/index.php\/wp-json\/wp\/v2\/pages\/736","targetHints":{"allow":["GET"]}}],"collection":[{"href":"http:\/\/proreitoria.uea.edu.br\/proex\/index.php\/wp-json\/wp\/v2\/pages"}],"about":[{"href":"http:\/\/proreitoria.uea.edu.br\/proex\/index.php\/wp-json\/wp\/v2\/types\/page"}],"author":[{"embeddable":true,"href":"http:\/\/proreitoria.uea.edu.br\/proex\/index.php\/wp-json\/wp\/v2\/users\/1"}],"replies":[{"embeddable":true,"href":"http:\/\/proreitoria.uea.edu.br\/proex\/index.php\/wp-json\/wp\/v2\/comments?post=736"}],"version-history":[{"count":20,"href":"http:\/\/proreitoria.uea.edu.br\/proex\/index.php\/wp-json\/wp\/v2\/pages\/736\/revisions"}],"predecessor-version":[{"id":2025,"href":"http:\/\/proreitoria.uea.edu.br\/proex\/index.php\/wp-json\/wp\/v2\/pages\/736\/revisions\/2025"}],"wp:attachment":[{"href":"http:\/\/proreitoria.uea.edu.br\/proex\/index.php\/wp-json\/wp\/v2\/media?parent=736"}],"curies":[{"name":"wp","href":"https:\/\/api.w.org\/{rel}","templated":true}]}}