{"id":724,"date":"2025-05-26T10:43:36","date_gmt":"2025-05-26T13:43:36","guid":{"rendered":"https:\/\/proreitoria.uea.edu.br\/proex\/?page_id=724"},"modified":"2025-11-19T10:26:28","modified_gmt":"2025-11-19T13:26:28","slug":"camara-de-extensao-e-assuntos-comunitarios","status":"publish","type":"page","link":"http:\/\/proreitoria.uea.edu.br\/proex\/index.php\/camara-de-extensao-e-assuntos-comunitarios\/","title":{"rendered":"C\u00e2mara de Extens\u00e3o e Assuntos Comunit\u00e1rios"},"content":{"rendered":"\n<div class=\"wp-block-stackable-columns alignfull stk-block-columns stk-block stk-e0c3e44 stk-block-background stk--has-background-overlay\" data-block-id=\"e0c3e44\"><style>.stk-e0c3e44 .stk--block-align-e0c3e44{align-items:center !important;}.stk-e0c3e44 {background-image:url(http:\/\/proreitoria.uea.edu.br\/proex\/wp-content\/uploads\/2025\/11\/bg_pro_ex.png) !important;padding-top:300px !important;padding-bottom:200px !important;margin-bottom:0px !important;}.stk-e0c3e44-column{--stk-column-gap:35px !important;row-gap:35px !important;}@media screen and (max-width:999px){.stk-e0c3e44 {background-image:url(http:\/\/proreitoria.uea.edu.br\/proex\/wp-content\/uploads\/2025\/11\/bg_tablet2.png) !important;}}@media screen and (max-width:689px){.stk-e0c3e44 {background-image:url(http:\/\/proreitoria.uea.edu.br\/proex\/wp-content\/uploads\/2025\/11\/bg_celular2.png) !important;}}<\/style><div class=\"stk-row stk-inner-blocks stk--block-align-e0c3e44 stk-block-content stk-content-align stk-e0c3e44-column\">\n<div class=\"wp-block-stackable-column stk-block-column stk-column stk-block stk-20838da\" data-v=\"4\" data-block-id=\"20838da\"><div class=\"stk-column-wrapper stk-block-column__content stk-container stk-20838da-container stk--no-background stk--no-padding\"><div class=\"stk-block-content stk-inner-blocks stk-20838da-inner-blocks\">\n<div class=\"wp-block-stackable-columns stk-block-columns stk-block stk-c511529\" data-block-id=\"c511529\"><div class=\"stk-row stk-inner-blocks stk-block-content stk-content-align stk-c511529-column\">\n<div class=\"wp-block-stackable-column stk-block-column stk-column stk-block stk-a5d308d\" data-v=\"4\" data-block-id=\"a5d308d\"><div class=\"stk-column-wrapper stk-block-column__content stk-container stk-a5d308d-container stk--no-background stk--no-padding\"><div class=\"stk-block-content stk-inner-blocks stk-a5d308d-inner-blocks\">\n<div class=\"wp-block-stackable-heading stk-block-heading stk-block-heading--v2 stk-block stk-d11a3b7\" id=\"camara-de-extensao-e-assuntos-comunitarios\" data-block-id=\"d11a3b7\"><style>.stk-d11a3b7 .stk-block-heading__text{color:var(--theme-palette-color-8, #ffffff) !important;}<\/style><h2 class=\"stk-block-heading__text has-text-color has-text-align-center\">C\u00e2mara de Extens\u00e3o e Assuntos Comunit\u00e1rios<\/h2><\/div>\n<\/div><\/div><\/div>\n<\/div><\/div>\n<\/div><\/div><\/div>\n<\/div><\/div>\n\n\n\n<div class=\"wp-block-stackable-spacer stk-block-spacer stk--no-padding stk-block stk-be9c8b0\" data-block-id=\"be9c8b0\"><style>.stk-be9c8b0 {height:140px !important;}<\/style><\/div>\n\n\n\n<div class=\"wp-block-stackable-text stk-block-text stk-block stk-4aa939e\" data-block-id=\"4aa939e\"><p class=\"stk-block-text__text\">A C\u00e2mara de Extens\u00e3o e Assuntos Comunit\u00e1rios (CEAC), institu\u00edda pela Resolu\u00e7\u00e3o n\u00ba 056\/2024 do Conselho Universit\u00e1rio, \u00e9 um \u00f3rg\u00e3o de car\u00e1ter normativo, consultivo e deliberativo, com atribui\u00e7\u00f5es voltadas \u00e0 formula\u00e7\u00e3o, ao aperfei\u00e7oamento e \u00e0 operacionaliza\u00e7\u00e3o da pol\u00edtica de Extens\u00e3o e Assuntos Comunit\u00e1rios da Universidade do Estado do Amazonas. Sua atua\u00e7\u00e3o contempla, de modo especial, iniciativas relacionadas \u00e0 cultura, ao bem-estar da comunidade acad\u00eamica e \u00e0 implementa\u00e7\u00e3o de benef\u00edcios destinados aos discentes.<\/p><\/div>\n\n\n\n<p>A composi\u00e7\u00e3o da CEAC reflete a diversidade da comunidade universit\u00e1ria, assegurando representatividade de diferentes segmentos. \u00c9 presidida pelo Pr\u00f3-Reitor de Extens\u00e3o e Assuntos Comunit\u00e1rios, que exerce voto comum e de qualidade, tendo como Vice-Presidente o Coordenador de Extens\u00e3o da Pr\u00f3-Reitoria. Tamb\u00e9m integram a C\u00e2mara o Coordenador de Assuntos Comunit\u00e1rios, dois representantes do corpo docente que atuem na \u00e1rea de extens\u00e3o (um da capital e um do interior), dois representantes discentes (um da capital e um do interior) e dois representantes dos servidores t\u00e9cnico-administrativos (um da capital e um do interior). Para garantir equidade, a Resolu\u00e7\u00e3o estabelece rod\u00edzio das Unidades Acad\u00eamicas representadas a cada processo eleitoral. Os mandatos dos membros eleitos t\u00eam dura\u00e7\u00e3o de um ano, com possibilidade de recondu\u00e7\u00e3o, enquanto os cargos de dire\u00e7\u00e3o acompanham o tempo de perman\u00eancia de seus ocupantes na fun\u00e7\u00e3o.<\/p>\n\n\n\n<p>Compete \u00e0 CEAC aprovar e alterar suas diretrizes e regimento interno, bem como deliberar sobre pol\u00edticas, normas e regulamentos relacionados \u00e0 Extens\u00e3o e aos Assuntos Comunit\u00e1rios. Incluem-se entre essas atribui\u00e7\u00f5es a defini\u00e7\u00e3o de crit\u00e9rios para concess\u00e3o de benef\u00edcios e aux\u00edlios aos discentes, a regulamenta\u00e7\u00e3o de bolsas de extens\u00e3o e outros mecanismos de apoio institucional e financeiro a programas e projetos, al\u00e9m da aprecia\u00e7\u00e3o do relat\u00f3rio anual da Pr\u00f3-Reitoria de Extens\u00e3o e Assuntos Comunit\u00e1rios.<\/p>\n\n\n\n<p>Cabe ainda \u00e0 CEAC emitir pareceres sobre conv\u00eanios, contratos, parcerias e instrumentos afins que envolvam a UEA no \u00e2mbito da Extens\u00e3o e dos Assuntos Comunit\u00e1rios, al\u00e9m de avaliar, propor melhorias e refor\u00e7ar potencialidades identificadas nas avalia\u00e7\u00f5es institucionais e de cursos da Universidade. O \u00f3rg\u00e3o tamb\u00e9m possui compet\u00eancia para deliberar ou se manifestar sobre processos encaminhados pelo Presidente do Conselho Universit\u00e1rio, bem como atuar em grau de recurso em mat\u00e9rias que envolvam sua \u00e1rea de atua\u00e7\u00e3o.<\/p>\n\n\n\n<p>Dessa forma, a C\u00e2mara de Extens\u00e3o e Assuntos Comunit\u00e1rios consolida-se como espa\u00e7o estrat\u00e9gico de gest\u00e3o participativa, garantindo representatividade acad\u00eamica e administrativa, al\u00e9m de contribuir de maneira efetiva para o fortalecimento da pol\u00edtica de Extens\u00e3o e para o bem-estar da comunidade universit\u00e1ria.<\/p>\n\n\n\n<div class=\"wp-block-stackable-spacer stk-block-spacer stk--no-padding stk-block stk-85e4eb4\" data-block-id=\"85e4eb4\"><style>.stk-85e4eb4 {height:140px !important;}<\/style><\/div>\n","protected":false},"excerpt":{"rendered":"<p>C\u00e2mara de Extens\u00e3o e Assuntos Comunit\u00e1rios A C\u00e2mara de Extens\u00e3o e Assuntos Comunit\u00e1rios (CEAC), institu\u00edda pela Resolu\u00e7\u00e3o n\u00ba 056\/2024 do Conselho Universit\u00e1rio, \u00e9 um \u00f3rg\u00e3o de car\u00e1ter normativo, consultivo e deliberativo, com atribui\u00e7\u00f5es voltadas \u00e0 formula\u00e7\u00e3o, ao aperfei\u00e7oamento e \u00e0 operacionaliza\u00e7\u00e3o da pol\u00edtica de Extens\u00e3o e Assuntos Comunit\u00e1rios da Universidade do Estado do Amazonas. Sua [&hellip;]<\/p>\n","protected":false},"author":1,"featured_media":0,"parent":0,"menu_order":0,"comment_status":"closed","ping_status":"closed","template":"","meta":{"footnotes":""},"class_list":["post-724","page","type-page","status-publish","hentry"],"blocksy_meta":[],"_links":{"self":[{"href":"http:\/\/proreitoria.uea.edu.br\/proex\/index.php\/wp-json\/wp\/v2\/pages\/724","targetHints":{"allow":["GET"]}}],"collection":[{"href":"http:\/\/proreitoria.uea.edu.br\/proex\/index.php\/wp-json\/wp\/v2\/pages"}],"about":[{"href":"http:\/\/proreitoria.uea.edu.br\/proex\/index.php\/wp-json\/wp\/v2\/types\/page"}],"author":[{"embeddable":true,"href":"http:\/\/proreitoria.uea.edu.br\/proex\/index.php\/wp-json\/wp\/v2\/users\/1"}],"replies":[{"embeddable":true,"href":"http:\/\/proreitoria.uea.edu.br\/proex\/index.php\/wp-json\/wp\/v2\/comments?post=724"}],"version-history":[{"count":6,"href":"http:\/\/proreitoria.uea.edu.br\/proex\/index.php\/wp-json\/wp\/v2\/pages\/724\/revisions"}],"predecessor-version":[{"id":1999,"href":"http:\/\/proreitoria.uea.edu.br\/proex\/index.php\/wp-json\/wp\/v2\/pages\/724\/revisions\/1999"}],"wp:attachment":[{"href":"http:\/\/proreitoria.uea.edu.br\/proex\/index.php\/wp-json\/wp\/v2\/media?parent=724"}],"curies":[{"name":"wp","href":"https:\/\/api.w.org\/{rel}","templated":true}]}}