{"id":722,"date":"2025-05-26T10:42:40","date_gmt":"2025-05-26T13:42:40","guid":{"rendered":"https:\/\/proreitoria.uea.edu.br\/proex\/?page_id=722"},"modified":"2026-01-27T14:15:07","modified_gmt":"2026-01-27T17:15:07","slug":"coordenaria-de-assuntos-comunitarios","status":"publish","type":"page","link":"http:\/\/proreitoria.uea.edu.br\/proex\/index.php\/coordenaria-de-assuntos-comunitarios\/","title":{"rendered":"Coordenadoria de Assuntos Comunit\u00e1rios"},"content":{"rendered":"\n<div class=\"wp-block-stackable-columns alignfull stk-block-columns stk-block stk-08d80ec stk-block-background stk--has-background-overlay\" data-block-id=\"08d80ec\"><style>.stk-08d80ec .stk--block-align-08d80ec{align-items:center !important;}.stk-08d80ec {background-color:transparent !important;background-image:url(http:\/\/proreitoria.uea.edu.br\/proex\/wp-content\/uploads\/2025\/11\/bg_pro_ex.png) !important;padding-top:300px !important;padding-bottom:200px !important;margin-bottom:0px !important;}.stk-08d80ec:before{opacity:0.5 !important;background-image:linear-gradient(90deg,  0%, rgba(0,0,0,0) 100%) !important;}@media screen and (max-width:999px){.stk-08d80ec {background-image:url(http:\/\/proreitoria.uea.edu.br\/proex\/wp-content\/uploads\/2025\/11\/bg_tablet2.png) !important;}}@media screen and (max-width:689px){.stk-08d80ec {background-image:url(http:\/\/proreitoria.uea.edu.br\/proex\/wp-content\/uploads\/2025\/11\/bg_celular2.png) !important;}}<\/style><div class=\"stk-row stk-inner-blocks stk--block-align-08d80ec stk-block-content stk-content-align stk-08d80ec-column\">\n<div class=\"wp-block-stackable-column stk-block-column stk-column stk-block stk-d76036d\" data-v=\"4\" data-block-id=\"d76036d\"><div class=\"stk-column-wrapper stk-block-column__content stk-container stk-d76036d-container stk--no-background stk--no-padding\"><div class=\"stk-block-content stk-inner-blocks stk-d76036d-inner-blocks\">\n<div class=\"wp-block-stackable-heading stk-block-heading stk-block-heading--v2 stk-block stk-adb5f88\" id=\"coordenadoria-de-assuntos-comunitarios\" data-block-id=\"adb5f88\"><style>.stk-adb5f88 .stk-block-heading__text{color:var(--theme-palette-color-8, #ffffff) !important;}<\/style><h2 class=\"stk-block-heading__text has-text-color has-text-align-center\">Coordenadoria de Assuntos Comunit\u00e1rios<\/h2><\/div>\n<\/div><\/div><\/div>\n<\/div><\/div>\n\n\n\n<div class=\"wp-block-stackable-spacer stk-block-spacer stk--no-padding stk-block stk-2cbf728\" data-block-id=\"2cbf728\"><style>.stk-2cbf728 {height:140px !important;}<\/style><\/div>\n\n\n\n<div class=\"wp-block-stackable-text stk-block-text stk-block stk-253d086\" data-block-id=\"253d086\"><style>.stk-253d086 {margin-bottom:45px !important;}<\/style><p class=\"stk-block-text__text\">A Coordenadoria de Assuntos Comunit\u00e1rios (CAC) \u00e9 o setor respons\u00e1vel pelo planejamento, coordena\u00e7\u00e3o e execu\u00e7\u00e3o do Programa de Assist\u00eancia Estudantil da Universidade do Estado do Amazonas (UEA). Sua atua\u00e7\u00e3o tem como finalidade promover condi\u00e7\u00f5es que favore\u00e7am o acesso, a perman\u00eancia e a conclus\u00e3o do curso pelos estudantes, assegurando igualdade de oportunidades no percurso acad\u00eamico. As a\u00e7\u00f5es da CAC est\u00e3o pautadas nos princ\u00edpios do Programa Nacional de Assist\u00eancia Estudantil (PNAES), do Minist\u00e9rio da Educa\u00e7\u00e3o, que orientam a formula\u00e7\u00e3o e implementa\u00e7\u00e3o de pol\u00edticas voltadas ao apoio estudantil, fortalecendo a inclus\u00e3o, a equidade e a qualidade da forma\u00e7\u00e3o universit\u00e1ria.<br><strong>A Resolu\u00e7\u00e3o n\u00ba 037\/2024- CONSUNIV aprovou a Pol\u00edtica de Apoio e Assist\u00eancia Estudantil da UEA \u2013 PAES<\/strong>, que est\u00e1 estruturada em dois eixos (de car\u00e1ter universal e de car\u00e1ter s\u00f3cio econ\u00f4mico) voltados para democratizar a perman\u00eancia dos estudantes dos cursos de gradua\u00e7\u00e3o e p\u00f3s gradua\u00e7\u00e3o stricto sensu promovendo a equidade de oportunidades para contribuir no percurso formativo.<br>A execu\u00e7\u00e3o desses programas \u00e9 conduzida por uma equipe t\u00e9cnica, composta por profissionais das \u00e1reas de Servi\u00e7o Social, Pedagogia, Psicologia, Enfermagem, Nutri\u00e7\u00e3o Cl\u00ednica, Unidade de Alimenta\u00e7\u00e3o e Nutri\u00e7\u00e3o, Educa\u00e7\u00e3o F\u00edsica, al\u00e9m de especialistas em A\u00e7\u00f5es Afirmativas, Diversidade e Direitos Humanos. Para conhecer em detalhes a atua\u00e7\u00e3o e o perfil desses profissionais, acesse a aba <strong>Comunidade UEA<\/strong> \/ <strong>Apoio ao Aluno<\/strong>.<\/p><\/div>\n\n\n\n<div class=\"wp-block-stackable-heading stk-block-heading stk-block-heading--v2 stk-block stk-62686d0\" id=\"equipe-tecnica\" data-block-id=\"62686d0\"><style>.stk-62686d0 {margin-bottom:50px !important;}.stk-62686d0 .stk-block-heading__text{font-weight:800 !important;font-family:system-ui, sans-serif !important;}<\/style><h2 class=\"stk-block-heading__text\">Equipe T\u00e9cnica<\/h2><\/div>\n\n\n\n<div class=\"wp-block-stackable-columns stk-block-columns stk-block stk-eb02caa\" data-block-id=\"eb02caa\"><style>.stk-eb02caa {margin-bottom:0px !important;}<\/style><div class=\"stk-row stk-inner-blocks stk-block-content stk-content-align stk-eb02caa-column\">\n<div class=\"wp-block-stackable-column stk-block-column stk-column stk-block stk-4949496\" data-v=\"4\" data-block-id=\"4949496\"><div class=\"stk-column-wrapper stk-block-column__content stk-container stk-4949496-container stk--no-background stk--no-padding\"><div class=\"stk-block-content stk-inner-blocks stk-4949496-inner-blocks\">\n<div class=\"wp-block-stackable-text stk-block-text stk-block stk-fbe5abc\" data-block-id=\"fbe5abc\"><style>.stk-fbe5abc {margin-bottom:0px !important;}<\/style><p class=\"stk-block-text__text\"><strong>Coordenadora de Assuntos Comunit\u00e1rios<\/strong>:<br>R\u00e1rima Gomes Coelho<br><strong>Gerente de Apoio ao Estudante<\/strong>:<br>Katia Cilene dos Santos Silva<br><strong>Gerente dos Restaurantes Universit\u00e1rios<\/strong> <strong>e Casas do Estudante<\/strong>: <br>Gerson Lima Mendes<br><strong>Assistentes Sociais<\/strong>: <br>Ananda Albano de Menezes<br>Ana Kelly Correa Ribeiro<br>Edneuza de Oliveira Gon\u00e7alves<\/p><\/div>\n\n\n\n<p>Jalna Gordiano de Mendon\u00e7a &#8211; Especialista em A\u00e7\u00f5es Afirmativas<br>Katia Cilene dos Santos Silva<br>Lanir Catique Jean<br>Vilcenclever Braga Alves<br><strong>Pedagoga<\/strong>:<br>Darlene Andrade Monteiro<br><\/p>\n<\/div><\/div><\/div>\n\n\n\n<div class=\"wp-block-stackable-column stk-block-column stk-column stk-block stk-91a9a48\" data-v=\"4\" data-block-id=\"91a9a48\"><div class=\"stk-column-wrapper stk-block-column__content stk-container stk-91a9a48-container stk--no-background stk--no-padding\"><div class=\"stk-block-content stk-inner-blocks stk-91a9a48-inner-blocks\">\n<p><strong>Enfermeiros<\/strong>: <br>Ana Claudia Torres Lob\u00e3o<br>Ruan Keyderson Nascimento de Souza<br><strong>Psic\u00f3logo:<\/strong> <br>Ruy Siqueira de Lima<br><strong>Nutricionista Clinica:<\/strong><br>Luana Santos de Oliveira<br><strong>Nutricionista UAM<\/strong>:<br>Judith Rodrigues Bezerra Neta<br>Carlos Felipe da Silva Costa<br><strong>Assessor Tecnico<\/strong>:<br>Paulo Sergio Teixeira Estevam<br><strong>Estagi\u00e1rias:<\/strong><br>Ana Ester Albuquerque dos Santos<br>Michelle Duque da Silva<br><\/p>\n\n\n\n<p><\/p>\n\n\n\n<div class=\"wp-block-stackable-text stk-block-text stk-block stk-cacf530\" data-block-id=\"cacf530\"><p class=\"stk-block-text__text\"><br><\/p><\/div>\n<\/div><\/div><\/div>\n<\/div><\/div>\n\n\n\n<div class=\"wp-block-stackable-spacer stk-block-spacer stk--no-padding stk-block stk-b900aa7\" data-block-id=\"b900aa7\"><style>.stk-b900aa7 {height:140px !important;}<\/style><\/div>\n","protected":false},"excerpt":{"rendered":"<p>Coordenadoria de Assuntos Comunit\u00e1rios A Coordenadoria de Assuntos Comunit\u00e1rios (CAC) \u00e9 o setor respons\u00e1vel pelo planejamento, coordena\u00e7\u00e3o e execu\u00e7\u00e3o do Programa de Assist\u00eancia Estudantil da Universidade do Estado do Amazonas (UEA). Sua atua\u00e7\u00e3o tem como finalidade promover condi\u00e7\u00f5es que favore\u00e7am o acesso, a perman\u00eancia e a conclus\u00e3o do curso pelos estudantes, assegurando igualdade de oportunidades [&hellip;]<\/p>\n","protected":false},"author":1,"featured_media":0,"parent":0,"menu_order":0,"comment_status":"closed","ping_status":"closed","template":"","meta":{"footnotes":""},"class_list":["post-722","page","type-page","status-publish","hentry"],"blocksy_meta":[],"_links":{"self":[{"href":"http:\/\/proreitoria.uea.edu.br\/proex\/index.php\/wp-json\/wp\/v2\/pages\/722","targetHints":{"allow":["GET"]}}],"collection":[{"href":"http:\/\/proreitoria.uea.edu.br\/proex\/index.php\/wp-json\/wp\/v2\/pages"}],"about":[{"href":"http:\/\/proreitoria.uea.edu.br\/proex\/index.php\/wp-json\/wp\/v2\/types\/page"}],"author":[{"embeddable":true,"href":"http:\/\/proreitoria.uea.edu.br\/proex\/index.php\/wp-json\/wp\/v2\/users\/1"}],"replies":[{"embeddable":true,"href":"http:\/\/proreitoria.uea.edu.br\/proex\/index.php\/wp-json\/wp\/v2\/comments?post=722"}],"version-history":[{"count":46,"href":"http:\/\/proreitoria.uea.edu.br\/proex\/index.php\/wp-json\/wp\/v2\/pages\/722\/revisions"}],"predecessor-version":[{"id":2216,"href":"http:\/\/proreitoria.uea.edu.br\/proex\/index.php\/wp-json\/wp\/v2\/pages\/722\/revisions\/2216"}],"wp:attachment":[{"href":"http:\/\/proreitoria.uea.edu.br\/proex\/index.php\/wp-json\/wp\/v2\/media?parent=722"}],"curies":[{"name":"wp","href":"https:\/\/api.w.org\/{rel}","templated":true}]}}