{"id":720,"date":"2025-05-26T10:41:10","date_gmt":"2025-05-26T13:41:10","guid":{"rendered":"https:\/\/proreitoria.uea.edu.br\/proex\/?page_id=720"},"modified":"2026-01-09T12:38:27","modified_gmt":"2026-01-09T15:38:27","slug":"coordenaria-de-extensao","status":"publish","type":"page","link":"http:\/\/proreitoria.uea.edu.br\/proex\/index.php\/coordenaria-de-extensao\/","title":{"rendered":"Coordenadoria de Extens\u00e3o"},"content":{"rendered":"\n<div class=\"wp-block-stackable-columns alignfull stk-block-columns stk-block stk-38acc83 stk-block-background stk--has-background-overlay\" data-block-id=\"38acc83\"><style>.stk-38acc83 .stk--block-align-38acc83{align-items:center !important;}.stk-38acc83 {background-color:transparent !important;background-image:url(http:\/\/proreitoria.uea.edu.br\/proex\/wp-content\/uploads\/2025\/11\/bg_pro_ex.png) !important;padding-top:300px !important;padding-bottom:200px !important;margin-bottom:0px !important;}.stk-38acc83:before{opacity:0.9 !important;background-image:linear-gradient(90deg,  0%, rgba(0,0,0,0) 100%) !important;}@media screen and (max-width:999px){.stk-38acc83 {background-image:url(http:\/\/proreitoria.uea.edu.br\/proex\/wp-content\/uploads\/2025\/11\/bg_tablet2.png) !important;}}@media screen and (max-width:689px){.stk-38acc83 {background-image:url(http:\/\/proreitoria.uea.edu.br\/proex\/wp-content\/uploads\/2025\/11\/bg_celular2.png) !important;}}<\/style><div class=\"stk-row stk-inner-blocks stk--block-align-38acc83 stk-block-content stk-content-align stk-38acc83-column\">\n<div class=\"wp-block-stackable-column stk-block-column stk-column stk-block stk-057a3d7\" data-v=\"4\" data-block-id=\"057a3d7\"><div class=\"stk-column-wrapper stk-block-column__content stk-container stk-057a3d7-container stk--no-background stk--no-padding\"><div class=\"stk-block-content stk-inner-blocks stk-057a3d7-inner-blocks\">\n<div class=\"wp-block-stackable-heading stk-block-heading stk-block-heading--v2 stk-block stk-90716a3\" id=\"coordenadoria-de-extensao\" data-block-id=\"90716a3\"><style>.stk-90716a3 .stk-block-heading__text{color:var(--theme-palette-color-8, #ffffff) !important;}<\/style><h2 class=\"stk-block-heading__text has-text-color has-text-align-center\">Coordenadoria de Extens\u00e3o<\/h2><\/div>\n<\/div><\/div><\/div>\n<\/div><\/div>\n\n\n\n<div class=\"wp-block-stackable-spacer stk-block-spacer stk--no-padding stk-block stk-b7e744b\" data-block-id=\"b7e744b\"><style>.stk-b7e744b {height:140px !important;}<\/style><\/div>\n\n\n\n<div class=\"wp-block-stackable-text stk-block-text stk-block stk-235de4d\" data-block-id=\"235de4d\"><style>.stk-235de4d .stk-block-text__text{font-size:18px !important;}@media screen and (max-width:999px){.stk-235de4d .stk-block-text__text{font-size:18px !important;}}<\/style><p class=\"stk-block-text__text has-text-align-justify\">A Coordenadoria de Extens\u00e3o (CEXT) da Universidade do Estado do Amazonas (UEA), vinculada \u00e0 Pr\u00f3-Reitoria de Extens\u00e3o e Assuntos Comunit\u00e1rios (PROEX), constitui-se como a inst\u00e2ncia respons\u00e1vel pela formula\u00e7\u00e3o, coordena\u00e7\u00e3o e acompanhamento das a\u00e7\u00f5es extensionistas da institui\u00e7\u00e3o.<\/p><\/div>\n\n\n\n<div class=\"wp-block-stackable-text stk-block-text stk-block stk-dec3f04\" data-block-id=\"dec3f04\"><style>.stk-dec3f04 {margin-bottom:50px !important;}.stk-dec3f04 .stk-block-text__text{font-size:18px !important;}@media screen and (max-width:999px){.stk-dec3f04 .stk-block-text__text{font-size:18px !important;}}<\/style><p class=\"stk-block-text__text has-text-align-justify\">Sua atua\u00e7\u00e3o tem como finalidade promover a articula\u00e7\u00e3o entre a universidade e a sociedade, possibilitando a difus\u00e3o do conhecimento cient\u00edfico, tecnol\u00f3gico, art\u00edstico e cultural, bem como o desenvolvimento de pr\u00e1ticas que contribuam para a melhoria da qualidade de vida e para o fortalecimento da cidadania.<\/p><\/div>\n\n\n\n<div class=\"wp-block-stackable-columns stk-block-columns stk-block stk-4f705da\" data-block-id=\"4f705da\"><style>.stk-4f705da {margin-bottom:50px !important;}<\/style><div class=\"stk-row stk-inner-blocks stk-block-content stk-content-align stk-4f705da-column\">\n<div class=\"wp-block-stackable-column stk-block-column stk-column stk-block stk-c2afb3f\" data-v=\"4\" data-block-id=\"c2afb3f\"><style>@media screen and (min-width:690px){.stk-c2afb3f {flex:var(--stk-flex-grow, 1) 1 calc(50% - var(--stk-column-gap, 0px) * 1 \/ 2 ) !important;}}<\/style><div class=\"stk-column-wrapper stk-block-column__content stk-container stk-c2afb3f-container stk--no-background stk--no-padding\"><div class=\"stk-block-content stk-inner-blocks stk-c2afb3f-inner-blocks\">\n<div class=\"wp-block-stackable-image alignfull stk-block-image stk-block stk-ad89425\" data-block-id=\"ad89425\"><style>.stk-ad89425 .stk-img-wrapper{width:100% !important;height:600px !important;}<\/style><figure><span class=\"stk-img-wrapper stk-image--shape-stretch\"><img loading=\"lazy\" decoding=\"async\" class=\"stk-img wp-image-1356\" src=\"http:\/\/proreitoria.uea.edu.br\/proex\/wp-content\/uploads\/2025\/10\/viveirocidadao.jpg\" width=\"1080\" height=\"1080\" srcset=\"http:\/\/proreitoria.uea.edu.br\/proex\/wp-content\/uploads\/2025\/10\/viveirocidadao.jpg 1080w, http:\/\/proreitoria.uea.edu.br\/proex\/wp-content\/uploads\/2025\/10\/viveirocidadao-300x300.jpg 300w, http:\/\/proreitoria.uea.edu.br\/proex\/wp-content\/uploads\/2025\/10\/viveirocidadao-1024x1024.jpg 1024w, http:\/\/proreitoria.uea.edu.br\/proex\/wp-content\/uploads\/2025\/10\/viveirocidadao-150x150.jpg 150w, http:\/\/proreitoria.uea.edu.br\/proex\/wp-content\/uploads\/2025\/10\/viveirocidadao-768x768.jpg 768w\" sizes=\"auto, (max-width: 1080px) 100vw, 1080px\" \/><\/span><\/figure><\/div>\n<\/div><\/div><\/div>\n\n\n\n<div class=\"wp-block-stackable-column stk-block-column stk-column stk-block stk-ad2277d\" data-v=\"4\" data-block-id=\"ad2277d\"><style>@media screen and (min-width:690px){.stk-ad2277d {flex:var(--stk-flex-grow, 1) 1 calc(50% - var(--stk-column-gap, 0px) * 1 \/ 2 ) !important;}}<\/style><div class=\"stk-column-wrapper stk-block-column__content stk-container stk-ad2277d-container stk--no-background stk--no-padding\"><div class=\"stk-block-content stk-inner-blocks stk-ad2277d-inner-blocks\">\n<div class=\"wp-block-stackable-text stk-block-text stk-block stk-1ee2157\" data-block-id=\"1ee2157\"><style>.stk-1ee2157 .stk-block-text__text{font-size:18px !important;}@media screen and (max-width:999px){.stk-1ee2157 .stk-block-text__text{font-size:18px !important;}}<\/style><p class=\"stk-block-text__text has-text-align-justify\">Entre suas atribui\u00e7\u00f5es, destacam-se o apoio ao desenvolvimento das modalidades de extens\u00e3o: programas, projetos, eventos, ligas acad\u00eamicas e presta\u00e7\u00e3o de servi\u00e7os. Ademais, a equipe da CEXT atua na elabora\u00e7\u00e3o e acompanhamento de editais institucionais, na promo\u00e7\u00e3o de a\u00e7\u00f5es culturais e comunit\u00e1rias, e no estabelecimento de parcerias estrat\u00e9gicas com \u00f3rg\u00e3os p\u00fablicos, institui\u00e7\u00f5es privadas e demais organiza\u00e7\u00f5es da sociedade civil.<\/p><\/div>\n\n\n\n<div class=\"wp-block-stackable-text stk-block-text stk-block stk-0defcb3\" data-block-id=\"0defcb3\"><style>.stk-0defcb3 .stk-block-text__text{font-size:18px !important;}@media screen and (max-width:999px){.stk-0defcb3 .stk-block-text__text{font-size:18px !important;}}<\/style><p class=\"stk-block-text__text has-text-align-justify\">A CEXT tamb\u00e9m desempenha um papel fundamental no apoio \u00e0s atividades deliberadas pela C\u00e2mara de Extens\u00e3o e Assuntos Comunit\u00e1rios (CEAC), que \u00e9 a inst\u00e2ncia normativa e consultiva respons\u00e1vel por definir diretrizes e atender \u00e0 atual pol\u00edtica de extens\u00e3o da UEA (Resolu\u00e7\u00e3o 29\/2020), assegurando a integra\u00e7\u00e3o entre ensino, pesquisa e extens\u00e3o, em conson\u00e2ncia com os princ\u00edpios e objetivos institucionais.<\/p><\/div>\n\n\n\n<div class=\"wp-block-stackable-text stk-block-text stk-block stk-f8b527c\" data-block-id=\"f8b527c\"><style>.stk-f8b527c .stk-block-text__text{font-size:18px !important;}@media screen and (max-width:999px){.stk-f8b527c .stk-block-text__text{font-size:18px !important;}}<\/style><p class=\"stk-block-text__text has-text-align-justify\">Por meio de suas a\u00e7\u00f5es, a Coordenadoria de Extens\u00e3o reafirma o compromisso da UEA com o desenvolvimento humano, social e econ\u00f4mico do Estado do Amazonas, consolidando a universidade como um agente transformador e promotor de inclus\u00e3o, inova\u00e7\u00e3o e cidadania. Nesse contexto, iniciativas como o Trote Social transformam a recep\u00e7\u00e3o de novos estudantes em pr\u00e1ticas solid\u00e1rias voltadas para a comunidade.<\/p><\/div>\n<\/div><\/div><\/div>\n<\/div><\/div>\n\n\n\n<div class=\"wp-block-stackable-columns stk-block-columns stk-block stk-579022e\" data-block-id=\"579022e\"><style>.stk-579022e {margin-bottom:80px !important;}<\/style><div class=\"stk-row stk-inner-blocks stk-block-content stk-content-align stk-579022e-column\">\n<div class=\"wp-block-stackable-column stk-block-column stk-column stk-block stk-676269b\" data-v=\"4\" data-block-id=\"676269b\"><style>@media screen and (min-width:690px){.stk-676269b {flex:var(--stk-flex-grow, 1) 1 calc(50% - var(--stk-column-gap, 0px) * 1 \/ 2 ) !important;}}<\/style><div class=\"stk-column-wrapper stk-block-column__content stk-container stk-676269b-container stk--no-background stk--no-padding\"><div class=\"stk-block-content stk-inner-blocks stk-676269b-inner-blocks\">\n<div class=\"wp-block-stackable-text stk-block-text stk-block stk-fb33c31\" data-block-id=\"fb33c31\"><style>.stk-fb33c31 .stk-block-text__text{font-size:18px !important;}@media screen and (max-width:999px){.stk-fb33c31 .stk-block-text__text{font-size:18px !important;}}<\/style><p class=\"stk-block-text__text has-text-align-justify\">Na UEA, a extens\u00e3o universit\u00e1ria se consolida como um dos pilares fundamentais da forma\u00e7\u00e3o acad\u00eamica e da rela\u00e7\u00e3o da institui\u00e7\u00e3o com a sociedade. Por meio dela, o conhecimento cient\u00edfico, cultural e tecnol\u00f3gico ultrapassa os limites da sala de aula, alcan\u00e7ando comunidades e territ\u00f3rios diversos. Dessa forma, essa din\u00e2mica fortalece a integra\u00e7\u00e3o entre ensino, pesquisa e extens\u00e3o, ao mesmo tempo em que reafirma o compromisso da universidade com o desenvolvimento social e com a promo\u00e7\u00e3o da cidadania. Por isso, divulgamos os produtos e a\u00e7\u00f5es extensionistas produzidos pela comunidade acad\u00eamica por meio do Extens\u00e3o e A\u00e7\u00e3o e da Extens\u00e3o em Revista.<\/p><\/div>\n\n\n\n<div class=\"wp-block-stackable-text stk-block-text stk-block stk-1d84791\" data-block-id=\"1d84791\"><style>.stk-1d84791 .stk-block-text__text{font-size:18px !important;}@media screen and (max-width:999px){.stk-1d84791 .stk-block-text__text{font-size:18px !important;}}<\/style><p class=\"stk-block-text__text has-text-align-justify\">Por fim, todas as a\u00e7\u00f5es est\u00e3o alinhadas \u00e0 Agenda 2030 da ONU e aos <strong>Objetivos de Desenvolvimento Sustent\u00e1vel (ODS)<\/strong>, o que resultou em uma certifica\u00e7\u00e3o reconhecida pela ONU (Impacto Acad\u00eamico).<\/p><\/div>\n<\/div><\/div><\/div>\n\n\n\n<div class=\"wp-block-stackable-column stk-block-column stk-column stk-block stk-a452193\" data-v=\"4\" data-block-id=\"a452193\"><style>@media screen and (min-width:690px){.stk-a452193 {flex:var(--stk-flex-grow, 1) 1 calc(50% - var(--stk-column-gap, 0px) * 1 \/ 2 ) !important;}}<\/style><div class=\"stk-column-wrapper stk-block-column__content stk-container stk-a452193-container stk--no-background stk--no-padding\"><div class=\"stk-block-content stk-inner-blocks stk-a452193-inner-blocks\">\n<div class=\"wp-block-stackable-image alignwide stk-block-image stk-block stk-64460fc\" data-block-id=\"64460fc\"><style>.stk-64460fc .stk-img-wrapper{width:79% !important;height:450px !important;}<\/style><figure><span class=\"stk-img-wrapper stk-image--shape-stretch\"><img loading=\"lazy\" decoding=\"async\" class=\"stk-img wp-image-1330\" src=\"http:\/\/proreitoria.uea.edu.br\/proex\/wp-content\/uploads\/2025\/10\/UEA1.jpg\" width=\"1080\" height=\"1080\" srcset=\"http:\/\/proreitoria.uea.edu.br\/proex\/wp-content\/uploads\/2025\/10\/UEA1.jpg 1080w, http:\/\/proreitoria.uea.edu.br\/proex\/wp-content\/uploads\/2025\/10\/UEA1-300x300.jpg 300w, http:\/\/proreitoria.uea.edu.br\/proex\/wp-content\/uploads\/2025\/10\/UEA1-1024x1024.jpg 1024w, http:\/\/proreitoria.uea.edu.br\/proex\/wp-content\/uploads\/2025\/10\/UEA1-150x150.jpg 150w, http:\/\/proreitoria.uea.edu.br\/proex\/wp-content\/uploads\/2025\/10\/UEA1-768x768.jpg 768w\" sizes=\"auto, (max-width: 1080px) 100vw, 1080px\" \/><\/span><\/figure><\/div>\n<\/div><\/div><\/div>\n<\/div><\/div>\n\n\n\n<div class=\"wp-block-stackable-carousel stk-block-carousel stk--is-slide stk--arrows-justify-space-between stk--arrows-align-center stk-block stk-b0df41a\" data-slides-to-show=\"\" data-block-id=\"b0df41a\"><style>.stk-b0df41a {margin-bottom:26px !important;}<\/style><div class=\"stk-block-carousel__content-wrapper\"><div class=\"stk-row stk-inner-blocks stk-block-content stk-block-carousel__slider-wrapper stk-content-align stk-b0df41a-column\"><div class=\"stk-block-carousel__slider\" role=\"list\" data-autoplay=\"4000\" data-label-slide-of=\"Slide %%d of %%d\" tabindex=\"0\">\n<div class=\"wp-block-stackable-column stk-block-column stk-column stk-block stk-542b24a\" data-v=\"4\" data-block-id=\"542b24a\"><div class=\"stk-column-wrapper stk-block-column__content stk-container stk-542b24a-container stk--no-background stk--no-padding\"><div class=\"stk-block-content stk-inner-blocks stk-542b24a-inner-blocks\">\n<div class=\"wp-block-stackable-image aligncenter stk-block-image stk-block stk-d79d629\" data-block-id=\"d79d629\"><figure><span class=\"stk-img-wrapper stk-image--shape-stretch\"><img loading=\"lazy\" decoding=\"async\" class=\"stk-img wp-image-1345\" src=\"http:\/\/proreitoria.uea.edu.br\/proex\/wp-content\/uploads\/2025\/10\/Apresentacao-Prof.-Darlisom-3.jpg\" width=\"1680\" height=\"945\" srcset=\"http:\/\/proreitoria.uea.edu.br\/proex\/wp-content\/uploads\/2025\/10\/Apresentacao-Prof.-Darlisom-3.jpg 1680w, http:\/\/proreitoria.uea.edu.br\/proex\/wp-content\/uploads\/2025\/10\/Apresentacao-Prof.-Darlisom-3-300x169.jpg 300w, http:\/\/proreitoria.uea.edu.br\/proex\/wp-content\/uploads\/2025\/10\/Apresentacao-Prof.-Darlisom-3-1024x576.jpg 1024w, http:\/\/proreitoria.uea.edu.br\/proex\/wp-content\/uploads\/2025\/10\/Apresentacao-Prof.-Darlisom-3-768x432.jpg 768w, http:\/\/proreitoria.uea.edu.br\/proex\/wp-content\/uploads\/2025\/10\/Apresentacao-Prof.-Darlisom-3-1536x864.jpg 1536w\" sizes=\"auto, (max-width: 1680px) 100vw, 1680px\" \/><\/span><\/figure><\/div>\n<\/div><\/div><\/div>\n\n\n\n<div class=\"wp-block-stackable-column stk-block-column stk-column stk-block stk-3cc55b1\" data-v=\"4\" data-block-id=\"3cc55b1\"><style>.stk-3cc55b1-inner-blocks{row-gap:0px !important;}.stk-3cc55b1-container{max-width:1500px !important;min-width:auto !important;}<\/style><div class=\"stk-column-wrapper stk-block-column__content stk-container stk-3cc55b1-container stk--no-background stk--no-padding\"><div class=\"stk-block-content stk-inner-blocks stk-3cc55b1-inner-blocks\">\n<div class=\"wp-block-stackable-image stk-block-image stk-block stk-4c50a31\" data-block-id=\"4c50a31\"><style>.stk-4c50a31 .stk-img-wrapper{aspect-ratio:16\/9 !important;width:100% !important;height:auto !important;}@media screen and (max-width:999px){.stk-4c50a31 .stk-img-wrapper{height:auto !important;}}@media screen and (max-width:689px){.stk-4c50a31 .stk-img-wrapper{height:auto !important;}}<\/style><figure><span class=\"stk-img-wrapper stk-image--shape-stretch\"><img loading=\"lazy\" decoding=\"async\" class=\"stk-img wp-image-1344\" src=\"http:\/\/proreitoria.uea.edu.br\/proex\/wp-content\/uploads\/2025\/10\/Apresentacao-Prof.-Darlisom-4.jpg\" width=\"1920\" height=\"1080\" srcset=\"http:\/\/proreitoria.uea.edu.br\/proex\/wp-content\/uploads\/2025\/10\/Apresentacao-Prof.-Darlisom-4.jpg 1920w, http:\/\/proreitoria.uea.edu.br\/proex\/wp-content\/uploads\/2025\/10\/Apresentacao-Prof.-Darlisom-4-300x169.jpg 300w, http:\/\/proreitoria.uea.edu.br\/proex\/wp-content\/uploads\/2025\/10\/Apresentacao-Prof.-Darlisom-4-1024x576.jpg 1024w, http:\/\/proreitoria.uea.edu.br\/proex\/wp-content\/uploads\/2025\/10\/Apresentacao-Prof.-Darlisom-4-768x432.jpg 768w, http:\/\/proreitoria.uea.edu.br\/proex\/wp-content\/uploads\/2025\/10\/Apresentacao-Prof.-Darlisom-4-1536x864.jpg 1536w\" sizes=\"auto, (max-width: 1920px) 100vw, 1920px\" \/><\/span><\/figure><\/div>\n<\/div><\/div><\/div>\n\n\n\n<div class=\"wp-block-stackable-column stk-block-column stk-column stk-block stk-63531e5\" data-v=\"4\" data-block-id=\"63531e5\"><div class=\"stk-column-wrapper stk-block-column__content stk-container stk-63531e5-container stk--no-background stk--no-padding\"><div class=\"stk-block-content stk-inner-blocks stk-63531e5-inner-blocks\">\n<div class=\"wp-block-stackable-image stk-block-image stk-block stk-d7cf0cc\" data-block-id=\"d7cf0cc\"><style>.stk-d7cf0cc .stk-img-wrapper{width:100% !important;height:727px !important;}<\/style><figure><span class=\"stk-img-wrapper stk-image--shape-stretch\"><img loading=\"lazy\" decoding=\"async\" class=\"stk-img wp-image-1341\" src=\"http:\/\/proreitoria.uea.edu.br\/proex\/wp-content\/uploads\/2025\/10\/Apresentacao-Prof.-Darlisom-7.jpg\" width=\"1920\" height=\"1080\" srcset=\"http:\/\/proreitoria.uea.edu.br\/proex\/wp-content\/uploads\/2025\/10\/Apresentacao-Prof.-Darlisom-7.jpg 1920w, http:\/\/proreitoria.uea.edu.br\/proex\/wp-content\/uploads\/2025\/10\/Apresentacao-Prof.-Darlisom-7-300x169.jpg 300w, http:\/\/proreitoria.uea.edu.br\/proex\/wp-content\/uploads\/2025\/10\/Apresentacao-Prof.-Darlisom-7-1024x576.jpg 1024w, http:\/\/proreitoria.uea.edu.br\/proex\/wp-content\/uploads\/2025\/10\/Apresentacao-Prof.-Darlisom-7-768x432.jpg 768w, http:\/\/proreitoria.uea.edu.br\/proex\/wp-content\/uploads\/2025\/10\/Apresentacao-Prof.-Darlisom-7-1536x864.jpg 1536w\" sizes=\"auto, (max-width: 1920px) 100vw, 1920px\" \/><\/span><\/figure><\/div>\n<\/div><\/div><\/div>\n<\/div><div class=\"stk-block-carousel__buttons\"><button class=\"stk-block-carousel__button stk-block-carousel__button__prev\" aria-label=\"Previous slide\"><svg aria-hidden=\"true\" focusable=\"false\" data-prefix=\"fas\" data-icon=\"chevron-left\" class=\"svg-inline--fa fa-chevron-left\" xmlns=\"http:\/\/www.w3.org\/2000\/svg\" viewBox=\"0 0 320 512\" width=\"32\" height=\"32\"><path d=\"M34.52 239.03L228.87 44.69c9.37-9.37 24.57-9.37 33.94 0l22.67 22.67c9.36 9.36 9.37 24.52.04 33.9L131.49 256l154.02 154.75c9.34 9.38 9.32 24.54-.04 33.9l-22.67 22.67c-9.37 9.37-24.57 9.37-33.94 0L34.52 272.97c-9.37-9.37-9.37-24.57 0-33.94z\"><\/path><\/svg><\/button><button class=\"stk-block-carousel__button stk-block-carousel__button__next\" aria-label=\"Next slide\"><svg aria-hidden=\"true\" focusable=\"false\" data-prefix=\"fas\" data-icon=\"chevron-right\" class=\"svg-inline--fa fa-chevron-right\" xmlns=\"http:\/\/www.w3.org\/2000\/svg\" viewBox=\"0 0 320 512\" width=\"32\" height=\"32\"><path d=\"M285.476 272.971L91.132 467.314c-9.373 9.373-24.569 9.373-33.941 0l-22.667-22.667c-9.357-9.357-9.375-24.522-.04-33.901L188.505 256 34.484 101.255c-9.335-9.379-9.317-24.544.04-33.901l22.667-22.667c9.373-9.373 24.569-9.373 33.941 0L285.475 239.03c9.373 9.372 9.373 24.568.001 33.941z\"><\/path><\/svg><\/button><\/div><\/div><div class=\"stk-block-carousel__dots\" role=\"list\" data-label=\"Slide %%d\"><\/div><\/div><\/div>\n\n\n\n<div class=\"wp-block-stackable-spacer stk-block-spacer stk--no-padding stk-block stk-7c86906\" data-block-id=\"7c86906\"><style>.stk-7c86906 {height:50px !important;}<\/style><\/div>\n\n\n\n<div class=\"wp-block-stackable-heading stk-block-heading stk-block-heading--v2 stk-block stk-a802db8\" id=\"equipe-tecnica\" data-block-id=\"a802db8\"><style>.stk-a802db8 .stk-block-heading__text{font-weight:800 !important;font-family:system-ui, sans-serif !important;}<\/style><h2 class=\"stk-block-heading__text\">Equipe T\u00e9cnica<\/h2><\/div>\n\n\n\n<div class=\"wp-block-stackable-columns stk-block-columns stk-block stk-63b64a4\" data-block-id=\"63b64a4\"><div class=\"stk-row stk-inner-blocks stk-block-content stk-content-align stk-63b64a4-column\">\n<div class=\"wp-block-stackable-column stk-block-column stk-column stk-block stk-60d4439\" data-v=\"4\" data-block-id=\"60d4439\"><div class=\"stk-column-wrapper stk-block-column__content stk-container stk-60d4439-container stk--no-background stk--no-padding\"><div class=\"stk-block-content stk-inner-blocks stk-60d4439-inner-blocks\">\n<div class=\"wp-block-stackable-text stk-block-text stk-block stk-8db9a4f\" data-block-id=\"8db9a4f\"><style>.stk-8db9a4f {margin-bottom:18px !important;}<\/style><p class=\"stk-block-text__text\"><strong>Coordenador(a) de Extens\u00e3o:<\/strong> Jonas Alves Oliveira<\/p><\/div>\n\n\n\n<p><strong>Gerente de Extens\u00e3o: <\/strong>Fl\u00e1via Roberta Ferreira de Souza<\/p>\n\n\n\n<p><strong>Gerente de Projetos:<\/strong> Erika Afonso Lopes Albuquerque<\/p>\n\n\n\n<p><strong>Assessoria T\u00e9cnica:<\/strong> Ana Karoline da Silva Cordeiro <\/p>\n\n\n\n<p><strong>Assessoria T\u00e9cnica:<\/strong> Felipe Costa Passos Anveres<\/p>\n\n\n\n<p><strong>Apoio Administrativo:<\/strong> Eduardo da Silva Pessoa<\/p>\n<\/div><\/div><\/div>\n\n\n\n<div class=\"wp-block-stackable-column stk-block-column stk-column stk-block stk-9378100\" data-v=\"4\" data-block-id=\"9378100\"><div class=\"stk-column-wrapper stk-block-column__content stk-container stk-9378100-container stk--no-background stk--no-padding\"><div class=\"stk-block-content stk-inner-blocks stk-9378100-inner-blocks\">\n<div class=\"wp-block-stackable-text stk-block-text stk-block stk-d0c41ea\" data-block-id=\"d0c41ea\"><p class=\"stk-block-text__text\"><strong>Apoio Administrativo PADEV:<\/strong> Caio Cesar Neres Magalhaes<\/p><\/div>\n\n\n\n<div class=\"wp-block-stackable-text stk-block-text stk-block stk-68f9323\" data-block-id=\"68f9323\"><p class=\"stk-block-text__text\"><strong>Apoio Administrativo PADEV:<\/strong> Ariel Leticia de Souza Vidal <\/p><\/div>\n\n\n\n<div class=\"wp-block-stackable-text stk-block-text stk-block stk-19169b2\" data-block-id=\"19169b2\"><p class=\"stk-block-text__text\"><strong>Apoio Administrativo PADEX:<\/strong> Guilherme Henrique da Silva Soares<\/p><\/div>\n\n\n\n<div class=\"wp-block-stackable-text stk-block-text stk-block stk-b630d77\" data-block-id=\"b630d77\"><p class=\"stk-block-text__text\"><strong>Apoio Administrativo PADEX:<\/strong> Elyamara Fernandes Cristina Fernandes Correa <\/p><\/div>\n\n\n\n<div class=\"wp-block-stackable-text stk-block-text stk-block stk-e565768\" data-block-id=\"e565768\"><p class=\"stk-block-text__text\"><strong>Estagi\u00e1rio(a):<\/strong> Larissa Grazielly Serr\u00e3o Gama<\/p><\/div>\n\n\n\n<div class=\"wp-block-stackable-text stk-block-text stk-block stk-441ee57\" data-block-id=\"441ee57\"><p class=\"stk-block-text__text\"><strong>Estagi\u00e1rio(a):<\/strong> Giaynne Karolynne<\/p><\/div>\n<\/div><\/div><\/div>\n<\/div><\/div>\n\n\n\n<div class=\"wp-block-stackable-spacer stk-block-spacer stk--no-padding stk-block stk-1e882c5\" data-block-id=\"1e882c5\"><style>.stk-1e882c5 {height:140px !important;}<\/style><\/div>\n\n\n\n<p><\/p>\n","protected":false},"excerpt":{"rendered":"<p>Coordenadoria de Extens\u00e3o A Coordenadoria de Extens\u00e3o (CEXT) da Universidade do Estado do Amazonas (UEA), vinculada \u00e0 Pr\u00f3-Reitoria de Extens\u00e3o e Assuntos Comunit\u00e1rios (PROEX), constitui-se como a inst\u00e2ncia respons\u00e1vel pela formula\u00e7\u00e3o, coordena\u00e7\u00e3o e acompanhamento das a\u00e7\u00f5es extensionistas da institui\u00e7\u00e3o. Sua atua\u00e7\u00e3o tem como finalidade promover a articula\u00e7\u00e3o entre a universidade e a sociedade, possibilitando a [&hellip;]<\/p>\n","protected":false},"author":1,"featured_media":0,"parent":0,"menu_order":0,"comment_status":"closed","ping_status":"closed","template":"","meta":{"footnotes":""},"class_list":["post-720","page","type-page","status-publish","hentry"],"blocksy_meta":[],"_links":{"self":[{"href":"http:\/\/proreitoria.uea.edu.br\/proex\/index.php\/wp-json\/wp\/v2\/pages\/720","targetHints":{"allow":["GET"]}}],"collection":[{"href":"http:\/\/proreitoria.uea.edu.br\/proex\/index.php\/wp-json\/wp\/v2\/pages"}],"about":[{"href":"http:\/\/proreitoria.uea.edu.br\/proex\/index.php\/wp-json\/wp\/v2\/types\/page"}],"author":[{"embeddable":true,"href":"http:\/\/proreitoria.uea.edu.br\/proex\/index.php\/wp-json\/wp\/v2\/users\/1"}],"replies":[{"embeddable":true,"href":"http:\/\/proreitoria.uea.edu.br\/proex\/index.php\/wp-json\/wp\/v2\/comments?post=720"}],"version-history":[{"count":37,"href":"http:\/\/proreitoria.uea.edu.br\/proex\/index.php\/wp-json\/wp\/v2\/pages\/720\/revisions"}],"predecessor-version":[{"id":2207,"href":"http:\/\/proreitoria.uea.edu.br\/proex\/index.php\/wp-json\/wp\/v2\/pages\/720\/revisions\/2207"}],"wp:attachment":[{"href":"http:\/\/proreitoria.uea.edu.br\/proex\/index.php\/wp-json\/wp\/v2\/media?parent=720"}],"curies":[{"name":"wp","href":"https:\/\/api.w.org\/{rel}","templated":true}]}}