{"id":718,"date":"2025-05-26T10:39:35","date_gmt":"2025-05-26T13:39:35","guid":{"rendered":"https:\/\/proreitoria.uea.edu.br\/proex\/?page_id=718"},"modified":"2025-11-19T15:06:22","modified_gmt":"2025-11-19T18:06:22","slug":"apresentacao","status":"publish","type":"page","link":"http:\/\/proreitoria.uea.edu.br\/proex\/index.php\/apresentacao\/","title":{"rendered":"Apresenta\u00e7\u00e3o"},"content":{"rendered":"\n<div class=\"wp-block-stackable-columns alignfull stk-block-columns stk-block stk-51b2b12 stk-block-background stk--has-background-overlay\" data-block-id=\"51b2b12\"><style>.stk-51b2b12 {background-image:url(http:\/\/proreitoria.uea.edu.br\/proex\/wp-content\/uploads\/2025\/11\/bg_pro_ex.png) !important;padding-top:300px !important;padding-bottom:200px !important;margin-bottom:0px !important;}.stk-51b2b12-column{--stk-column-gap:35px !important;}@media screen and (max-width:999px){.stk-51b2b12 {background-image:url(http:\/\/proreitoria.uea.edu.br\/proex\/wp-content\/uploads\/2025\/11\/bg_tablet2.png) !important;padding-top:250px !important;padding-bottom:150px !important;}}@media screen and (max-width:689px){.stk-51b2b12 {background-image:url(http:\/\/proreitoria.uea.edu.br\/proex\/wp-content\/uploads\/2025\/11\/bg_celular2.png) !important;padding-top:150px !important;padding-bottom:150px !important;}}<\/style><div class=\"stk-row stk-inner-blocks stk-block-content stk-content-align stk-51b2b12-column\">\n<div class=\"wp-block-stackable-column stk-block-column stk-column stk-block stk-3a43e6b\" data-v=\"4\" data-block-id=\"3a43e6b\"><style>.stk-3a43e6b-container{margin-top:0px !important;margin-right:0px !important;margin-bottom:0px !important;margin-left:0px !important;}<\/style><div class=\"stk-column-wrapper stk-block-column__content stk-container stk-3a43e6b-container stk--no-background stk--no-padding\"><div class=\"has-text-align-center-mobile stk-block-content stk-inner-blocks stk-3a43e6b-inner-blocks\">\n<div class=\"wp-block-stackable-heading stk-block-heading stk-block-heading--v2 stk-block stk-7225c59\" id=\"apresentacao\" data-block-id=\"7225c59\"><style>.stk-7225c59 {margin-bottom:10px !important;}.stk-7225c59 .stk-block-heading__text{color:var(--theme-palette-color-8, #ffffff) !important;line-height:1.3em !important;font-weight:800 !important;}@media screen and (max-width:999px){.stk-7225c59 .stk-block-heading__text{font-size:40px !important;}}@media screen and (max-width:689px){.stk-7225c59 .stk-block-heading__text{font-size:23px !important;}}<\/style><h2 class=\"stk-block-heading__text has-text-color has-text-align-center\">Apresenta\u00e7\u00e3o<\/h2><\/div>\n<\/div><\/div><\/div>\n<\/div><\/div>\n\n\n\n<div class=\"wp-block-stackable-columns alignfull stk-block-columns stk-block stk-23aa5c0 stk-block-background\" data-block-id=\"23aa5c0\"><style>.stk-23aa5c0 {background-color:#ffffff !important;overflow:hidden !important;margin-bottom:0px !important;}.stk-23aa5c0:hover{background-color:#ffffff !important;}.stk-23aa5c0:before{background-color:#ffffff !important;}.stk-23aa5c0:hover:before{background-color:#ffffff !important;}<\/style><div class=\"stk-row stk-inner-blocks stk-block-content stk-content-align stk-23aa5c0-column\">\n<div class=\"wp-block-stackable-column stk-block-column stk-column stk-block stk-4939edb\" data-v=\"4\" data-block-id=\"4939edb\"><div class=\"stk-column-wrapper stk-block-column__content stk-container stk-4939edb-container stk--no-background stk--no-padding\"><div class=\"stk-block-content stk-inner-blocks stk-4939edb-inner-blocks\">\n<div class=\"wp-block-stackable-spacer stk-block-spacer stk--no-padding stk-block stk-97a2926\" data-block-id=\"97a2926\"><style>.stk-97a2926 {height:140px !important;}<\/style><\/div>\n<\/div><\/div><\/div>\n<\/div><\/div>\n\n\n\n<div class=\"wp-block-stackable-text stk-block-text stk-block stk-3001742\" data-block-id=\"3001742\"><p class=\"stk-block-text__text\">A Pr\u00f3-Reitoria de Extens\u00e3o e Assuntos Comunit\u00e1rios (PROEX) \u00e9 uma unidade da Universidade do Estado do Amazonas (UEA), respons\u00e1vel pela condu\u00e7\u00e3o da pol\u00edtica institucional de Extens\u00e3o Universit\u00e1ria e da pol\u00edtica de Assist\u00eancia Estudantil. Sua atua\u00e7\u00e3o tem como finalidade atender \u00e0s demandas da sociedade, por meio da difus\u00e3o e aplica\u00e7\u00e3o do conhecimento cient\u00edfico e tecnol\u00f3gico, fortalecendo o papel social da universidade.<\/p><\/div>\n\n\n\n<p>Al\u00e9m disso, a PROEX promove a\u00e7\u00f5es voltadas ao apoio da comunidade acad\u00eamica, com foco na integra\u00e7\u00e3o e no bem-estar de alunos e servidores, em conson\u00e2ncia com o disposto na Lei Delegada n\u00ba 114, de 18 de maio de 2007.<\/p>\n\n\n\n<p>A estrutura da PROEX \u00e9 composta pela Coordenadoria de Extens\u00e3o (CEXT), dedicada ao desenvolvimento de programas, projetos, cursos, eventos, ligas acad\u00eamicas, presta\u00e7\u00e3o de servi\u00e7os e cultura, e pela Coordenadoria de Assuntos Comunit\u00e1rios (CAC), voltada ao atendimento e suporte \u00e0 comunidade interna da UEA.<\/p>\n\n\n\n<p>Com essa organiza\u00e7\u00e3o, a PROEX reafirma seu compromisso com a constru\u00e7\u00e3o de uma universidade cada vez mais conectada \u00e0 sociedade e atenta \u00e0s necessidades de sua comunidade acad\u00eamica.<\/p>\n\n\n\n<div class=\"wp-block-stackable-spacer stk-block-spacer stk--no-padding stk-block stk-c50e823\" data-block-id=\"c50e823\"><style>.stk-c50e823 {height:80px !important;}<\/style><\/div>\n\n\n\n<div class=\"wp-block-stackable-feature-grid alignwide stk-block-feature-grid stk-block-columns stk-block stk-fd09e9f is-style-default\" data-block-id=\"fd09e9f\"><style>.stk-fd09e9f {overflow:hidden !important;max-width:756px !important;min-width:auto !important;padding-top:0px !important;padding-right:0px !important;padding-bottom:0px !important;padding-left:0px !important;margin-right:auto !important;margin-bottom:0px !important;margin-left:auto !important;}.stk-fd09e9f-column{--stk-columns-spacing:0px !important;--stk-column-gap:10px !important;}@media screen and (max-width:689px){.stk-fd09e9f-column{row-gap:18px !important;}}<\/style><div class=\"stk-row stk-inner-blocks has-text-align-center stk-block-content stk-content-align stk-fd09e9f-column alignwide\">\n<div class=\"wp-block-stackable-column stk-block-column stk-column stk-block stk-6b2feae\" data-v=\"4\" data-block-id=\"6b2feae\"><style>.stk-6b2feae-inner-blocks{justify-content:center !important;row-gap:3px !important;}.stk-6b2feae {border-top-left-radius:12px !important;border-top-right-radius:12px !important;border-bottom-right-radius:12px !important;border-bottom-left-radius:12px !important;overflow:hidden !important;border-style:solid !important;border-color:var(--theme-palette-color-5, #E2E7ED) !important;border-top-width:1px !important;border-right-width:1px !important;border-bottom-width:1px !important;border-left-width:1px !important;padding-bottom:40px !important;}.stk-6b2feae-container{min-height:0px !important;}<\/style><div class=\"stk-column-wrapper stk-block-column__content stk-container stk-6b2feae-container stk--no-background stk--no-padding\"><div class=\"stk--column-flex stk-block-content stk-inner-blocks stk-6b2feae-inner-blocks\">\n<div class=\"wp-block-stackable-image stk-block-image stk-block stk-090602f\" data-block-id=\"090602f\"><style>.stk-090602f {border-top-left-radius:12px !important;border-top-right-radius:12px !important;overflow:hidden !important;align-items:flex-start !important;margin-top:0px !important;display:flex !important;}<\/style><figure><span class=\"stk-img-wrapper stk-image--shape-stretch\"><img loading=\"lazy\" decoding=\"async\" class=\"stk-img wp-image-3955\" src=\"http:\/\/www.uea.edu.br\/wp-content\/uploads\/2024\/03\/nilson-e1710976969371.jpg\" width=\"1183\" height=\"923\"\/><\/span><\/figure><\/div>\n\n\n\n<div class=\"wp-block-stackable-heading stk-block-heading stk-block-heading--v2 stk-block stk-f69a1f1\" id=\"pro-reitor\" data-block-id=\"f69a1f1\"><style>.stk-f69a1f1 {margin-bottom:12px !important;}.stk-f69a1f1 .stk-block-heading__text{font-size:14px !important;color:#abb8c3 !important;font-weight:normal !important;}@media screen and (max-width:999px){.stk-f69a1f1 .stk-block-heading__text{font-size:14px !important;}}<\/style><h6 class=\"stk-block-heading__text has-text-color has-text-align-center\">PR\u00d3-REITOR<\/h6><\/div>\n\n\n\n<div class=\"wp-block-stackable-text stk-block-text stk-block stk-f2b7966\" data-block-id=\"f2b7966\"><p class=\"stk-block-text__text\">Valber Barbosa Martins<\/p><\/div>\n<\/div><\/div><\/div>\n\n\n\n<div class=\"wp-block-stackable-column stk-block-column stk-column stk-block stk-791343a\" data-v=\"4\" data-block-id=\"791343a\"><style>.stk-791343a-inner-blocks{justify-content:center !important;row-gap:3px !important;}.stk-791343a {border-top-left-radius:12px !important;border-top-right-radius:12px !important;border-bottom-right-radius:12px !important;border-bottom-left-radius:12px !important;overflow:hidden !important;border-style:solid !important;border-color:var(--theme-palette-color-5, #E2E7ED) !important;border-top-width:1px !important;border-right-width:1px !important;border-bottom-width:1px !important;border-left-width:1px !important;padding-top:20px !important;padding-bottom:20px !important;}.stk-791343a-container{min-height:0px !important;}<\/style><div class=\"stk-column-wrapper stk-block-column__content stk-container stk-791343a-container stk--no-background stk--no-padding\"><div class=\"stk--column-flex stk-block-content stk-inner-blocks stk-791343a-inner-blocks\">\n<div class=\"wp-block-stackable-heading stk-block-heading stk-block-heading--v2 stk-block stk-25a1813\" id=\"gabinete-da-proex\" data-block-id=\"25a1813\"><style>.stk-25a1813 {margin-bottom:12px !important;}.stk-25a1813 .stk-block-heading__text{font-size:14px !important;color:#abb8c3 !important;font-weight:normal !important;text-transform:uppercase !important;}@media screen and (max-width:999px){.stk-25a1813 .stk-block-heading__text{font-size:14px !important;}}<\/style><h6 class=\"stk-block-heading__text has-text-color has-text-align-center\">Gabinete da PROEX<\/h6><\/div>\n\n\n\n<div class=\"wp-block-stackable-columns stk-block-columns stk-block stk-790b5b2\" data-block-id=\"790b5b2\"><div class=\"stk-row stk-inner-blocks stk-block-content stk-content-align stk-790b5b2-column\">\n<div class=\"wp-block-stackable-column stk-block-column stk-column stk-block stk-3e2f3a2\" data-v=\"4\" data-block-id=\"3e2f3a2\"><style>.stk-3e2f3a2 {margin-bottom:20px !important;}.stk-3e2f3a2-container{max-width:70% !important;min-width:auto !important;}<\/style><div class=\"stk-column-wrapper stk-block-column__content stk-container stk-3e2f3a2-container stk--no-background stk--no-padding\"><div class=\"has-text-align-center stk-block-content stk-inner-blocks stk-3e2f3a2-inner-blocks\">\n<div class=\"wp-block-stackable-button-group stk-block-button-group stk-block stk-5b60df7\" data-block-id=\"5b60df7\"><style>.stk-5b60df7 .stk-button-group{flex-direction:column !important;align-items:stretch !important;}.stk-5b60df7 .stk-block{flex-basis:auto !important;}.stk-5b60df7 .stk-block-button, .stk-5b60df7 .stk-block-icon-button{flex:1 0 0% !important;}<\/style><div class=\"stk-row stk-inner-blocks stk-block-content stk-button-group\">\n<div class=\"wp-block-stackable-button stk-block-button is-style-ghost stk-block stk-6755fde\" data-block-id=\"6755fde\"><style>.stk-6755fde .stk-button{background:transparent !important;border-top-left-radius:12px !important;border-top-right-radius:12px !important;border-bottom-right-radius:12px !important;border-bottom-left-radius:12px !important;}.stk-6755fde .stk-button:hover:after{background:transparent !important;opacity:1 !important;}:where(.stk-hover-parent:hover,  .stk-hover-parent.stk--is-hovered) .stk-6755fde .stk-button:after{background:transparent !important;opacity:1 !important;}.stk-6755fde .stk-button:before{border-style:solid !important;border-top-width:1px !important;border-right-width:1px !important;border-bottom-width:1px !important;border-left-width:1px !important;}<\/style><a class=\"stk-link stk-button stk--hover-effect-darken\" href=\"tel:92994239002\" title=\"tel:+559238784478\" target=\"_blank\" rel=\"noreferrer noopener\"><span class=\"stk--svg-wrapper\"><div class=\"stk--inner-svg\"><svg xmlns=\"http:\/\/www.w3.org\/2000\/svg\" viewBox=\"0 0 512 512\" aria-hidden=\"true\" width=\"32\" height=\"32\"><path d=\"M164.9 24.6c-7.7-18.6-28-28.5-47.4-23.2l-88 24C12.1 30.2 0 46 0 64C0 311.4 200.6 512 448 512c18 0 33.8-12.1 38.6-29.5l24-88c5.3-19.4-4.6-39.7-23.2-47.4l-96-40c-16.3-6.8-35.2-2.1-46.3 11.6L304.7 368C234.3 334.7 177.3 277.7 144 207.3L193.3 167c13.7-11.2 18.4-30 11.6-46.3l-40-96z\"><\/path><\/svg><\/div><\/span><span class=\"stk-button__inner-text\">(92) 99423-9002<\/span><\/a><\/div>\n<\/div><\/div>\n<\/div><\/div><\/div>\n<\/div><\/div>\n<\/div><\/div><\/div>\n<\/div><\/div>\n\n\n\n<div class=\"wp-block-stackable-text stk-block-text stk--hide-desktop stk--hide-tablet stk--hide-mobile stk-block stk-e5ed64f\" data-block-id=\"e5ed64f\"><p class=\"stk-block-text__text has-text-align-center\"><strong>Pr\u00f3-Reitor:<\/strong><br><strong>Prof. Dr<\/strong>.<strong> Valber Barbosa Martins<\/strong><br>Gabinete da PROEX: (92) 99423-9002<\/p><\/div>\n\n\n\n<div class=\"wp-block-stackable-spacer stk-block-spacer stk--no-padding stk-block stk-7a3e207\" data-block-id=\"7a3e207\"><style>.stk-7a3e207 {height:140px !important;}<\/style><\/div>\n\n\n\n<p><\/p>\n","protected":false},"excerpt":{"rendered":"<p>Apresenta\u00e7\u00e3o A Pr\u00f3-Reitoria de Extens\u00e3o e Assuntos Comunit\u00e1rios (PROEX) \u00e9 uma unidade da Universidade do Estado do Amazonas (UEA), respons\u00e1vel pela condu\u00e7\u00e3o da pol\u00edtica institucional de Extens\u00e3o Universit\u00e1ria e da pol\u00edtica de Assist\u00eancia Estudantil. Sua atua\u00e7\u00e3o tem como finalidade atender \u00e0s demandas da sociedade, por meio da difus\u00e3o e aplica\u00e7\u00e3o do conhecimento cient\u00edfico e tecnol\u00f3gico, [&hellip;]<\/p>\n","protected":false},"author":1,"featured_media":0,"parent":0,"menu_order":0,"comment_status":"closed","ping_status":"closed","template":"","meta":{"footnotes":""},"class_list":["post-718","page","type-page","status-publish","hentry"],"blocksy_meta":{"disable_header":"no","styles_descriptor":{"styles":{"desktop":"","tablet":"","mobile":""},"google_fonts":[],"version":6},"vertical_spacing_source":"inherit","content_area_spacing":"bottom"},"_links":{"self":[{"href":"http:\/\/proreitoria.uea.edu.br\/proex\/index.php\/wp-json\/wp\/v2\/pages\/718","targetHints":{"allow":["GET"]}}],"collection":[{"href":"http:\/\/proreitoria.uea.edu.br\/proex\/index.php\/wp-json\/wp\/v2\/pages"}],"about":[{"href":"http:\/\/proreitoria.uea.edu.br\/proex\/index.php\/wp-json\/wp\/v2\/types\/page"}],"author":[{"embeddable":true,"href":"http:\/\/proreitoria.uea.edu.br\/proex\/index.php\/wp-json\/wp\/v2\/users\/1"}],"replies":[{"embeddable":true,"href":"http:\/\/proreitoria.uea.edu.br\/proex\/index.php\/wp-json\/wp\/v2\/comments?post=718"}],"version-history":[{"count":49,"href":"http:\/\/proreitoria.uea.edu.br\/proex\/index.php\/wp-json\/wp\/v2\/pages\/718\/revisions"}],"predecessor-version":[{"id":2102,"href":"http:\/\/proreitoria.uea.edu.br\/proex\/index.php\/wp-json\/wp\/v2\/pages\/718\/revisions\/2102"}],"wp:attachment":[{"href":"http:\/\/proreitoria.uea.edu.br\/proex\/index.php\/wp-json\/wp\/v2\/media?parent=718"}],"curies":[{"name":"wp","href":"https:\/\/api.w.org\/{rel}","templated":true}]}}