{"id":1405,"date":"2025-10-31T10:30:47","date_gmt":"2025-10-31T13:30:47","guid":{"rendered":"http:\/\/proreitoria.uea.edu.br\/proex\/?page_id=1405"},"modified":"2025-11-19T14:39:47","modified_gmt":"2025-11-19T17:39:47","slug":"comite-de-politicas-indigenistas","status":"publish","type":"page","link":"http:\/\/proreitoria.uea.edu.br\/proex\/index.php\/comite-de-politicas-indigenistas\/","title":{"rendered":"Comit\u00ea de Pol\u00edticas Indigenistas"},"content":{"rendered":"\n<div class=\"wp-block-stackable-columns alignfull stk-block-columns stk-block stk-e74267b stk-block-background stk--has-background-overlay\" data-block-id=\"e74267b\"><style>.stk-e74267b .stk--block-align-e74267b{align-items:center !important;}.stk-e74267b {background-image:url(http:\/\/proreitoria.uea.edu.br\/proex\/wp-content\/uploads\/2025\/11\/bg_pro_ex.png) !important;padding-top:300px !important;padding-bottom:200px !important;margin-bottom:0px !important;}.stk-e74267b-column{--stk-column-gap:35px !important;row-gap:35px !important;}@media screen and (max-width:999px){.stk-e74267b {background-image:url(http:\/\/proreitoria.uea.edu.br\/proex\/wp-content\/uploads\/2025\/11\/bg_tablet2.png) !important;}}@media screen and (max-width:689px){.stk-e74267b {background-image:url(http:\/\/proreitoria.uea.edu.br\/proex\/wp-content\/uploads\/2025\/11\/bg_celular2.png) !important;}}<\/style><div class=\"stk-row stk-inner-blocks stk--block-align-e74267b stk-block-content stk-content-align stk-e74267b-column\">\n<div class=\"wp-block-stackable-column stk-block-column stk-column stk-block stk-e0cd989\" data-v=\"4\" data-block-id=\"e0cd989\"><div class=\"stk-column-wrapper stk-block-column__content stk-container stk-e0cd989-container stk--no-background stk--no-padding\"><div class=\"stk-block-content stk-inner-blocks stk-e0cd989-inner-blocks\">\n<div class=\"wp-block-stackable-heading stk-block-heading stk-block-heading--v2 stk-block stk-17c23af\" id=\"comite-gestor-de-politicas-indigenistas-da-uea-cgpind\" data-block-id=\"17c23af\"><style>.stk-17c23af .stk-block-heading__text{color:var(--theme-palette-color-8, #ffffff) !important;}<\/style><h2 class=\"stk-block-heading__text has-text-color has-text-align-center\">Comit\u00ea Gestor de Pol\u00edticas Indigenistas da UEA &#8211; CGPIND<\/h2><\/div>\n<\/div><\/div><\/div>\n<\/div><\/div>\n\n\n\n<div class=\"wp-block-stackable-spacer stk-block-spacer stk--no-padding stk-block stk-84286c5\" data-block-id=\"84286c5\"><style>.stk-84286c5 {height:140px !important;}<\/style><\/div>\n\n\n\n<p>O Comit\u00ea Gestor de Pol\u00edticas Indigenistas da UEA, institu\u00eddo pela portaria n\u00b0 877\/2025 \u2013 GR\/UEA, est\u00e1 vinculado \u00e0 Coordena\u00e7\u00e3o de Assuntos Comunit\u00e1rios da Pr\u00f3-Reitoria de Extens\u00e3o e Assuntos Comunit\u00e1rios (CAC\/PROEX\/UEA) e tem como objetivo a implementa\u00e7\u00e3o, execu\u00e7\u00e3o e o acompanhamento da Pol\u00edtica de Atendimento, Acesso e Perman\u00eancia de Estudantes Ind\u00edgenas da Universidade do Estado do Amazonas \u2013 UEA, voltada para a promo\u00e7\u00e3o dos recursos necess\u00e1rios para a inclus\u00e3o e perman\u00eancia na gradua\u00e7\u00e3o e na p\u00f3s-gradua\u00e7\u00e3o. Para isso, estrutura-se em coordena\u00e7\u00e3o geral, com representatividade do Movimento Ind\u00edgena do Amazonas, e em coordenadorias espec\u00edficas, centradas no acesso, na perman\u00eancia, nos cursos especiais, na sa\u00fade ind\u00edgena, nas pol\u00edticas lingu\u00edsticas e na p\u00f3s-gradua\u00e7\u00e3o.<\/p>\n\n\n\n<p>&nbsp;Apresenta como metas a promo\u00e7\u00e3o para o ingresso, perman\u00eancia e aprendizagem de estudantes ind\u00edgenas, bem como o assessoramento dos N\u00facleos Locais de Atendimento aos Estudantes Ind\u00edgenas, a serem implementados em cada unidade acad\u00eamica da UEA, da capital e do interior. Al\u00e9m disso, prop\u00f5e o est\u00edmulo ao desenvolvimento de projetos de ensino, pesquisa e extens\u00e3o que propiciem o fortalecimento de uma forma\u00e7\u00e3o social e educacional orientada pelos direitos dos povos tradicionais e pelas interculturalidades ind\u00edgenas e a formula\u00e7\u00e3o de pol\u00edticas de inclus\u00e3o e perman\u00eancia para a comunidade acad\u00eamica ind\u00edgena, com a valoriza\u00e7\u00e3o de sua cultura, l\u00ednguas, conhecimentos, ancestralidades e tradi\u00e7\u00f5es.<\/p>\n\n\n\n<p>Destaca-se que essa organiza\u00e7\u00e3o do Comit\u00ea Gestor resulta de um trabalho coletivo com as organiza\u00e7\u00f5es ind\u00edgenas do Amazonas (APIAM, COPIME, MEIAM, FOREEIA) que, em di\u00e1logos constantes com a UEA, apresentam suas demandas e orientam as especificidades da implementa\u00e7\u00e3o da Pol\u00edtica Afirmativa Ind\u00edgena em contexto universit\u00e1rio.<\/p>\n\n\n\n<div class=\"wp-block-stackable-spacer stk-block-spacer stk--no-padding stk-block stk-d981a0b\" data-block-id=\"d981a0b\"><style>.stk-d981a0b {height:50px !important;}<\/style><\/div>\n\n\n\n<details class=\"wp-block-stackable-accordion stk-block-accordion stk-inner-blocks stk-block-content stk-block stk-9260162 stk-block-background is-style-plus\" data-block-id=\"9260162\"><style>.stk-9260162 {background-color:#FFFFFF !important;box-shadow:0 5px 30px -10px #123f524d !important;padding-top:0px !important;padding-right:0px !important;padding-bottom:0px !important;padding-left:0px !important;}.stk-9260162:before{background-color:#FFFFFF !important;}<\/style>\n<summary class=\"wp-block-stackable-column stk-block-column stk-column stk-block stk-ba43245 stk--container-small stk-block-accordion__heading\" data-v=\"4\" data-block-id=\"ba43245\"><style>.stk-ba43245 {padding-top:8px !important;padding-right:32px !important;padding-bottom:8px !important;padding-left:32px !important;}<\/style><div class=\"stk-column-wrapper stk-block-column__content stk-container stk-ba43245-container stk--no-background stk--no-padding\"><div class=\"stk-block-content stk-inner-blocks stk-ba43245-inner-blocks\">\n<div class=\"wp-block-stackable-icon-label stk-block-icon-label stk-block stk-b799125\" data-block-id=\"b799125\"><div class=\"stk-row stk-inner-blocks stk-block-content\">\n<div class=\"wp-block-stackable-icon stk-block-icon stk-block stk-f4915b7\" data-block-id=\"f4915b7\"><span class=\"stk--svg-wrapper stk--has-icon2\"><div class=\"stk--inner-svg\"><svg style=\"height:0;width:0\"><defs><linearGradient id=\"linear-gradient-f4915b7\" x1=\"0\" x2=\"100%\" y1=\"0\" y2=\"0\"><stop offset=\"0%\" style=\"stop-opacity:1;stop-color:var(--linear-gradient-f-4915-b-7-color-1)\"><\/stop><stop offset=\"100%\" style=\"stop-opacity:1;stop-color:var(--linear-gradient-f-4915-b-7-color-2)\"><\/stop><\/linearGradient><\/defs><\/svg><svg data-prefix=\"fas\" data-icon=\"plus\" class=\"svg-inline--fa fa-plus fa-w-14\" xmlns=\"http:\/\/www.w3.org\/2000\/svg\" viewBox=\"0 0 448 512\" aria-hidden=\"true\" width=\"32\" height=\"32\"><path fill=\"currentColor\" d=\"M416 208H272V64c0-17.67-14.33-32-32-32h-32c-17.67 0-32 14.33-32 32v144H32c-17.67 0-32 14.33-32 32v32c0 17.67 14.33 32 32 32h144v144c0 17.67 14.33 32 32 32h32c17.67 0 32-14.33 32-32V304h144c17.67 0 32-14.33 32-32v-32c0-17.67-14.33-32-32-32z\"><\/path><\/svg><\/div><div class=\"stk--inner-svg stk--icon-2\" style=\"display:none\"><svg style=\"height:0;width:0\"><defs><linearGradient id=\"linear-gradient-f4915b7\" x1=\"0\" x2=\"100%\" y1=\"0\" y2=\"0\"><stop offset=\"0%\" style=\"stop-opacity:1;stop-color:var(--linear-gradient-f-4915-b-7-color-1)\"><\/stop><stop offset=\"100%\" style=\"stop-opacity:1;stop-color:var(--linear-gradient-f-4915-b-7-color-2)\"><\/stop><\/linearGradient><\/defs><\/svg><svg data-prefix=\"fas\" data-icon=\"minus\" class=\"svg-inline--fa fa-minus fa-w-14\" xmlns=\"http:\/\/www.w3.org\/2000\/svg\" viewBox=\"0 0 448 512\" aria-hidden=\"true\" width=\"32\" height=\"32\"><path fill=\"currentColor\" d=\"M416 208H32c-17.67 0-32 14.33-32 32v32c0 17.67 14.33 32 32 32h384c17.67 0 32-14.33 32-32v-32c0-17.67-14.33-32-32-32z\"><\/path><\/svg><\/div><\/span><\/div>\n\n\n\n<div class=\"wp-block-stackable-heading stk-block-heading stk-block-heading--v2 stk-block stk-9b3dd8f\" id=\"membros-do-comite-gestor\" data-block-id=\"9b3dd8f\"><style>.stk-9b3dd8f .stk-block-heading__text{font-size:20px !important;font-weight:700 !important;font-family:system-ui, sans-serif !important;}@media screen and (max-width:999px){.stk-9b3dd8f .stk-block-heading__text{font-size:20px !important;}}<\/style><h2 class=\"stk-block-heading__text\">Membros do Comit\u00ea Gestor<\/h2><\/div>\n<\/div><\/div>\n<\/div><\/div><\/summary>\n\n\n\n<div class=\"wp-block-stackable-column stk-block-column stk-column stk-block stk-897a2de stk-block-accordion__content\" data-v=\"4\" data-block-id=\"897a2de\"><style>.stk-897a2de-container{padding-top:0px !important;padding-bottom:8px !important;}<\/style><div class=\"stk-column-wrapper stk-block-column__content stk-container stk-897a2de-container stk--no-background stk--no-padding\"><div class=\"stk-block-content stk-inner-blocks stk-897a2de-inner-blocks\">\n<p><strong>Jeiviane Justiniano da Silva<\/strong> &#8211; Coordena\u00e7\u00e3o Geral e Coordena\u00e7\u00e3o de Pol\u00edticas Lingu\u00edsticas<br><strong>Altair Seabra de Farias<\/strong> &#8211; Coordena\u00e7\u00e3o de Aten\u00e7\u00e3o \u00e0 Sa\u00fade Ind\u00edgena<br><strong>Adria Simone Duarte de Souza<\/strong> &#8211; Coordena\u00e7\u00e3o de Programas Especiais<br><strong>C\u00e9lia Aparecida Bettiol<\/strong> &#8211; Coordena\u00e7\u00e3o de Pol\u00edticas de Acesso, Perman\u00eancia e Acompanhamento de Egressos<br><strong>Pedro Henrique Coelho Rapozo<\/strong> &#8211; Coordena\u00e7\u00e3o de P\u00f3s-Gradua\u00e7\u00e3o<br><strong>Erimar Cabral Miquiles<\/strong> &#8211; Representante dos Movimentos Ind\u00edgenas do Amazonas<\/p>\n<\/div><\/div><\/div>\n<\/details>\n\n\n\n<div class=\"wp-block-stackable-spacer stk-block-spacer stk--no-padding stk-block stk-9ee10fd\" data-block-id=\"9ee10fd\"><style>.stk-9ee10fd {height:140px !important;}<\/style><\/div>\n","protected":false},"excerpt":{"rendered":"<p>Comit\u00ea Gestor de Pol\u00edticas Indigenistas da UEA &#8211; CGPIND O Comit\u00ea Gestor de Pol\u00edticas Indigenistas da UEA, institu\u00eddo pela portaria n\u00b0 877\/2025 \u2013 GR\/UEA, est\u00e1 vinculado \u00e0 Coordena\u00e7\u00e3o de Assuntos Comunit\u00e1rios da Pr\u00f3-Reitoria de Extens\u00e3o e Assuntos Comunit\u00e1rios (CAC\/PROEX\/UEA) e tem como objetivo a implementa\u00e7\u00e3o, execu\u00e7\u00e3o e o acompanhamento da Pol\u00edtica de Atendimento, Acesso e [&hellip;]<\/p>\n","protected":false},"author":2,"featured_media":0,"parent":0,"menu_order":0,"comment_status":"closed","ping_status":"closed","template":"","meta":{"footnotes":""},"class_list":["post-1405","page","type-page","status-publish","hentry"],"blocksy_meta":[],"_links":{"self":[{"href":"http:\/\/proreitoria.uea.edu.br\/proex\/index.php\/wp-json\/wp\/v2\/pages\/1405","targetHints":{"allow":["GET"]}}],"collection":[{"href":"http:\/\/proreitoria.uea.edu.br\/proex\/index.php\/wp-json\/wp\/v2\/pages"}],"about":[{"href":"http:\/\/proreitoria.uea.edu.br\/proex\/index.php\/wp-json\/wp\/v2\/types\/page"}],"author":[{"embeddable":true,"href":"http:\/\/proreitoria.uea.edu.br\/proex\/index.php\/wp-json\/wp\/v2\/users\/2"}],"replies":[{"embeddable":true,"href":"http:\/\/proreitoria.uea.edu.br\/proex\/index.php\/wp-json\/wp\/v2\/comments?post=1405"}],"version-history":[{"count":6,"href":"http:\/\/proreitoria.uea.edu.br\/proex\/index.php\/wp-json\/wp\/v2\/pages\/1405\/revisions"}],"predecessor-version":[{"id":2157,"href":"http:\/\/proreitoria.uea.edu.br\/proex\/index.php\/wp-json\/wp\/v2\/pages\/1405\/revisions\/2157"}],"wp:attachment":[{"href":"http:\/\/proreitoria.uea.edu.br\/proex\/index.php\/wp-json\/wp\/v2\/media?parent=1405"}],"curies":[{"name":"wp","href":"https:\/\/api.w.org\/{rel}","templated":true}]}}