{"id":1396,"date":"2025-10-07T12:50:59","date_gmt":"2025-10-07T15:50:59","guid":{"rendered":"http:\/\/proreitoria.uea.edu.br\/proex\/?page_id=1396"},"modified":"2025-11-19T14:42:29","modified_gmt":"2025-11-19T17:42:29","slug":"comite-das-politicas-de-saudemental-e-psicossocial","status":"publish","type":"page","link":"http:\/\/proreitoria.uea.edu.br\/proex\/index.php\/comite-das-politicas-de-saudemental-e-psicossocial\/","title":{"rendered":"Comit\u00ea das Pol\u00edticas de Sa\u00fade Mental e Psicossocial"},"content":{"rendered":"\n<div class=\"wp-block-stackable-columns alignfull stk-block-columns stk-block stk-e74267b stk-block-background stk--has-background-overlay\" data-block-id=\"e74267b\"><style>.stk-e74267b .stk--block-align-e74267b{align-items:center !important;}.stk-e74267b {background-image:url(http:\/\/proreitoria.uea.edu.br\/proex\/wp-content\/uploads\/2025\/11\/bg_pro_ex.png) !important;padding-top:300px !important;padding-bottom:200px !important;margin-bottom:0px !important;}.stk-e74267b-column{--stk-column-gap:35px !important;row-gap:35px !important;}@media screen and (max-width:999px){.stk-e74267b {background-image:url(http:\/\/proreitoria.uea.edu.br\/proex\/wp-content\/uploads\/2025\/11\/bg_tablet2.png) !important;}}@media screen and (max-width:689px){.stk-e74267b {background-image:url(http:\/\/proreitoria.uea.edu.br\/proex\/wp-content\/uploads\/2025\/11\/bg_celular2.png) !important;}}<\/style><div class=\"stk-row stk-inner-blocks stk--block-align-e74267b stk-block-content stk-content-align stk-e74267b-column\">\n<div class=\"wp-block-stackable-column stk-block-column stk-column stk-block stk-e0cd989\" data-v=\"4\" data-block-id=\"e0cd989\"><div class=\"stk-column-wrapper stk-block-column__content stk-container stk-e0cd989-container stk--no-background stk--no-padding\"><div class=\"stk-block-content stk-inner-blocks stk-e0cd989-inner-blocks\">\n<div class=\"wp-block-stackable-heading stk-block-heading stk-block-heading--v2 stk-block stk-17c23af\" id=\"comite-gestor-das-politicas-de-saude-mental-e-atencao-psicossocial-da-uea-cgpsm-uea\" data-block-id=\"17c23af\"><style>.stk-17c23af .stk-block-heading__text{color:var(--theme-palette-color-8, #ffffff) !important;}<\/style><h2 class=\"stk-block-heading__text has-text-color has-text-align-center\">Comit\u00ea Gestor das Pol\u00edticas de Sa\u00fade Mental e Aten\u00e7\u00e3o Psicossocial da UEA &#8211; CGPSM\/UEA<\/h2><\/div>\n<\/div><\/div><\/div>\n<\/div><\/div>\n\n\n\n<div class=\"wp-block-stackable-spacer stk-block-spacer stk--no-padding stk-block stk-696b35d\" data-block-id=\"696b35d\"><style>.stk-696b35d {height:140px !important;}<\/style><\/div>\n\n\n\n<div class=\"wp-block-stackable-text stk-block-text stk-block stk-392b2c0\" data-block-id=\"392b2c0\"><p class=\"stk-block-text__text\">O <strong>Comit\u00ea Gestor das Pol\u00edticas de Sa\u00fade Mental e Aten\u00e7\u00e3o Psicossocial da Universidade do Estado do Amazonas (CGPSM\/UEA)<\/strong> &#8211; institu\u00eddo pela Portaria n\u00ba 052\/2024-GR\/UEA &#8211; \u00e9 um colegiado institucional de articula\u00e7\u00e3o, proposi\u00e7\u00e3o e acompanhamento das a\u00e7\u00f5es voltadas \u00e0 promo\u00e7\u00e3o da sa\u00fade mental e ao cuidado psicossocial da comunidade universit\u00e1ria. Com car\u00e1ter <strong>consultivo, propositivo e integrador<\/strong>, o Comit\u00ea tem como miss\u00e3o fortalecer uma cultura de acolhimento, escuta e respeito \u00e0 diversidade emocional e subjetiva dos estudantes. Sua atua\u00e7\u00e3o busca alinhar-se \u00e0s pol\u00edticas nacionais de sa\u00fade mental, \u00e0 Pol\u00edtica Nacional de Promo\u00e7\u00e3o da Sa\u00fade e \u00e0s diretrizes do Minist\u00e9rio da Educa\u00e7\u00e3o voltadas ao bem-estar nas institui\u00e7\u00f5es de ensino superior.<\/p><\/div>\n\n\n\n<p>Entre suas atribui\u00e7\u00f5es, destacam-se: a <strong>formula\u00e7\u00e3o de diretrizes institucionais<\/strong> para o cuidado psicossocial; o <strong>apoio t\u00e9cnico<\/strong> \u00e0s a\u00e7\u00f5es e programas de aten\u00e7\u00e3o em sa\u00fade mental; a <strong>proposi\u00e7\u00e3o de estrat\u00e9gias preventivas<\/strong> frente aos fatores de sofrimento ps\u00edquico; e a <strong>articula\u00e7\u00e3o intersetorial<\/strong> entre as unidades acad\u00eamicas, \u00f3rg\u00e3os administrativos e redes p\u00fablicas de sa\u00fade.<\/p>\n\n\n\n<p>O CGPSM\/UEA representa, assim, um passo estrat\u00e9gico no compromisso da Universidade com a <strong>valoriza\u00e7\u00e3o da vida, o bem-estar emocional e a constru\u00e7\u00e3o de ambientes saud\u00e1veis e solid\u00e1rios<\/strong>. Ao consolidar pol\u00edticas institucionais nessa \u00e1rea, a UEA reafirma seu papel social de promover n\u00e3o apenas a forma\u00e7\u00e3o acad\u00eamica e cient\u00edfica, mas tamb\u00e9m o cuidado integral com as pessoas que comp\u00f5em o universo universit\u00e1rio.<\/p>\n\n\n\n<p>O Comit\u00ea Gestor das Pol\u00edticas de Sa\u00fade Mental e Aten\u00e7\u00e3o Psicossocial  tem como prop\u00f3sito propor, acompanhar e avaliar a\u00e7\u00f5es voltadas \u00e0 promo\u00e7\u00e3o da sa\u00fade mental e do bem-estar da comunidade universit\u00e1ria, contribuindo para a constru\u00e7\u00e3o de um ambiente institucional saud\u00e1vel, inclusivo e humanizado, em conson\u00e2ncia com as pol\u00edticas institucionais da UEA e os princ\u00edpios da aten\u00e7\u00e3o psicossocial.<br><br><\/p>\n\n\n\n<details class=\"wp-block-stackable-accordion stk-block-accordion stk-inner-blocks stk-block-content stk-block stk-9260162 stk-block-background is-style-plus\" data-block-id=\"9260162\"><style>.stk-9260162 {background-color:#FFFFFF !important;box-shadow:0 5px 30px -10px #123f524d !important;padding-top:0px !important;padding-right:0px !important;padding-bottom:0px !important;padding-left:0px !important;margin-bottom:50px !important;}.stk-9260162:before{background-color:#FFFFFF !important;}<\/style>\n<summary class=\"wp-block-stackable-column stk-block-column stk-column stk-block stk-ba43245 stk--container-small stk-block-accordion__heading\" data-v=\"4\" data-block-id=\"ba43245\"><style>.stk-ba43245 {padding-top:8px !important;padding-right:32px !important;padding-bottom:8px !important;padding-left:32px !important;}<\/style><div class=\"stk-column-wrapper stk-block-column__content stk-container stk-ba43245-container stk--no-background stk--no-padding\"><div class=\"stk-block-content stk-inner-blocks stk-ba43245-inner-blocks\">\n<div class=\"wp-block-stackable-icon-label stk-block-icon-label stk-block stk-b799125\" data-block-id=\"b799125\"><div class=\"stk-row stk-inner-blocks stk-block-content\">\n<div class=\"wp-block-stackable-icon stk-block-icon stk-block stk-f4915b7\" data-block-id=\"f4915b7\"><span class=\"stk--svg-wrapper stk--has-icon2\"><div class=\"stk--inner-svg\"><svg style=\"height:0;width:0\"><defs><linearGradient id=\"linear-gradient-f4915b7\" x1=\"0\" x2=\"100%\" y1=\"0\" y2=\"0\"><stop offset=\"0%\" style=\"stop-opacity:1;stop-color:var(--linear-gradient-f-4915-b-7-color-1)\"><\/stop><stop offset=\"100%\" style=\"stop-opacity:1;stop-color:var(--linear-gradient-f-4915-b-7-color-2)\"><\/stop><\/linearGradient><\/defs><\/svg><svg data-prefix=\"fas\" data-icon=\"plus\" class=\"svg-inline--fa fa-plus fa-w-14\" xmlns=\"http:\/\/www.w3.org\/2000\/svg\" viewBox=\"0 0 448 512\" aria-hidden=\"true\" width=\"32\" height=\"32\"><path fill=\"currentColor\" d=\"M416 208H272V64c0-17.67-14.33-32-32-32h-32c-17.67 0-32 14.33-32 32v144H32c-17.67 0-32 14.33-32 32v32c0 17.67 14.33 32 32 32h144v144c0 17.67 14.33 32 32 32h32c17.67 0 32-14.33 32-32V304h144c17.67 0 32-14.33 32-32v-32c0-17.67-14.33-32-32-32z\"><\/path><\/svg><\/div><div class=\"stk--inner-svg stk--icon-2\" style=\"display:none\"><svg style=\"height:0;width:0\"><defs><linearGradient id=\"linear-gradient-f4915b7\" x1=\"0\" x2=\"100%\" y1=\"0\" y2=\"0\"><stop offset=\"0%\" style=\"stop-opacity:1;stop-color:var(--linear-gradient-f-4915-b-7-color-1)\"><\/stop><stop offset=\"100%\" style=\"stop-opacity:1;stop-color:var(--linear-gradient-f-4915-b-7-color-2)\"><\/stop><\/linearGradient><\/defs><\/svg><svg data-prefix=\"fas\" data-icon=\"minus\" class=\"svg-inline--fa fa-minus fa-w-14\" xmlns=\"http:\/\/www.w3.org\/2000\/svg\" viewBox=\"0 0 448 512\" aria-hidden=\"true\" width=\"32\" height=\"32\"><path fill=\"currentColor\" d=\"M416 208H32c-17.67 0-32 14.33-32 32v32c0 17.67 14.33 32 32 32h384c17.67 0 32-14.33 32-32v-32c0-17.67-14.33-32-32-32z\"><\/path><\/svg><\/div><\/span><\/div>\n\n\n\n<div class=\"wp-block-stackable-heading stk-block-heading stk-block-heading--v2 stk-block stk-9b3dd8f\" id=\"membros-do-comite-gestor\" data-block-id=\"9b3dd8f\"><style>.stk-9b3dd8f .stk-block-heading__text{font-size:20px !important;font-weight:700 !important;font-family:system-ui, sans-serif !important;}@media screen and (max-width:999px){.stk-9b3dd8f .stk-block-heading__text{font-size:20px !important;}}<\/style><h2 class=\"stk-block-heading__text\">Membros do Comit\u00ea Gestor<\/h2><\/div>\n<\/div><\/div>\n<\/div><\/div><\/summary>\n\n\n\n<div class=\"wp-block-stackable-column stk-block-column stk-column stk-block stk-897a2de stk-block-accordion__content\" data-v=\"4\" data-block-id=\"897a2de\"><style>.stk-897a2de-container{padding-top:0px !important;padding-bottom:8px !important;}<\/style><div class=\"stk-column-wrapper stk-block-column__content stk-container stk-897a2de-container stk--no-background stk--no-padding\"><div class=\"stk-block-content stk-inner-blocks stk-897a2de-inner-blocks\">\n<p><strong>Vivian Silva Lima Marangoni<\/strong> &#8211; Coordena\u00e7\u00e3o Geral;<br><strong>Andr\u00e9 Luiz Machado das Neves<\/strong> &#8211; Coordena\u00e7\u00e3o de Pol\u00edticas para Forma\u00e7\u00e3o em Sa\u00fade Mental e Aten\u00e7\u00e3o Psicossocial;<br><strong>Domingos Tim\u00f3teo de Jesus Ferreira<\/strong> &#8211; Coordena\u00e7\u00e3o de Pol\u00edticas para Promo\u00e7\u00e3o da Sa\u00fade Mental e Aten\u00e7\u00e3o Psicossocial;<br><strong>Erika da Silva Ramos<\/strong> &#8211; Coordena\u00e7\u00e3o de Pol\u00edticas Psicopedag\u00f3gicas para Promo\u00e7\u00e3o da Sa\u00fade Mental e Aten\u00e7\u00e3o Psicossocial;<br><strong>Felicien Gon\u00e7alves Vasquez<\/strong> &#8211; Coordena\u00e7\u00e3o de Pol\u00edticas de Comunica\u00e7\u00e3o para Promo\u00e7\u00e3o da Sa\u00fade Mental e Aten\u00e7\u00e3o Psicossocial;<br><strong>Munique Therense Costa Morais de Morais Pontes<\/strong> &#8211; Coordena\u00e7\u00e3o de Pol\u00edticas para Enfrentamento \u00e0s Viol\u00eancias Institucionais.<\/p>\n<\/div><\/div><\/div>\n<\/details>\n\n\n\n<details class=\"wp-block-stackable-accordion stk-block-accordion stk-inner-blocks stk-block-content stk-block stk-d07b1e5 stk-block-background is-style-plus\" data-block-id=\"d07b1e5\"><style>.stk-d07b1e5 {background-color:#FFFFFF !important;box-shadow:0 5px 30px -10px #123f524d !important;padding-top:0px !important;padding-right:0px !important;padding-bottom:0px !important;padding-left:0px !important;}.stk-d07b1e5:before{background-color:#FFFFFF !important;}<\/style>\n<summary class=\"wp-block-stackable-column stk-block-column stk-column stk-block stk-aadb583 stk--container-small stk-block-accordion__heading\" data-v=\"4\" data-block-id=\"aadb583\"><style>.stk-aadb583 {padding-top:8px !important;padding-right:32px !important;padding-bottom:8px !important;padding-left:32px !important;}<\/style><div class=\"stk-column-wrapper stk-block-column__content stk-container stk-aadb583-container stk--no-background stk--no-padding\"><div class=\"stk-block-content stk-inner-blocks stk-aadb583-inner-blocks\">\n<div class=\"wp-block-stackable-icon-label stk-block-icon-label stk-block stk-2501225\" data-block-id=\"2501225\"><div class=\"stk-row stk-inner-blocks stk-block-content\">\n<div class=\"wp-block-stackable-icon stk-block-icon stk-block stk-573491c\" data-block-id=\"573491c\"><span class=\"stk--svg-wrapper stk--has-icon2\"><div class=\"stk--inner-svg\"><svg style=\"height:0;width:0\"><defs><linearGradient id=\"linear-gradient-573491c\" x1=\"0\" x2=\"100%\" y1=\"0\" y2=\"0\"><stop offset=\"0%\" style=\"stop-opacity:1;stop-color:var(--linear-gradient-573491-c-color-1)\"><\/stop><stop offset=\"100%\" style=\"stop-opacity:1;stop-color:var(--linear-gradient-573491-c-color-2)\"><\/stop><\/linearGradient><\/defs><\/svg><svg data-prefix=\"fas\" data-icon=\"plus\" class=\"svg-inline--fa fa-plus fa-w-14\" xmlns=\"http:\/\/www.w3.org\/2000\/svg\" viewBox=\"0 0 448 512\" aria-hidden=\"true\" width=\"32\" height=\"32\"><path fill=\"currentColor\" d=\"M416 208H272V64c0-17.67-14.33-32-32-32h-32c-17.67 0-32 14.33-32 32v144H32c-17.67 0-32 14.33-32 32v32c0 17.67 14.33 32 32 32h144v144c0 17.67 14.33 32 32 32h32c17.67 0 32-14.33 32-32V304h144c17.67 0 32-14.33 32-32v-32c0-17.67-14.33-32-32-32z\"><\/path><\/svg><\/div><div class=\"stk--inner-svg stk--icon-2\" style=\"display:none\"><svg style=\"height:0;width:0\"><defs><linearGradient id=\"linear-gradient-573491c\" x1=\"0\" x2=\"100%\" y1=\"0\" y2=\"0\"><stop offset=\"0%\" style=\"stop-opacity:1;stop-color:var(--linear-gradient-573491-c-color-1)\"><\/stop><stop offset=\"100%\" style=\"stop-opacity:1;stop-color:var(--linear-gradient-573491-c-color-2)\"><\/stop><\/linearGradient><\/defs><\/svg><svg data-prefix=\"fas\" data-icon=\"minus\" class=\"svg-inline--fa fa-minus fa-w-14\" xmlns=\"http:\/\/www.w3.org\/2000\/svg\" viewBox=\"0 0 448 512\" aria-hidden=\"true\" width=\"32\" height=\"32\"><path fill=\"currentColor\" d=\"M416 208H32c-17.67 0-32 14.33-32 32v32c0 17.67 14.33 32 32 32h384c17.67 0 32-14.33 32-32v-32c0-17.67-14.33-32-32-32z\"><\/path><\/svg><\/div><\/span><\/div>\n\n\n\n<div class=\"wp-block-stackable-heading stk-block-heading stk-block-heading--v2 stk-block stk-09034cd\" id=\"epsico-espaco-de-atendimento-psicossocial\" data-block-id=\"09034cd\"><style>.stk-09034cd .stk-block-heading__text{font-size:20px !important;font-weight:700 !important;font-family:system-ui, sans-serif !important;}@media screen and (max-width:999px){.stk-09034cd .stk-block-heading__text{font-size:20px !important;}}<\/style><h2 class=\"stk-block-heading__text\">EPSICO &#8211; Espa\u00e7o de Atendimento Psicossocial<\/h2><\/div>\n<\/div><\/div>\n<\/div><\/div><\/summary>\n\n\n\n<div class=\"wp-block-stackable-column stk-block-column stk-column stk-block stk-0f5bb0e stk-block-accordion__content\" data-v=\"4\" data-block-id=\"0f5bb0e\"><style>.stk-0f5bb0e-container{padding-top:0px !important;padding-bottom:8px !important;}<\/style><div class=\"stk-column-wrapper stk-block-column__content stk-container stk-0f5bb0e-container stk--no-background stk--no-padding\"><div class=\"stk-block-content stk-inner-blocks stk-0f5bb0e-inner-blocks\">\n<div class=\"wp-block-stackable-text stk-block-text stk-block stk-daf8eba\" data-block-id=\"daf8eba\"><p class=\"stk-block-text__text\">Atendimentos.<\/p><\/div>\n<\/div><\/div><\/div>\n<\/details>\n\n\n\n<div class=\"wp-block-stackable-spacer stk-block-spacer stk--no-padding stk-block stk-7096b6c\" data-block-id=\"7096b6c\"><style>.stk-7096b6c {height:140px !important;}<\/style><\/div>\n","protected":false},"excerpt":{"rendered":"<p>Comit\u00ea Gestor das Pol\u00edticas de Sa\u00fade Mental e Aten\u00e7\u00e3o Psicossocial da UEA &#8211; CGPSM\/UEA O Comit\u00ea Gestor das Pol\u00edticas de Sa\u00fade Mental e Aten\u00e7\u00e3o Psicossocial da Universidade do Estado do Amazonas (CGPSM\/UEA) &#8211; institu\u00eddo pela Portaria n\u00ba 052\/2024-GR\/UEA &#8211; \u00e9 um colegiado institucional de articula\u00e7\u00e3o, proposi\u00e7\u00e3o e acompanhamento das a\u00e7\u00f5es voltadas \u00e0 promo\u00e7\u00e3o da sa\u00fade [&hellip;]<\/p>\n","protected":false},"author":2,"featured_media":0,"parent":0,"menu_order":0,"comment_status":"closed","ping_status":"closed","template":"","meta":{"footnotes":""},"class_list":["post-1396","page","type-page","status-publish","hentry"],"blocksy_meta":[],"_links":{"self":[{"href":"http:\/\/proreitoria.uea.edu.br\/proex\/index.php\/wp-json\/wp\/v2\/pages\/1396","targetHints":{"allow":["GET"]}}],"collection":[{"href":"http:\/\/proreitoria.uea.edu.br\/proex\/index.php\/wp-json\/wp\/v2\/pages"}],"about":[{"href":"http:\/\/proreitoria.uea.edu.br\/proex\/index.php\/wp-json\/wp\/v2\/types\/page"}],"author":[{"embeddable":true,"href":"http:\/\/proreitoria.uea.edu.br\/proex\/index.php\/wp-json\/wp\/v2\/users\/2"}],"replies":[{"embeddable":true,"href":"http:\/\/proreitoria.uea.edu.br\/proex\/index.php\/wp-json\/wp\/v2\/comments?post=1396"}],"version-history":[{"count":7,"href":"http:\/\/proreitoria.uea.edu.br\/proex\/index.php\/wp-json\/wp\/v2\/pages\/1396\/revisions"}],"predecessor-version":[{"id":2088,"href":"http:\/\/proreitoria.uea.edu.br\/proex\/index.php\/wp-json\/wp\/v2\/pages\/1396\/revisions\/2088"}],"wp:attachment":[{"href":"http:\/\/proreitoria.uea.edu.br\/proex\/index.php\/wp-json\/wp\/v2\/media?parent=1396"}],"curies":[{"name":"wp","href":"https:\/\/api.w.org\/{rel}","templated":true}]}}