{"id":1320,"date":"2025-10-31T10:31:49","date_gmt":"2025-10-31T13:31:49","guid":{"rendered":"http:\/\/proreitoria.uea.edu.br\/proex\/?page_id=1320"},"modified":"2025-11-19T14:29:33","modified_gmt":"2025-11-19T17:29:33","slug":"restaurante-universitario-e-carteira-uea","status":"publish","type":"page","link":"http:\/\/proreitoria.uea.edu.br\/proex\/index.php\/restaurante-universitario-e-carteira-uea\/","title":{"rendered":"Restaurante Universit\u00e1rio e Carteira UEA"},"content":{"rendered":"\n<div class=\"wp-block-stackable-columns alignfull stk-block-columns stk-block stk-143c795 stk-block-background stk--has-background-overlay\" data-block-id=\"143c795\"><style>.stk-143c795 .stk--block-align-143c795{align-items:center !important;}.stk-143c795 {background-image:url(http:\/\/proreitoria.uea.edu.br\/proex\/wp-content\/uploads\/2025\/11\/bg_pro_ex.png) !important;padding-top:300px !important;padding-bottom:200px !important;margin-bottom:0px !important;}.stk-143c795-column{--stk-column-gap:35px !important;row-gap:35px !important;}@media screen and (max-width:999px){.stk-143c795 {background-image:url(http:\/\/proreitoria.uea.edu.br\/proex\/wp-content\/uploads\/2025\/11\/bg_tablet2.png) !important;}}@media screen and (max-width:689px){.stk-143c795 {background-image:url(http:\/\/proreitoria.uea.edu.br\/proex\/wp-content\/uploads\/2025\/11\/bg_celular2.png) !important;}}<\/style><div class=\"stk-row stk-inner-blocks stk--block-align-143c795 stk-block-content stk-content-align stk-143c795-column\">\n<div class=\"wp-block-stackable-column stk-block-column stk-column stk-block stk-85b29af\" data-v=\"4\" data-block-id=\"85b29af\"><div class=\"stk-column-wrapper stk-block-column__content stk-container stk-85b29af-container stk--no-background stk--no-padding\"><div class=\"stk-block-content stk-inner-blocks stk-85b29af-inner-blocks\">\n<div class=\"wp-block-stackable-heading stk-block-heading stk-block-heading--v2 stk-block stk-6dd3edb\" id=\"restaurante-universitario-ru-br-carteira-uea\" data-block-id=\"6dd3edb\"><style>.stk-6dd3edb .stk-block-heading__text{color:var(--theme-palette-color-8, #ffffff) !important;}<\/style><h2 class=\"stk-block-heading__text has-text-color has-text-align-center\">Restaurante Universit\u00e1rio (RU)<br>Carteira UEA<\/h2><\/div>\n\n\n\n<p><\/p>\n<\/div><\/div><\/div>\n<\/div><\/div>\n\n\n\n<div class=\"wp-block-stackable-spacer stk-block-spacer stk--no-padding stk-block stk-7119d61\" data-block-id=\"7119d61\"><\/div>\n\n\n\n<div class=\"wp-block-stackable-columns stk-block-columns stk-block stk-18a7ef1\" data-block-id=\"18a7ef1\"><style>.stk-18a7ef1 {margin-bottom:0px !important;}<\/style><div class=\"stk-row stk-inner-blocks stk-block-content stk-content-align stk-18a7ef1-column\">\n<div class=\"wp-block-stackable-column stk-block-column stk-column stk-block stk-cb1c458\" data-v=\"4\" data-block-id=\"cb1c458\"><div class=\"stk-column-wrapper stk-block-column__content stk-container stk-cb1c458-container stk--no-background stk--no-padding\"><div class=\"stk-block-content stk-inner-blocks stk-cb1c458-inner-blocks\">\n<div class=\"wp-block-stackable-text stk-block-text stk-block stk-cba76eb\" data-block-id=\"cba76eb\"><style>.stk-cba76eb .stk-block-text__text{font-size:26px !important;font-weight:800 !important;font-family:system-ui, sans-serif !important;}@media screen and (max-width:999px){.stk-cba76eb .stk-block-text__text{font-size:26px !important;}}<\/style><p class=\"stk-block-text__text has-text-align-center\">RESTAURANTE UNIVERSIT\u00c1RIO<\/p><\/div>\n\n\n\n<div class=\"wp-block-stackable-text stk-block-text stk-block stk-89bd4f7\" data-block-id=\"89bd4f7\"><p class=\"stk-block-text__text\">O Restaurante Universit\u00e1rio (RU) \u00e9 um espa\u00e7o de apoio fundamental \u00e0 perman\u00eancia estudantil, destinado a oferecer refei\u00e7\u00f5es de qualidade nutricional, a pre\u00e7os acess\u00edveis, para alunos, servidores e comunidade acad\u00eamica. Al\u00e9m de garantir alimenta\u00e7\u00e3o balanceada, o RU contribui para a sa\u00fade, o bem-estar e o desempenho acad\u00eamico, funcionando como um importante instrumento de inclus\u00e3o social dentro da universidade.<\/p><\/div>\n\n\n\n<div class=\"wp-block-stackable-button-group stk-block-button-group stk-block stk-8cf2679\" data-block-id=\"8cf2679\"><div class=\"stk-row stk-inner-blocks has-text-align-center stk-block-content stk-button-group\">\n<div class=\"wp-block-stackable-button stk-block-button has-text-align-center stk-block stk-d14bff0\" data-block-id=\"d14bff0\"><a class=\"stk-link stk-button stk--hover-effect-darken\" href=\"http:\/\/ru.uea.edu.br\/\"><span class=\"stk-button__inner-text\"><strong>ACESSE O SITE<\/strong><\/span><\/a><\/div>\n<\/div><\/div>\n\n\n\n<div class=\"wp-block-stackable-text stk-block-text stk-block stk-29a51a8\" data-block-id=\"29a51a8\"><p class=\"stk-block-text__text\"><\/p><\/div>\n<\/div><\/div><\/div>\n\n\n\n<div class=\"wp-block-stackable-column stk-block-column stk-column stk-block stk-db6162c\" data-v=\"4\" data-block-id=\"db6162c\"><div class=\"stk-column-wrapper stk-block-column__content stk-container stk-db6162c-container stk--no-background stk--no-padding\"><div class=\"stk-block-content stk-inner-blocks stk-db6162c-inner-blocks\">\n<div class=\"wp-block-stackable-text stk-block-text stk-block stk-7fb4deb\" data-block-id=\"7fb4deb\"><style>.stk-7fb4deb .stk-block-text__text{font-size:26px !important;font-weight:800 !important;font-family:system-ui, sans-serif !important;}@media screen and (max-width:999px){.stk-7fb4deb .stk-block-text__text{font-size:26px !important;}}<\/style><p class=\"stk-block-text__text has-text-align-center\">CARTEIRA UEA<\/p><\/div>\n\n\n\n<div class=\"wp-block-stackable-text stk-block-text stk-block stk-61bd0ed\" data-block-id=\"61bd0ed\"><p class=\"stk-block-text__text\">A Carteira Estudantil \u00e9 o documento oficial de identifica\u00e7\u00e3o do aluno dentro da universidade, assegurando acesso a servi\u00e7os e benef\u00edcios institucionais, como bibliotecas, laborat\u00f3rios, eventos acad\u00eamicos e culturais. Al\u00e9m disso, garante direitos previstos em lei, como a meia-entrada em atividades culturais, esportivas e de lazer, fortalecendo a cidadania estudantil e a integra\u00e7\u00e3o do discente \u00e0 vida universit\u00e1ria.<\/p><\/div>\n\n\n\n<div class=\"wp-block-stackable-button-group stk-block-button-group stk-block stk-a84e570\" data-block-id=\"a84e570\"><div class=\"stk-row stk-inner-blocks has-text-align-center stk-block-content stk-button-group\">\n<div class=\"wp-block-stackable-button stk-block-button has-text-align-center stk-block stk-5097b6b\" data-block-id=\"5097b6b\"><a class=\"stk-link stk-button stk--hover-effect-darken\" href=\"http:\/\/carteira.uea.edu.br\/\"><span class=\"stk-button__inner-text\"><strong>ACESSE O SITE<\/strong><\/span><\/a><\/div>\n<\/div><\/div>\n\n\n\n<div class=\"wp-block-stackable-text stk-block-text stk-block stk-3548d61\" data-block-id=\"3548d61\"><p class=\"stk-block-text__text\"><\/p><\/div>\n<\/div><\/div><\/div>\n<\/div><\/div>\n\n\n\n<div class=\"wp-block-stackable-spacer stk-block-spacer stk--no-padding stk-block stk-89c8a1b\" data-block-id=\"89c8a1b\"><style>.stk-89c8a1b {height:140px !important;}<\/style><\/div>\n","protected":false},"excerpt":{"rendered":"<p>Restaurante Universit\u00e1rio (RU)Carteira UEA RESTAURANTE UNIVERSIT\u00c1RIO O Restaurante Universit\u00e1rio (RU) \u00e9 um espa\u00e7o de apoio fundamental \u00e0 perman\u00eancia estudantil, destinado a oferecer refei\u00e7\u00f5es de qualidade nutricional, a pre\u00e7os acess\u00edveis, para alunos, servidores e comunidade acad\u00eamica. Al\u00e9m de garantir alimenta\u00e7\u00e3o balanceada, o RU contribui para a sa\u00fade, o bem-estar e o desempenho acad\u00eamico, funcionando como um [&hellip;]<\/p>\n","protected":false},"author":2,"featured_media":0,"parent":0,"menu_order":0,"comment_status":"closed","ping_status":"closed","template":"","meta":{"footnotes":""},"class_list":["post-1320","page","type-page","status-publish","hentry"],"blocksy_meta":[],"_links":{"self":[{"href":"http:\/\/proreitoria.uea.edu.br\/proex\/index.php\/wp-json\/wp\/v2\/pages\/1320","targetHints":{"allow":["GET"]}}],"collection":[{"href":"http:\/\/proreitoria.uea.edu.br\/proex\/index.php\/wp-json\/wp\/v2\/pages"}],"about":[{"href":"http:\/\/proreitoria.uea.edu.br\/proex\/index.php\/wp-json\/wp\/v2\/types\/page"}],"author":[{"embeddable":true,"href":"http:\/\/proreitoria.uea.edu.br\/proex\/index.php\/wp-json\/wp\/v2\/users\/2"}],"replies":[{"embeddable":true,"href":"http:\/\/proreitoria.uea.edu.br\/proex\/index.php\/wp-json\/wp\/v2\/comments?post=1320"}],"version-history":[{"count":5,"href":"http:\/\/proreitoria.uea.edu.br\/proex\/index.php\/wp-json\/wp\/v2\/pages\/1320\/revisions"}],"predecessor-version":[{"id":2074,"href":"http:\/\/proreitoria.uea.edu.br\/proex\/index.php\/wp-json\/wp\/v2\/pages\/1320\/revisions\/2074"}],"wp:attachment":[{"href":"http:\/\/proreitoria.uea.edu.br\/proex\/index.php\/wp-json\/wp\/v2\/media?parent=1320"}],"curies":[{"name":"wp","href":"https:\/\/api.w.org\/{rel}","templated":true}]}}