{"id":1215,"date":"2025-09-30T13:24:29","date_gmt":"2025-09-30T16:24:29","guid":{"rendered":"http:\/\/proreitoria.uea.edu.br\/proex\/?page_id=1215"},"modified":"2025-11-19T12:03:09","modified_gmt":"2025-11-19T15:03:09","slug":"cultura","status":"publish","type":"page","link":"http:\/\/proreitoria.uea.edu.br\/proex\/index.php\/cultura\/","title":{"rendered":"Cultura"},"content":{"rendered":"\n<div class=\"wp-block-stackable-columns alignfull stk-block-columns stk-block stk-2c3101e stk-block-background stk--has-background-overlay\" data-block-id=\"2c3101e\"><style>.stk-2c3101e .stk--block-align-2c3101e{align-items:center !important;}.stk-2c3101e {background-image:url(http:\/\/proreitoria.uea.edu.br\/proex\/wp-content\/uploads\/2025\/11\/bg_pro_ex.png) !important;padding-top:300px !important;padding-bottom:200px !important;margin-bottom:0px !important;}.stk-2c3101e:before{opacity:0.8 !important;}.stk-2c3101e-column{--stk-column-gap:35px !important;row-gap:35px !important;}@media screen and (max-width:999px){.stk-2c3101e {background-image:url(http:\/\/proreitoria.uea.edu.br\/proex\/wp-content\/uploads\/2025\/11\/bg_tablet2.png) !important;}}@media screen and (max-width:689px){.stk-2c3101e {background-image:url(http:\/\/proreitoria.uea.edu.br\/proex\/wp-content\/uploads\/2025\/11\/bg_celular2.png) !important;}}<\/style><div class=\"stk-row stk-inner-blocks stk--block-align-2c3101e stk-block-content stk-content-align stk-2c3101e-column\">\n<div class=\"wp-block-stackable-column stk-block-column stk-column stk-block stk-fd58bf5\" data-v=\"4\" data-block-id=\"fd58bf5\"><div class=\"stk-column-wrapper stk-block-column__content stk-container stk-fd58bf5-container stk--no-background stk--no-padding\"><div class=\"stk-block-content stk-inner-blocks stk-fd58bf5-inner-blocks\">\n<div class=\"wp-block-stackable-heading stk-block-heading stk-block-heading--v2 stk-block stk-32b9f5c\" id=\"cultura\" data-block-id=\"32b9f5c\"><style>.stk-32b9f5c .stk-block-heading__text{color:var(--theme-palette-color-8, #ffffff) !important;}<\/style><h2 class=\"stk-block-heading__text has-text-color has-text-align-center\">Cultura<\/h2><\/div>\n<\/div><\/div><\/div>\n<\/div><\/div>\n\n\n\n<div class=\"wp-block-stackable-spacer stk-block-spacer stk--no-padding stk-block stk-a05f227\" data-block-id=\"a05f227\"><style>.stk-a05f227 {height:140px !important;}<\/style><\/div>\n\n\n\n<div class=\"wp-block-stackable-text stk-block-text stk-block stk-f2046b4\" data-block-id=\"f2046b4\"><style>.stk-f2046b4 .stk-block-text__text{font-size:18px !important;}@media screen and (max-width:999px){.stk-f2046b4 .stk-block-text__text{font-size:18px !important;}}<\/style><p class=\"stk-block-text__text has-text-align-justify\">A cultura ocupa um espa\u00e7o central na Extens\u00e3o Universit\u00e1ria, pois representa o elo entre a produ\u00e7\u00e3o acad\u00eamica e a vida em sociedade. Por meio dela, a universidade rompe barreiras, democratiza o conhecimento e valoriza a diversidade de saberes, tradi\u00e7\u00f5es e express\u00f5es art\u00edsticas presentes nos territ\u00f3rios em que atua.<\/p><\/div>\n\n\n\n<div class=\"wp-block-stackable-text stk-block-text stk-block stk-f51c508\" data-block-id=\"f51c508\"><style>.stk-f51c508 .stk-block-text__text{font-size:18px !important;}@media screen and (max-width:999px){.stk-f51c508 .stk-block-text__text{font-size:18px !important;}}<\/style><p class=\"stk-block-text__text has-text-align-justify\">Na pr\u00e1tica, a cultura na Extens\u00e3o se materializa em projetos, programas e a\u00e7\u00f5es que estimulam a criatividade, a reflex\u00e3o cr\u00edtica e a forma\u00e7\u00e3o cidad\u00e3. Essas iniciativas possibilitam a integra\u00e7\u00e3o entre estudantes, professores e comunidade externa, favorecendo o di\u00e1logo intercultural e a preserva\u00e7\u00e3o da mem\u00f3ria coletiva. Al\u00e9m disso, permitem que a universidade se torne um espa\u00e7o de experimenta\u00e7\u00e3o, inova\u00e7\u00e3o e inclus\u00e3o, promovendo a circula\u00e7\u00e3o de ideias e pr\u00e1ticas que fortalecem a identidade social e regional. <\/p><\/div>\n\n\n\n<div class=\"wp-block-stackable-text stk-block-text stk-block stk-d59ba07\" data-block-id=\"d59ba07\"><style>.stk-d59ba07 {margin-bottom:50px !important;}.stk-d59ba07 .stk-block-text__text{font-size:18px !important;}@media screen and (max-width:999px){.stk-d59ba07 .stk-block-text__text{font-size:18px !important;}}<\/style><p class=\"stk-block-text__text has-text-align-justify\">Assim, a dimens\u00e3o cultural da Extens\u00e3o Universit\u00e1ria vai al\u00e9m da difus\u00e3o art\u00edstica: ela contribui para a transforma\u00e7\u00e3o social, fortalece v\u00ednculos comunit\u00e1rios e amplia as oportunidades de participa\u00e7\u00e3o democr\u00e1tica. Em um mundo marcado por mudan\u00e7as constantes, reconhecer a cultura como pilar da Extens\u00e3o \u00e9 reafirmar o compromisso da universidade com a pluralidade, a emancipa\u00e7\u00e3o e a promo\u00e7\u00e3o do bem comum.<\/p><\/div>\n\n\n\n<div class=\"wp-block-stackable-columns stk-block-columns stk-block stk-7b707e6\" data-block-id=\"7b707e6\"><style>.stk-7b707e6 {margin-bottom:80px !important;}<\/style><div class=\"stk-row stk-inner-blocks stk-block-content stk-content-align stk-7b707e6-column\">\n<div class=\"wp-block-stackable-column stk-block-column stk-column stk-block stk-024e1ae\" data-v=\"4\" data-block-id=\"024e1ae\"><style>@media screen and (min-width:690px){.stk-024e1ae {flex:var(--stk-flex-grow, 1) 1 calc(50% - var(--stk-column-gap, 0px) * 1 \/ 2 ) !important;}}<\/style><div class=\"stk-column-wrapper stk-block-column__content stk-container stk-024e1ae-container stk--no-background stk--no-padding\"><div class=\"stk-block-content stk-inner-blocks stk-024e1ae-inner-blocks\">\n<figure class=\"wp-block-image size-full\"><img loading=\"lazy\" decoding=\"async\" width=\"792\" height=\"537\" src=\"http:\/\/proreitoria.uea.edu.br\/proex\/wp-content\/uploads\/2025\/10\/image.png\" alt=\"\" class=\"wp-image-1378\" srcset=\"http:\/\/proreitoria.uea.edu.br\/proex\/wp-content\/uploads\/2025\/10\/image.png 792w, http:\/\/proreitoria.uea.edu.br\/proex\/wp-content\/uploads\/2025\/10\/image-300x203.png 300w, http:\/\/proreitoria.uea.edu.br\/proex\/wp-content\/uploads\/2025\/10\/image-768x521.png 768w\" sizes=\"auto, (max-width: 792px) 100vw, 792px\" \/><\/figure>\n<\/div><\/div><\/div>\n\n\n\n<div class=\"wp-block-stackable-column stk-block-column stk-column stk-block stk-f325723\" data-v=\"4\" data-block-id=\"f325723\"><style>@media screen and (min-width:690px){.stk-f325723 {flex:var(--stk-flex-grow, 1) 1 calc(50% - var(--stk-column-gap, 0px) * 1 \/ 2 ) !important;}}<\/style><div class=\"stk-column-wrapper stk-block-column__content stk-container stk-f325723-container stk--no-background stk--no-padding\"><div class=\"stk-block-content stk-inner-blocks stk-f325723-inner-blocks\">\n<div class=\"wp-block-stackable-text stk-block-text stk-block stk-e7fa9d9\" data-block-id=\"e7fa9d9\"><style>.stk-e7fa9d9 .stk-block-text__text{font-size:18px !important;}@media screen and (max-width:999px){.stk-e7fa9d9 .stk-block-text__text{font-size:18px !important;}}<\/style><p class=\"stk-block-text__text has-text-align-justify\">O <strong>N\u00facleo de Cultura da Universidade do Estado do Amazonas (UEA CULT)<\/strong>, concebido como espa\u00e7o estrat\u00e9gico de promo\u00e7\u00e3o, intera\u00e7\u00e3o e reflex\u00e3o sobre as manifesta\u00e7\u00f5es culturais no \u00e2mbito da comunidade acad\u00eamica e em di\u00e1logo com a sociedade. O n\u00facleo visa fortalecer a produ\u00e7\u00e3o e a difus\u00e3o cultural, ampliar o acesso \u00e0 arte, valorizar identidades culturais e contribuir para o desenvolvimento e a institucionaliza\u00e7\u00e3o de pol\u00edticas culturais no \u00e2mbito da Universidade do Estado do Amazonas.<\/p><\/div>\n<\/div><\/div><\/div>\n<\/div><\/div>\n\n\n\n<div class=\"wp-block-stackable-heading stk-block-heading stk-block-heading--v2 stk-block stk-af4353c\" id=\"strong-se-voce-tiver-alguma-duvida-especifica-entre-em-contato-com-nossa-equipe-pelos-canais-listados-abaixo-strong\" data-block-id=\"af4353c\"><style>.stk-af4353c {margin-bottom:27px !important;}.stk-af4353c .stk-block-heading__text{color:var(--theme-palette-color-3, #4d5d6d) !important;}<\/style><h5 class=\"stk-block-heading__text has-text-color has-text-align-center\"><strong>Se voc\u00ea tiver alguma d\u00favida espec\u00edfica, entre em contato com nossa equipe pelos canais listados abaixo.<\/strong><\/h5><\/div>\n\n\n\n<div class=\"wp-block-stackable-button-group stk-block-button-group stk-block stk-a23004e\" data-block-id=\"a23004e\"><style>.stk-a23004e {margin-bottom:140px !important;}<\/style><div class=\"stk-row stk-inner-blocks has-text-align-center stk-block-content stk-button-group\">\n<div class=\"wp-block-stackable-icon-button stk-block-icon-button stk-block stk-e097bb9\" data-block-id=\"e097bb9\"><style>.stk-e097bb9 .stk-button{background:var(--theme-palette-color-2, #3D7070) !important;}.stk-e097bb9 .stk-button .stk--inner-svg svg:last-child, .stk-e097bb9 .stk-button .stk--inner-svg svg:last-child :is(g, path, rect, polygon, ellipse){fill:var(--theme-palette-color-8, #ffffff) !important;}<\/style><a class=\"stk-link stk-button stk--hover-effect-darken\" href=\"https:\/\/wa.me\/559238784492\"><span class=\"stk--svg-wrapper\"><div class=\"stk--inner-svg\"><svg xmlns=\"http:\/\/www.w3.org\/2000\/svg\" viewBox=\"0 0 448 512\" aria-hidden=\"true\" width=\"32\" height=\"32\"><path d=\"M380.9 97.1C339 55.1 283.2 32 223.9 32c-122.4 0-222 99.6-222 222 0 39.1 10.2 77.3 29.6 111L0 480l117.7-30.9c32.4 17.7 68.9 27 106.1 27h.1c122.3 0 224.1-99.6 224.1-222 0-59.3-25.2-115-67.1-157zm-157 341.6c-33.2 0-65.7-8.9-94-25.7l-6.7-4-69.8 18.3L72 359.2l-4.4-7c-18.5-29.4-28.2-63.3-28.2-98.2 0-101.7 82.8-184.5 184.6-184.5 49.3 0 95.6 19.2 130.4 54.1 34.8 34.9 56.2 81.2 56.1 130.5 0 101.8-84.9 184.6-186.6 184.6zm101.2-138.2c-5.5-2.8-32.8-16.2-37.9-18-5.1-1.9-8.8-2.8-12.5 2.8-3.7 5.6-14.3 18-17.6 21.8-3.2 3.7-6.5 4.2-12 1.4-32.6-16.3-54-29.1-75.5-66-5.7-9.8 5.7-9.1 16.3-30.3 1.8-3.7.9-6.9-.5-9.7-1.4-2.8-12.5-30.1-17.1-41.2-4.5-10.8-9.1-9.3-12.5-9.5-3.2-.2-6.9-.2-10.6-.2-3.7 0-9.7 1.4-14.8 6.9-5.1 5.6-19.4 19-19.4 46.3 0 27.3 19.9 53.7 22.6 57.4 2.8 3.7 39.1 59.7 94.8 83.8 35.2 15.2 49 16.5 66.6 13.9 10.7-1.6 32.8-13.4 37.4-26.4 4.6-13 4.6-24.1 3.2-26.4-1.3-2.5-5-3.9-10.5-6.6z\"><\/path><\/svg><\/div><\/span><\/a><\/div>\n\n\n\n<div class=\"wp-block-stackable-button stk-block-button is-style-ghost stk-block stk-4102316\" data-block-id=\"4102316\"><style>.stk-4102316 .stk-button{background:transparent !important;}.stk-4102316 .stk-button:hover:after{background:transparent !important;opacity:1 !important;}:where(.stk-hover-parent:hover,  .stk-hover-parent.stk--is-hovered) .stk-4102316 .stk-button:after{background:transparent !important;opacity:1 !important;}.stk-4102316 .stk-button:before{border-style:solid !important;}<\/style><a class=\"stk-link stk-button stk--hover-effect-darken\" href=\"https:\/\/wa.me\/559238784492\"><span class=\"stk-button__inner-text\">(92)  3878-4492<\/span><\/a><\/div>\n\n\n\n<div class=\"wp-block-stackable-icon-button stk-block-icon-button stk-block stk-9d9e5cf\" data-block-id=\"9d9e5cf\"><style>.stk-9d9e5cf .stk-button{background:var(--theme-palette-color-2, #3D7070) !important;}<\/style><a class=\"stk-link stk-button stk--hover-effect-darken\" href=\"mailto:cultura@uea.edu.br\" target=\"_blank\" rel=\"noreferrer noopener\"><span class=\"stk--svg-wrapper\"><div class=\"stk--inner-svg\"><svg xmlns=\"http:\/\/www.w3.org\/2000\/svg\" viewBox=\"0 0 512 512\" aria-hidden=\"true\" width=\"32\" height=\"32\"><path d=\"M215.4 96H144 107.8 96v8.8V144v40.4 89L.2 202.5c1.6-18.1 10.9-34.9 25.7-45.8L48 140.3V96c0-26.5 21.5-48 48-48h76.6l49.9-36.9C232.2 3.9 243.9 0 256 0s23.8 3.9 33.5 11L339.4 48H416c26.5 0 48 21.5 48 48v44.3l22.1 16.4c14.8 10.9 24.1 27.7 25.7 45.8L416 273.4v-89V144 104.8 96H404.2 368 296.6 215.4zM0 448V242.1L217.6 403.3c11.1 8.2 24.6 12.7 38.4 12.7s27.3-4.4 38.4-12.7L512 242.1V448v0c0 35.3-28.7 64-64 64H64c-35.3 0-64-28.7-64-64v0zM176 160H336c8.8 0 16 7.2 16 16s-7.2 16-16 16H176c-8.8 0-16-7.2-16-16s7.2-16 16-16zm0 64H336c8.8 0 16 7.2 16 16s-7.2 16-16 16H176c-8.8 0-16-7.2-16-16s7.2-16 16-16z\"><\/path><\/svg><\/div><\/span><\/a><\/div>\n\n\n\n<div class=\"wp-block-stackable-button stk-block-button is-style-ghost stk-block stk-162f3eb\" data-block-id=\"162f3eb\"><style>.stk-162f3eb .stk-button{background:transparent !important;}.stk-162f3eb .stk-button:hover:after{background:transparent !important;opacity:1 !important;}:where(.stk-hover-parent:hover,  .stk-hover-parent.stk--is-hovered) .stk-162f3eb .stk-button:after{background:transparent !important;opacity:1 !important;}.stk-162f3eb .stk-button:before{border-style:solid !important;}<\/style><a class=\"stk-link stk-button stk--hover-effect-darken\" href=\"mailto:cultura@uea.edu.br\" target=\"_blank\" rel=\"noreferrer noopener\"><span class=\"stk-button__inner-text\">cultura@uea.edu.br<\/span><\/a><\/div>\n<\/div><\/div>\n\n\n\n<p><\/p>\n","protected":false},"excerpt":{"rendered":"<p>Cultura A cultura ocupa um espa\u00e7o central na Extens\u00e3o Universit\u00e1ria, pois representa o elo entre a produ\u00e7\u00e3o acad\u00eamica e a vida em sociedade. Por meio dela, a universidade rompe barreiras, democratiza o conhecimento e valoriza a diversidade de saberes, tradi\u00e7\u00f5es e express\u00f5es art\u00edsticas presentes nos territ\u00f3rios em que atua. Na pr\u00e1tica, a cultura na Extens\u00e3o [&hellip;]<\/p>\n","protected":false},"author":2,"featured_media":0,"parent":0,"menu_order":0,"comment_status":"closed","ping_status":"closed","template":"","meta":{"footnotes":""},"class_list":["post-1215","page","type-page","status-publish","hentry"],"blocksy_meta":[],"_links":{"self":[{"href":"http:\/\/proreitoria.uea.edu.br\/proex\/index.php\/wp-json\/wp\/v2\/pages\/1215","targetHints":{"allow":["GET"]}}],"collection":[{"href":"http:\/\/proreitoria.uea.edu.br\/proex\/index.php\/wp-json\/wp\/v2\/pages"}],"about":[{"href":"http:\/\/proreitoria.uea.edu.br\/proex\/index.php\/wp-json\/wp\/v2\/types\/page"}],"author":[{"embeddable":true,"href":"http:\/\/proreitoria.uea.edu.br\/proex\/index.php\/wp-json\/wp\/v2\/users\/2"}],"replies":[{"embeddable":true,"href":"http:\/\/proreitoria.uea.edu.br\/proex\/index.php\/wp-json\/wp\/v2\/comments?post=1215"}],"version-history":[{"count":7,"href":"http:\/\/proreitoria.uea.edu.br\/proex\/index.php\/wp-json\/wp\/v2\/pages\/1215\/revisions"}],"predecessor-version":[{"id":2053,"href":"http:\/\/proreitoria.uea.edu.br\/proex\/index.php\/wp-json\/wp\/v2\/pages\/1215\/revisions\/2053"}],"wp:attachment":[{"href":"http:\/\/proreitoria.uea.edu.br\/proex\/index.php\/wp-json\/wp\/v2\/media?parent=1215"}],"curies":[{"name":"wp","href":"https:\/\/api.w.org\/{rel}","templated":true}]}}